{"id":823,"date":"2020-12-16T09:58:58","date_gmt":"2020-12-16T08:58:58","guid":{"rendered":"https:\/\/blogsaverroes.juntadeandalucia.es\/pre\/plantilla-pencil\/?page_id=733"},"modified":"2025-09-08T10:50:30","modified_gmt":"2025-09-08T09:50:30","slug":"contactar-con-el-centro","status":"publish","type":"page","link":"https:\/\/blogsaverroes.juntadeandalucia.es\/cpr-losvelez\/contactar-con-el-centro\/","title":{"rendered":"Contactar con el centro"},"content":{"rendered":"\t\t<div data-elementor-type=\"wp-page\" data-elementor-id=\"823\" class=\"elementor elementor-823\">\n\t\t\t\t<div class=\"elementor-element elementor-element-a03694d e-flex e-con-boxed e-con e-parent\" data-id=\"a03694d\" data-element_type=\"container\">\n\t\t\t\t\t<div class=\"e-con-inner\">\n\t\t\t\t<div class=\"elementor-element elementor-element-b3e1a87 elementor-widget elementor-widget-text-editor\" data-id=\"b3e1a87\" data-element_type=\"widget\" data-widget_type=\"text-editor.default\">\n\t\t\t\t<div class=\"elementor-widget-container\">\n\t\t\t\t\t\t\t\t\t<p><strong>Direcci\u00f3n:<\/strong> Calle San Antonio, 17, 04839 Topares ALMER\u00cdA<\/p><p><strong>Tel\u00e9fono:<\/strong> 950 419 531<\/p><p><strong>Correo electr\u00f3nico:<\/strong>\u00a004601932.edu@juntadeandalucia.es<\/p><p><strong>Horario:<\/strong> 9:00-14:00 de lunes a viernes<\/p>\t\t\t\t\t\t\t\t<\/div>\n\t\t\t\t<\/div>\n\t\t\t\t\t<\/div>\n\t\t\t\t<\/div>\n\t\t<div class=\"elementor-element elementor-element-bf6387a e-flex e-con-boxed e-con e-parent\" data-id=\"bf6387a\" data-element_type=\"container\">\n\t\t\t\t\t<div class=\"e-con-inner\">\n\t\t\t\t<div class=\"elementor-element elementor-element-720e8ad elementor-widget elementor-widget-google_maps\" data-id=\"720e8ad\" data-element_type=\"widget\" data-widget_type=\"google_maps.default\">\n\t\t\t\t<div class=\"elementor-widget-container\">\n\t\t\t\t\t\t\t<div class=\"elementor-custom-embed\">\n\t\t\t<iframe loading=\"lazy\"\n\t\t\t\t\tsrc=\"https:\/\/maps.google.com\/maps?q=C.%20San%20Antonio%2C%2020%2C%2004839%20Topares%2C%20Almer%C3%ADa&#038;t=m&#038;z=18&#038;output=embed&#038;iwloc=near\"\n\t\t\t\t\ttitle=\"C. San Antonio, 20, 04839 Topares, Almer\u00eda\"\n\t\t\t\t\taria-label=\"C. San Antonio, 20, 04839 Topares, Almer\u00eda\"\n\t\t\t><\/iframe>\n\t\t<\/div>\n\t\t\t\t\t\t<\/div>\n\t\t\t\t<\/div>\n\t\t\t\t\t<\/div>\n\t\t\t\t<\/div>\n\t\t\t\t<\/div>\n\t\t","protected":false},"excerpt":{"rendered":"<p>Direcci\u00f3n: Calle San Antonio, 17, 04839 Topares ALMER\u00cdA Tel\u00e9fono: 950 419 531 Correo electr\u00f3nico:\u00a004601932.edu@juntadeandalucia.es Horario: 9:00-14:00 de lunes a viernes<\/p>\n","protected":false},"author":7051,"featured_media":0,"parent":0,"menu_order":0,"comment_status":"closed","ping_status":"closed","template":"","meta":{"ngg_post_thumbnail":0,"footnotes":""},"aioseo_notices":[],"_links":{"self":[{"href":"https:\/\/blogsaverroes.juntadeandalucia.es\/cpr-losvelez\/wp-json\/wp\/v2\/pages\/823"}],"collection":[{"href":"https:\/\/blogsaverroes.juntadeandalucia.es\/cpr-losvelez\/wp-json\/wp\/v2\/pages"}],"about":[{"href":"https:\/\/blogsaverroes.juntadeandalucia.es\/cpr-losvelez\/wp-json\/wp\/v2\/types\/page"}],"author":[{"embeddable":true,"href":"https:\/\/blogsaverroes.juntadeandalucia.es\/cpr-losvelez\/wp-json\/wp\/v2\/users\/7051"}],"replies":[{"embeddable":true,"href":"https:\/\/blogsaverroes.juntadeandalucia.es\/cpr-losvelez\/wp-json\/wp\/v2\/comments?post=823"}],"version-history":[{"count":8,"href":"https:\/\/blogsaverroes.juntadeandalucia.es\/cpr-losvelez\/wp-json\/wp\/v2\/pages\/823\/revisions"}],"predecessor-version":[{"id":1069,"href":"https:\/\/blogsaverroes.juntadeandalucia.es\/cpr-losvelez\/wp-json\/wp\/v2\/pages\/823\/revisions\/1069"}],"wp:attachment":[{"href":"https:\/\/blogsaverroes.juntadeandalucia.es\/cpr-losvelez\/wp-json\/wp\/v2\/media?parent=823"}],"curies":[{"name":"wp","href":"https:\/\/api.w.org\/{rel}","templated":true}]}}