{"id":141,"date":"2015-03-17T07:13:24","date_gmt":"2015-03-17T07:13:24","guid":{"rendered":"http:\/\/blogsaverroes.juntadeandalucia.es\/pre\/ceip\/?page_id=141"},"modified":"2026-02-23T10:56:19","modified_gmt":"2026-02-23T10:56:19","slug":"escolarizacion","status":"publish","type":"page","link":"https:\/\/blogsaverroes.juntadeandalucia.es\/cpraderan3\/escolarizacion\/","title":{"rendered":"Escolarizaci\u00f3n"},"content":{"rendered":"<p><a href=\"https:\/\/blogsaverroes.juntadeandalucia.es\/cpraderan3\/files\/2026\/02\/descarga.jpg\"><img loading=\"lazy\" decoding=\"async\" class=\"size-full wp-image-2684 aligncenter\" src=\"https:\/\/blogsaverroes.juntadeandalucia.es\/cpraderan3\/files\/2026\/02\/descarga.jpg\" alt=\"\" width=\"411\" height=\"119\" srcset=\"https:\/\/blogsaverroes.juntadeandalucia.es\/cpraderan3\/files\/2026\/02\/descarga.jpg 411w, https:\/\/blogsaverroes.juntadeandalucia.es\/cpraderan3\/files\/2026\/02\/descarga-300x87.jpg 300w\" sizes=\"(max-width: 411px) 100vw, 411px\" \/><\/a><\/p>\n<p>Esta secci\u00f3n puede contener cuanta informaci\u00f3n sea de utilidad para las familias a la hora de de iniciar el proceso de escolarizaci\u00f3n: ADMISI\u00d3N, MATRICULACI\u00d3N y ADMISI\u00d3N EXTRAORDINARIA (plazos, documentos, normativa, enlaces, etc).<\/p>\n<p>Enlace al <a href=\"https:\/\/www.juntadeandalucia.es\/educacion\/portales\/web\/escolarizacion\">portal de escolarizaci\u00f3n<\/a>.<\/p>\n<p>Puedes acceder a:<\/p>\n<ul>\n<li><a href=\"https:\/\/www.juntadeandalucia.es\/educacion\/portales\/web\/escolarizacion\/infantil-a-bachillerato\/impresos\">Impresos<\/a><\/li>\n<li><a href=\"https:\/\/www.juntadeandalucia.es\/educacion\/portales\/web\/escolarizacion\/infantil-a-bachillerato\/normativa\">Normativa<\/a><\/li>\n<li><a href=\"https:\/\/www.juntadeandalucia.es\/educacion\/portales\/web\/escolarizacion\/infantil-a-bachillerato\/calendario\">Calendario<\/a><\/li>\n<li><a href=\"https:\/\/www.juntadeandalucia.es\/educacion\/portales\/web\/escolarizacion\/infantil-a-bachillerato\/preguntas-frecuentes\">Preguntas frecuentes<\/a><\/li>\n<\/ul>\n<p>1. <strong>ADMISI\u00d3N<\/strong><\/p>\n<p><span style=\"font-weight: 400\">Entre los d\u00edas<span style=\"color: #ff0000\"><strong> 1 y 31 de marzo<\/strong><\/span><\/span><b>,<\/b><span style=\"font-weight: 400\">&nbsp;ambos inclusive, deber\u00e1n presentar su solicitud de admisi\u00f3n:<\/span><\/p>\n<ul>\n<li style=\"font-weight: 400\"><span style=\"font-weight: 400\">Los escolares de <\/span><b>segundo ciclo de educaci\u00f3n infantil de 3 a\u00f1os<\/b><span style=\"font-weight: 400\"> que <\/span><b>acceden por primera vez<\/b><span style=\"font-weight: 400\"> al centro.<\/span><\/li>\n<li style=\"font-weight: 400\"><span style=\"font-weight: 400\">Los escolares <\/span><b>que cambian de centro educativo (infantil o primaria).<\/b><\/li>\n<\/ul>\n<p><b>PROCESO DE ADMISI\u00d3N<\/b><\/p>\n<ul>\n<li style=\"font-weight: 400\"><span style=\"font-weight: 400\">Desde el 1 al 31 de marzo.&nbsp;<\/span><\/li>\n<li style=\"font-weight: 400\"><span style=\"font-weight: 400\">Se puede realizar en el centro a trav\u00e9s de cita previa:<\/span>\n<ul>\n<li style=\"font-weight: 400\"><span style=\"font-weight: 400\">Tfnos: 671 59 93 85&nbsp; \/&nbsp; 959 48 95 72 \/&nbsp; 959 34 99 29<\/span><\/li>\n<li style=\"font-weight: 400\"><span style=\"font-weight: 400\">WhatsApp: 671 59 93 85<\/span><\/li>\n<li style=\"font-weight: 400\"><span style=\"font-weight: 400\">Correo elecr\u00f3nico: <\/span><a href=\"blank\"><span style=\"font-weight: 400\">21600945.edu@juntadeandaluc\u00eda.es<\/span><\/a><\/li>\n<\/ul>\n<\/li>\n<li style=\"font-weight: 400\"><b>TELETRAMITACI\u00d3N:<\/b>\n<ul>\n<li style=\"font-weight: 400\"><span style=\"font-weight: 400\">A TRAV\u00c9S DE LA SECRETARIA VIRTUAL: <\/span><a href=\"https:\/\/www.juntadeandalucia.es\/educacion\/secretariavirtual\/\"><span style=\"font-weight: 400\">https:\/\/www.juntadeandalucia.es\/educacion\/secretariavirtual\/<\/span><\/a><\/li>\n<li style=\"font-weight: 400\"><span style=\"font-weight: 400\">EN EL CENTRO, le ayudaremos a realizarla.<\/span><\/li>\n<\/ul>\n<\/li>\n<\/ul>\n<p><span style=\"font-weight: 400\">Para la teletramitaci\u00f3n necesitan CERTIFICADO DIGITAL o CL@AVE.&nbsp;<\/span><\/p>\n<p><b>DOCUMENTACI\u00d3N&nbsp;<\/b><\/p>\n<ul>\n<li style=\"font-weight: 400\"><span style=\"font-weight: 400\">Solicitud debidamente cumplimentada.<\/span><\/li>\n<li style=\"font-weight: 400\"><span style=\"font-weight: 400\">Fotocopias de DNI de los padres y del alumno\/a si lo tiene.<\/span><\/li>\n<li style=\"font-weight: 400\"><span style=\"font-weight: 400\">Fotocopia de la hoja del libro de familia en la que conste el alumno\/a.<\/span><\/li>\n<\/ul>\n<p><b>OTRAS INFORMACIONES<\/b><\/p>\n<ul>\n<li style=\"font-weight: 400\"><span style=\"font-weight: 400\">Es muy importante rellenar <\/span><b>EL DOMICILIO ACTUAL<\/b><span style=\"font-weight: 400\"> y <\/span><b>LA ESCUELA INFANTIL<\/b><span style=\"font-weight: 400\"> de la que procede el alumno\/a (si ha estado en alguna).<\/span><\/li>\n<li style=\"font-weight: 400\"><span style=\"font-weight: 400\">La direcci\u00f3n de Internet en la que la Consejer\u00eda competente en materia de educaci\u00f3n informa sobre el procedimiento de admisi\u00f3n del alumnado es la siguiente:<\/span> <a href=\"https:\/\/www.juntadeandalucia.es\/temas\/estudiar\/primaria-eso\/matriculacion.html\"><span style=\"font-weight: 400\">https:\/\/www.juntadeandalucia.es\/temas\/estudiar\/primaria-eso\/matriculacion.html<\/span><\/a><\/li>\n<li style=\"font-weight: 400\"><span style=\"font-weight: 400\">AUTORIZACI\u00d3N DE LA OFERTA EDUCATIVA de nuestro centro, donde aparecen las unidades autorizadas, la adscripci\u00f3n al IES Tres Molinos y la autorizaci\u00f3n de los Servicios Complementarios: <\/span><b>Actividades Extraescolares, Servicio de Aula Matinal y Servicio de Comedor Escolar<\/b><span style=\"font-weight: 400\">, PUBLICADA EN EL TABL\u00d3N DE ANUNCIOS.<\/span><\/li>\n<li style=\"font-weight: 400\"><span style=\"font-weight: 400\">El Plan de Centro publicado en nuestra web: <\/span><a href=\"https:\/\/blogsaverroes.juntadeandalucia.es\/cpraderan3\/proyecto-educativo\/\">Proyecto Educativo | C.P.R. ADERAN 3 (juntadeandalucia.es)<\/a>&nbsp;<\/li>\n<li style=\"font-weight: 400\"><span style=\"font-weight: 400\">Normativa vigente de aplicaci\u00f3n al proceso y el calendario del procedimiento de admisi\u00f3n, PUBLICADA EN EL TABL\u00d3N DE ANUNCIOS.<\/span><\/li>\n<\/ul>\n<p>Para cualquier duda, le atenderemos en el centro.<\/p>\n","protected":false},"excerpt":{"rendered":"<p>Esta secci\u00f3n puede contener cuanta informaci\u00f3n sea de utilidad para las familias a la hora de de iniciar el proceso de escolarizaci\u00f3n: ADMISI\u00d3N, MATRICULACI\u00d3N y&hellip;<\/p>\n","protected":false},"author":1,"featured_media":0,"parent":0,"menu_order":0,"comment_status":"closed","ping_status":"open","template":"","meta":{"ngg_post_thumbnail":0,"footnotes":"","_mc_calendar":[]},"aioseo_notices":[],"_links":{"self":[{"href":"https:\/\/blogsaverroes.juntadeandalucia.es\/cpraderan3\/wp-json\/wp\/v2\/pages\/141"}],"collection":[{"href":"https:\/\/blogsaverroes.juntadeandalucia.es\/cpraderan3\/wp-json\/wp\/v2\/pages"}],"about":[{"href":"https:\/\/blogsaverroes.juntadeandalucia.es\/cpraderan3\/wp-json\/wp\/v2\/types\/page"}],"author":[{"embeddable":true,"href":"https:\/\/blogsaverroes.juntadeandalucia.es\/cpraderan3\/wp-json\/wp\/v2\/users\/1"}],"replies":[{"embeddable":true,"href":"https:\/\/blogsaverroes.juntadeandalucia.es\/cpraderan3\/wp-json\/wp\/v2\/comments?post=141"}],"version-history":[{"count":8,"href":"https:\/\/blogsaverroes.juntadeandalucia.es\/cpraderan3\/wp-json\/wp\/v2\/pages\/141\/revisions"}],"predecessor-version":[{"id":2693,"href":"https:\/\/blogsaverroes.juntadeandalucia.es\/cpraderan3\/wp-json\/wp\/v2\/pages\/141\/revisions\/2693"}],"wp:attachment":[{"href":"https:\/\/blogsaverroes.juntadeandalucia.es\/cpraderan3\/wp-json\/wp\/v2\/media?parent=141"}],"curies":[{"name":"wp","href":"https:\/\/api.w.org\/{rel}","templated":true}]}}