{"id":200,"date":"2022-09-17T10:04:24","date_gmt":"2022-09-17T10:04:24","guid":{"rendered":"http:\/\/blogsaverroes.juntadeandalucia.es\/pre\/ceip\/?page_id=200"},"modified":"2022-09-19T17:53:40","modified_gmt":"2022-09-19T17:53:40","slug":"quienes-formamos-el-ampa","status":"publish","type":"page","link":"https:\/\/blogsaverroes.juntadeandalucia.es\/cpraderan3\/quienes-formamos-el-ampa\/","title":{"rendered":"\u00bfQuienes formamos el AMPA?"},"content":{"rendered":"<p>Nuestro Centro cuenta con dos AMPA:<\/p>\n<ul>\n<li>&nbsp;La Asociaci\u00f3n de Madres y Padres <strong><em>Molino de Vil\u00e1n <\/em><\/strong>(San Silvestre de Guzm\u00e1n), est\u00e1 constituida por 25 familias aproximadamente, y gestionada por una &nbsp;<strong>Junta Directiva<\/strong>.<\/li>\n<\/ul>\n<p>Puedes ponerte en contacto con la asociaci\u00f3n en el email: <strong>ampamolinovilan@gmail.com<\/strong><\/p>\n<p>Relaci\u00f3n de las personas que forman parte de la Junta Directiva:<\/p>\n<p>Presidenta: Magro G\u00f3mez, Mar\u00eda Elisa.<\/p>\n<ul>\n<li>La Asociaci\u00f3n de Madres y Padres <em><strong>Pe\u00f1a Maya<\/strong><\/em> ( El Almendro) , est\u00e1 constituida por 70 familias aproximadamente , y gestionada por una &nbsp;<strong>Junta Directiva<\/strong>.<\/li>\n<\/ul>\n<p>Puedes ponerte en contacto con la asociaci\u00f3n en el email: <strong>ampapmaya@gmail.com<\/strong><\/p>\n<p>Relaci\u00f3n de las personas que forman parte de la Junta Directiva:<\/p>\n<p>Presidenta: Mart\u00edn D\u00edaz, Mar\u00eda Jos\u00e9.<\/p>\n","protected":false},"excerpt":{"rendered":"<p>Nuestro Centro cuenta con dos AMPA: &nbsp;La Asociaci\u00f3n de Madres y Padres Molino de Vil\u00e1n (San Silvestre de Guzm\u00e1n), est\u00e1 constituida por 25 familias aproximadamente,&hellip;<\/p>\n","protected":false},"author":1,"featured_media":0,"parent":0,"menu_order":0,"comment_status":"closed","ping_status":"open","template":"","meta":{"ngg_post_thumbnail":0,"footnotes":"","_mc_calendar":[]},"aioseo_notices":[],"_links":{"self":[{"href":"https:\/\/blogsaverroes.juntadeandalucia.es\/cpraderan3\/wp-json\/wp\/v2\/pages\/200"}],"collection":[{"href":"https:\/\/blogsaverroes.juntadeandalucia.es\/cpraderan3\/wp-json\/wp\/v2\/pages"}],"about":[{"href":"https:\/\/blogsaverroes.juntadeandalucia.es\/cpraderan3\/wp-json\/wp\/v2\/types\/page"}],"author":[{"embeddable":true,"href":"https:\/\/blogsaverroes.juntadeandalucia.es\/cpraderan3\/wp-json\/wp\/v2\/users\/1"}],"replies":[{"embeddable":true,"href":"https:\/\/blogsaverroes.juntadeandalucia.es\/cpraderan3\/wp-json\/wp\/v2\/comments?post=200"}],"version-history":[{"count":5,"href":"https:\/\/blogsaverroes.juntadeandalucia.es\/cpraderan3\/wp-json\/wp\/v2\/pages\/200\/revisions"}],"predecessor-version":[{"id":2638,"href":"https:\/\/blogsaverroes.juntadeandalucia.es\/cpraderan3\/wp-json\/wp\/v2\/pages\/200\/revisions\/2638"}],"wp:attachment":[{"href":"https:\/\/blogsaverroes.juntadeandalucia.es\/cpraderan3\/wp-json\/wp\/v2\/media?parent=200"}],"curies":[{"name":"wp","href":"https:\/\/api.w.org\/{rel}","templated":true}]}}