{"id":330,"date":"2015-03-18T07:11:43","date_gmt":"2015-03-18T07:11:43","guid":{"rendered":"http:\/\/blogsaverroes.juntadeandalucia.es\/pre\/ceip\/?page_id=330"},"modified":"2019-02-22T12:46:55","modified_gmt":"2019-02-22T12:46:55","slug":"bibliop","status":"publish","type":"page","link":"https:\/\/blogsaverroes.juntadeandalucia.es\/cpraderan3\/biblioteca\/bibliop\/","title":{"rendered":"Cat\u00e1logo"},"content":{"rendered":"<p><img loading=\"lazy\" decoding=\"async\" class=\"alignnone wp-image-551\" src=\"http:\/\/blogsaverroes.juntadeandalucia.es\/cpraderan3\/files\/2014\/12\/libros1-300x246.png\" alt=\"libros1\" width=\"111\" height=\"111\" srcset=\"https:\/\/blogsaverroes.juntadeandalucia.es\/cpraderan3\/files\/2014\/12\/libros1-150x150.png 150w, https:\/\/blogsaverroes.juntadeandalucia.es\/cpraderan3\/files\/2014\/12\/libros1-432x432.png 432w, https:\/\/blogsaverroes.juntadeandalucia.es\/cpraderan3\/files\/2014\/12\/libros1-268x268.png 268w\" sizes=\"(max-width: 111px) 100vw, 111px\" \/><\/p>\n<p>El cat\u00e1logo de nuestra biblioteca se puede consultar al completo en nuestra Web:<\/p>\n<p><a href=\"http:\/\/redcentros.ced.junta-andalucia.es\/centros-tic\/21600945b\/biblioweb2\/inicio\">http:\/\/redcentros.ced.junta-andalucia.es\/centros-tic\/21600945b\/biblioweb2\/inicio<\/a><\/p>\n<p>En nuestra \u00abbiblioteca virtual\u00bb encontrar\u00e9is numerosos enlaces a libros digitales para poder leer en diferentes dispositivos electr\u00f3nicos: libros electr\u00f3nicos, tabletas, ordenadores, m\u00f3viles,..<\/p>\n<p><a href=\"https:\/\/librosdigitalesaderan3.blogspot.com\/\">https:\/\/librosdigitalesaderan3.blogspot.com\/<\/a><\/p>\n<p>Adem\u00e1s pod\u00e9is estar al d\u00eda de todas las actividades y novedades que realiza el Equipo de Biblioteca en nuestro Centro en el blog de nuestra biblioteca escolar:<\/p>\n<p><a href=\"http:\/\/bibliotecaaderan3.blogspot.com\/\">http:\/\/bibliotecaaderan3.blogspot.com\/<\/a><\/p>\n<p>&nbsp;<\/p>\n<p>&nbsp;<\/p>\n","protected":false},"excerpt":{"rendered":"<p>El cat\u00e1logo de nuestra biblioteca se puede consultar al completo en nuestra Web: http:\/\/redcentros.ced.junta-andalucia.es\/centros-tic\/21600945b\/biblioweb2\/inicio En nuestra \u00abbiblioteca virtual\u00bb encontrar\u00e9is numerosos enlaces a libros digitales para&hellip;<\/p>\n","protected":false},"author":1,"featured_media":0,"parent":113,"menu_order":0,"comment_status":"closed","ping_status":"open","template":"","meta":{"ngg_post_thumbnail":0,"footnotes":"","_mc_calendar":[]},"aioseo_notices":[],"_links":{"self":[{"href":"https:\/\/blogsaverroes.juntadeandalucia.es\/cpraderan3\/wp-json\/wp\/v2\/pages\/330"}],"collection":[{"href":"https:\/\/blogsaverroes.juntadeandalucia.es\/cpraderan3\/wp-json\/wp\/v2\/pages"}],"about":[{"href":"https:\/\/blogsaverroes.juntadeandalucia.es\/cpraderan3\/wp-json\/wp\/v2\/types\/page"}],"author":[{"embeddable":true,"href":"https:\/\/blogsaverroes.juntadeandalucia.es\/cpraderan3\/wp-json\/wp\/v2\/users\/1"}],"replies":[{"embeddable":true,"href":"https:\/\/blogsaverroes.juntadeandalucia.es\/cpraderan3\/wp-json\/wp\/v2\/comments?post=330"}],"version-history":[{"count":4,"href":"https:\/\/blogsaverroes.juntadeandalucia.es\/cpraderan3\/wp-json\/wp\/v2\/pages\/330\/revisions"}],"predecessor-version":[{"id":2548,"href":"https:\/\/blogsaverroes.juntadeandalucia.es\/cpraderan3\/wp-json\/wp\/v2\/pages\/330\/revisions\/2548"}],"up":[{"embeddable":true,"href":"https:\/\/blogsaverroes.juntadeandalucia.es\/cpraderan3\/wp-json\/wp\/v2\/pages\/113"}],"wp:attachment":[{"href":"https:\/\/blogsaverroes.juntadeandalucia.es\/cpraderan3\/wp-json\/wp\/v2\/media?parent=330"}],"curies":[{"name":"wp","href":"https:\/\/api.w.org\/{rel}","templated":true}]}}