{"id":42,"date":"2022-09-13T08:40:47","date_gmt":"2022-09-13T08:40:47","guid":{"rendered":"http:\/\/blogsaverroes.juntadeandalucia.es\/pre\/ceip\/?page_id=42"},"modified":"2022-09-19T13:55:43","modified_gmt":"2022-09-19T13:55:43","slug":"equipo-directivo","status":"publish","type":"page","link":"https:\/\/blogsaverroes.juntadeandalucia.es\/cpraderan3\/equipo-directivo\/","title":{"rendered":"Equipo directivo"},"content":{"rendered":"<p>&nbsp;<\/p>\n<h4><strong>Direcci\u00f3n: <\/strong>Agustina Rojo V\u00e1zquez.<\/h4>\n<h4><strong>Jefatura de estudios: <\/strong>Francisco Jos\u00e9 Torrado Asencio.<\/h4>\n<h4><strong>Secretar\u00eda: <\/strong>Mario Hern\u00e1ndez P\u00e9rez.<strong><br \/>\n<\/strong><\/h4>\n<h4><strong>Atenci\u00f3n al p\u00fablico del Equipo directivo (El Almendro):<\/strong><\/h4>\n<p>Lunes: de 10:00 a 11:00 horas.<\/p>\n<p>Martes: de 9:00 a 10:00 horas.<\/p>\n<p>Mi\u00e9rcoles: de 9:00 a 10:00 horas..<\/p>\n<p>Jueves: de 9:00 a 10:00 horas.<\/p>\n<p>Viernes: de 10:30 a 12:00 horas.<\/p>\n<h4><strong>Atenci\u00f3n al p\u00fablico del Equipo directivo (San Silvestre de Guzm\u00e1n):<\/strong><\/h4>\n<p>Lunes: de 10:00 a 11:30 horas.<\/p>\n<p>Martes: de 10:00 a 11:00 horas.<\/p>\n<p>Mi\u00e9rcoles: de 11:00 a 12:00 horas.<\/p>\n<p>Jueves: de 9:00 a 10 horas.<\/p>\n<p>Viernes: de 9:00 a 10 horas.<\/p>\n","protected":false},"excerpt":{"rendered":"<p>&nbsp; Direcci\u00f3n: Agustina Rojo V\u00e1zquez. Jefatura de estudios: Francisco Jos\u00e9 Torrado Asencio. Secretar\u00eda: Mario Hern\u00e1ndez P\u00e9rez. Atenci\u00f3n al p\u00fablico del Equipo directivo (El Almendro): Lunes:&hellip;<\/p>\n","protected":false},"author":1,"featured_media":0,"parent":0,"menu_order":0,"comment_status":"closed","ping_status":"open","template":"","meta":{"ngg_post_thumbnail":0,"footnotes":"","_mc_calendar":[]},"aioseo_notices":[],"_links":{"self":[{"href":"https:\/\/blogsaverroes.juntadeandalucia.es\/cpraderan3\/wp-json\/wp\/v2\/pages\/42"}],"collection":[{"href":"https:\/\/blogsaverroes.juntadeandalucia.es\/cpraderan3\/wp-json\/wp\/v2\/pages"}],"about":[{"href":"https:\/\/blogsaverroes.juntadeandalucia.es\/cpraderan3\/wp-json\/wp\/v2\/types\/page"}],"author":[{"embeddable":true,"href":"https:\/\/blogsaverroes.juntadeandalucia.es\/cpraderan3\/wp-json\/wp\/v2\/users\/1"}],"replies":[{"embeddable":true,"href":"https:\/\/blogsaverroes.juntadeandalucia.es\/cpraderan3\/wp-json\/wp\/v2\/comments?post=42"}],"version-history":[{"count":6,"href":"https:\/\/blogsaverroes.juntadeandalucia.es\/cpraderan3\/wp-json\/wp\/v2\/pages\/42\/revisions"}],"predecessor-version":[{"id":2637,"href":"https:\/\/blogsaverroes.juntadeandalucia.es\/cpraderan3\/wp-json\/wp\/v2\/pages\/42\/revisions\/2637"}],"wp:attachment":[{"href":"https:\/\/blogsaverroes.juntadeandalucia.es\/cpraderan3\/wp-json\/wp\/v2\/media?parent=42"}],"curies":[{"name":"wp","href":"https:\/\/api.w.org\/{rel}","templated":true}]}}