{"id":44,"date":"2022-09-13T08:42:15","date_gmt":"2022-09-13T08:42:15","guid":{"rendered":"http:\/\/blogsaverroes.juntadeandalucia.es\/pre\/ceip\/?page_id=44"},"modified":"2022-09-21T16:48:53","modified_gmt":"2022-09-21T16:48:53","slug":"planes-y-proyectos","status":"publish","type":"page","link":"https:\/\/blogsaverroes.juntadeandalucia.es\/cpraderan3\/planes-y-proyectos\/","title":{"rendered":"Planes y Programas"},"content":{"rendered":"<p><img loading=\"lazy\" decoding=\"async\" class=\"alignnone size-medium wp-image-1667\" src=\"http:\/\/blogsaverroes.juntadeandalucia.es\/cpraderan3\/files\/2015\/03\/planes-300x150.png\" alt=\"planes\" width=\"300\" height=\"150\" srcset=\"https:\/\/blogsaverroes.juntadeandalucia.es\/cpraderan3\/files\/2015\/03\/planes-300x150.png 300w, https:\/\/blogsaverroes.juntadeandalucia.es\/cpraderan3\/files\/2015\/03\/planes-332x166.png 332w, https:\/\/blogsaverroes.juntadeandalucia.es\/cpraderan3\/files\/2015\/03\/planes.png 640w\" sizes=\"(max-width: 300px) 100vw, 300px\" \/><\/p>\n<p>Cada centro personaliza y adapta su Proyecto Educativo adhiri\u00e9ndose a diferentes <strong>Planes y Programas<\/strong> promovidos desde la Consejer\u00eda de Desarrollo Educativo y Formaci\u00f3n Profesional.<\/p>\n<p>A continuaci\u00f3n se muestran los Planes y Programas que se desarrollan en el centro:<\/p>\n<ul>\n<li><strong>Plan de Igualdad.<\/strong><\/li>\n<li><strong>Plan de Apertura.<\/strong><\/li>\n<li><strong>Plan de Salud Laboral y PRL<\/strong>.<\/li>\n<li>ALDEA modalidad A (<strong>Ecoescuela<\/strong>).<\/li>\n<li>ALDEA modalidad B (<strong>Ecohuerto<\/strong>).<\/li>\n<li><strong>H\u00e1bitos de Vida Saludable, Creciendo en Salud.<\/strong><\/li>\n<li><strong>Aula de Cine<\/strong>.<\/li>\n<li><strong>PROA +, Transf\u00f3rmate.<\/strong><\/li>\n<li><strong>Proyecto de Elaboraci\u00f3n de Materiales Curriculares<\/strong> (Mi Mochila III).<\/li>\n<li><strong>Vivir y Sentir el Patrimonio.<\/strong>&nbsp;<\/li>\n<\/ul>\n<p>&nbsp;<\/p>\n","protected":false},"excerpt":{"rendered":"<p>Cada centro personaliza y adapta su Proyecto Educativo adhiri\u00e9ndose a diferentes Planes y Programas promovidos desde la Consejer\u00eda de Desarrollo Educativo y Formaci\u00f3n Profesional. A&hellip;<\/p>\n","protected":false},"author":1,"featured_media":0,"parent":0,"menu_order":0,"comment_status":"closed","ping_status":"closed","template":"","meta":{"ngg_post_thumbnail":0,"footnotes":"","_mc_calendar":[]},"aioseo_notices":[],"_links":{"self":[{"href":"https:\/\/blogsaverroes.juntadeandalucia.es\/cpraderan3\/wp-json\/wp\/v2\/pages\/44"}],"collection":[{"href":"https:\/\/blogsaverroes.juntadeandalucia.es\/cpraderan3\/wp-json\/wp\/v2\/pages"}],"about":[{"href":"https:\/\/blogsaverroes.juntadeandalucia.es\/cpraderan3\/wp-json\/wp\/v2\/types\/page"}],"author":[{"embeddable":true,"href":"https:\/\/blogsaverroes.juntadeandalucia.es\/cpraderan3\/wp-json\/wp\/v2\/users\/1"}],"replies":[{"embeddable":true,"href":"https:\/\/blogsaverroes.juntadeandalucia.es\/cpraderan3\/wp-json\/wp\/v2\/comments?post=44"}],"version-history":[{"count":9,"href":"https:\/\/blogsaverroes.juntadeandalucia.es\/cpraderan3\/wp-json\/wp\/v2\/pages\/44\/revisions"}],"predecessor-version":[{"id":2639,"href":"https:\/\/blogsaverroes.juntadeandalucia.es\/cpraderan3\/wp-json\/wp\/v2\/pages\/44\/revisions\/2639"}],"wp:attachment":[{"href":"https:\/\/blogsaverroes.juntadeandalucia.es\/cpraderan3\/wp-json\/wp\/v2\/media?parent=44"}],"curies":[{"name":"wp","href":"https:\/\/api.w.org\/{rel}","templated":true}]}}