{"id":49,"date":"2015-03-13T08:47:05","date_gmt":"2015-03-13T08:47:05","guid":{"rendered":"http:\/\/blogsaverroes.juntadeandalucia.es\/pre\/ceip\/?page_id=49"},"modified":"2025-12-12T12:32:47","modified_gmt":"2025-12-12T12:32:47","slug":"proyecto-educativo","status":"publish","type":"page","link":"https:\/\/blogsaverroes.juntadeandalucia.es\/cpraderan3\/proyecto-educativo\/","title":{"rendered":"Proyecto Educativo"},"content":{"rendered":"<p><img loading=\"lazy\" decoding=\"async\" class=\"alignnone size-medium wp-image-1662\" src=\"http:\/\/blogsaverroes.juntadeandalucia.es\/cpraderan3\/files\/2015\/03\/proyecto-300x266.png\" alt=\"proyecto\" width=\"300\" height=\"266\" srcset=\"https:\/\/blogsaverroes.juntadeandalucia.es\/cpraderan3\/files\/2015\/03\/proyecto-300x266.png 300w, https:\/\/blogsaverroes.juntadeandalucia.es\/cpraderan3\/files\/2015\/03\/proyecto-332x295.png 332w, https:\/\/blogsaverroes.juntadeandalucia.es\/cpraderan3\/files\/2015\/03\/proyecto.png 640w\" sizes=\"(max-width: 300px) 100vw, 300px\" \/><\/p>\n<p>Un centro se define en gran medida por su <strong>Proyecto Educativo<\/strong>. En \u00e9l se plasma el modelo educativo y la concreci\u00f3n de la normativa que un centro realiza respecto a las ense\u00f1anzas que imparte. Aspectos tales como las finales educativas, objetivos, atenci\u00f3n a la diversidad, etc.<\/p>\n<p>Que la web de un centro informe de su Proyecto Educativo es una apuesta clara por la <strong>transparencia<\/strong>.<\/p>\n<p>Si quieres acceder a los documentos de planificaci\u00f3n de nuestro centro haz clic sobre su nombre.<strong> NOTA: Durante el presente curso se est\u00e1 actualizando el Plan de Centro.<\/strong><\/p>\n<p><a href=\"https:\/\/drive.google.com\/open?id=0BwUaiEFUjGW7MzFreHkzWUhrTEU\">PLAN DE CENTRO<\/a><\/p>\n<p><a href=\"https:\/\/drive.google.com\/file\/d\/1uBLwDZVUGkkgvWbHJfObL9c2ZeKWev_h\/view?usp=sharing\">R.O.F.<\/a> (ACTUALIZACI\u00d3N 2025)<\/p>\n<p><a href=\"https:\/\/drive.google.com\/open?id=0BwUaiEFUjGW7NEUwRVdRR3FjRWs\">SECUENCIACI\u00d3N DE CONTENIDOS<\/a><\/p>\n<p><a href=\"https:\/\/drive.google.com\/open?id=0BwUaiEFUjGW7a0xKQTltTjE3RzQ\">ACTUALIZACI\u00d3N &nbsp;PLAN DE CENTRO 2015<\/a><\/p>\n<p><a href=\"https:\/\/drive.google.com\/open?id=0BwUaiEFUjGW7SlpwemVkNVdoWlk\">ACTUALIZACI\u00d3N PLAN DE CENTRO 2016<\/a><\/p>\n<p><a href=\"https:\/\/drive.google.com\/open?id=0BwUaiEFUjGW7ZF9TejJuMjZCQ2s\">ACTUALIZACI\u00d3N PLAN DE CENTRO 2017<\/a><\/p>\n<p>ACTUALIZACI\u00d3N PLAN DE CENTRO 2024<\/p>\n<p>&nbsp; &nbsp;<a href=\"https:\/\/drive.google.com\/file\/d\/1b_pNtUdKe3FqIjc_yJGfvreYwqdtIyo-\/view?usp=sharing\">0. CONCEPTO Y FUNDAMENTACI\u00d3N<\/a><\/p>\n<p><a href=\"https:\/\/drive.google.com\/file\/d\/1cGLh8sOurd87cokzClwzSS3moDPK2JiS\/view?usp=sharing\">&nbsp; &nbsp;A. OBJETIVOS PROPIOS PARA LA MEJORA DEL DESARROLLO DE LAS COMPETENCIAS CLAVE PREVISTAS EN LOS PERFILES COMPETENCIALES<\/a><\/p>\n<p>&nbsp; &nbsp;<a href=\"https:\/\/drive.google.com\/file\/d\/1c2aBOMzg1sdx8vg64Fkt_KqiyJJ5slsY\/view?usp=sharing\">B. PRINCIPIOS GENERALES DE LAS DISTINTAS ETAPAS, PRINCIPIOS PEDAG\u00d3GICOS Y METODOL\u00d3GICOS DEL CENTRO<\/a><\/p>\n<p>&nbsp; <a href=\"https:\/\/drive.google.com\/file\/d\/1cI4M-xXX4LxjpUyKq8lZbP3Fe5L-EUdM\/view?usp=sharing\">&nbsp;C. COORDINACI\u00d3N Y CONCRECI\u00d3N DE LOS CONTENIDOS CURRICULARES<\/a><\/p>\n<p>&nbsp; <a href=\"https:\/\/drive.google.com\/file\/d\/1cBLslbKZQ4qtaPyu1rHCu1UxKe-DF-r_\/view?usp=sharing\">&nbsp;D. CRITERIOS PEDAG\u00d3GICOS PARA LA DETERMINACI\u00d3N DEL HORARIO DE DEDICACI\u00d3N DE LOS ORGANOS DE COORDINACION DOCENTES<\/a><\/p>\n<p>&nbsp; <a href=\"https:\/\/drive.google.com\/file\/d\/130mDirZMBf8voFzrYwHk-Y7u978__qVm\/view?usp=sharing\">&nbsp;E. PROCEDIMIENTOS Y CRITERIOS DE EVALUACI\u00d3N Y PROMOCI\u00d3N DEL ALUMNADO<\/a><\/p>\n<p>&nbsp; &nbsp;<a href=\"https:\/\/drive.google.com\/file\/d\/1botO5dI4honhnJNabzosJSU_oLlA4Cxx\/view?usp=sharing\">F. LA ATENCI\u00d3N A LA DIVERSIDAD DEL ALUMNADO<\/a><\/p>\n<p>&nbsp; <a href=\"https:\/\/drive.google.com\/file\/d\/1cB4kOUiXlY2XewUPfEjOchNLiU6yiDgE\/view?usp=sharing\">&nbsp;G. LA ORGANIZACI\u00d3N DE LAS ACTIVIDADES DE RECUPERACI\u00d3N PARA EL ALUMNADO CON \u00c1REAS PENDIENTES DE EVALUACI\u00d3N POSITIVA<\/a><\/p>\n<p>&nbsp; <a href=\"https:\/\/drive.google.com\/file\/d\/1bmVcivXYFSqp9PxWMm81YVgKXHTeXDu6\/view?usp=sharing\">&nbsp;I. PROCEDIMIENTO PARA SUSCRIBIR COMPROMISOS EDUCATIVOS Y DE CONVIVENCIA CON LAS FAMILIAS<\/a><\/p>\n<p>&nbsp; <a href=\"https:\/\/drive.google.com\/file\/d\/1TG9YtTg219lP2mrRAgK7Nz6S4j7uptpv\/view?usp=sharing\">&nbsp;L. CRITERIOS PARA ORGANIZAR Y DISTRIBUIR EL TIEMPO ESCOLAR. OBJETIVOS Y PROGRAMAS DE INTERVENCI\u00d3N EN EL TIEMPO EXTRAESCOLAR<\/a><\/p>\n<p>&nbsp; &nbsp;<a href=\"https:\/\/drive.google.com\/file\/d\/1enFrUq21McBljnd4Grmj7SWY-H-TzX5s\/view?usp=sharing\">M. PROCEDIMIENTOS DE EVALUACI\u00d3N INTERNA<\/a><\/p>\n<p>&nbsp; <a href=\"https:\/\/drive.google.com\/file\/d\/1elw3xaQvJiOkVZ57xqh_OL0-KSHAysnP\/view?usp=sharing\">&nbsp;N. CRITERIOS PARA ESTABLECER LOS AGRUPAMIENTOS DEL ALUMNADO Y LA ASIGNACI\u00d3N DE LAS TUTOR\u00cdAS<\/a><\/p>\n<p>&nbsp; <a href=\"https:\/\/drive.google.com\/file\/d\/1UUEk7_pTFJgPYqIZzmq1nKyxmH4nM6U6\/view?usp=sharing\">&nbsp;\u00d1. LOS CRITERIOS GENERALES PARA ELABORAR LAS PROGRAMACIONES DID\u00c1CTICAS DE CADA UNA DE LAS \u00c1REAS DE LA EDUCACI\u00d3N PRIMARIA Y DE LA EDUCACI\u00d3N ESPECIAL Y LAS PROPUESTAS PEDAG\u00d3GICAS DE LA EDUCACI\u00d3N INFANTIL<\/a><\/p>\n<p>&nbsp; &nbsp;<a href=\"https:\/\/drive.google.com\/file\/d\/1gKLutnoU42D-nd9rLRiZdK2bLVBT52o2\/view?usp=sharing\">O.1. PLAN DE IGUALDAD<\/a><br \/>\n&nbsp; <a href=\"https:\/\/drive.google.com\/file\/d\/1h0EGd6maEcKtvzz7UZEf8mm1Huu42V1a\/view?usp=sharing\">&nbsp;O.2. PLAN DE ACOGIDA<\/a><br \/>\n&nbsp; &nbsp;<a href=\"https:\/\/drive.google.com\/file\/d\/1ng2dqfVfhdPQpZLRKrJSxQdjDC9O0FNQ\/view?usp=sharing\">O.3. PLAN DE ACTUACI\u00d3N PARA EL TRATAMIENTO DE LA LECTURA<\/a><br \/>\n&nbsp; &nbsp;<a href=\"https:\/\/drive.google.com\/file\/d\/1R4PL--ZI4zEL42vHeoiMP5ThLGvNTyGJ\/view?usp=sharing\">O.4. PLAN DE INTERNACIONALIZACI\u00d3N<\/a><br \/>\n&nbsp; <a href=\"https:\/\/drive.google.com\/file\/d\/19zZjvALL7y9lhb9emuDGvLbRz_FCMhFD\/view?usp=sharing\">&nbsp;O.5. PLAN DE COMUNICACI\u00d3N<\/a><\/p>\n","protected":false},"excerpt":{"rendered":"<p>Un centro se define en gran medida por su Proyecto Educativo. En \u00e9l se plasma el modelo educativo y la concreci\u00f3n de la normativa que&hellip;<\/p>\n","protected":false},"author":1,"featured_media":0,"parent":0,"menu_order":0,"comment_status":"closed","ping_status":"open","template":"","meta":{"ngg_post_thumbnail":0,"footnotes":"","_mc_calendar":[]},"aioseo_notices":[],"_links":{"self":[{"href":"https:\/\/blogsaverroes.juntadeandalucia.es\/cpraderan3\/wp-json\/wp\/v2\/pages\/49"}],"collection":[{"href":"https:\/\/blogsaverroes.juntadeandalucia.es\/cpraderan3\/wp-json\/wp\/v2\/pages"}],"about":[{"href":"https:\/\/blogsaverroes.juntadeandalucia.es\/cpraderan3\/wp-json\/wp\/v2\/types\/page"}],"author":[{"embeddable":true,"href":"https:\/\/blogsaverroes.juntadeandalucia.es\/cpraderan3\/wp-json\/wp\/v2\/users\/1"}],"replies":[{"embeddable":true,"href":"https:\/\/blogsaverroes.juntadeandalucia.es\/cpraderan3\/wp-json\/wp\/v2\/comments?post=49"}],"version-history":[{"count":15,"href":"https:\/\/blogsaverroes.juntadeandalucia.es\/cpraderan3\/wp-json\/wp\/v2\/pages\/49\/revisions"}],"predecessor-version":[{"id":2677,"href":"https:\/\/blogsaverroes.juntadeandalucia.es\/cpraderan3\/wp-json\/wp\/v2\/pages\/49\/revisions\/2677"}],"wp:attachment":[{"href":"https:\/\/blogsaverroes.juntadeandalucia.es\/cpraderan3\/wp-json\/wp\/v2\/media?parent=49"}],"curies":[{"name":"wp","href":"https:\/\/api.w.org\/{rel}","templated":true}]}}