{"id":872,"date":"2022-09-16T12:50:42","date_gmt":"2022-09-16T12:50:42","guid":{"rendered":"http:\/\/blogsaverroes.juntadeandalucia.es\/pre\/ceip\/?page_id=120"},"modified":"2022-09-19T13:53:42","modified_gmt":"2022-09-19T13:53:42","slug":"contactar","status":"publish","type":"page","link":"https:\/\/blogsaverroes.juntadeandalucia.es\/cpraderan3\/contactar\/","title":{"rendered":"Contactar"},"content":{"rendered":"<p>Si desea contactar con nosotros, puede realizarlo a trav\u00e9s de los siguientes medios:<\/p>\n<ul>\n<li>correo electr\u00f3nico: <strong>21600945.edu@juntadeandalucia.es<\/strong><\/li>\n<li>Tel\u00e9fonos:\n<ul>\n<li style=\"list-style-type: none\">\n<ul>\n<li style=\"list-style-type: none\">\n<ul>\n<li>&nbsp;Fijo; <strong>959489572<\/strong><\/li>\n<li>M\u00f3vil; <strong>671599385<\/strong><\/li>\n<\/ul>\n<\/li>\n<\/ul>\n<\/li>\n<\/ul>\n<\/li>\n<\/ul>\n<h4><strong>Atenci\u00f3n al p\u00fablico del Equipo directivo (El Almendro):<\/strong><\/h4>\n<p>Lunes: de 10:00 a 11:00 horas.<\/p>\n<p>Martes: de 9:00 a 10:00 horas.<\/p>\n<p>Mi\u00e9rcoles: de 9:00 a 10:00 horas..<\/p>\n<p>Jueves: de 9:00 a 10:00 horas.<\/p>\n<p>Viernes: de 10:30 a 12:00 horas.<\/p>\n<h4><strong>Atenci\u00f3n al p\u00fablico del Equipo directivo (San Silvestre de Guzm\u00e1n):<\/strong><\/h4>\n<p>Lunes: de 10:00 a 11:30 horas.<\/p>\n<p>Martes: de 10:00 a 11:00 horas.<\/p>\n<p>Mi\u00e9rcoles: de 11:00 a 12:00 horas.<\/p>\n<p>Jueves: de 9:00 a 10 horas.<\/p>\n<p>Viernes: de 9:00 a 10 horas.<\/p>\n","protected":false},"excerpt":{"rendered":"<p>Si desea contactar con nosotros, puede realizarlo a trav\u00e9s de los siguientes medios: correo electr\u00f3nico: 21600945.edu@juntadeandalucia.es Tel\u00e9fonos: &nbsp;Fijo; 959489572 M\u00f3vil; 671599385 Atenci\u00f3n al p\u00fablico del&hellip;<\/p>\n","protected":false},"author":1,"featured_media":0,"parent":0,"menu_order":0,"comment_status":"closed","ping_status":"open","template":"","meta":{"ngg_post_thumbnail":0,"footnotes":"","_mc_calendar":[]},"aioseo_notices":[],"_links":{"self":[{"href":"https:\/\/blogsaverroes.juntadeandalucia.es\/cpraderan3\/wp-json\/wp\/v2\/pages\/872"}],"collection":[{"href":"https:\/\/blogsaverroes.juntadeandalucia.es\/cpraderan3\/wp-json\/wp\/v2\/pages"}],"about":[{"href":"https:\/\/blogsaverroes.juntadeandalucia.es\/cpraderan3\/wp-json\/wp\/v2\/types\/page"}],"author":[{"embeddable":true,"href":"https:\/\/blogsaverroes.juntadeandalucia.es\/cpraderan3\/wp-json\/wp\/v2\/users\/1"}],"replies":[{"embeddable":true,"href":"https:\/\/blogsaverroes.juntadeandalucia.es\/cpraderan3\/wp-json\/wp\/v2\/comments?post=872"}],"version-history":[{"count":4,"href":"https:\/\/blogsaverroes.juntadeandalucia.es\/cpraderan3\/wp-json\/wp\/v2\/pages\/872\/revisions"}],"predecessor-version":[{"id":2635,"href":"https:\/\/blogsaverroes.juntadeandalucia.es\/cpraderan3\/wp-json\/wp\/v2\/pages\/872\/revisions\/2635"}],"wp:attachment":[{"href":"https:\/\/blogsaverroes.juntadeandalucia.es\/cpraderan3\/wp-json\/wp\/v2\/media?parent=872"}],"curies":[{"name":"wp","href":"https:\/\/api.w.org\/{rel}","templated":true}]}}