{"id":141,"date":"2022-03-06T07:13:24","date_gmt":"2022-03-06T07:13:24","guid":{"rendered":"http:\/\/blogsaverroes.juntadeandalucia.es\/pre\/ceip\/?page_id=141"},"modified":"2022-03-06T10:47:52","modified_gmt":"2022-03-06T10:47:52","slug":"escolarizacion","status":"publish","type":"page","link":"https:\/\/blogsaverroes.juntadeandalucia.es\/cpralcoleafondon\/escolarizacion\/","title":{"rendered":"Escolarizaci\u00f3n"},"content":{"rendered":"<p><img loading=\"lazy\" decoding=\"async\" class=\"alignnone size-full\" src=\"https:\/\/www.juntadeandalucia.es\/educacion\/portals\/image\/layout_set_logo?img_id=22116&amp;t=1646538468034\" width=\"395\" height=\"118\"><\/p>\n<p>Esta secci\u00f3n puede contener cuanta informaci\u00f3n sea de utilidad para las familias a la hora de de iniciar el proceso de escolarizaci\u00f3n: plazos, documentos, normativa, enlaces, etc.<\/p>\n<p><a title=\"Portal escolarizaci\u00f3n\" href=\"https:\/\/www.juntadeandalucia.es\/educacion\/portals\/web\/escolarizacion\" target=\"_blank\" rel=\"noopener noreferrer\">Enlace al portal de escolarizaci\u00f3n.<\/a><\/p>\n<p>&nbsp;<\/p>\n","protected":false},"excerpt":{"rendered":"<p>Esta secci\u00f3n puede contener cuanta informaci\u00f3n sea de utilidad para las familias a la hora de de iniciar el proceso de escolarizaci\u00f3n: plazos, documentos, normativa, enlaces, etc. Enlace al portal de escolarizaci\u00f3n. &nbsp;<\/p>\n","protected":false},"author":1,"featured_media":0,"parent":0,"menu_order":0,"comment_status":"closed","ping_status":"open","template":"page-cs.php","meta":{"ngg_post_thumbnail":0,"footnotes":"","_mc_calendar":[]},"aioseo_notices":[],"_links":{"self":[{"href":"https:\/\/blogsaverroes.juntadeandalucia.es\/cpralcoleafondon\/wp-json\/wp\/v2\/pages\/141"}],"collection":[{"href":"https:\/\/blogsaverroes.juntadeandalucia.es\/cpralcoleafondon\/wp-json\/wp\/v2\/pages"}],"about":[{"href":"https:\/\/blogsaverroes.juntadeandalucia.es\/cpralcoleafondon\/wp-json\/wp\/v2\/types\/page"}],"author":[{"embeddable":true,"href":"https:\/\/blogsaverroes.juntadeandalucia.es\/cpralcoleafondon\/wp-json\/wp\/v2\/users\/1"}],"replies":[{"embeddable":true,"href":"https:\/\/blogsaverroes.juntadeandalucia.es\/cpralcoleafondon\/wp-json\/wp\/v2\/comments?post=141"}],"version-history":[{"count":6,"href":"https:\/\/blogsaverroes.juntadeandalucia.es\/cpralcoleafondon\/wp-json\/wp\/v2\/pages\/141\/revisions"}],"predecessor-version":[{"id":2348,"href":"https:\/\/blogsaverroes.juntadeandalucia.es\/cpralcoleafondon\/wp-json\/wp\/v2\/pages\/141\/revisions\/2348"}],"wp:attachment":[{"href":"https:\/\/blogsaverroes.juntadeandalucia.es\/cpralcoleafondon\/wp-json\/wp\/v2\/media?parent=141"}],"curies":[{"name":"wp","href":"https:\/\/api.w.org\/{rel}","templated":true}]}}