{"id":42,"date":"2015-03-13T08:40:47","date_gmt":"2015-03-13T08:40:47","guid":{"rendered":"http:\/\/blogsaverroes.juntadeandalucia.es\/pre\/ceip\/?page_id=42"},"modified":"2020-09-27T07:38:03","modified_gmt":"2020-09-27T07:38:03","slug":"equipo-directivo","status":"publish","type":"page","link":"https:\/\/blogsaverroes.juntadeandalucia.es\/cpralcoleafondon\/equipo-directivo\/","title":{"rendered":"Equipo directivo"},"content":{"rendered":"<p>El equipo directivo del CPR Alcolea Fond\u00f3n lo componen:<\/p>\n<p><b>Direcci\u00f3n: Jes\u00fas Rodr\u00edguez Romero<\/b><\/p>\n<p><strong>Secretar\u00eda: Mar\u00eda Jes\u00fas Pareja L\u00f3pez<\/strong><\/p>\n","protected":false},"excerpt":{"rendered":"<p>El equipo directivo del CPR Alcolea Fond\u00f3n lo componen: Direcci\u00f3n: Jes\u00fas Rodr\u00edguez Romero Secretar\u00eda: Mar\u00eda Jes\u00fas Pareja L\u00f3pez<\/p>\n","protected":false},"author":1,"featured_media":0,"parent":0,"menu_order":0,"comment_status":"closed","ping_status":"open","template":"","meta":{"ngg_post_thumbnail":0,"footnotes":"","_mc_calendar":[]},"aioseo_notices":[],"_links":{"self":[{"href":"https:\/\/blogsaverroes.juntadeandalucia.es\/cpralcoleafondon\/wp-json\/wp\/v2\/pages\/42"}],"collection":[{"href":"https:\/\/blogsaverroes.juntadeandalucia.es\/cpralcoleafondon\/wp-json\/wp\/v2\/pages"}],"about":[{"href":"https:\/\/blogsaverroes.juntadeandalucia.es\/cpralcoleafondon\/wp-json\/wp\/v2\/types\/page"}],"author":[{"embeddable":true,"href":"https:\/\/blogsaverroes.juntadeandalucia.es\/cpralcoleafondon\/wp-json\/wp\/v2\/users\/1"}],"replies":[{"embeddable":true,"href":"https:\/\/blogsaverroes.juntadeandalucia.es\/cpralcoleafondon\/wp-json\/wp\/v2\/comments?post=42"}],"version-history":[{"count":5,"href":"https:\/\/blogsaverroes.juntadeandalucia.es\/cpralcoleafondon\/wp-json\/wp\/v2\/pages\/42\/revisions"}],"predecessor-version":[{"id":2233,"href":"https:\/\/blogsaverroes.juntadeandalucia.es\/cpralcoleafondon\/wp-json\/wp\/v2\/pages\/42\/revisions\/2233"}],"wp:attachment":[{"href":"https:\/\/blogsaverroes.juntadeandalucia.es\/cpralcoleafondon\/wp-json\/wp\/v2\/media?parent=42"}],"curies":[{"name":"wp","href":"https:\/\/api.w.org\/{rel}","templated":true}]}}