{"id":1932,"date":"2025-05-09T10:06:54","date_gmt":"2025-05-09T09:06:54","guid":{"rendered":"https:\/\/blogsaverroes.juntadeandalucia.es\/cpralmenara\/?page_id=1932"},"modified":"2025-05-09T10:06:54","modified_gmt":"2025-05-09T09:06:54","slug":"programa-cima","status":"publish","type":"page","link":"https:\/\/blogsaverroes.juntadeandalucia.es\/cpralmenara\/programa-cima\/","title":{"rendered":"PROGRAMA CIMA"},"content":{"rendered":"<div class=\"\">\n<header class=\"\">\n<h1><img loading=\"lazy\" decoding=\"async\" class=\"alignleft\" style=\"color: #666666;font-size: 14px\" src=\"https:\/\/portales.ced.junta-andalucia.es\/educacion\/portales\/documents\/722046\/1150039\/Logo-Cima_mas-resolucion.png\/adf03d3d-10ce-151c-883e-c15e0ffd7aea?t=1727359736204\" alt=\"Logo Programas CIMA\" width=\"200\" height=\"230\"><\/h1>\n<h1 class=\"\">Presentaci\u00f3n<\/h1>\n<\/header>\n<\/div>\n<div class=\"detalleContenidoWeb\">\n<div class=\"content\">\n<p>La Consejer\u00eda de Desarrollo Educativo y Formaci\u00f3n Profesional pone a disposici\u00f3n de los centros el Programa para la Innovaci\u00f3n y la Mejora del Aprendizaje, Programa CIMA, una herramienta para el desarrollo del nuevo marco curricular y la integraci\u00f3n de las pr\u00e1cticas educativas en el Proyecto Educativo del centro, fomentando el trabajo cooperativo y la mejora continua del aprendizaje y los conocimientos del alumnado andaluz.<\/p>\n<\/div>\n<\/div>\n<p>&nbsp;<\/p>\n<p>&nbsp;<\/p>\n<p>&nbsp;<\/p>\n<div class=\"detalleContenidoWeb\">\n<div class=\"content\">\n<p>Los cambios en la sociedad de la informaci\u00f3n y la conectividad, las \u00faltimas investigaciones en innovaci\u00f3n y evaluaci\u00f3n educativa y los resultados obtenidos en el diagn\u00f3stico sobre el estado de la innovaci\u00f3n educativa en Andaluc\u00eda han promovido un nuevo paradigma en la organizaci\u00f3n y funcionamiento de los programas educativos configurado desde los fundamentos normativos, cient\u00edficos y pedag\u00f3gicos.<\/p>\n<p>Con este Programa, se pretende reforzar y consolidar una iniciativa de la Consejer\u00eda de Desarrollo Educativo y Formaci\u00f3n Profesional para situar al sistema educativo andaluz en una senda acorde con los objetivos adoptados a nivel mundial para la construcci\u00f3n de una sociedad m\u00e1s sostenible e inclusiva desde el \u00e1mbito educativo.<\/p>\n<\/div>\n<\/div>\n","protected":false},"excerpt":{"rendered":"<p>Presentaci\u00f3n La Consejer\u00eda de Desarrollo Educativo y Formaci\u00f3n Profesional pone a disposici\u00f3n de los centros el Programa para la Innovaci\u00f3n y la Mejora del Aprendizaje, Programa CIMA, una herramienta para el desarrollo del nuevo marco curricular y la integraci\u00f3n de las pr\u00e1cticas educativas en el Proyecto Educativo del centro, fomentando el trabajo cooperativo y la [&hellip;]<\/p>\n","protected":false},"author":3883,"featured_media":0,"parent":0,"menu_order":0,"comment_status":"closed","ping_status":"closed","template":"","meta":{"_et_pb_use_builder":"","_et_pb_old_content":"","_et_gb_content_width":"","ngg_post_thumbnail":0,"footnotes":""},"aioseo_notices":[],"_links":{"self":[{"href":"https:\/\/blogsaverroes.juntadeandalucia.es\/cpralmenara\/wp-json\/wp\/v2\/pages\/1932"}],"collection":[{"href":"https:\/\/blogsaverroes.juntadeandalucia.es\/cpralmenara\/wp-json\/wp\/v2\/pages"}],"about":[{"href":"https:\/\/blogsaverroes.juntadeandalucia.es\/cpralmenara\/wp-json\/wp\/v2\/types\/page"}],"author":[{"embeddable":true,"href":"https:\/\/blogsaverroes.juntadeandalucia.es\/cpralmenara\/wp-json\/wp\/v2\/users\/3883"}],"replies":[{"embeddable":true,"href":"https:\/\/blogsaverroes.juntadeandalucia.es\/cpralmenara\/wp-json\/wp\/v2\/comments?post=1932"}],"version-history":[{"count":5,"href":"https:\/\/blogsaverroes.juntadeandalucia.es\/cpralmenara\/wp-json\/wp\/v2\/pages\/1932\/revisions"}],"predecessor-version":[{"id":1937,"href":"https:\/\/blogsaverroes.juntadeandalucia.es\/cpralmenara\/wp-json\/wp\/v2\/pages\/1932\/revisions\/1937"}],"wp:attachment":[{"href":"https:\/\/blogsaverroes.juntadeandalucia.es\/cpralmenara\/wp-json\/wp\/v2\/media?parent=1932"}],"curies":[{"name":"wp","href":"https:\/\/api.w.org\/{rel}","templated":true}]}}