{"id":1949,"date":"2025-05-09T10:27:30","date_gmt":"2025-05-09T09:27:30","guid":{"rendered":"https:\/\/blogsaverroes.juntadeandalucia.es\/cpralmenara\/?page_id=1949"},"modified":"2025-05-09T10:27:30","modified_gmt":"2025-05-09T09:27:30","slug":"programa-cima-2","status":"publish","type":"page","link":"https:\/\/blogsaverroes.juntadeandalucia.es\/cpralmenara\/programa-cima-2\/","title":{"rendered":"PROGRAMA CIMA"},"content":{"rendered":"<p><span style=\"font-size: 12pt\"><strong><span style=\"color: #0000ff\">\u00bfEn qu\u00e9 consiste?<\/span><\/strong><\/span><\/p>\n<p>Se trata de una herramienta para el desarrollo del nuevo marco curricular y de las pr\u00e1cticas<br \/>\neducativas que permita integrarlas en su Proyecto Educativo, fomente el trabajo cooperativo y la<br \/>\nmejora continua del aprendizaje y los conocimientos del alumnado andaluz.<\/p>\n<p><span style=\"font-size: 12pt\"><strong><span style=\"color: #0000ff\">\u00bfQu\u00e9 objetivos tiene?<\/span><\/strong><\/span><\/p>\n<p>Son objetivos del Programa, los siguientes:<\/p>\n<ol>\n<li>Facilitar el desarrollo de proyectos para la mejora del aprendizaje incluidos en el Proyecto<br \/>\nEducativo de cada centro.<\/li>\n<li>Promover los cambios y mejoras a partir del diagn\u00f3stico de las posibilidades de intervenci\u00f3n,<br \/>\ndesde el an\u00e1lisis de las necesidades y realidades educativas del centro.<\/li>\n<li>Fomentar una cultura de la participaci\u00f3n, el an\u00e1lisis y la reflexi\u00f3n compartida para la mejora de<br \/>\nlos procesos de ense\u00f1anza y aprendizaje y la adquisici\u00f3n de conocimientos por parte del<br \/>\nalumnado.<\/li>\n<li>Favorecer la participaci\u00f3n de la comunidad en las actuaciones de los centros.<\/li>\n<li>Impulsar la difusi\u00f3n y comunicaci\u00f3n de pr\u00e1cticas eficaces para el aprendizaje y la adquisici\u00f3n de<br \/>\nconocimientos por parte del alumnado.<\/li>\n<\/ol>\n<p><span style=\"font-size: 12pt\"><strong><span style=\"color: #0000ff\">\u00bfA qui\u00e9n va dirigido?<\/span><\/strong><\/span><\/p>\n<p>Centros docentes andaluces sostenidos con fondos p\u00fablicos que imparten ense\u00f1anzas no<br \/>\nuniversitarias.<br \/>\nEscuelas infantiles y centros educativos que imparten ense\u00f1anzas de 0 a 3 a\u00f1os, adheridos al<br \/>\nprograma de ayudas para el fomento de la escolarizaci\u00f3n.<\/p>\n","protected":false},"excerpt":{"rendered":"<p>\u00bfEn qu\u00e9 consiste? Se trata de una herramienta para el desarrollo del nuevo marco curricular y de las pr\u00e1cticas educativas que permita integrarlas en su Proyecto Educativo, fomente el trabajo cooperativo y la mejora continua del aprendizaje y los conocimientos del alumnado andaluz. \u00bfQu\u00e9 objetivos tiene? Son objetivos del Programa, los siguientes: Facilitar el desarrollo [&hellip;]<\/p>\n","protected":false},"author":3883,"featured_media":0,"parent":0,"menu_order":0,"comment_status":"closed","ping_status":"closed","template":"","meta":{"_et_pb_use_builder":"","_et_pb_old_content":"","_et_gb_content_width":"","ngg_post_thumbnail":0,"footnotes":""},"aioseo_notices":[],"_links":{"self":[{"href":"https:\/\/blogsaverroes.juntadeandalucia.es\/cpralmenara\/wp-json\/wp\/v2\/pages\/1949"}],"collection":[{"href":"https:\/\/blogsaverroes.juntadeandalucia.es\/cpralmenara\/wp-json\/wp\/v2\/pages"}],"about":[{"href":"https:\/\/blogsaverroes.juntadeandalucia.es\/cpralmenara\/wp-json\/wp\/v2\/types\/page"}],"author":[{"embeddable":true,"href":"https:\/\/blogsaverroes.juntadeandalucia.es\/cpralmenara\/wp-json\/wp\/v2\/users\/3883"}],"replies":[{"embeddable":true,"href":"https:\/\/blogsaverroes.juntadeandalucia.es\/cpralmenara\/wp-json\/wp\/v2\/comments?post=1949"}],"version-history":[{"count":1,"href":"https:\/\/blogsaverroes.juntadeandalucia.es\/cpralmenara\/wp-json\/wp\/v2\/pages\/1949\/revisions"}],"predecessor-version":[{"id":1950,"href":"https:\/\/blogsaverroes.juntadeandalucia.es\/cpralmenara\/wp-json\/wp\/v2\/pages\/1949\/revisions\/1950"}],"wp:attachment":[{"href":"https:\/\/blogsaverroes.juntadeandalucia.es\/cpralmenara\/wp-json\/wp\/v2\/media?parent=1949"}],"curies":[{"name":"wp","href":"https:\/\/api.w.org\/{rel}","templated":true}]}}