{"id":64,"date":"2020-01-09T11:41:42","date_gmt":"2020-01-09T10:41:42","guid":{"rendered":"http:\/\/blogsaverroes.juntadeandalucia.es\/pre\/nuevoceipv2\/?page_id=64"},"modified":"2025-04-25T12:10:04","modified_gmt":"2025-04-25T11:10:04","slug":"biblioteca","status":"publish","type":"page","link":"https:\/\/blogsaverroes.juntadeandalucia.es\/cpralmenara\/biblioteca\/","title":{"rendered":"Biblioteca"},"content":{"rendered":"<p>En la sociedad de la informaci\u00f3n y el conocimiento se requiere que las bibliotecas escolares se conviertan en centros de recursos para la ense\u00f1anza y el aprendizaje.<\/p>\n<p>Las bibliotecas escolares son un factor de compensaci\u00f3n social, que posibilitan el acceso a los recursos informativos y culturales a quienes carecen de ellos, procurando as\u00ed paliar la brecha digital y social.<\/p>\n<p>Como centros de recursos, deben permitir el acceso a materiales informativos actualizados, diversos, apropiados, suficientes en n\u00famero y calidad para todas las \u00e1reas del curr\u00edculo, as\u00ed como atender la diversidad y apoyar los planes y proyectos del centro.<\/p>\n<p>Entre sus tareas destaca la articulaci\u00f3n de programas de alfabetizaci\u00f3n informacional y digital as\u00ed como de programas de fomento de la lectura.<\/p>\n<p>Las bibliotecas escolares deben ser&nbsp; espacios f\u00edsicos y digitales abiertos a toda la comunidad educativa y espacios sociales abiertos para eventos culturales, profesionales y educativos. En este sentido, la colaboraci\u00f3n con las familias y otras entidades del entorno cobrar\u00e1n especial relevancia.<\/p>\n","protected":false},"excerpt":{"rendered":"<p>En la sociedad de la informaci\u00f3n y el conocimiento se requiere que las bibliotecas escolares se conviertan en centros de recursos para la ense\u00f1anza y el aprendizaje. Las bibliotecas escolares son un factor de compensaci\u00f3n social, que posibilitan el acceso a los recursos informativos y culturales a quienes carecen de ellos, procurando as\u00ed paliar la [&hellip;]<\/p>\n","protected":false},"author":3883,"featured_media":0,"parent":0,"menu_order":0,"comment_status":"closed","ping_status":"closed","template":"","meta":{"_et_pb_use_builder":"off","_et_pb_old_content":"","_et_gb_content_width":"","ngg_post_thumbnail":0,"footnotes":""},"aioseo_notices":[],"_links":{"self":[{"href":"https:\/\/blogsaverroes.juntadeandalucia.es\/cpralmenara\/wp-json\/wp\/v2\/pages\/64"}],"collection":[{"href":"https:\/\/blogsaverroes.juntadeandalucia.es\/cpralmenara\/wp-json\/wp\/v2\/pages"}],"about":[{"href":"https:\/\/blogsaverroes.juntadeandalucia.es\/cpralmenara\/wp-json\/wp\/v2\/types\/page"}],"author":[{"embeddable":true,"href":"https:\/\/blogsaverroes.juntadeandalucia.es\/cpralmenara\/wp-json\/wp\/v2\/users\/3883"}],"replies":[{"embeddable":true,"href":"https:\/\/blogsaverroes.juntadeandalucia.es\/cpralmenara\/wp-json\/wp\/v2\/comments?post=64"}],"version-history":[{"count":3,"href":"https:\/\/blogsaverroes.juntadeandalucia.es\/cpralmenara\/wp-json\/wp\/v2\/pages\/64\/revisions"}],"predecessor-version":[{"id":1853,"href":"https:\/\/blogsaverroes.juntadeandalucia.es\/cpralmenara\/wp-json\/wp\/v2\/pages\/64\/revisions\/1853"}],"wp:attachment":[{"href":"https:\/\/blogsaverroes.juntadeandalucia.es\/cpralmenara\/wp-json\/wp\/v2\/media?parent=64"}],"curies":[{"name":"wp","href":"https:\/\/api.w.org\/{rel}","templated":true}]}}