{"id":840,"date":"2020-12-18T08:38:52","date_gmt":"2020-12-18T07:38:52","guid":{"rendered":"https:\/\/blogsaverroes.juntadeandalucia.es\/pre\/plantilla-pencil\/?page_id=840"},"modified":"2025-04-25T12:15:29","modified_gmt":"2025-04-25T11:15:29","slug":"ampa","status":"publish","type":"page","link":"https:\/\/blogsaverroes.juntadeandalucia.es\/cpralmenara\/ampa\/","title":{"rendered":"AMPA"},"content":{"rendered":"<p>Las asociaciones de madres y padres del alumnado son un cauce fundamental para posibilitar la participaci\u00f3n de las familias o tutores del alumnado, en su caso, en las actividades de los centros docentes. Para ello tendr\u00e1n aquellas finalidades que se fijen en sus estatutos, dentro de las siguientes:<\/p>\n<p>&nbsp;<\/p>\n<ul>\n<li>Asistir a los padres, madres o tutores legales en todo aquello que concierne a la educaci\u00f3n de sus hijos e hijas o pupilos.<\/li>\n<li>Colaborar en las actividades educativas de los centros, y en las actividades complementarias y extraescolares de los mismos.<\/li>\n<li>Organizar actividades culturales y deportivas.<\/li>\n<li>Promover la participaci\u00f3n de los padres, madres o tutores del alumnado en la gesti\u00f3n del Centro.<\/li>\n<li>Asistir a los padres, madres o tutores legales del alumnado en el ejercicio de su derecho a intervenir en el control y gesti\u00f3n de los centros sostenidos con fondos p\u00fablicos.<\/li>\n<li>Facilitar la representaci\u00f3n y participaci\u00f3n de los padres, madres o tutores legales del alumnado en los Consejos Escolares de los centros sostenidos con fondos p\u00fablicos, para lo cual podr\u00e1n presentar candidaturas en los correspondientes procesos electorales.<\/li>\n<li>Promover el desarrollo de programas de Educaci\u00f3n Familiar.<\/li>\n<li>Representar a los padres, madres o tutores asociados a las mismas ante las instancias educativas y otros organismos.<\/li>\n<\/ul>\n","protected":false},"excerpt":{"rendered":"<p>Las asociaciones de madres y padres del alumnado son un cauce fundamental para posibilitar la participaci\u00f3n de las familias o tutores del alumnado, en su caso, en las actividades de los centros docentes. Para ello tendr\u00e1n aquellas finalidades que se fijen en sus estatutos, dentro de las siguientes: &nbsp; Asistir a los padres, madres o [&hellip;]<\/p>\n","protected":false},"author":3883,"featured_media":0,"parent":0,"menu_order":0,"comment_status":"closed","ping_status":"closed","template":"","meta":{"_et_pb_use_builder":"off","_et_pb_old_content":"","_et_gb_content_width":"","ngg_post_thumbnail":0,"footnotes":""},"aioseo_notices":[],"_links":{"self":[{"href":"https:\/\/blogsaverroes.juntadeandalucia.es\/cpralmenara\/wp-json\/wp\/v2\/pages\/840"}],"collection":[{"href":"https:\/\/blogsaverroes.juntadeandalucia.es\/cpralmenara\/wp-json\/wp\/v2\/pages"}],"about":[{"href":"https:\/\/blogsaverroes.juntadeandalucia.es\/cpralmenara\/wp-json\/wp\/v2\/types\/page"}],"author":[{"embeddable":true,"href":"https:\/\/blogsaverroes.juntadeandalucia.es\/cpralmenara\/wp-json\/wp\/v2\/users\/3883"}],"replies":[{"embeddable":true,"href":"https:\/\/blogsaverroes.juntadeandalucia.es\/cpralmenara\/wp-json\/wp\/v2\/comments?post=840"}],"version-history":[{"count":4,"href":"https:\/\/blogsaverroes.juntadeandalucia.es\/cpralmenara\/wp-json\/wp\/v2\/pages\/840\/revisions"}],"predecessor-version":[{"id":1856,"href":"https:\/\/blogsaverroes.juntadeandalucia.es\/cpralmenara\/wp-json\/wp\/v2\/pages\/840\/revisions\/1856"}],"wp:attachment":[{"href":"https:\/\/blogsaverroes.juntadeandalucia.es\/cpralmenara\/wp-json\/wp\/v2\/media?parent=840"}],"curies":[{"name":"wp","href":"https:\/\/api.w.org\/{rel}","templated":true}]}}