{"id":853,"date":"2020-12-18T08:50:47","date_gmt":"2020-12-18T07:50:47","guid":{"rendered":"https:\/\/blogsaverroes.juntadeandalucia.es\/pre\/plantilla-pencil\/?page_id=853"},"modified":"2025-05-08T12:59:20","modified_gmt":"2025-05-08T11:59:20","slug":"presentacion","status":"publish","type":"page","link":"https:\/\/blogsaverroes.juntadeandalucia.es\/cpralmenara\/presentacion\/","title":{"rendered":"Presentaci\u00f3n"},"content":{"rendered":"<p style=\"margin-top: 0cm;text-align: justify;background: white\"><span style=\"font-family: arial, helvetica, sans-serif;color: #343439;background: white\"><img loading=\"lazy\" decoding=\"async\" class=\"wp-image-1922 alignleft\" src=\"https:\/\/blogsaverroes.juntadeandalucia.es\/cpralmenara\/files\/2025\/05\/Playa-de-Zahora.jpg\" alt=\"\" width=\"381\" height=\"204\"><\/span><span style=\"font-family: arial, helvetica, sans-serif;color: #343439;background: white\">El Colegio P\u00fablico Rural Almenara se erige como un centro educativo de car\u00e1cter p\u00fablico que se destaca por su enfoque innovador y comprometido con la calidad de la educaci\u00f3n. Nuestro modelo pedag\u00f3gico se basa en el aprendizaje a trav\u00e9s de proyectos educativos, lo que permite a los estudiantes involucrarse activamente en su proceso de ense\u00f1anza-aprendizaje, fomentando as\u00ed su creatividad, esp\u00edritu cr\u00edtico y habilidades colaborativas. La educaci\u00f3n que ofrecemos es, adem\u00e1s, completamente gratuita, garantizando que todas las familias tengan acceso a una formaci\u00f3n de calidad sin barreras econ\u00f3micas.<\/span><\/p>\n<p>&nbsp;<\/p>\n<p style=\"margin-top: 0cm;text-align: justify;background: white\"><span style=\"font-family: arial, helvetica, sans-serif;color: #343439;background: white\">Situado en un entorno id\u00edlico, el Colegio P\u00fablico Rural Almenara cuenta con sedes en las localidades de Zahora, San Ambrosio y El Soto. Esta ubicaci\u00f3n privilegiada, pr\u00f3xima al parque natural de la Bre\u00f1a de Barbate, a las hermosas playas de Zahora, y en el entorno natural de El Soto, no solo enriquece la experiencia educativa, sino que tambi\u00e9n ofrece a los alumnos la oportunidad de conectar con la naturaleza y aprender sobre la biodiversidad que les rodea. Los proyectos educativos que desarrollamos a menudo incorporan estas realidades locales, permitiendo a los estudiantes aprender de manera contextualizada.<\/span><\/p>\n<p><img loading=\"lazy\" decoding=\"async\" class=\"size-full wp-image-1921 alignright\" style=\"color: #343439;font-family: arial, helvetica, sans-serif;text-align: justify\" src=\"https:\/\/blogsaverroes.juntadeandalucia.es\/cpralmenara\/files\/2025\/05\/brena-3.jpg\" alt=\"\" width=\"273\" height=\"185\"><\/p>\n<p style=\"text-align: justify\"><span style=\"font-family: arial, helvetica, sans-serif;color: #343439;background: white\">Nuestro profesorado, compuesto por especialistas en diver<\/span><span style=\"font-family: arial, helvetica, sans-serif;color: #343439;background: white\">sas \u00e1reas educativas, est\u00e1 en constante formaci\u00f3n y actualizaci\u00f3n, lo que garantiza un alto nivel de competencia y profesionalidad. La vocaci\u00f3n y el compromiso de nuestro equipo educativo son pilares fundamentales en la labor diaria del colegio. Cada docente no solo se dedica a impartir conocimientos, sino que tambi\u00e9n act\u00faa como gu\u00eda y mentor, apoyando a los estudiantes en su desarrollo personal y acad\u00e9mico.<\/span><\/p>\n<p>&nbsp;<\/p>\n<p><img loading=\"lazy\" decoding=\"async\" class=\"size-full wp-image-1920 alignleft\" style=\"color: #343439;font-family: arial, helvetica, sans-serif;text-align: justify\" src=\"https:\/\/blogsaverroes.juntadeandalucia.es\/cpralmenara\/files\/2025\/05\/brena-2.jpg\" alt=\"\" width=\"275\" height=\"183\"><\/p>\n<p style=\"margin-top: 0cm;text-align: justify;background: white\"><span style=\"font-family: arial, helvetica, sans-serif\"><span style=\"color: #343439;background: white\">En resumen, el Colegio P\u00fablico Rural Almenara es mucho m\u00e1s que un simple centro de ense\u00f1anza; es una comunidad educativa donde el aprendizaje, la inclusi\u00f3n y el respeto al entorno son valores primordiales. Estamos comprometidos con la formaci\u00f3n integral de nuestros alumnos, prepar\u00e1ndolos para que se conviertan en ciudadanos responsables y conscientes de su entorno, capaces de enfrentar los desaf\u00edos del futuro.<\/span><span style=\"color: #7f7f7f\">.<\/span><\/span><\/p>\n","protected":false},"excerpt":{"rendered":"<p>El Colegio P\u00fablico Rural Almenara se erige como un centro educativo de car\u00e1cter p\u00fablico que se destaca por su enfoque innovador y comprometido con la calidad de la educaci\u00f3n. Nuestro modelo pedag\u00f3gico se basa en el aprendizaje a trav\u00e9s de proyectos educativos, lo que permite a los estudiantes involucrarse activamente en su proceso de ense\u00f1anza-aprendizaje, [&hellip;]<\/p>\n","protected":false},"author":3883,"featured_media":0,"parent":0,"menu_order":0,"comment_status":"closed","ping_status":"closed","template":"","meta":{"_et_pb_use_builder":"off","_et_pb_old_content":"","_et_gb_content_width":"","ngg_post_thumbnail":0,"footnotes":""},"aioseo_notices":[],"_links":{"self":[{"href":"https:\/\/blogsaverroes.juntadeandalucia.es\/cpralmenara\/wp-json\/wp\/v2\/pages\/853"}],"collection":[{"href":"https:\/\/blogsaverroes.juntadeandalucia.es\/cpralmenara\/wp-json\/wp\/v2\/pages"}],"about":[{"href":"https:\/\/blogsaverroes.juntadeandalucia.es\/cpralmenara\/wp-json\/wp\/v2\/types\/page"}],"author":[{"embeddable":true,"href":"https:\/\/blogsaverroes.juntadeandalucia.es\/cpralmenara\/wp-json\/wp\/v2\/users\/3883"}],"replies":[{"embeddable":true,"href":"https:\/\/blogsaverroes.juntadeandalucia.es\/cpralmenara\/wp-json\/wp\/v2\/comments?post=853"}],"version-history":[{"count":15,"href":"https:\/\/blogsaverroes.juntadeandalucia.es\/cpralmenara\/wp-json\/wp\/v2\/pages\/853\/revisions"}],"predecessor-version":[{"id":1927,"href":"https:\/\/blogsaverroes.juntadeandalucia.es\/cpralmenara\/wp-json\/wp\/v2\/pages\/853\/revisions\/1927"}],"wp:attachment":[{"href":"https:\/\/blogsaverroes.juntadeandalucia.es\/cpralmenara\/wp-json\/wp\/v2\/media?parent=853"}],"curies":[{"name":"wp","href":"https:\/\/api.w.org\/{rel}","templated":true}]}}