{"id":2268,"date":"2018-09-20T14:46:36","date_gmt":"2018-09-20T14:46:36","guid":{"rendered":"https:\/\/blogsaverroes.juntadeandalucia.es\/cpralmijara\/?page_id=2268"},"modified":"2024-09-01T16:46:28","modified_gmt":"2024-09-01T14:46:28","slug":"calendario-escolar","status":"publish","type":"page","link":"https:\/\/blogsaverroes.juntadeandalucia.es\/cpralmijara\/documentos\/calendario-escolar\/","title":{"rendered":"Calendario escolar"},"content":{"rendered":"<p>Resoluci\u00f3n de 28 de mayo de 2024 de la Delegaci\u00f3n Territorial de la Consejer\u00eda de Desarrollo Educativo y Formaci\u00f3n Profesional de la Junta de Andaluc\u00eda en M\u00e1laga por la que se dictan las normas que han de regir el <strong>calendario<\/strong> <strong>escolar<\/strong> para el curso escolar <strong>2024\/2025<\/strong> en todos los centros docentes p\u00fablicos y privados de la provincia (a excepci\u00f3n de los universitarios), que impartan el curr\u00edculo correspondiente a las ense\u00f1anzas que contempla la Ley 17\/2007, de 10 de diciembre, de Educaci\u00f3n de Andaluc\u00eda a excepci\u00f3n de los universitarios.<\/p>\n<p><a href=\"https:\/\/www.juntadeandalucia.es\/educacion\/portals\/delegate\/content\/9fe6b701-cf70-47dc-8e6a-e6eafe8bc9e6\/Gr%C3%A1fico\" target=\"_blank\" rel=\"noopener noreferrer\">CALENDARIO ESCOLAR PROVINCIA DE MA\u0301LAGA 2024_2025<\/a><\/p>\n<p><a href=\"https:\/\/www.juntadeandalucia.es\/educacion\/portals\/delegate\/content\/0cd071ab-9745-4d98-8205-bd0c921893b8\/Resolucion\" target=\"_blank\" rel=\"noopener noreferrer\">RESOLUCI\u00d3N CALENDARIO ESCOLAR PROVINCIA DE MA\u0301LAGA CURSO 2024_2025<\/a><\/p>\n","protected":false},"excerpt":{"rendered":"<p>Resoluci\u00f3n de 28 de mayo de 2024 de la Delegaci\u00f3n Territorial de la Consejer\u00eda de Desarrollo Educativo y Formaci\u00f3n Profesional de&#46;&#46;&#46;<\/p>\n","protected":false},"author":4940,"featured_media":0,"parent":2265,"menu_order":0,"comment_status":"closed","ping_status":"closed","template":"","meta":{"ngg_post_thumbnail":0,"footnotes":"","_mc_calendar":[]},"aioseo_notices":[],"_links":{"self":[{"href":"https:\/\/blogsaverroes.juntadeandalucia.es\/cpralmijara\/wp-json\/wp\/v2\/pages\/2268"}],"collection":[{"href":"https:\/\/blogsaverroes.juntadeandalucia.es\/cpralmijara\/wp-json\/wp\/v2\/pages"}],"about":[{"href":"https:\/\/blogsaverroes.juntadeandalucia.es\/cpralmijara\/wp-json\/wp\/v2\/types\/page"}],"author":[{"embeddable":true,"href":"https:\/\/blogsaverroes.juntadeandalucia.es\/cpralmijara\/wp-json\/wp\/v2\/users\/4940"}],"replies":[{"embeddable":true,"href":"https:\/\/blogsaverroes.juntadeandalucia.es\/cpralmijara\/wp-json\/wp\/v2\/comments?post=2268"}],"version-history":[{"count":26,"href":"https:\/\/blogsaverroes.juntadeandalucia.es\/cpralmijara\/wp-json\/wp\/v2\/pages\/2268\/revisions"}],"predecessor-version":[{"id":5444,"href":"https:\/\/blogsaverroes.juntadeandalucia.es\/cpralmijara\/wp-json\/wp\/v2\/pages\/2268\/revisions\/5444"}],"up":[{"embeddable":true,"href":"https:\/\/blogsaverroes.juntadeandalucia.es\/cpralmijara\/wp-json\/wp\/v2\/pages\/2265"}],"wp:attachment":[{"href":"https:\/\/blogsaverroes.juntadeandalucia.es\/cpralmijara\/wp-json\/wp\/v2\/media?parent=2268"}],"curies":[{"name":"wp","href":"https:\/\/api.w.org\/{rel}","templated":true}]}}