{"id":5689,"date":"2018-10-21T00:20:54","date_gmt":"2018-10-20T22:20:54","guid":{"rendered":"https:\/\/blogsaverroes.juntadeandalucia.es\/cpralmijara\/?page_id=5689"},"modified":"2025-01-21T01:03:55","modified_gmt":"2025-01-20T23:03:55","slug":"planes-y-programas","status":"publish","type":"page","link":"https:\/\/blogsaverroes.juntadeandalucia.es\/cpralmijara\/centro\/planes-y-programas\/","title":{"rendered":"Planes y Programas"},"content":{"rendered":"<p>Plan de Igualdad<\/p>\n<p>Organizaci\u00f3n y Funcionamiento de Bibliotecas Escolares<\/p>\n<p><a href=\"https:\/\/blogsaverroes.juntadeandalucia.es\/cpralmijara\/centro\/planes-y-programas\/transformacion-digital-educativa\/\" target=\"_blank\" rel=\"noopener\">Transformaci\u00f3n Digital Educativa<\/a><\/p>\n<p><a href=\"https:\/\/blogsaverroes.juntadeandalucia.es\/cpralmijara\/centro\/planes-y-programas\/plan-de-autoproteccion\/\" target=\"_blank\" rel=\"noopener\">Plan de Autoprotecci\u00f3n<\/a><\/p>\n<p>Plan de Apoyo a las Familias<\/p>\n<p>&nbsp;<\/p>\n","protected":false},"excerpt":{"rendered":"<p>Plan de Igualdad Organizaci\u00f3n y Funcionamiento de Bibliotecas Escolares Transformaci\u00f3n Digital Educativa Plan de Autoprotecci\u00f3n Plan de Apoyo a las Familias&#46;&#46;&#46;<\/p>\n","protected":false},"author":4940,"featured_media":0,"parent":2250,"menu_order":0,"comment_status":"closed","ping_status":"closed","template":"","meta":{"ngg_post_thumbnail":0,"footnotes":"","_mc_calendar":[]},"aioseo_notices":[],"_links":{"self":[{"href":"https:\/\/blogsaverroes.juntadeandalucia.es\/cpralmijara\/wp-json\/wp\/v2\/pages\/5689"}],"collection":[{"href":"https:\/\/blogsaverroes.juntadeandalucia.es\/cpralmijara\/wp-json\/wp\/v2\/pages"}],"about":[{"href":"https:\/\/blogsaverroes.juntadeandalucia.es\/cpralmijara\/wp-json\/wp\/v2\/types\/page"}],"author":[{"embeddable":true,"href":"https:\/\/blogsaverroes.juntadeandalucia.es\/cpralmijara\/wp-json\/wp\/v2\/users\/4940"}],"replies":[{"embeddable":true,"href":"https:\/\/blogsaverroes.juntadeandalucia.es\/cpralmijara\/wp-json\/wp\/v2\/comments?post=5689"}],"version-history":[{"count":6,"href":"https:\/\/blogsaverroes.juntadeandalucia.es\/cpralmijara\/wp-json\/wp\/v2\/pages\/5689\/revisions"}],"predecessor-version":[{"id":5708,"href":"https:\/\/blogsaverroes.juntadeandalucia.es\/cpralmijara\/wp-json\/wp\/v2\/pages\/5689\/revisions\/5708"}],"up":[{"embeddable":true,"href":"https:\/\/blogsaverroes.juntadeandalucia.es\/cpralmijara\/wp-json\/wp\/v2\/pages\/2250"}],"wp:attachment":[{"href":"https:\/\/blogsaverroes.juntadeandalucia.es\/cpralmijara\/wp-json\/wp\/v2\/media?parent=5689"}],"curies":[{"name":"wp","href":"https:\/\/api.w.org\/{rel}","templated":true}]}}