{"id":2524,"date":"2021-01-11T12:54:59","date_gmt":"2021-01-11T12:54:59","guid":{"rendered":"https:\/\/blogsaverroes.juntadeandalucia.es\/cpraltogenal\/?page_id=2524"},"modified":"2024-01-19T10:38:26","modified_gmt":"2024-01-19T10:38:26","slug":"plan-de-actuacion-eoe","status":"publish","type":"page","link":"https:\/\/blogsaverroes.juntadeandalucia.es\/cpraltogenal\/plan-de-actuacion-eoe\/","title":{"rendered":"Plan de Actuaci\u00f3n EOE"},"content":{"rendered":"<p>Los Equipos de Orientaci\u00f3n Educativa son&nbsp;<strong>unidades b\u00e1sicas de orientaci\u00f3n psicopedag\u00f3gica<\/strong>&nbsp;que, mediante el desempe\u00f1o de funciones especializadas en las \u00e1reas de orientaci\u00f3n educativa, atenci\u00f3n a los alumnos y alumnas con Necesidades Espec\u00edficas de Apoyo Educativo (NEAE), compensaci\u00f3n educativa y apoyo a la funci\u00f3n tutorial del profesorado, act\u00faan en el conjunto de los centros de una zona educativa.<\/p>\n<p style=\"text-align: center\"><a href=\"https:\/\/blogsaverroes.juntadeandalucia.es\/cpraltogenal\/files\/2024\/01\/nube.jpeg\"><img loading=\"lazy\" decoding=\"async\" class=\"alignnone size-medium wp-image-4083\" src=\"https:\/\/blogsaverroes.juntadeandalucia.es\/cpraltogenal\/files\/2024\/01\/nube-300x146.jpeg\" alt=\"\" width=\"300\" height=\"146\" srcset=\"https:\/\/blogsaverroes.juntadeandalucia.es\/cpraltogenal\/files\/2024\/01\/nube-300x146.jpeg 300w, https:\/\/blogsaverroes.juntadeandalucia.es\/cpraltogenal\/files\/2024\/01\/nube.jpeg 567w\" sizes=\"(max-width: 300px) 100vw, 300px\" \/><\/a><\/p>\n<p style=\"text-align: center\">Picha aqu\u00ed para obtener el Plan de Actuaci\u00f3n del EOE<\/p>\n<p style=\"text-align: center\"><a href=\"https:\/\/blogsaverroes.juntadeandalucia.es\/cpraltogenal\/files\/2024\/01\/CPR-ALTO-GENAL.pdf\">CPR ALTO GENAL<\/a><\/p>\n<p style=\"text-align: center\">&nbsp;<\/p>\n","protected":false},"excerpt":{"rendered":"<p>Los Equipos de Orientaci\u00f3n Educativa son&nbsp;unidades b\u00e1sicas de orientaci\u00f3n psicopedag\u00f3gica&nbsp;que, mediante el desempe\u00f1o de funciones especializadas en las \u00e1reas de orientaci\u00f3n educativa, atenci\u00f3n a los alumnos y alumnas con Necesidades Espec\u00edficas de Apoyo Educativo (NEAE), compensaci\u00f3n educativa y apoyo a la funci\u00f3n tutorial del profesorado, act\u00faan en el conjunto de los centros de una zona &hellip; <a href=\"https:\/\/blogsaverroes.juntadeandalucia.es\/cpraltogenal\/plan-de-actuacion-eoe\/\" class=\"more-link\">Seguir leyendo <span class=\"screen-reader-text\">Plan de Actuaci\u00f3n EOE<\/span> <span class=\"meta-nav\">&rarr;<\/span><\/a><\/p>\n","protected":false},"author":8244,"featured_media":0,"parent":0,"menu_order":0,"comment_status":"closed","ping_status":"closed","template":"","meta":{"ngg_post_thumbnail":0,"footnotes":"","_mc_calendar":[]},"aioseo_notices":[],"_links":{"self":[{"href":"https:\/\/blogsaverroes.juntadeandalucia.es\/cpraltogenal\/wp-json\/wp\/v2\/pages\/2524"}],"collection":[{"href":"https:\/\/blogsaverroes.juntadeandalucia.es\/cpraltogenal\/wp-json\/wp\/v2\/pages"}],"about":[{"href":"https:\/\/blogsaverroes.juntadeandalucia.es\/cpraltogenal\/wp-json\/wp\/v2\/types\/page"}],"author":[{"embeddable":true,"href":"https:\/\/blogsaverroes.juntadeandalucia.es\/cpraltogenal\/wp-json\/wp\/v2\/users\/8244"}],"replies":[{"embeddable":true,"href":"https:\/\/blogsaverroes.juntadeandalucia.es\/cpraltogenal\/wp-json\/wp\/v2\/comments?post=2524"}],"version-history":[{"count":5,"href":"https:\/\/blogsaverroes.juntadeandalucia.es\/cpraltogenal\/wp-json\/wp\/v2\/pages\/2524\/revisions"}],"predecessor-version":[{"id":4088,"href":"https:\/\/blogsaverroes.juntadeandalucia.es\/cpraltogenal\/wp-json\/wp\/v2\/pages\/2524\/revisions\/4088"}],"wp:attachment":[{"href":"https:\/\/blogsaverroes.juntadeandalucia.es\/cpraltogenal\/wp-json\/wp\/v2\/media?parent=2524"}],"curies":[{"name":"wp","href":"https:\/\/api.w.org\/{rel}","templated":true}]}}