{"id":35,"date":"2015-03-13T08:21:43","date_gmt":"2015-03-13T08:21:43","guid":{"rendered":"http:\/\/blogsaverroes.juntadeandalucia.es\/pre\/ceip\/?page_id=35"},"modified":"2022-11-07T12:18:16","modified_gmt":"2022-11-07T12:18:16","slug":"el-centro-2","status":"publish","type":"page","link":"https:\/\/blogsaverroes.juntadeandalucia.es\/cpraltogenal\/el-centro-2\/","title":{"rendered":"Datos del centro"},"content":{"rendered":"<div style=\"overflow: hidden;width: 700px\">\n<p><iframe loading=\"lazy\" src=\"https:\/\/maps.google.com\/maps?width=700&amp;height=440&amp;hl=en&amp;q=C%2F%20CALVARIO%209+(PARAUTA)&amp;ie=UTF8&amp;t=&amp;z=10&amp;iwloc=B&amp;output=embed\" width=\"700\" height=\"440\" frameborder=\"0\" marginwidth=\"0\" marginheight=\"0\" scrolling=\"no\"><\/iframe><\/p>\n<div style=\"width: 80%;margin-left: auto;margin-right: auto;color: #000;text-align: center\">\n<p><small style=\"line-height: 1.8;font-size: 2px;background: #fff\">P<\/small><\/p>\n<p style=\"text-align: left\"><em><strong>CPR ALTO GENAL<\/strong><\/em><\/p>\n<p style=\"text-align: left\"><strong>Direcci\u00f3n:<\/strong> &nbsp;Calle Calvario 9. Parauta. C.P 29451. M\u00e1laga<\/p>\n<p style=\"text-align: left\"><strong>Tel\u00e9fono \/ FAX:952169910<\/strong><br \/>\n<strong>Email:<\/strong> 29601963@g.educaand.es<\/p>\n<p style=\"text-align: left\">&nbsp; &nbsp; &nbsp; &nbsp; &nbsp; &nbsp; &nbsp; &nbsp;cpraltogenal@gmail.com<\/p>\n<h4 style=\"text-align: left\"><strong>Horarios<\/strong><\/h4>\n<p style=\"text-align: left\">De lunes a viernes de 9:00h a 14.00h.<\/p>\n<h4 style=\"text-align: left\"><strong>Oferta educativa<\/strong><\/h4>\n<p style=\"text-align: left\">Nuestro centro educativo oferta las ense\u00f1anzas propias del segundo ciclo de Infantil y la Etapa de Educaci\u00f3n Primaria.<\/p>\n<h4>&nbsp;<\/h4>\n<p>&nbsp;<\/p>\n<\/div>\n<\/div>\n","protected":false},"excerpt":{"rendered":"<p>P CPR ALTO GENAL Direcci\u00f3n: &nbsp;Calle Calvario 9. Parauta. C.P 29451. M\u00e1laga Tel\u00e9fono \/ FAX:952169910 Email: 29601963@g.educaand.es &nbsp; &nbsp; &nbsp; &nbsp; &nbsp; &nbsp; &nbsp; &nbsp;cpraltogenal@gmail.com Horarios De lunes a viernes de 9:00h a 14.00h. Oferta educativa Nuestro centro educativo oferta las ense\u00f1anzas propias del segundo ciclo de Infantil y la Etapa de Educaci\u00f3n Primaria. &nbsp; &hellip; <a href=\"https:\/\/blogsaverroes.juntadeandalucia.es\/cpraltogenal\/el-centro-2\/\" class=\"more-link\">Seguir leyendo <span class=\"screen-reader-text\">Datos del centro<\/span> <span class=\"meta-nav\">&rarr;<\/span><\/a><\/p>\n","protected":false},"author":1,"featured_media":0,"parent":0,"menu_order":0,"comment_status":"closed","ping_status":"open","template":"","meta":{"ngg_post_thumbnail":0,"footnotes":"","_mc_calendar":[]},"aioseo_notices":[],"_links":{"self":[{"href":"https:\/\/blogsaverroes.juntadeandalucia.es\/cpraltogenal\/wp-json\/wp\/v2\/pages\/35"}],"collection":[{"href":"https:\/\/blogsaverroes.juntadeandalucia.es\/cpraltogenal\/wp-json\/wp\/v2\/pages"}],"about":[{"href":"https:\/\/blogsaverroes.juntadeandalucia.es\/cpraltogenal\/wp-json\/wp\/v2\/types\/page"}],"author":[{"embeddable":true,"href":"https:\/\/blogsaverroes.juntadeandalucia.es\/cpraltogenal\/wp-json\/wp\/v2\/users\/1"}],"replies":[{"embeddable":true,"href":"https:\/\/blogsaverroes.juntadeandalucia.es\/cpraltogenal\/wp-json\/wp\/v2\/comments?post=35"}],"version-history":[{"count":32,"href":"https:\/\/blogsaverroes.juntadeandalucia.es\/cpraltogenal\/wp-json\/wp\/v2\/pages\/35\/revisions"}],"predecessor-version":[{"id":3455,"href":"https:\/\/blogsaverroes.juntadeandalucia.es\/cpraltogenal\/wp-json\/wp\/v2\/pages\/35\/revisions\/3455"}],"wp:attachment":[{"href":"https:\/\/blogsaverroes.juntadeandalucia.es\/cpraltogenal\/wp-json\/wp\/v2\/media?parent=35"}],"curies":[{"name":"wp","href":"https:\/\/api.w.org\/{rel}","templated":true}]}}