{"id":3767,"date":"2022-12-13T22:39:10","date_gmt":"2022-12-13T22:39:10","guid":{"rendered":"https:\/\/blogsaverroes.juntadeandalucia.es\/cpraltogenal\/?page_id=3767"},"modified":"2026-02-10T12:55:23","modified_gmt":"2026-02-10T12:55:23","slug":"plan-de-centro","status":"publish","type":"page","link":"https:\/\/blogsaverroes.juntadeandalucia.es\/cpraltogenal\/plan-de-centro\/","title":{"rendered":"Plan de centro"},"content":{"rendered":"<p>El Plan de Centro &nbsp;es el documento donde se recogen las intenciones, propuestas y concreciones en relaci\u00f3n a esta autonom\u00eda pedag\u00f3gica y de gesti\u00f3n. El Plan de centro tiene car\u00e1cter plurianual, obliga a todo el personal del centro y se puede actualizar o modificar, tras los procesos de autoevaluaci\u00f3n o a propuesta del director en funci\u00f3n de su proyecto de direcci\u00f3n.<img loading=\"lazy\" decoding=\"async\" class=\"size-full wp-image-3768 aligncenter\" src=\"https:\/\/blogsaverroes.juntadeandalucia.es\/cpraltogenal\/files\/2022\/12\/imagen-plan-de-centro.jpg\" alt=\"\" width=\"245\" height=\"206\"><\/p>\n<p style=\"text-align: center\">Descargar: <a href=\"https:\/\/blogsaverroes.juntadeandalucia.es\/cpraltogenal\/files\/2025\/12\/P.-DE-CENTRO-25-26.pdf.pdf\">Plan de Centro 25-26<\/a><\/p>\n","protected":false},"excerpt":{"rendered":"<p>El Plan de Centro &nbsp;es el documento donde se recogen las intenciones, propuestas y concreciones en relaci\u00f3n a esta autonom\u00eda pedag\u00f3gica y de gesti\u00f3n. El Plan de centro tiene car\u00e1cter plurianual, obliga a todo el personal del centro y se puede actualizar o modificar, tras los procesos de autoevaluaci\u00f3n o a propuesta del director en &hellip; <a href=\"https:\/\/blogsaverroes.juntadeandalucia.es\/cpraltogenal\/plan-de-centro\/\" class=\"more-link\">Seguir leyendo <span class=\"screen-reader-text\">Plan de centro<\/span> <span class=\"meta-nav\">&rarr;<\/span><\/a><\/p>\n","protected":false},"author":8244,"featured_media":0,"parent":0,"menu_order":0,"comment_status":"closed","ping_status":"closed","template":"","meta":{"ngg_post_thumbnail":0,"footnotes":"","_mc_calendar":[]},"aioseo_notices":[],"_links":{"self":[{"href":"https:\/\/blogsaverroes.juntadeandalucia.es\/cpraltogenal\/wp-json\/wp\/v2\/pages\/3767"}],"collection":[{"href":"https:\/\/blogsaverroes.juntadeandalucia.es\/cpraltogenal\/wp-json\/wp\/v2\/pages"}],"about":[{"href":"https:\/\/blogsaverroes.juntadeandalucia.es\/cpraltogenal\/wp-json\/wp\/v2\/types\/page"}],"author":[{"embeddable":true,"href":"https:\/\/blogsaverroes.juntadeandalucia.es\/cpraltogenal\/wp-json\/wp\/v2\/users\/8244"}],"replies":[{"embeddable":true,"href":"https:\/\/blogsaverroes.juntadeandalucia.es\/cpraltogenal\/wp-json\/wp\/v2\/comments?post=3767"}],"version-history":[{"count":6,"href":"https:\/\/blogsaverroes.juntadeandalucia.es\/cpraltogenal\/wp-json\/wp\/v2\/pages\/3767\/revisions"}],"predecessor-version":[{"id":4467,"href":"https:\/\/blogsaverroes.juntadeandalucia.es\/cpraltogenal\/wp-json\/wp\/v2\/pages\/3767\/revisions\/4467"}],"wp:attachment":[{"href":"https:\/\/blogsaverroes.juntadeandalucia.es\/cpraltogenal\/wp-json\/wp\/v2\/media?parent=3767"}],"curies":[{"name":"wp","href":"https:\/\/api.w.org\/{rel}","templated":true}]}}