{"id":3970,"date":"2023-07-03T09:44:37","date_gmt":"2023-07-03T09:44:37","guid":{"rendered":"https:\/\/blogsaverroes.juntadeandalucia.es\/cpraltogenal\/?page_id=3970"},"modified":"2024-01-19T09:11:28","modified_gmt":"2024-01-19T09:11:28","slug":"planes-y-programas","status":"publish","type":"page","link":"https:\/\/blogsaverroes.juntadeandalucia.es\/cpraltogenal\/planes-y-programas\/","title":{"rendered":"Planes y Programas"},"content":{"rendered":"<p>Este curso escolar nos encontramos inscritos en los siguientes planes, programas y proyectos que a continuaci\u00f3n se detallan:<\/p>\n<ul>\n<li><strong>Plan de Igualdad.<\/strong><\/li>\n<li><strong>Escuela Espacio de Paz.<\/strong><\/li>\n<li><strong>&nbsp;Plan de Transformaci\u00f3n Digital Educativa.<\/strong><\/li>\n<li><strong>Plan de Biblioteca.<\/strong><\/li>\n<li><strong>Plan lector.<\/strong><\/li>\n<li><strong>Plan de Autoprotecci\u00f3n.<\/strong><\/li>\n<\/ul>\n","protected":false},"excerpt":{"rendered":"<p>Este curso escolar nos encontramos inscritos en los siguientes planes, programas y proyectos que a continuaci\u00f3n se detallan: Plan de Igualdad. Escuela Espacio de Paz. &nbsp;Plan de Transformaci\u00f3n Digital Educativa. Plan de Biblioteca. Plan lector. Plan de Autoprotecci\u00f3n.<\/p>\n","protected":false},"author":8244,"featured_media":0,"parent":0,"menu_order":0,"comment_status":"closed","ping_status":"closed","template":"","meta":{"ngg_post_thumbnail":0,"footnotes":"","_mc_calendar":[]},"aioseo_notices":[],"_links":{"self":[{"href":"https:\/\/blogsaverroes.juntadeandalucia.es\/cpraltogenal\/wp-json\/wp\/v2\/pages\/3970"}],"collection":[{"href":"https:\/\/blogsaverroes.juntadeandalucia.es\/cpraltogenal\/wp-json\/wp\/v2\/pages"}],"about":[{"href":"https:\/\/blogsaverroes.juntadeandalucia.es\/cpraltogenal\/wp-json\/wp\/v2\/types\/page"}],"author":[{"embeddable":true,"href":"https:\/\/blogsaverroes.juntadeandalucia.es\/cpraltogenal\/wp-json\/wp\/v2\/users\/8244"}],"replies":[{"embeddable":true,"href":"https:\/\/blogsaverroes.juntadeandalucia.es\/cpraltogenal\/wp-json\/wp\/v2\/comments?post=3970"}],"version-history":[{"count":5,"href":"https:\/\/blogsaverroes.juntadeandalucia.es\/cpraltogenal\/wp-json\/wp\/v2\/pages\/3970\/revisions"}],"predecessor-version":[{"id":4059,"href":"https:\/\/blogsaverroes.juntadeandalucia.es\/cpraltogenal\/wp-json\/wp\/v2\/pages\/3970\/revisions\/4059"}],"wp:attachment":[{"href":"https:\/\/blogsaverroes.juntadeandalucia.es\/cpraltogenal\/wp-json\/wp\/v2\/media?parent=3970"}],"curies":[{"name":"wp","href":"https:\/\/api.w.org\/{rel}","templated":true}]}}