{"id":4117,"date":"2024-01-19T12:05:36","date_gmt":"2024-01-19T12:05:36","guid":{"rendered":"https:\/\/blogsaverroes.juntadeandalucia.es\/cpraltogenal\/?page_id=4117"},"modified":"2024-01-26T09:37:22","modified_gmt":"2024-01-26T09:37:22","slug":"programaciones-primaria-23-24","status":"publish","type":"page","link":"https:\/\/blogsaverroes.juntadeandalucia.es\/cpraltogenal\/programaciones-primaria-23-24\/","title":{"rendered":"Programaciones Primaria"},"content":{"rendered":"<h5>La&nbsp;<a href=\"https:\/\/virgulablog.es\/\">programaci\u00f3n did\u00e1ctica<\/a>&nbsp;es un instrumento pedag\u00f3gico que interrelaciona todos los elementos del curr\u00edculo para planificar el proceso de ense\u00f1anza-aprendizaje. Veamos con mayor profundidad&nbsp;qu\u00e9 es una programaci\u00f3n did\u00e1ctica&nbsp;y c\u00f3mo la definen diversos autores.<\/h5>\n<h2 style=\"text-align: center\">Programaciones<\/h2>\n<p style=\"text-align: center\"><a href=\"https:\/\/blogsaverroes.juntadeandalucia.es\/cpraltogenal\/files\/2024\/01\/PROGRAMACI\u00d3N-LENGUAJE-23-24.pdf\">Lengua&nbsp;<\/a><\/p>\n<p style=\"text-align: center\"><a href=\"https:\/\/blogsaverroes.juntadeandalucia.es\/cpraltogenal\/files\/2024\/01\/Matem\u00e1ticas.pdf\">Matem\u00e1ticas<\/a><\/p>\n<p style=\"text-align: center\"><a href=\"https:\/\/blogsaverroes.juntadeandalucia.es\/cpraltogenal\/files\/2024\/01\/PROGRAMACI\u00d3N-RELIGI\u00d3N-23-24.pdf\">Religi\u00f3n<\/a><\/p>\n<p style=\"text-align: center\"><a href=\"https:\/\/blogsaverroes.juntadeandalucia.es\/cpraltogenal\/files\/2024\/01\/Ingl\u00e9s.pdf\">Ingl\u00e9s<\/a><\/p>\n<p style=\"text-align: center\"><a href=\"https:\/\/blogsaverroes.juntadeandalucia.es\/cpraltogenal\/files\/2024\/01\/Franc\u00e9s.pdf\">Franc\u00e9s<\/a><\/p>\n<p style=\"text-align: center\"><a href=\"https:\/\/blogsaverroes.juntadeandalucia.es\/cpraltogenal\/files\/2024\/01\/PROGRAMACI\u00d3N-CONOCIMIEMTO-DEL-MEDIO.pdf\">Conocimiento del Medio<\/a><\/p>\n<p style=\"text-align: center\"><a href=\"https:\/\/blogsaverroes.juntadeandalucia.es\/cpraltogenal\/files\/2024\/01\/Educaci\u00f3n-Art\u00edstica.pdf\">Educaci\u00f3n Art\u00edstica<\/a><\/p>\n<p style=\"text-align: center\"><a href=\"https:\/\/blogsaverroes.juntadeandalucia.es\/cpraltogenal\/files\/2024\/01\/Educaci\u00f3n-F\u00edsica.pdf\">Educaci\u00f3n F\u00edsica<\/a><\/p>\n","protected":false},"excerpt":{"rendered":"<p>La&nbsp;programaci\u00f3n did\u00e1ctica&nbsp;es un instrumento pedag\u00f3gico que interrelaciona todos los elementos del curr\u00edculo para planificar el proceso de ense\u00f1anza-aprendizaje. Veamos con mayor profundidad&nbsp;qu\u00e9 es una programaci\u00f3n did\u00e1ctica&nbsp;y c\u00f3mo la definen diversos autores. Programaciones Lengua&nbsp; Matem\u00e1ticas Religi\u00f3n Ingl\u00e9s Franc\u00e9s Conocimiento del Medio Educaci\u00f3n Art\u00edstica Educaci\u00f3n F\u00edsica<\/p>\n","protected":false},"author":8244,"featured_media":0,"parent":0,"menu_order":0,"comment_status":"closed","ping_status":"closed","template":"","meta":{"ngg_post_thumbnail":0,"footnotes":"","_mc_calendar":[]},"aioseo_notices":[],"_links":{"self":[{"href":"https:\/\/blogsaverroes.juntadeandalucia.es\/cpraltogenal\/wp-json\/wp\/v2\/pages\/4117"}],"collection":[{"href":"https:\/\/blogsaverroes.juntadeandalucia.es\/cpraltogenal\/wp-json\/wp\/v2\/pages"}],"about":[{"href":"https:\/\/blogsaverroes.juntadeandalucia.es\/cpraltogenal\/wp-json\/wp\/v2\/types\/page"}],"author":[{"embeddable":true,"href":"https:\/\/blogsaverroes.juntadeandalucia.es\/cpraltogenal\/wp-json\/wp\/v2\/users\/8244"}],"replies":[{"embeddable":true,"href":"https:\/\/blogsaverroes.juntadeandalucia.es\/cpraltogenal\/wp-json\/wp\/v2\/comments?post=4117"}],"version-history":[{"count":4,"href":"https:\/\/blogsaverroes.juntadeandalucia.es\/cpraltogenal\/wp-json\/wp\/v2\/pages\/4117\/revisions"}],"predecessor-version":[{"id":4171,"href":"https:\/\/blogsaverroes.juntadeandalucia.es\/cpraltogenal\/wp-json\/wp\/v2\/pages\/4117\/revisions\/4171"}],"wp:attachment":[{"href":"https:\/\/blogsaverroes.juntadeandalucia.es\/cpraltogenal\/wp-json\/wp\/v2\/media?parent=4117"}],"curies":[{"name":"wp","href":"https:\/\/api.w.org\/{rel}","templated":true}]}}