{"id":4134,"date":"2024-01-19T12:13:25","date_gmt":"2024-01-19T12:13:25","guid":{"rendered":"https:\/\/blogsaverroes.juntadeandalucia.es\/cpraltogenal\/?page_id=4134"},"modified":"2024-01-19T12:13:25","modified_gmt":"2024-01-19T12:13:25","slug":"plan-de-biblioteca","status":"publish","type":"page","link":"https:\/\/blogsaverroes.juntadeandalucia.es\/cpraltogenal\/plan-de-biblioteca\/","title":{"rendered":"Plan de Biblioteca"},"content":{"rendered":"<div data-hveid=\"CBsQAQ\">\n<div class=\"dnXCYb\" role=\"button\">\n<div class=\"JlqpRe\"><span class=\"JCzEY ZwRhJd\"><span class=\"CSkcDe\">\u00bfQu\u00e9 es el Plan de Bibliotecas Escolares?<\/span><\/span><\/div>\n<div class=\"L3Ezfd\" data-ved=\"2ahUKEwjcqJKqtumDAxU6mokEHS9vBecQuk56BAgbEAI\">&nbsp;<\/div>\n<\/div>\n<\/div>\n<div id=\"_NGeqZdy-Dbq0ptQPr96VuA4_31\" class=\"bCOlv\" data-ved=\"2ahUKEwjcqJKqtumDAxU6mokEHS9vBecQ7NUEegQIGxAE\">\n<div class=\"IZE3Td\">\n<div class=\"t0bRye r2fjmd\" data-hveid=\"CBsQBQ\" data-ved=\"2ahUKEwjcqJKqtumDAxU6mokEHS9vBecQu04oAHoECBsQBQ\">\n<div id=\"NGeqZdy-Dbq0ptQPr96VuA4__12\">\n<div class=\"wDYxhc\" data-md=\"61\">\n<div class=\"LGOjhe\" role=\"heading\" data-attrid=\"wa:\/description\" data-hveid=\"CBUQAA\"><span class=\"ILfuVd\" lang=\"es\"><span class=\"hgKElc\">El&nbsp;<b>Plan<\/b>&nbsp;de lectura y&nbsp;<b>biblioteca<\/b>&nbsp;tiene el prop\u00f3sito de impulsar una serie de medidas&nbsp;<b>que<\/b>&nbsp;faciliten a los ni\u00f1os y ni\u00f1as y a los j\u00f3venes el desarrollo de pr\u00e1cticas lectoras y habilidades intelectuales e incorporen el uso regular de la&nbsp;<b>biblioteca escolar<\/b>&nbsp;como recurso de apoyo para el aprendizaje permanente.<\/span><\/span><\/div>\n<\/div>\n<\/div>\n<\/div>\n<\/div>\n<\/div>\n","protected":false},"excerpt":{"rendered":"<p>\u00bfQu\u00e9 es el Plan de Bibliotecas Escolares? &nbsp; El&nbsp;Plan&nbsp;de lectura y&nbsp;biblioteca&nbsp;tiene el prop\u00f3sito de impulsar una serie de medidas&nbsp;que&nbsp;faciliten a los ni\u00f1os y ni\u00f1as y a los j\u00f3venes el desarrollo de pr\u00e1cticas lectoras y habilidades intelectuales e incorporen el uso regular de la&nbsp;biblioteca escolar&nbsp;como recurso de apoyo para el aprendizaje permanente.<\/p>\n","protected":false},"author":8244,"featured_media":0,"parent":0,"menu_order":0,"comment_status":"closed","ping_status":"closed","template":"","meta":{"ngg_post_thumbnail":0,"footnotes":"","_mc_calendar":[]},"aioseo_notices":[],"_links":{"self":[{"href":"https:\/\/blogsaverroes.juntadeandalucia.es\/cpraltogenal\/wp-json\/wp\/v2\/pages\/4134"}],"collection":[{"href":"https:\/\/blogsaverroes.juntadeandalucia.es\/cpraltogenal\/wp-json\/wp\/v2\/pages"}],"about":[{"href":"https:\/\/blogsaverroes.juntadeandalucia.es\/cpraltogenal\/wp-json\/wp\/v2\/types\/page"}],"author":[{"embeddable":true,"href":"https:\/\/blogsaverroes.juntadeandalucia.es\/cpraltogenal\/wp-json\/wp\/v2\/users\/8244"}],"replies":[{"embeddable":true,"href":"https:\/\/blogsaverroes.juntadeandalucia.es\/cpraltogenal\/wp-json\/wp\/v2\/comments?post=4134"}],"version-history":[{"count":1,"href":"https:\/\/blogsaverroes.juntadeandalucia.es\/cpraltogenal\/wp-json\/wp\/v2\/pages\/4134\/revisions"}],"predecessor-version":[{"id":4136,"href":"https:\/\/blogsaverroes.juntadeandalucia.es\/cpraltogenal\/wp-json\/wp\/v2\/pages\/4134\/revisions\/4136"}],"wp:attachment":[{"href":"https:\/\/blogsaverroes.juntadeandalucia.es\/cpraltogenal\/wp-json\/wp\/v2\/media?parent=4134"}],"curies":[{"name":"wp","href":"https:\/\/api.w.org\/{rel}","templated":true}]}}