{"id":4140,"date":"2024-01-19T12:16:14","date_gmt":"2024-01-19T12:16:14","guid":{"rendered":"https:\/\/blogsaverroes.juntadeandalucia.es\/cpraltogenal\/?page_id=4140"},"modified":"2024-01-19T12:16:14","modified_gmt":"2024-01-19T12:16:14","slug":"plan-de-autoproteccion","status":"publish","type":"page","link":"https:\/\/blogsaverroes.juntadeandalucia.es\/cpraltogenal\/plan-de-autoproteccion\/","title":{"rendered":"Plan de Autoprotecci\u00f3n"},"content":{"rendered":"<h2>Autoprotecci\u00f3n<\/h2>\n<p>La protecci\u00f3n y la seguridad es cosa de todos. Evitar situaciones de emergencia compete a las Administraciones P\u00fablicas y a la ciudadan\u00eda. Por tanto, todos debemos tomar parte en las labores de Autoprotecci\u00f3n.<\/p>\n<p>En Protecci\u00f3n Civil los Planes de Autoprotecci\u00f3n son el conjunto de m\u00e9todos y t\u00e9cnicas que deben conocer las personas para prevenir situaciones de emergencia en los lugares donde desarrollan su actividad cotidiana, en el trabajo, con la familia, en zonas de ocio&#8230;<\/p>\n<p>Los Planes de Autoprotecci\u00f3n, para ajustarse a la realidad, se deben revisar peri\u00f3dicamente. Tan importante es la valoraci\u00f3n de los riesgos como una actuaci\u00f3n acorde con los consejos y recomendaciones que se desarrollan en estos planes.<\/p>\n","protected":false},"excerpt":{"rendered":"<p>Autoprotecci\u00f3n La protecci\u00f3n y la seguridad es cosa de todos. Evitar situaciones de emergencia compete a las Administraciones P\u00fablicas y a la ciudadan\u00eda. Por tanto, todos debemos tomar parte en las labores de Autoprotecci\u00f3n. En Protecci\u00f3n Civil los Planes de Autoprotecci\u00f3n son el conjunto de m\u00e9todos y t\u00e9cnicas que deben conocer las personas para prevenir &hellip; <a href=\"https:\/\/blogsaverroes.juntadeandalucia.es\/cpraltogenal\/plan-de-autoproteccion\/\" class=\"more-link\">Seguir leyendo <span class=\"screen-reader-text\">Plan de Autoprotecci\u00f3n<\/span> <span class=\"meta-nav\">&rarr;<\/span><\/a><\/p>\n","protected":false},"author":8244,"featured_media":0,"parent":0,"menu_order":0,"comment_status":"closed","ping_status":"closed","template":"","meta":{"ngg_post_thumbnail":0,"footnotes":"","_mc_calendar":[]},"aioseo_notices":[],"_links":{"self":[{"href":"https:\/\/blogsaverroes.juntadeandalucia.es\/cpraltogenal\/wp-json\/wp\/v2\/pages\/4140"}],"collection":[{"href":"https:\/\/blogsaverroes.juntadeandalucia.es\/cpraltogenal\/wp-json\/wp\/v2\/pages"}],"about":[{"href":"https:\/\/blogsaverroes.juntadeandalucia.es\/cpraltogenal\/wp-json\/wp\/v2\/types\/page"}],"author":[{"embeddable":true,"href":"https:\/\/blogsaverroes.juntadeandalucia.es\/cpraltogenal\/wp-json\/wp\/v2\/users\/8244"}],"replies":[{"embeddable":true,"href":"https:\/\/blogsaverroes.juntadeandalucia.es\/cpraltogenal\/wp-json\/wp\/v2\/comments?post=4140"}],"version-history":[{"count":1,"href":"https:\/\/blogsaverroes.juntadeandalucia.es\/cpraltogenal\/wp-json\/wp\/v2\/pages\/4140\/revisions"}],"predecessor-version":[{"id":4142,"href":"https:\/\/blogsaverroes.juntadeandalucia.es\/cpraltogenal\/wp-json\/wp\/v2\/pages\/4140\/revisions\/4142"}],"wp:attachment":[{"href":"https:\/\/blogsaverroes.juntadeandalucia.es\/cpraltogenal\/wp-json\/wp\/v2\/media?parent=4140"}],"curies":[{"name":"wp","href":"https:\/\/api.w.org\/{rel}","templated":true}]}}