{"id":44,"date":"2015-03-13T08:42:15","date_gmt":"2015-03-13T08:42:15","guid":{"rendered":"http:\/\/blogsaverroes.juntadeandalucia.es\/pre\/ceip\/?page_id=44"},"modified":"2024-01-19T08:40:43","modified_gmt":"2024-01-19T08:40:43","slug":"planes-y-proyectos","status":"publish","type":"page","link":"https:\/\/blogsaverroes.juntadeandalucia.es\/cpraltogenal\/planes-y-proyectos\/","title":{"rendered":"Documentos del centro"},"content":{"rendered":"<p><a href=\"https:\/\/blogsaverroes.juntadeandalucia.es\/cpraltogenal\/files\/2015\/03\/planes.png\"><img loading=\"lazy\" decoding=\"async\" class=\"alignnone size-medium wp-image-1667\" src=\"https:\/\/blogsaverroes.juntadeandalucia.es\/cpraltogenal\/files\/2015\/03\/planes-300x150.png\" alt=\"\" width=\"300\" height=\"150\" srcset=\"https:\/\/blogsaverroes.juntadeandalucia.es\/cpraltogenal\/files\/2015\/03\/planes-300x150.png 300w, https:\/\/blogsaverroes.juntadeandalucia.es\/cpraltogenal\/files\/2015\/03\/planes.png 640w\" sizes=\"(max-width: 300px) 100vw, 300px\" \/><\/a><\/p>\n<p>Este curso escolar nos encontramos inscritos en los siguientes planes, programas y proyectos que a continuaci\u00f3n se detallan:<\/p>\n<ul>\n<li><strong>Plan de igualdad.<\/strong><\/li>\n<li><strong>Escuela espacio de paz.<\/strong><\/li>\n<li><strong>Creciendo en Salud .<\/strong><\/li>\n<li><strong>Proyecto educativo STEAM (Rob\u00f3tica aplicada al aula).<\/strong><\/li>\n<li><strong>Transformaci\u00f3n digital educativa.<\/strong><\/li>\n<li><strong>Bienestar y protecci\u00f3n de la infancia y la adolescencia.<\/strong><\/li>\n<\/ul>\n<p>&nbsp;<\/p>\n","protected":false},"excerpt":{"rendered":"<p>Este curso escolar nos encontramos inscritos en los siguientes planes, programas y proyectos que a continuaci\u00f3n se detallan: Plan de igualdad. Escuela espacio de paz. Creciendo en Salud . Proyecto educativo STEAM (Rob\u00f3tica aplicada al aula). Transformaci\u00f3n digital educativa. Bienestar y protecci\u00f3n de la infancia y la adolescencia. &nbsp;<\/p>\n","protected":false},"author":1,"featured_media":0,"parent":0,"menu_order":0,"comment_status":"closed","ping_status":"closed","template":"","meta":{"ngg_post_thumbnail":0,"footnotes":"","_mc_calendar":[]},"aioseo_notices":[],"_links":{"self":[{"href":"https:\/\/blogsaverroes.juntadeandalucia.es\/cpraltogenal\/wp-json\/wp\/v2\/pages\/44"}],"collection":[{"href":"https:\/\/blogsaverroes.juntadeandalucia.es\/cpraltogenal\/wp-json\/wp\/v2\/pages"}],"about":[{"href":"https:\/\/blogsaverroes.juntadeandalucia.es\/cpraltogenal\/wp-json\/wp\/v2\/types\/page"}],"author":[{"embeddable":true,"href":"https:\/\/blogsaverroes.juntadeandalucia.es\/cpraltogenal\/wp-json\/wp\/v2\/users\/1"}],"replies":[{"embeddable":true,"href":"https:\/\/blogsaverroes.juntadeandalucia.es\/cpraltogenal\/wp-json\/wp\/v2\/comments?post=44"}],"version-history":[{"count":13,"href":"https:\/\/blogsaverroes.juntadeandalucia.es\/cpraltogenal\/wp-json\/wp\/v2\/pages\/44\/revisions"}],"predecessor-version":[{"id":4048,"href":"https:\/\/blogsaverroes.juntadeandalucia.es\/cpraltogenal\/wp-json\/wp\/v2\/pages\/44\/revisions\/4048"}],"wp:attachment":[{"href":"https:\/\/blogsaverroes.juntadeandalucia.es\/cpraltogenal\/wp-json\/wp\/v2\/media?parent=44"}],"curies":[{"name":"wp","href":"https:\/\/api.w.org\/{rel}","templated":true}]}}