{"id":49,"date":"2015-03-13T08:47:05","date_gmt":"2015-03-13T08:47:05","guid":{"rendered":"http:\/\/blogsaverroes.juntadeandalucia.es\/pre\/ceip\/?page_id=49"},"modified":"2025-12-11T11:45:27","modified_gmt":"2025-12-11T11:45:27","slug":"proyecto-educativo","status":"publish","type":"page","link":"https:\/\/blogsaverroes.juntadeandalucia.es\/cpraltogenal\/proyecto-educativo\/","title":{"rendered":"Proyecto Educativo"},"content":{"rendered":"<h3 style=\"text-align: center\">\u00bfQu\u00e9 es un proyecto educativo?<\/h3>\n<p style=\"text-align: left\"><b>Una idea o un plan que busca alcanzar una meta de car\u00e1cter formativo<\/b>. Eso es lo que se conoce como proyecto educativo. Se trata de planificar un proceso que surge a partir de un diagn\u00f3stico de una necesidad con el fin de promover un aprendizaje y de resolver una determinada problem\u00e1tica.<\/p>\n<figure id=\"attachment_1662\" aria-describedby=\"caption-attachment-1662\" style=\"width: 300px\" class=\"wp-caption aligncenter\"><a href=\"https:\/\/blogsaverroes.juntadeandalucia.es\/cpraltogenal\/files\/2025\/12\/P.-DE-CENTRO-25-26.pdf.pdf\" target=\"_blank\" rel=\"noopener\"><img loading=\"lazy\" decoding=\"async\" class=\"wp-image-1662 size-medium\" src=\"https:\/\/blogsaverroes.juntadeandalucia.es\/cpraltogenal\/files\/2015\/03\/proyecto-300x266.png\" alt=\"proyecto\" width=\"300\" height=\"266\" srcset=\"https:\/\/blogsaverroes.juntadeandalucia.es\/cpraltogenal\/files\/2015\/03\/proyecto-300x266.png 300w, https:\/\/blogsaverroes.juntadeandalucia.es\/cpraltogenal\/files\/2015\/03\/proyecto.png 640w\" sizes=\"(max-width: 300px) 100vw, 300px\" \/><\/a><figcaption id=\"caption-attachment-1662\" class=\"wp-caption-text\">&nbsp; &nbsp; &nbsp; &nbsp; Plan de Centro 2025\/26. (pincha imagen)<\/figcaption><\/figure>\n<p><strong>Aqu\u00ed os presentamos el Proyecto Educativo de este curso.<\/strong> En \u00e9l hemos plasmado el modelo educativo y la concreci\u00f3n de la normativa que nuestro centro ha realizado respecto a las ense\u00f1anzas que impartimos. Aspectos tales como las finales educativas, objetivos, atenci\u00f3n a la diversidad, etc. se recogen en \u00e9l.<\/p>\n<p>Que la web de un centro informe de su Proyecto Educativo es una apuesta clara por la <strong>transparencia<\/strong>.<\/p>\n<p>&nbsp;<\/p>\n","protected":false},"excerpt":{"rendered":"<p>\u00bfQu\u00e9 es un proyecto educativo? Una idea o un plan que busca alcanzar una meta de car\u00e1cter formativo. Eso es lo que se conoce como proyecto educativo. Se trata de planificar un proceso que surge a partir de un diagn\u00f3stico de una necesidad con el fin de promover un aprendizaje y de resolver una determinada &hellip; <a href=\"https:\/\/blogsaverroes.juntadeandalucia.es\/cpraltogenal\/proyecto-educativo\/\" class=\"more-link\">Seguir leyendo <span class=\"screen-reader-text\">Proyecto Educativo<\/span> <span class=\"meta-nav\">&rarr;<\/span><\/a><\/p>\n","protected":false},"author":1,"featured_media":0,"parent":0,"menu_order":0,"comment_status":"closed","ping_status":"open","template":"","meta":{"ngg_post_thumbnail":0,"footnotes":"","_mc_calendar":[]},"aioseo_notices":[],"_links":{"self":[{"href":"https:\/\/blogsaverroes.juntadeandalucia.es\/cpraltogenal\/wp-json\/wp\/v2\/pages\/49"}],"collection":[{"href":"https:\/\/blogsaverroes.juntadeandalucia.es\/cpraltogenal\/wp-json\/wp\/v2\/pages"}],"about":[{"href":"https:\/\/blogsaverroes.juntadeandalucia.es\/cpraltogenal\/wp-json\/wp\/v2\/types\/page"}],"author":[{"embeddable":true,"href":"https:\/\/blogsaverroes.juntadeandalucia.es\/cpraltogenal\/wp-json\/wp\/v2\/users\/1"}],"replies":[{"embeddable":true,"href":"https:\/\/blogsaverroes.juntadeandalucia.es\/cpraltogenal\/wp-json\/wp\/v2\/comments?post=49"}],"version-history":[{"count":18,"href":"https:\/\/blogsaverroes.juntadeandalucia.es\/cpraltogenal\/wp-json\/wp\/v2\/pages\/49\/revisions"}],"predecessor-version":[{"id":4454,"href":"https:\/\/blogsaverroes.juntadeandalucia.es\/cpraltogenal\/wp-json\/wp\/v2\/pages\/49\/revisions\/4454"}],"wp:attachment":[{"href":"https:\/\/blogsaverroes.juntadeandalucia.es\/cpraltogenal\/wp-json\/wp\/v2\/media?parent=49"}],"curies":[{"name":"wp","href":"https:\/\/api.w.org\/{rel}","templated":true}]}}