{"id":77,"date":"2015-03-16T06:54:56","date_gmt":"2015-03-16T06:54:56","guid":{"rendered":"http:\/\/blogsaverroes.juntadeandalucia.es\/pre\/ceip\/?page_id=77"},"modified":"2025-12-11T11:32:20","modified_gmt":"2025-12-11T11:32:20","slug":"secretaria","status":"publish","type":"page","link":"https:\/\/blogsaverroes.juntadeandalucia.es\/cpraltogenal\/secretaria\/","title":{"rendered":"Secretar\u00eda"},"content":{"rendered":"<p>La secretar\u00eda de este Centro y la unidad administrativa se encuentra en la localidad de Parauta.<\/p>\n<p><strong>Encargada de<\/strong> <strong>Secretar\u00eda: <\/strong>Soledad Isabel Aponte Vargas<\/p>\n<p><strong>Horario de atenci\u00f3n al p\u00fablico: <\/strong>De lunes y viernes de 9:00 a 14:00<\/p>\n<p><strong>Tel\u00e9fono \/ FAX:952169910<\/strong><\/p>\n<p>&nbsp;<\/p>\n<h3 style=\"text-align: center\">Competencias de la Secretar\u00eda<\/h3>\n<p>Son competencias de la secretar\u00eda:<\/p>\n<p>a) Ordenar el r\u00e9gimen administrativo del instituto, de conformidad con las directrices de la direcci\u00f3n.<\/p>\n<p>b) Ejercer la secretar\u00eda de los \u00f3rganos colegiados de gobierno del instituto, establecer el plan de reuniones de dichos \u00f3rganos, levantar acta de las sesiones y dar fe de los acuerdos, todo ello con el visto bueno de la direcci\u00f3n.<\/p>\n<p>c) Custodiar los libros oficiales y archivos del instituto.<\/p>\n<p>d) Expedir, con el visto bueno de la direcci\u00f3n, las certificaciones que soliciten las autoridades y las personas interesadas.<\/p>\n<p>e) Realizar el inventario general del instituto y mantenerlo actualizado.<\/p>\n<p>f) Adquirir el material y el equipamiento del instituto, custodiar y gestionar la utilizaci\u00f3n del mismo y velar por su mantenimiento en todos los aspectos, de acuerdo con la normativa vigente y las indicaciones de la direcci\u00f3n, sin perjuicio de las facultades que en materia de contrataci\u00f3n corresponden a la persona titular de la direcci\u00f3n, de conformidad con lo recogido en el art\u00edculo 72.1.k).<\/p>\n<p>g) Ejercer, por delegaci\u00f3n de la direcci\u00f3n y bajo su autoridad, la jefatura del personal de administraci\u00f3n y servicios y de atenci\u00f3n educativa complementaria adscrito al instituto y controlar la asistencia al trabajo del mismo.<\/p>\n<p>h) Elaborar, en colaboraci\u00f3n con los restantes miembros del equipo directivo, el horario del personal de administraci\u00f3n y servicios y de atenci\u00f3n educativa complementaria, as\u00ed como velar por su estricto cumplimiento.<\/p>\n<p>i) Elaborar el anteproyecto de presupuesto de ingresos y gastos del instituto.<\/p>\n<p>j) Ordenar el r\u00e9gimen econ\u00f3mico del instituto, de conformidad con las instrucciones de la direcci\u00f3n, realizar la contabilidad y rendir cuentas ante la Consejer\u00eda competente en materia de educaci\u00f3n y los \u00f3rganos a los que se refiere el art\u00edculo 27.4.<\/p>\n<p>k) Cualesquiera otras que le sean atribuidas en el Plan de Centro o por Orden de la persona titular de la Consejer\u00eda competente en materia de educaci\u00f3n&nbsp;<\/p>\n<p>&nbsp;<\/p>\n<p>&nbsp;<\/p>\n","protected":false},"excerpt":{"rendered":"<p>La secretar\u00eda de este Centro y la unidad administrativa se encuentra en la localidad de Parauta. Encargada de Secretar\u00eda: Soledad Isabel Aponte Vargas Horario de atenci\u00f3n al p\u00fablico: De lunes y viernes de 9:00 a 14:00 Tel\u00e9fono \/ FAX:952169910 &nbsp; Competencias de la Secretar\u00eda Son competencias de la secretar\u00eda: a) Ordenar el r\u00e9gimen administrativo del &hellip; <a href=\"https:\/\/blogsaverroes.juntadeandalucia.es\/cpraltogenal\/secretaria\/\" class=\"more-link\">Seguir leyendo <span class=\"screen-reader-text\">Secretar\u00eda<\/span> <span class=\"meta-nav\">&rarr;<\/span><\/a><\/p>\n","protected":false},"author":1,"featured_media":0,"parent":0,"menu_order":0,"comment_status":"closed","ping_status":"open","template":"","meta":{"ngg_post_thumbnail":0,"footnotes":"","_mc_calendar":[]},"aioseo_notices":[],"_links":{"self":[{"href":"https:\/\/blogsaverroes.juntadeandalucia.es\/cpraltogenal\/wp-json\/wp\/v2\/pages\/77"}],"collection":[{"href":"https:\/\/blogsaverroes.juntadeandalucia.es\/cpraltogenal\/wp-json\/wp\/v2\/pages"}],"about":[{"href":"https:\/\/blogsaverroes.juntadeandalucia.es\/cpraltogenal\/wp-json\/wp\/v2\/types\/page"}],"author":[{"embeddable":true,"href":"https:\/\/blogsaverroes.juntadeandalucia.es\/cpraltogenal\/wp-json\/wp\/v2\/users\/1"}],"replies":[{"embeddable":true,"href":"https:\/\/blogsaverroes.juntadeandalucia.es\/cpraltogenal\/wp-json\/wp\/v2\/comments?post=77"}],"version-history":[{"count":14,"href":"https:\/\/blogsaverroes.juntadeandalucia.es\/cpraltogenal\/wp-json\/wp\/v2\/pages\/77\/revisions"}],"predecessor-version":[{"id":4449,"href":"https:\/\/blogsaverroes.juntadeandalucia.es\/cpraltogenal\/wp-json\/wp\/v2\/pages\/77\/revisions\/4449"}],"wp:attachment":[{"href":"https:\/\/blogsaverroes.juntadeandalucia.es\/cpraltogenal\/wp-json\/wp\/v2\/media?parent=77"}],"curies":[{"name":"wp","href":"https:\/\/api.w.org\/{rel}","templated":true}]}}