{"id":2048,"date":"2022-11-03T10:57:54","date_gmt":"2022-11-03T09:57:54","guid":{"rendered":"https:\/\/blogsaverroes.juntadeandalucia.es\/cpranadecharpentier\/?page_id=2048"},"modified":"2025-09-08T10:52:15","modified_gmt":"2025-09-08T09:52:15","slug":"profesorado","status":"publish","type":"page","link":"https:\/\/blogsaverroes.juntadeandalucia.es\/cpranadecharpentier\/profesorado\/","title":{"rendered":"Profesorado"},"content":{"rendered":"<p>[et_pb_section fb_built=&#8221;1&#8243; _builder_version=&#8221;4.16&#8243; _module_preset=&#8221;default&#8221; custom_padding=&#8221;10px||2px|||&#8221; global_colors_info=&#8221;{}&#8221;][et_pb_row column_structure=&#8221;2_3,1_3&#8243; _builder_version=&#8221;4.16&#8243; _module_preset=&#8221;default&#8221; custom_padding=&#8221;44px||20px|||&#8221; global_colors_info=&#8221;{}&#8221;][et_pb_column type=&#8221;2_3&#8243; _builder_version=&#8221;4.16&#8243; _module_preset=&#8221;default&#8221; global_colors_info=&#8221;{}&#8221;][et_pb_image src=&#8221;https:\/\/blogsaverroes.juntadeandalucia.es\/cpranadecharpentier\/files\/2022\/11\/imagen_2022-11-03_180408783.png&#8221; title_text=&#8221;imagen_2022-11-03_180408783&#8243; _builder_version=&#8221;4.16&#8243; _module_preset=&#8221;default&#8221; global_colors_info=&#8221;{}&#8221;][\/et_pb_image][\/et_pb_column][et_pb_column type=&#8221;1_3&#8243; _builder_version=&#8221;4.16&#8243; _module_preset=&#8221;default&#8221; global_colors_info=&#8221;{}&#8221;][et_pb_toggle title=&#8221;Equipo Directivo&#8221; open=&#8221;on&#8221; _builder_version=&#8221;4.16&#8243; _module_preset=&#8221;default&#8221; title_level=&#8221;h3&#8243; title_font=&#8221;Raleway|700|||||||&#8221; closed_title_font=&#8221;Raleway||||||||&#8221; body_font=&#8221;Lato||||||||&#8221; body_text_color=&#8221;#282828&#8243; global_colors_info=&#8221;{}&#8221;]<\/p>\n<p style=\"text-align: justify\"><span><\/span><\/p>\n<p style=\"text-align: justify\"><span>La labor directiva no es algo que se eval\u00fae en un corto espacio de tiempo, ni somos nosotr@s los encargad@s de analizar la trayectoria y el resultado de nuestro trabajo. Nuestro objetivo es acabar cada curso con la tranquilidad de que hemos cumplido con \u00abel cargo\u00bb, bajo directrices sencillas, pero b\u00e1sicas:\u00a0<\/span><span>organizaci\u00f3n, claridad, honestidad, entusiasmo y constancia<\/span><span>. Intentamos que entre todos los sectores de la comunidad educativa gobierne el buen ambiente y la comunicaci\u00f3n. Intentamos velar por el bienestar y la educaci\u00f3n del alumnado, el contento y la tranquilidad de las familias y los intereses e iniciativas de l@s maestr@s. Esperamos no perder la ilusi\u00f3n por continuar.<\/span><\/p>\n<p style=\"text-align: justify\"><span><strong>DIRECCI\u00d3N<\/strong> &#8211; Charo Mazo<\/span><span><\/span><\/p>\n<p style=\"text-align: justify\"><span><strong>JEFATURA DE ESTUDIOS<\/strong> &#8211; Jose Luis L\u00f3pez<\/span><\/p>\n<p style=\"text-align: justify\"><span><strong>SECRETAR\u00cdA<\/strong> &#8211; Ra\u00fal Torres<\/span><\/p>\n<p>[\/et_pb_toggle][\/et_pb_column][\/et_pb_row][et_pb_row column_structure=&#8221;1_3,1_3,1_3&#8243; _builder_version=&#8221;4.16&#8243; _module_preset=&#8221;default&#8221; custom_padding=&#8221;||0px|||&#8221; collapsed=&#8221;off&#8221; global_colors_info=&#8221;{}&#8221;][et_pb_column type=&#8221;1_3&#8243; _builder_version=&#8221;4.16&#8243; _module_preset=&#8221;default&#8221; global_colors_info=&#8221;{}&#8221;][et_pb_toggle title=&#8221;Aldea Quintana&#8221; admin_label=&#8221;Conmutador&#8221; _builder_version=&#8221;4.24.2&#8243; _module_preset=&#8221;default&#8221; title_level=&#8221;h3&#8243; title_font=&#8221;Raleway|700|||||||&#8221; closed_title_font=&#8221;Raleway||||||||&#8221; body_font=&#8221;Lato||||||||&#8221; body_text_color=&#8221;#282828&#8243; global_colors_info=&#8221;{}&#8221;]<\/p>\n<p style=\"text-align: justify\">&nbsp;<\/p>\n<p style=\"text-align: justify\"><strong>Infantil de 3 y 4 a\u00f1os<\/strong> &#8211;&nbsp;Cristina Mu\u00f1oz<\/p>\n<p style=\"text-align: justify\"><strong>Infantil de 5 a\u00f1os<\/strong> &#8211; Esther Pe\u00f1a<\/p>\n<p style=\"text-align: justify\"><strong>1\u00ba de Primaria <\/strong>&#8211; Alicia Fuentes<\/p>\n<p style=\"text-align: justify\"><strong>2\u00ba de Primaria<\/strong> &#8211;&nbsp;Rafaela Lara<\/p>\n<p style=\"text-align: justify\"><strong>3\u00ba de Primaria<\/strong> &#8211;&nbsp;Roc\u00edo Barrera<\/p>\n<p style=\"text-align: justify\"><strong>4\u00ba de Primaria &#8211; <\/strong>Juan Jos\u00e9 Caballero<\/p>\n<p style=\"text-align: justify\"><strong>5\u00ba de Primaria<\/strong> &#8211; Javier Cumplido<\/p>\n<p style=\"text-align: justify\"><strong>6\u00ba de Primaria<\/strong> &#8211; Jos\u00e9 Lu\u00eds L\u00f3pez<\/p>\n<p>[\/et_pb_toggle][et_pb_toggle title=&#8221;El Rinconcillo&#8221; _builder_version=&#8221;4.24.2&#8243; _module_preset=&#8221;default&#8221; title_level=&#8221;h3&#8243; title_font=&#8221;Raleway|700|||||||&#8221; closed_title_font=&#8221;Raleway||||||||&#8221; body_font=&#8221;Lato||||||||&#8221; body_text_color=&#8221;#282828&#8243; hover_enabled=&#8221;0&#8243; global_colors_info=&#8221;{}&#8221; sticky_enabled=&#8221;0&#8243;]<\/p>\n<p style=\"text-align: justify\">&nbsp;<\/p>\n<p style=\"text-align: justify\"><strong>Infantil de 3 y 4 a\u00f1os<\/strong> &#8211; Nieves Garc\u00eda<\/p>\n<p style=\"text-align: justify\"><strong>Infantil 5 a\u00f1os y 2\u00ba de Primaria<\/strong> &#8211; Susana Ar\u00e9valo<\/p>\n<p style=\"text-align: justify\"><strong>3\u00ba y 4\u00ba de Primaria<\/strong> &#8211; Esther Ortiz<\/p>\n<p style=\"text-align: justify\"><strong>5\u00ba y 6\u00ba de Primaria<\/strong> &#8211; C\u00e9sar Varo<\/p>\n<p style=\"text-align: justify\"><strong>&nbsp;<\/strong><\/p>\n<p>[\/et_pb_toggle][et_pb_toggle title=&#8221;Las Pinedas&#8221; _builder_version=&#8221;4.24.2&#8243; _module_preset=&#8221;default&#8221; title_level=&#8221;h3&#8243; title_font=&#8221;Raleway|700|||||||&#8221; closed_title_font=&#8221;Raleway||||||||&#8221; body_font=&#8221;Lato||||||||&#8221; body_text_color=&#8221;#282828&#8243; global_colors_info=&#8221;{}&#8221;]<\/p>\n<p style=\"text-align: justify\">&nbsp;<\/p>\n<p style=\"text-align: justify\"><strong style=\"font-size: 14px\">Infantil, 1\u00ba y 2\u00ba<\/strong><span style=\"font-size: 14px\"> &#8211; M\u00aa Teresa Jim\u00e9nez<br \/><\/span><\/p>\n<p style=\"text-align: justify\">&nbsp;<\/p>\n<p style=\"text-align: justify\">&nbsp;<\/p>\n<p>[\/et_pb_toggle][\/et_pb_column][et_pb_column type=&#8221;1_3&#8243; _builder_version=&#8221;4.16&#8243; _module_preset=&#8221;default&#8221; global_colors_info=&#8221;{}&#8221;][et_pb_toggle title=&#8221;Chica Carlota&#8221; _builder_version=&#8221;4.24.2&#8243; _module_preset=&#8221;default&#8221; title_level=&#8221;h3&#8243; title_font=&#8221;Raleway|700|||||||&#8221; closed_title_font=&#8221;Raleway||||||||&#8221; body_font=&#8221;Lato||||||||&#8221; body_text_color=&#8221;#282828&#8243; global_colors_info=&#8221;{}&#8221;]<\/p>\n<p style=\"text-align: justify\">&nbsp;<\/p>\n<p style=\"text-align: justify\"><strong style=\"font-size: 14px\">3\u00ba y 4\u00ba de Primaria<\/strong><span style=\"font-size: 14px\"> &#8211; \u00c1ngel Solano<\/span><\/p>\n<p style=\"text-align: justify\"><strong>5\u00ba y 6\u00ba de Primaria<\/strong> &#8211; Regina Mour\u00e9<\/p>\n<p>[\/et_pb_toggle][et_pb_toggle title=&#8221;Fuencubierta&#8221; _builder_version=&#8221;4.24.2&#8243; _module_preset=&#8221;default&#8221; title_level=&#8221;h3&#8243; title_font=&#8221;Raleway|700|||||||&#8221; closed_title_font=&#8221;Raleway||||||||&#8221; body_font=&#8221;Lato||||||||&#8221; body_text_color=&#8221;#282828&#8243; global_colors_info=&#8221;{}&#8221;]<\/p>\n<p style=\"text-align: justify\">&nbsp;<\/p>\n<p style=\"text-align: justify\"><strong>Infantil, 1\u00ba y 2\u00ba de Primaria<\/strong> &#8211; Pablo Jos\u00e9 Verde<\/p>\n<p style=\"text-align: justify\"><strong>3\u00ba, 4\u00ba, 5\u00ba y 6\u00ba de Primaria<\/strong> &#8211; Manolo Montilla<\/p>\n<p style=\"text-align: justify\">&nbsp;<\/p>\n<p>[\/et_pb_toggle][et_pb_toggle title=&#8221;Los Algarbes&#8221; _builder_version=&#8221;4.24.2&#8243; _module_preset=&#8221;default&#8221; title_level=&#8221;h3&#8243; title_font=&#8221;Raleway|700|||||||&#8221; closed_title_font=&#8221;Raleway||||||||&#8221; body_font=&#8221;Lato||||||||&#8221; body_text_color=&#8221;#282828&#8243; hover_enabled=&#8221;0&#8243; global_colors_info=&#8221;{}&#8221; sticky_enabled=&#8221;0&#8243;]<\/p>\n<p style=\"text-align: justify\">&nbsp;<\/p>\n<p style=\"text-align: justify\"><strong>Infantil de 3, 4, 5 a\u00f1os y 1\u00ba de Primaria<\/strong> &#8211; M\u00f3nica Ledro<\/p>\n<p style=\"text-align: justify\"><strong>2\u00ba, 3\u00ba, 4\u00ba, 5\u00ba y 6\u00ba de<\/strong> <strong>Primaria<\/strong> &#8211; Lu\u00eds Soldado<\/p>\n<p style=\"text-align: justify\">&nbsp;<\/p>\n<p>[\/et_pb_toggle][\/et_pb_column][et_pb_column type=&#8221;1_3&#8243; _builder_version=&#8221;4.16&#8243; _module_preset=&#8221;default&#8221; global_colors_info=&#8221;{}&#8221;][et_pb_toggle title=&#8221;El Garabato&#8221; _builder_version=&#8221;4.24.2&#8243; _module_preset=&#8221;default&#8221; title_level=&#8221;h3&#8243; title_font=&#8221;Raleway|700|||||||&#8221; closed_title_font=&#8221;Raleway||||||||&#8221; body_font=&#8221;Lato||||||||&#8221; body_text_color=&#8221;#282828&#8243; global_colors_info=&#8221;{}&#8221;]<\/p>\n<p style=\"text-align: justify\">&nbsp;<\/p>\n<p style=\"text-align: justify\"><strong>Infantil de 3, 4, 5 a\u00f1os y 1\u00ba<\/strong> &#8211; Cristina Sierra<\/p>\n<p style=\"text-align: justify\"><strong>1\u00ba, 2\u00ba, 3\u00ba y 4\u00ba de Primaria<\/strong> &#8211; Antonio Ortiz<\/p>\n<p style=\"text-align: justify\">&nbsp;<\/p>\n<p>[\/et_pb_toggle][et_pb_toggle title=&#8221;La Paz&#8221; _builder_version=&#8221;4.24.2&#8243; _module_preset=&#8221;default&#8221; title_level=&#8221;h3&#8243; title_font=&#8221;Raleway|700|||||||&#8221; closed_title_font=&#8221;Raleway||||||||&#8221; body_font=&#8221;Lato||||||||&#8221; body_text_color=&#8221;#282828&#8243; global_colors_info=&#8221;{}&#8221;]<\/p>\n<p style=\"text-align: justify\">&nbsp;<\/p>\n<p style=\"text-align: justify\"><strong>Infantil de 3, 4 y 5 a\u00f1os<\/strong> &#8211; Lola Vallesquino<\/p>\n<p style=\"text-align: justify\"><strong>1\u00ba y 2\u00ba de Primaria<\/strong> &#8211; Sonia Presa<\/p>\n<p style=\"text-align: justify\"><strong>3\u00ba y 4\u00ba de Primaria<\/strong> &#8211; Marina Carrillo<\/p>\n<p style=\"text-align: justify\"><strong>5\u00ba y 6\u00ba de Primaria<\/strong> &#8211; Jos\u00e9 Joaqu\u00edn Freire<\/p>\n<p>&nbsp;<\/p>\n<p style=\"text-align: justify\"><strong>&nbsp;<\/strong><\/p>\n<p>[\/et_pb_toggle][et_pb_toggle title=&#8221;Otros especialistas&#8221; admin_label=&#8221;Conmutador&#8221; _builder_version=&#8221;4.24.2&#8243; _module_preset=&#8221;default&#8221; title_level=&#8221;h3&#8243; title_font=&#8221;Raleway|700|||||||&#8221; closed_title_font=&#8221;Raleway||||||||&#8221; body_font=&#8221;Lato||||||||&#8221; body_text_color=&#8221;#282828&#8243; global_colors_info=&#8221;{}&#8221;]<\/p>\n<p style=\"text-align: justify\">&nbsp;<\/p>\n<p style=\"text-align: justify\">Dolores Reifs &#8211;<b> Ingl\u00e9s<\/b><\/p>\n<p>Remedios Soriano &#8211; <strong>M\u00fasica<\/strong><\/p>\n<p>Juan Carlos L\u00f3pez &#8211; <strong>Franc\u00e9s<\/strong><\/p>\n<p style=\"text-align: justify\">Jos\u00e9 Francisco Quesada &#8211; <strong>Apoyo<\/strong><\/p>\n<p style=\"text-align: justify\">Inmaculada Cuevas &#8211; <strong>Apoyo<\/strong><\/p>\n<p>\u00c1ngela Vargas &#8211; <strong>refuerzo ZTS<\/strong><\/p>\n<p>M\u00aa \u00c1ngeles Guerola &#8211; <strong>refuerzo&nbsp;ZTS<\/strong><\/p>\n<p style=\"text-align: justify\">M\u00aa Dolores Carmona &#8211; <strong>Audici\u00f3n y Lenguaje<br \/><\/strong><\/p>\n<p style=\"text-align: justify\">Ra\u00fal Torres &#8211; <strong>Audici\u00f3n y Lenguaje<\/strong><\/p>\n<p style=\"text-align: justify\">Elena Ruiz &#8211; <strong>Pedagog\u00eda Terap\u00e9utica<\/strong><\/p>\n<p style=\"text-align: justify\">Fernanda Delgado &#8211; <strong>Religi\u00f3n<\/strong><\/p>\n<p style=\"text-align: justify\">Pilar Pulido &#8211; <strong>Religi\u00f3n<\/strong><\/p>\n<p style=\"text-align: justify\">Sof\u00eda P\u00e9rez &#8211; <strong>Religi\u00f3n<\/strong><\/p>\n<p style=\"text-align: justify\">Jorge Cremades &#8211; <strong>Religi\u00f3n<\/strong><\/p>\n<p style=\"text-align: justify\">&nbsp;<\/p>\n<p>[\/et_pb_toggle][et_pb_toggle title=&#8221;EOE&#8221; _builder_version=&#8221;4.24.2&#8243; _module_preset=&#8221;default&#8221; link_option_url=&#8221;https:\/\/padlet.com\/14006424_\/eoe-la-carlota-gs19qja1mw73s5fn&#8221; global_colors_info=&#8221;{}&#8221;]<\/p>\n<p>Conoce al Equipo de Orientaci\u00f3n de Referencia de nuestro colegio<br \/>(Haz click AQU\u00cd)<\/p>\n<p>[\/et_pb_toggle][\/et_pb_column][\/et_pb_row][\/et_pb_section]<\/p>\n","protected":false},"excerpt":{"rendered":"<p>La labor directiva no es algo que se eval\u00fae en un corto espacio de tiempo, ni somos nosotr@s los encargad@s de analizar la trayectoria y el resultado de nuestro trabajo. Nuestro objetivo es acabar cada curso con la tranquilidad de que hemos cumplido con \u00abel cargo\u00bb, bajo directrices sencillas, pero b\u00e1sicas:\u00a0organizaci\u00f3n, claridad, honestidad, entusiasmo y [&hellip;]<\/p>\n","protected":false},"author":8231,"featured_media":0,"parent":0,"menu_order":0,"comment_status":"closed","ping_status":"closed","template":"","meta":{"_et_pb_use_builder":"on","_et_pb_old_content":"","_et_gb_content_width":"","ngg_post_thumbnail":0,"footnotes":""},"aioseo_notices":[],"_links":{"self":[{"href":"https:\/\/blogsaverroes.juntadeandalucia.es\/cpranadecharpentier\/wp-json\/wp\/v2\/pages\/2048"}],"collection":[{"href":"https:\/\/blogsaverroes.juntadeandalucia.es\/cpranadecharpentier\/wp-json\/wp\/v2\/pages"}],"about":[{"href":"https:\/\/blogsaverroes.juntadeandalucia.es\/cpranadecharpentier\/wp-json\/wp\/v2\/types\/page"}],"author":[{"embeddable":true,"href":"https:\/\/blogsaverroes.juntadeandalucia.es\/cpranadecharpentier\/wp-json\/wp\/v2\/users\/8231"}],"replies":[{"embeddable":true,"href":"https:\/\/blogsaverroes.juntadeandalucia.es\/cpranadecharpentier\/wp-json\/wp\/v2\/comments?post=2048"}],"version-history":[{"count":22,"href":"https:\/\/blogsaverroes.juntadeandalucia.es\/cpranadecharpentier\/wp-json\/wp\/v2\/pages\/2048\/revisions"}],"predecessor-version":[{"id":248424,"href":"https:\/\/blogsaverroes.juntadeandalucia.es\/cpranadecharpentier\/wp-json\/wp\/v2\/pages\/2048\/revisions\/248424"}],"wp:attachment":[{"href":"https:\/\/blogsaverroes.juntadeandalucia.es\/cpranadecharpentier\/wp-json\/wp\/v2\/media?parent=2048"}],"curies":[{"name":"wp","href":"https:\/\/api.w.org\/{rel}","templated":true}]}}