{"id":850,"date":"2020-12-18T08:41:27","date_gmt":"2020-12-18T07:41:27","guid":{"rendered":"https:\/\/blogsaverroes.juntadeandalucia.es\/pre\/plantilla-pencil\/?page_id=850"},"modified":"2025-11-06T13:29:49","modified_gmt":"2025-11-06T12:29:49","slug":"planes-y-proyectos","status":"publish","type":"page","link":"https:\/\/blogsaverroes.juntadeandalucia.es\/cpranadecharpentier\/planes-y-proyectos\/","title":{"rendered":"Documentos y Proyectos"},"content":{"rendered":"<p>[et_pb_section fb_built=&#8221;1&#8243; _builder_version=&#8221;4.16&#8243; _module_preset=&#8221;default&#8221; background_color=&#8221;rgba(0,0,0,0.18)&#8221; background_image=&#8221;https:\/\/blogsaverroes.juntadeandalucia.es\/cpranadecharpentier\/files\/2022\/11\/imagen_2022-11-15_104046059.png&#8221; background_blend=&#8221;darken&#8221; global_colors_info=&#8221;{}&#8221;][et_pb_row _builder_version=&#8221;4.16&#8243; _module_preset=&#8221;default&#8221; global_colors_info=&#8221;{}&#8221;][et_pb_column type=&#8221;4_4&#8243; _builder_version=&#8221;4.16&#8243; _module_preset=&#8221;default&#8221; global_colors_info=&#8221;{}&#8221;][et_pb_text _builder_version=&#8221;4.16&#8243; _module_preset=&#8221;default&#8221; header_text_color=&#8221;#FFFFFF&#8221; header_font_size=&#8221;74px&#8221; header_text_shadow_style=&#8221;preset2&#8243; global_colors_info=&#8221;{}&#8221;]<\/p>\n<h1 style=\"text-align: center\">Plan de Centro<\/h1>\n<p>[\/et_pb_text][\/et_pb_column][\/et_pb_row][et_pb_row column_structure=&#8221;1_3,1_3,1_3&#8243; _builder_version=&#8221;4.16&#8243; max_width=&#8221;1160px&#8221; use_custom_width=&#8221;on&#8221; custom_width_px=&#8221;1160px&#8221; global_colors_info=&#8221;{}&#8221;][et_pb_column type=&#8221;1_3&#8243; _builder_version=&#8221;4.16&#8243; custom_padding=&#8221;||||false|false&#8221; custom_padding_tablet=&#8221;0px||&#8221; custom_padding_phone=&#8221;0px||&#8221; custom_padding_last_edited=&#8221;on|tablet&#8221; global_colors_info=&#8221;{}&#8221; custom_padding__hover=&#8221;|||&#8221;][et_pb_blurb title=&#8221;Proyecto educativo&#8221; url=&#8221;https:\/\/blogsaverroes.juntadeandalucia.es\/cpranadecharpentier\/files\/2025\/11\/PEC-25-26-COMPLETO.pdf&#8221; url_new_window=&#8221;on&#8221; use_icon=&#8221;on&#8221; font_icon=&#8221;&#x6c;||divi||400&#8243; icon_color=&#8221;#ffffff&#8221; image_icon_background_color=&#8221;#ff236c&#8221; image_icon_width=&#8221;48px&#8221; admin_label=&#8221;Anuncio&#8221; _builder_version=&#8221;4.24.2&#8243; header_font=&#8221;Fredoka One||||||||&#8221; header_font_size=&#8221;22px&#8221; header_line_height=&#8221;1.8em&#8221; body_font=&#8221;||||||||&#8221; body_line_height=&#8221;2em&#8221; background_color=&#8221;#ffffff&#8221; image_icon_custom_padding=&#8221;25px|25px|25px|25px|false|false&#8221; transform_translate_linked__hover=&#8221;off&#8221; text_orientation=&#8221;center&#8221; custom_margin=&#8221;||||false|false&#8221; custom_padding=&#8221;60px|25px|60px|25px|true|true&#8221; custom_padding_tablet=&#8221;&#8221; custom_padding_phone=&#8221;33px||33px|20px|true|true&#8221; custom_padding_last_edited=&#8221;on|phone&#8221; animation_style=&#8221;slide&#8221; animation_direction=&#8221;bottom&#8221; animation_intensity_slide=&#8221;2%&#8221; animation=&#8221;off&#8221; link_option_url=&#8221;https:\/\/blogsaverroes.juntadeandalucia.es\/cpranadecharpentier\/files\/2025\/11\/PEC-25-26-COMPLETO.pdf&#8221; link_option_url_new_window=&#8221;on&#8221; hover_enabled=&#8221;0&#8243; body_font_size_phone=&#8221;14px&#8221; body_font_size_last_edited=&#8221;off|desktop&#8221; border_radii=&#8221;on|22px|22px|22px|22px&#8221; border_radii_image=&#8221;on|100%|100%|100%|100%&#8221; box_shadow_style=&#8221;preset1&#8243; box_shadow_color=&#8221;rgba(91,36,161,0.25)&#8221; use_circle=&#8221;on&#8221; circle_color=&#8221;#ff236c&#8221; global_colors_info=&#8221;{}&#8221; box_shadow_vertical__hover_enabled=&#8221;on&#8221; box_shadow_vertical__hover=&#8221;40px&#8221; box_shadow_blur__hover_enabled=&#8221;on&#8221; box_shadow_blur__hover=&#8221;150px&#8221; box_shadow_color__hover_enabled=&#8221;on&#8221; box_shadow_color__hover=&#8221;rgba(91,36,161,0.12)&#8221; image_icon_background_color__sticky_enabled=&#8221;#241f59&#8243; image_icon_background_color__sticky=&#8221;#241f59&#8243; transform_styles__hover_enabled=&#8221;on|desktop&#8221; transform_scale__hover_enabled=&#8221;on|hover&#8221; transform_translate__hover_enabled=&#8221;on|desktop&#8221; transform_rotate__hover_enabled=&#8221;on|desktop&#8221; transform_skew__hover_enabled=&#8221;on|desktop&#8221; transform_origin__hover_enabled=&#8221;on|desktop&#8221; transform_translate__hover=&#8221;0px|-10px&#8221; sticky_enabled=&#8221;0&#8243;][\/et_pb_blurb][\/et_pb_column][et_pb_column type=&#8221;1_3&#8243; _builder_version=&#8221;4.16&#8243; custom_padding=&#8221;|||&#8221; global_colors_info=&#8221;{}&#8221; custom_padding__hover=&#8221;|||&#8221;][et_pb_blurb title=&#8221;Proyecto de gesti\u00f3n&#8221; url=&#8221;https:\/\/blogsaverroes.juntadeandalucia.es\/cpranadecharpentier\/files\/2025\/11\/GESTION-25-26-COMPLETO.pdf&#8221; url_new_window=&#8221;on&#8221; use_icon=&#8221;on&#8221; font_icon=&#8221;&#x69;||divi||400&#8243; icon_color=&#8221;#ffffff&#8221; image_icon_background_color=&#8221;#ffc259&#8243; image_icon_width=&#8221;48px&#8221; _builder_version=&#8221;4.24.2&#8243; header_font=&#8221;Fredoka One||||||||&#8221; header_font_size=&#8221;22px&#8221; header_line_height=&#8221;1.8em&#8221; body_font=&#8221;||||||||&#8221; body_line_height=&#8221;2em&#8221; background_color=&#8221;#ffffff&#8221; image_icon_custom_padding=&#8221;25px|25px|25px|25px|false|false&#8221; transform_translate_linked=&#8221;off&#8221; text_orientation=&#8221;center&#8221; custom_margin=&#8221;||&#8221; custom_padding=&#8221;60px|25px|60px|25px|true|true&#8221; custom_padding_tablet=&#8221;&#8221; custom_padding_phone=&#8221;30px||30px|20px|true&#8221; custom_padding_last_edited=&#8221;on|phone&#8221; animation_style=&#8221;slide&#8221; animation_direction=&#8221;bottom&#8221; animation_intensity_slide=&#8221;2%&#8221; animation=&#8221;off&#8221; link_option_url=&#8221;https:\/\/blogsaverroes.juntadeandalucia.es\/cpranadecharpentier\/files\/2025\/11\/GESTION-25-26-COMPLETO.pdf&#8221; link_option_url_new_window=&#8221;on&#8221; body_font_size_phone=&#8221;14px&#8221; body_font_size_last_edited=&#8221;off|desktop&#8221; border_radii=&#8221;on|22px|22px|22px|22px&#8221; border_radii_image=&#8221;on|100%|100%|100%|100%&#8221; box_shadow_style=&#8221;preset1&#8243; box_shadow_color=&#8221;rgba(91,36,161,0.25)&#8221; use_circle=&#8221;on&#8221; circle_color=&#8221;#ffc259&#8243; locked=&#8221;off&#8221; global_colors_info=&#8221;{}&#8221; box_shadow_vertical__hover_enabled=&#8221;on&#8221; box_shadow_vertical__hover=&#8221;40px&#8221; box_shadow_blur__hover_enabled=&#8221;on&#8221; box_shadow_blur__hover=&#8221;150px&#8221; box_shadow_color__hover_enabled=&#8221;on&#8221; box_shadow_color__hover=&#8221;rgba(91,36,161,0.12)&#8221; image_icon_background_color__sticky_enabled=&#8221;#241f59&#8243; image_icon_background_color__sticky=&#8221;#241f59&#8243; transform_styles__hover_enabled=&#8221;on|hover&#8221; transform_scale__hover_enabled=&#8221;on|desktop&#8221; transform_translate__hover_enabled=&#8221;on|hover&#8221; transform_rotate__hover_enabled=&#8221;on|desktop&#8221; transform_skew__hover_enabled=&#8221;on|desktop&#8221; transform_origin__hover_enabled=&#8221;on|desktop&#8221; transform_translate__hover=&#8221;0px|-10px&#8221;][\/et_pb_blurb][\/et_pb_column][et_pb_column type=&#8221;1_3&#8243; _builder_version=&#8221;4.16&#8243; custom_padding=&#8221;||||false|false&#8221; custom_padding_tablet=&#8221;0px||&#8221; custom_padding_phone=&#8221;0px||&#8221; custom_padding_last_edited=&#8221;on|tablet&#8221; global_colors_info=&#8221;{}&#8221; custom_padding__hover=&#8221;|||&#8221;][et_pb_blurb title=&#8221;ROF&#8221; url=&#8221;https:\/\/blogsaverroes.juntadeandalucia.es\/cpranadecharpentier\/files\/2025\/11\/ROF-25-26-COMPLETO.pdf&#8221; url_new_window=&#8221;on&#8221; use_icon=&#8221;on&#8221; font_icon=&#8221;&#xe023;||divi||400&#8243; icon_color=&#8221;#ffffff&#8221; image_icon_background_color=&#8221;#5d58ef&#8221; image_icon_width=&#8221;48px&#8221; _builder_version=&#8221;4.24.2&#8243; header_font=&#8221;Fredoka One||||||||&#8221; header_font_size=&#8221;22px&#8221; header_line_height=&#8221;1.8em&#8221; body_font=&#8221;||||||||&#8221; body_line_height=&#8221;2em&#8221; background_color=&#8221;#ffffff&#8221; image_icon_custom_padding=&#8221;25px|25px|25px|25px|false|false&#8221; transform_translate_linked__hover=&#8221;off&#8221; text_orientation=&#8221;center&#8221; custom_margin=&#8221;||&#8221; custom_padding=&#8221;60px|25px|60px|25px|true|true&#8221; custom_padding_tablet=&#8221;&#8221; custom_padding_phone=&#8221;30px||30px|20px|true&#8221; custom_padding_last_edited=&#8221;on|phone&#8221; animation_style=&#8221;slide&#8221; animation_direction=&#8221;bottom&#8221; animation_intensity_slide=&#8221;2%&#8221; animation=&#8221;off&#8221; link_option_url=&#8221;https:\/\/blogsaverroes.juntadeandalucia.es\/cpranadecharpentier\/files\/2025\/11\/ROF-25-26-COMPLETO.pdf&#8221; link_option_url_new_window=&#8221;on&#8221; body_font_size_phone=&#8221;14px&#8221; body_font_size_last_edited=&#8221;off|desktop&#8221; border_radii=&#8221;on|22px|22px|22px|22px&#8221; border_radii_image=&#8221;on|100%|100%|100%|100%&#8221; box_shadow_style=&#8221;preset1&#8243; box_shadow_blur=&#8221;5px&#8221; box_shadow_spread=&#8221;14px&#8221; box_shadow_color=&#8221;rgba(0,0,0,0.03)&#8221; use_circle=&#8221;on&#8221; circle_color=&#8221;#5d58ef&#8221; locked=&#8221;off&#8221; global_colors_info=&#8221;{}&#8221; box_shadow_vertical__hover_enabled=&#8221;on&#8221; box_shadow_vertical__hover=&#8221;40px&#8221; box_shadow_blur__hover_enabled=&#8221;on&#8221; box_shadow_blur__hover=&#8221;150px&#8221; box_shadow_color__hover_enabled=&#8221;on&#8221; box_shadow_color__hover=&#8221;rgba(91,36,161,0.12)&#8221; image_icon_background_color__sticky_enabled=&#8221;#241f59&#8243; image_icon_background_color__sticky=&#8221;#241f59&#8243; transform_styles__hover_enabled=&#8221;on|hover&#8221; transform_scale__hover_enabled=&#8221;on|hover&#8221; transform_translate__hover_enabled=&#8221;on|hover&#8221; transform_rotate__hover_enabled=&#8221;on|hover&#8221; transform_skew__hover_enabled=&#8221;on|hover&#8221; transform_origin__hover_enabled=&#8221;on|hover&#8221; transform_translate__hover=&#8221;0px|-10px&#8221;][\/et_pb_blurb][\/et_pb_column][\/et_pb_row][\/et_pb_section][et_pb_section fb_built=&#8221;1&#8243; _builder_version=&#8221;4.24.2&#8243; _module_preset=&#8221;default&#8221; global_colors_info=&#8221;{}&#8221;][et_pb_row column_structure=&#8221;1_4,1_4,1_4,1_4&#8243; _builder_version=&#8221;4.24.2&#8243; _module_preset=&#8221;default&#8221; global_colors_info=&#8221;{}&#8221;][et_pb_column type=&#8221;1_4&#8243; _builder_version=&#8221;4.24.2&#8243; _module_preset=&#8221;default&#8221; global_colors_info=&#8221;{}&#8221;][et_pb_button button_url=&#8221;https:\/\/blogsaverroes.juntadeandalucia.es\/cpranadecharpentier\/files\/2024\/09\/CRITERIOS-DE-EVALUACION-INFANTIL-5-ANOS.pdf&#8221; url_new_window=&#8221;on&#8221; button_text=&#8221;Criterios de evaluaci\u00f3n &#8211; Infantil&#8221; _builder_version=&#8221;4.24.2&#8243; _module_preset=&#8221;default&#8221; global_colors_info=&#8221;{}&#8221;][\/et_pb_button][\/et_pb_column][et_pb_column type=&#8221;1_4&#8243; _builder_version=&#8221;4.24.2&#8243; _module_preset=&#8221;default&#8221; global_colors_info=&#8221;{}&#8221;][et_pb_button button_url=&#8221;https:\/\/blogsaverroes.juntadeandalucia.es\/cpranadecharpentier\/files\/2024\/09\/CRITERIOS-DE-EVALUACION-PRIMER-CICLO.pdf&#8221; url_new_window=&#8221;on&#8221; button_text=&#8221;Criterios de evaluaci\u00f3n &#8211; Primer Ciclo&#8221; _builder_version=&#8221;4.24.2&#8243; _module_preset=&#8221;default&#8221; global_colors_info=&#8221;{}&#8221;][\/et_pb_button][\/et_pb_column][et_pb_column type=&#8221;1_4&#8243; _builder_version=&#8221;4.24.2&#8243; _module_preset=&#8221;default&#8221; global_colors_info=&#8221;{}&#8221;][et_pb_button button_url=&#8221;https:\/\/blogsaverroes.juntadeandalucia.es\/cpranadecharpentier\/files\/2024\/09\/CRITERIOS-DE-EVALUACION-SEGUNDO-CICLO.pdf&#8221; url_new_window=&#8221;on&#8221; button_text=&#8221;Criterios de evaluaci\u00f3n &#8211; Segundo Ciclo&#8221; _builder_version=&#8221;4.24.2&#8243; _module_preset=&#8221;default&#8221; global_colors_info=&#8221;{}&#8221;][\/et_pb_button][\/et_pb_column][et_pb_column type=&#8221;1_4&#8243; _builder_version=&#8221;4.24.2&#8243; _module_preset=&#8221;default&#8221; global_colors_info=&#8221;{}&#8221;][et_pb_button button_url=&#8221;https:\/\/blogsaverroes.juntadeandalucia.es\/cpranadecharpentier\/files\/2024\/09\/CRITERIOS-DE-EVALUACION-TERCER-CICLO.pdf&#8221; url_new_window=&#8221;on&#8221; button_text=&#8221;Criterios de evaluaci\u00f3n &#8211; Tercer Ciclo&#8221; _builder_version=&#8221;4.24.2&#8243; _module_preset=&#8221;default&#8221; global_colors_info=&#8221;{}&#8221;][\/et_pb_button][\/et_pb_column][\/et_pb_row][\/et_pb_section][et_pb_section fb_built=&#8221;1&#8243; _builder_version=&#8221;4.24.2&#8243; _module_preset=&#8221;default&#8221; min_height=&#8221;1043.8px&#8221; global_colors_info=&#8221;{}&#8221;][et_pb_row _builder_version=&#8221;4.24.2&#8243; _module_preset=&#8221;default&#8221; global_colors_info=&#8221;{}&#8221;][et_pb_column type=&#8221;4_4&#8243; _builder_version=&#8221;4.24.2&#8243; _module_preset=&#8221;default&#8221; global_colors_info=&#8221;{}&#8221;][et_pb_blurb title=&#8221;Proyectos en el Centro 2024-2025&#8243; image=&#8221;https:\/\/blogsaverroes.juntadeandalucia.es\/cpranadecharpentier\/files\/2024\/03\/20.jpg&#8221; image_icon_width=&#8221;86%&#8221; _builder_version=&#8221;4.24.2&#8243; _module_preset=&#8221;default&#8221; box_shadow_style_image=&#8221;preset4&#8243; global_colors_info=&#8221;{}&#8221;]<\/p>\n<p>\u00a0&#8211; Plan de Igualdad de g\u00e9nero en educaci\u00f3n<\/p>\n<p>&#8211; Plan de apertura de centros docentes<\/p>\n<p>&#8211; Plan de Salud Laboral y prevenci\u00f3n de riesgos laborales<\/p>\n<p>&#8211; Organizaci\u00f3n y funcionamiento de bibliotecas escolares<\/p>\n<p>&#8211; Pr\u00e1cticum Grado Maestro<\/p>\n<p>&#8211; Transformaci\u00f3n Digital Educativa<\/p>\n<p>&#8211; M\u00e1s Equidad<\/p>\n<p>&#8211; Red Andaluza de Ecoescuelas<\/p>\n<p>&#8211; Proyecto \u201cAulas Verdes Abiertas\u201d<\/p>\n<p>&#8211; Peri\u00f3dico escolar<\/p>\n<p>&#8211; Juegos de mesa en el aula<\/p>\n<p>&#8211; Programa CIMA:<\/p>\n<ul>\n<li>Promoci\u00f3n de h\u00e1bitos de vida saludable<\/li>\n<li>Educaci\u00f3n ambiental para la sostenibilidad<\/li>\n<\/ul>\n<p>[\/et_pb_blurb][\/et_pb_column][\/et_pb_row][\/et_pb_section][et_pb_section fb_built=&#8221;1&#8243; fullwidth=&#8221;on&#8221; _builder_version=&#8221;4.16&#8243; _module_preset=&#8221;default&#8221; global_colors_info=&#8221;{}&#8221;][et_pb_fullwidth_header _builder_version=&#8221;4.24.2&#8243; _module_preset=&#8221;default&#8221; global_colors_info=&#8221;{}&#8221;][\/et_pb_fullwidth_header][\/et_pb_section]<\/p>\n","protected":false},"excerpt":{"rendered":"<p>Plan de Centro\u00a0&#8211; Plan de Igualdad de g\u00e9nero en educaci\u00f3n &#8211; Plan de apertura de centros docentes &#8211; Plan de Salud Laboral y prevenci\u00f3n de riesgos laborales &#8211; Organizaci\u00f3n y funcionamiento de bibliotecas escolares &#8211; Pr\u00e1cticum Grado Maestro &#8211; Transformaci\u00f3n Digital Educativa &#8211; M\u00e1s Equidad &#8211; Red Andaluza de Ecoescuelas &#8211; Proyecto \u201cAulas Verdes Abiertas\u201d [&hellip;]<\/p>\n","protected":false},"author":7051,"featured_media":0,"parent":0,"menu_order":0,"comment_status":"closed","ping_status":"closed","template":"","meta":{"_et_pb_use_builder":"on","_et_pb_old_content":"","_et_gb_content_width":"","ngg_post_thumbnail":0,"footnotes":""},"aioseo_notices":[],"_links":{"self":[{"href":"https:\/\/blogsaverroes.juntadeandalucia.es\/cpranadecharpentier\/wp-json\/wp\/v2\/pages\/850"}],"collection":[{"href":"https:\/\/blogsaverroes.juntadeandalucia.es\/cpranadecharpentier\/wp-json\/wp\/v2\/pages"}],"about":[{"href":"https:\/\/blogsaverroes.juntadeandalucia.es\/cpranadecharpentier\/wp-json\/wp\/v2\/types\/page"}],"author":[{"embeddable":true,"href":"https:\/\/blogsaverroes.juntadeandalucia.es\/cpranadecharpentier\/wp-json\/wp\/v2\/users\/7051"}],"replies":[{"embeddable":true,"href":"https:\/\/blogsaverroes.juntadeandalucia.es\/cpranadecharpentier\/wp-json\/wp\/v2\/comments?post=850"}],"version-history":[{"count":27,"href":"https:\/\/blogsaverroes.juntadeandalucia.es\/cpranadecharpentier\/wp-json\/wp\/v2\/pages\/850\/revisions"}],"predecessor-version":[{"id":248452,"href":"https:\/\/blogsaverroes.juntadeandalucia.es\/cpranadecharpentier\/wp-json\/wp\/v2\/pages\/850\/revisions\/248452"}],"wp:attachment":[{"href":"https:\/\/blogsaverroes.juntadeandalucia.es\/cpranadecharpentier\/wp-json\/wp\/v2\/media?parent=850"}],"curies":[{"name":"wp","href":"https:\/\/api.w.org\/{rel}","templated":true}]}}