{"id":301,"date":"2020-02-12T08:22:12","date_gmt":"2020-02-12T07:22:12","guid":{"rendered":"http:\/\/blogsaverroes.juntadeandalucia.es\/pre\/nuevoies2v2\/?page_id=301"},"modified":"2020-02-12T08:22:12","modified_gmt":"2020-02-12T07:22:12","slug":"novedades","status":"publish","type":"page","link":"https:\/\/blogsaverroes.juntadeandalucia.es\/cprbembezar\/novedades\/","title":{"rendered":"Novedades"},"content":{"rendered":"<div class=\"pt-cv-wrapper\"><div class=\"pt-cv-view pt-cv-grid pt-cv-colsys\" id=\"pt-cv-view-4efd38bw9f\"><div data-id=\"pt-cv-page-1\" class=\"pt-cv-page\" data-cvc=\"3\"><div class=\"col-md-4 col-sm-6 col-xs-12 pt-cv-content-item pt-cv-1-col\" ><div class='pt-cv-ifield'><a href=\"https:\/\/blogsaverroes.juntadeandalucia.es\/cprbembezar\/hola-mundo\/\" class=\"_self pt-cv-href-thumbnail pt-cv-thumb-default\" target=\"_self\" ><img loading=\"lazy\" decoding=\"async\" width=\"1536\" height=\"1024\" src=\"https:\/\/blogsaverroes.juntadeandalucia.es\/cprbembezar\/files\/2025\/10\/HolaMundo-1.png\" class=\"pt-cv-thumbnail\" alt=\"\" srcset=\"https:\/\/blogsaverroes.juntadeandalucia.es\/cprbembezar\/files\/2025\/10\/HolaMundo-1.png 1536w, https:\/\/blogsaverroes.juntadeandalucia.es\/cprbembezar\/files\/2025\/10\/HolaMundo-1-300x200.png 300w, https:\/\/blogsaverroes.juntadeandalucia.es\/cprbembezar\/files\/2025\/10\/HolaMundo-1-1024x683.png 1024w, https:\/\/blogsaverroes.juntadeandalucia.es\/cprbembezar\/files\/2025\/10\/HolaMundo-1-768x512.png 768w\" sizes=\"(max-width: 1536px) 100vw, 1536px\" \/><\/a>\n<h4 class=\"pt-cv-title\"><a href=\"https:\/\/blogsaverroes.juntadeandalucia.es\/cprbembezar\/hola-mundo\/\" class=\"_self\" target=\"_self\" >\u00a1Hola mundo!<\/a><\/h4>\n<div class=\"pt-cv-content\">\u00a1Bienvenidos y bienvenidas a la nueva web del CPR Bemb\u00e9zar! Iniciamos este espacio digital con ...<br \/><div class=\"pt-cv-rmwrap\"><a href=\"https:\/\/blogsaverroes.juntadeandalucia.es\/cprbembezar\/hola-mundo\/\" class=\"_self pt-cv-readmore btn btn-success\" target=\"_self\">Leer M\u00e1s<\/a><\/div><\/div><\/div><\/div>\n<div class=\"col-md-4 col-sm-6 col-xs-12 pt-cv-content-item pt-cv-1-col\" ><div class='pt-cv-ifield'><a href=\"https:\/\/blogsaverroes.juntadeandalucia.es\/cprbembezar\/1a-semana-de-la-ciencia-del-21-al-25-de-enero\/\" class=\"_self pt-cv-href-thumbnail pt-cv-thumb-default\" target=\"_self\" ><img loading=\"lazy\" decoding=\"async\" width=\"400\" height=\"250\" src=\"https:\/\/blogsaverroes.juntadeandalucia.es\/cprbembezar\/files\/2020\/01\/paper-3213924_1920-400x250.jpg\" class=\"pt-cv-thumbnail\" alt=\"\" srcset=\"https:\/\/blogsaverroes.juntadeandalucia.es\/cprbembezar\/files\/2020\/01\/paper-3213924_1920-400x250.jpg 400w, https:\/\/blogsaverroes.juntadeandalucia.es\/cprbembezar\/files\/2020\/01\/paper-3213924_1920-300x189.jpg 300w, https:\/\/blogsaverroes.juntadeandalucia.es\/cprbembezar\/files\/2020\/01\/paper-3213924_1920-1080x675.jpg 1080w, https:\/\/blogsaverroes.juntadeandalucia.es\/cprbembezar\/files\/2020\/01\/paper-3213924_1920-24x15.jpg 24w, https:\/\/blogsaverroes.juntadeandalucia.es\/cprbembezar\/files\/2020\/01\/paper-3213924_1920-36x23.jpg 36w, https:\/\/blogsaverroes.juntadeandalucia.es\/cprbembezar\/files\/2020\/01\/paper-3213924_1920-48x30.jpg 48w\" sizes=\"(max-width: 400px) 100vw, 400px\" \/><\/a>\n<h4 class=\"pt-cv-title\"><a href=\"https:\/\/blogsaverroes.juntadeandalucia.es\/cprbembezar\/1a-semana-de-la-ciencia-del-21-al-25-de-enero\/\" class=\"_self\" target=\"_self\" >1\u00aa SEMANA DE LA CIENCIA  DEL 21 AL 25 DE ENERO<\/a><\/h4>\n<div class=\"pt-cv-content\">Durante la semana del 21 al 25 de enero, se han realizado en nuestro ciclo ...<br \/><div class=\"pt-cv-rmwrap\"><a href=\"https:\/\/blogsaverroes.juntadeandalucia.es\/cprbembezar\/1a-semana-de-la-ciencia-del-21-al-25-de-enero\/\" class=\"_self pt-cv-readmore btn btn-success\" target=\"_self\">Leer M\u00e1s<\/a><\/div><\/div><\/div><\/div>\n<div class=\"col-md-4 col-sm-6 col-xs-12 pt-cv-content-item pt-cv-1-col\" ><div class='pt-cv-ifield'><a href=\"https:\/\/blogsaverroes.juntadeandalucia.es\/cprbembezar\/lucy-y-zacarias-nos-visitan\/\" class=\"_self pt-cv-href-thumbnail pt-cv-thumb-default\" target=\"_self\" ><img loading=\"lazy\" decoding=\"async\" width=\"400\" height=\"250\" src=\"https:\/\/blogsaverroes.juntadeandalucia.es\/cprbembezar\/files\/2020\/02\/life-coach-27-400x250.jpg\" class=\"pt-cv-thumbnail\" alt=\"\" srcset=\"https:\/\/blogsaverroes.juntadeandalucia.es\/cprbembezar\/files\/2020\/02\/life-coach-27-400x250.jpg 400w, https:\/\/blogsaverroes.juntadeandalucia.es\/cprbembezar\/files\/2020\/02\/life-coach-27-24x14.jpg 24w\" sizes=\"(max-width: 400px) 100vw, 400px\" \/><\/a>\n<h4 class=\"pt-cv-title\"><a href=\"https:\/\/blogsaverroes.juntadeandalucia.es\/cprbembezar\/lucy-y-zacarias-nos-visitan\/\" class=\"_self\" target=\"_self\" >Lucy y Zacar\u00edas nos visitan en clase<\/a><\/h4>\n<div class=\"pt-cv-content\">Lorem ipsum dolor sit amet, consectetur adipiscing elit. Pellentesque a neque eu urna dictum feugiat ...<br \/><div class=\"pt-cv-rmwrap\"><a href=\"https:\/\/blogsaverroes.juntadeandalucia.es\/cprbembezar\/lucy-y-zacarias-nos-visitan\/\" class=\"_self pt-cv-readmore btn btn-success\" target=\"_self\">Leer M\u00e1s<\/a><\/div><\/div><\/div><\/div>\n<div class=\"col-md-4 col-sm-6 col-xs-12 pt-cv-content-item pt-cv-1-col\" ><div class='pt-cv-ifield'><a href=\"https:\/\/blogsaverroes.juntadeandalucia.es\/cprbembezar\/celebracion-dia-de-andalucia-2019\/\" class=\"_self pt-cv-href-thumbnail pt-cv-thumb-default\" target=\"_self\" ><img loading=\"lazy\" decoding=\"async\" width=\"400\" height=\"250\" src=\"https:\/\/blogsaverroes.juntadeandalucia.es\/cprbembezar\/files\/2020\/02\/online-3412473_1280-1024x682-1-400x250.jpg\" class=\"pt-cv-thumbnail\" alt=\"\" srcset=\"https:\/\/blogsaverroes.juntadeandalucia.es\/cprbembezar\/files\/2020\/02\/online-3412473_1280-1024x682-1-400x250.jpg 400w, https:\/\/blogsaverroes.juntadeandalucia.es\/cprbembezar\/files\/2020\/02\/online-3412473_1280-1024x682-1-24x16.jpg 24w, https:\/\/blogsaverroes.juntadeandalucia.es\/cprbembezar\/files\/2020\/02\/online-3412473_1280-1024x682-1-36x24.jpg 36w\" sizes=\"(max-width: 400px) 100vw, 400px\" \/><\/a>\n<h4 class=\"pt-cv-title\"><a href=\"https:\/\/blogsaverroes.juntadeandalucia.es\/cprbembezar\/celebracion-dia-de-andalucia-2019\/\" class=\"_self\" target=\"_self\" >Celebraci\u00f3n D\u00eda de Andaluc\u00eda 2019<\/a><\/h4>\n<div class=\"pt-cv-content\">Lorem ipsum dolor sit amet, consectetur adipiscing elit. Pellentesque a neque eu urna dictum feugiat ...<br \/><div class=\"pt-cv-rmwrap\"><a href=\"https:\/\/blogsaverroes.juntadeandalucia.es\/cprbembezar\/celebracion-dia-de-andalucia-2019\/\" class=\"_self pt-cv-readmore btn btn-success\" target=\"_self\">Leer M\u00e1s<\/a><\/div><\/div><\/div><\/div>\n<div class=\"col-md-4 col-sm-6 col-xs-12 pt-cv-content-item pt-cv-1-col\" ><div class='pt-cv-ifield'><a href=\"https:\/\/blogsaverroes.juntadeandalucia.es\/cprbembezar\/ix-semana-cultural\/\" class=\"_self pt-cv-href-thumbnail pt-cv-thumb-default\" target=\"_self\" ><img loading=\"lazy\" decoding=\"async\" width=\"400\" height=\"250\" src=\"https:\/\/blogsaverroes.juntadeandalucia.es\/cprbembezar\/files\/2020\/02\/cdn_CPTYqIsae5ULtk1OEGH4JzcQQfsEuZxy-400x250.jpg\" class=\"pt-cv-thumbnail\" alt=\"\" srcset=\"https:\/\/blogsaverroes.juntadeandalucia.es\/cprbembezar\/files\/2020\/02\/cdn_CPTYqIsae5ULtk1OEGH4JzcQQfsEuZxy-400x250.jpg 400w, https:\/\/blogsaverroes.juntadeandalucia.es\/cprbembezar\/files\/2020\/02\/cdn_CPTYqIsae5ULtk1OEGH4JzcQQfsEuZxy-24x16.jpg 24w, https:\/\/blogsaverroes.juntadeandalucia.es\/cprbembezar\/files\/2020\/02\/cdn_CPTYqIsae5ULtk1OEGH4JzcQQfsEuZxy-36x24.jpg 36w\" sizes=\"(max-width: 400px) 100vw, 400px\" \/><\/a>\n<h4 class=\"pt-cv-title\"><a href=\"https:\/\/blogsaverroes.juntadeandalucia.es\/cprbembezar\/ix-semana-cultural\/\" class=\"_self\" target=\"_self\" >IX Semana Cultural<\/a><\/h4>\n<div class=\"pt-cv-content\">Lorem ipsum dolor sit amet, consectetur adipiscing elit. Pellentesque a neque eu urna dictum feugiat ...<br \/><div class=\"pt-cv-rmwrap\"><a href=\"https:\/\/blogsaverroes.juntadeandalucia.es\/cprbembezar\/ix-semana-cultural\/\" class=\"_self pt-cv-readmore btn btn-success\" target=\"_self\">Leer M\u00e1s<\/a><\/div><\/div><\/div><\/div>\n<div class=\"col-md-4 col-sm-6 col-xs-12 pt-cv-content-item pt-cv-1-col\" ><div class='pt-cv-ifield'><a href=\"https:\/\/blogsaverroes.juntadeandalucia.es\/cprbembezar\/reunion-de-inicio-de-curso-para-las-familias-de-5-anos\/\" class=\"_self pt-cv-href-thumbnail pt-cv-thumb-default\" target=\"_self\" ><img loading=\"lazy\" decoding=\"async\" width=\"400\" height=\"250\" src=\"https:\/\/blogsaverroes.juntadeandalucia.es\/cprbembezar\/files\/2020\/01\/Lucy-y-Zacar\u00edas-1024x553-1-400x250.jpeg\" class=\"pt-cv-thumbnail\" alt=\"\" \/><\/a>\n<h4 class=\"pt-cv-title\"><a href=\"https:\/\/blogsaverroes.juntadeandalucia.es\/cprbembezar\/reunion-de-inicio-de-curso-para-las-familias-de-5-anos\/\" class=\"_self\" target=\"_self\" >Reuni\u00f3n de inicio de curso para las familias de 5 a\u00f1os<\/a><\/h4>\n<div class=\"pt-cv-content\">Se convoca a las familias del alumnado de 5 a\u00f1os a nuestra reuni\u00f3n inicial del ...<br \/><div class=\"pt-cv-rmwrap\"><a href=\"https:\/\/blogsaverroes.juntadeandalucia.es\/cprbembezar\/reunion-de-inicio-de-curso-para-las-familias-de-5-anos\/\" class=\"_self pt-cv-readmore btn btn-success\" target=\"_self\">Leer M\u00e1s<\/a><\/div><\/div><\/div><\/div><\/div><\/div>\n<div class=\" pt-cv-pagination-wrapper\"><ul class=\"pt-cv-pagination pt-cv-ajax pagination\" data-totalpages=\"2\" data-currentpage=\"1\" data-sid=\"4efd38bw9f\" data-unid=\"\" data-isblock=\"\" data-postid=\"\"><li class=\"active\"><a href=\"#\">1<\/a><\/li>\n\t<li ><a class=\"\" href=\"https:\/\/blogsaverroes.juntadeandalucia.es\/cprbembezar\/wp-json\/wp\/v2\/pages\/301\/?_page=2\">2<\/a><\/li>\n\t<li ><a class=\" \" href=\"https:\/\/blogsaverroes.juntadeandalucia.es\/cprbembezar\/wp-json\/wp\/v2\/pages\/301\/?_page=2\">&rsaquo;<\/a><\/li>\n\t<\/ul><img loading=\"lazy\" decoding=\"async\" width=\"15\" height=\"15\" class=\"pt-cv-spinner\" alt=\"Cargando...\" src=\"data:image\/gif;base64,R0lGODlhDwAPALMPAMrKygwMDJOTkz09PZWVla+vr3p6euTk5M7OzuXl5TMzMwAAAJmZmWZmZszMzP\/\/\/yH\/C05FVFNDQVBFMi4wAwEAAAAh+QQFCgAPACwAAAAADwAPAAAEQvDJaZaZOIcV8iQK8VRX4iTYoAwZ4iCYoAjZ4RxejhVNoT+mRGP4cyF4Pp0N98sBGIBMEMOotl6YZ3S61Bmbkm4mAgAh+QQFCgAPACwAAAAADQANAAAENPDJSRSZeA418itN8QiK8BiLITVsFiyBBIoYqnoewAD4xPw9iY4XLGYSjkQR4UAUD45DLwIAIfkEBQoADwAsAAAAAA8ACQAABC\/wyVlamTi3nSdgwFNdhEJgTJoNyoB9ISYoQmdjiZPcj7EYCAeCF1gEDo4Dz2eIAAAh+QQFCgAPACwCAAAADQANAAAEM\/DJBxiYeLKdX3IJZT1FU0iIg2RNKx3OkZVnZ98ToRD4MyiDnkAh6BkNC0MvsAj0kMpHBAAh+QQFCgAPACwGAAAACQAPAAAEMDC59KpFDll73HkAA2wVY5KgiK5b0RRoI6MuzG6EQqCDMlSGheEhUAgqgUUAFRySIgAh+QQFCgAPACwCAAIADQANAAAEM\/DJKZNLND\/kkKaHc3xk+QAMYDKsiaqmZCxGVjSFFCxB1vwy2oOgIDxuucxAMTAJFAJNBAAh+QQFCgAPACwAAAYADwAJAAAEMNAs86q1yaWwwv2Ig0jUZx3OYa4XoRAfwADXoAwfo1+CIjyFRuEho60aSNYlOPxEAAAh+QQFCgAPACwAAAIADQANAAAENPA9s4y8+IUVcqaWJ4qEQozSoAzoIyhCK2NFU2SJk0hNnyEOhKR2AzAAj4Pj4GE4W0bkJQIAOw==\" \/><div class=\"clear pt-cv-clear-pagination\"><\/div><\/div><\/div>\n","protected":false},"excerpt":{"rendered":"","protected":false},"author":7051,"featured_media":0,"parent":0,"menu_order":0,"comment_status":"closed","ping_status":"closed","template":"","meta":{"ngg_post_thumbnail":0,"footnotes":""},"aioseo_notices":[],"_links":{"self":[{"href":"https:\/\/blogsaverroes.juntadeandalucia.es\/cprbembezar\/wp-json\/wp\/v2\/pages\/301"}],"collection":[{"href":"https:\/\/blogsaverroes.juntadeandalucia.es\/cprbembezar\/wp-json\/wp\/v2\/pages"}],"about":[{"href":"https:\/\/blogsaverroes.juntadeandalucia.es\/cprbembezar\/wp-json\/wp\/v2\/types\/page"}],"author":[{"embeddable":true,"href":"https:\/\/blogsaverroes.juntadeandalucia.es\/cprbembezar\/wp-json\/wp\/v2\/users\/7051"}],"replies":[{"embeddable":true,"href":"https:\/\/blogsaverroes.juntadeandalucia.es\/cprbembezar\/wp-json\/wp\/v2\/comments?post=301"}],"version-history":[{"count":0,"href":"https:\/\/blogsaverroes.juntadeandalucia.es\/cprbembezar\/wp-json\/wp\/v2\/pages\/301\/revisions"}],"wp:attachment":[{"href":"https:\/\/blogsaverroes.juntadeandalucia.es\/cprbembezar\/wp-json\/wp\/v2\/media?parent=301"}],"curies":[{"name":"wp","href":"https:\/\/api.w.org\/{rel}","templated":true}]}}