{"id":44,"date":"2020-01-10T09:48:31","date_gmt":"2020-01-10T08:48:31","guid":{"rendered":"http:\/\/blogsaverroes.juntadeandalucia.es\/pre\/nuevoies2v2\/?page_id=44"},"modified":"2026-03-20T13:39:24","modified_gmt":"2026-03-20T12:39:24","slug":"inicio","status":"publish","type":"page","link":"https:\/\/blogsaverroes.juntadeandalucia.es\/cprbembezar\/","title":{"rendered":"Inicio"},"content":{"rendered":"<p><img loading=\"lazy\" decoding=\"async\" class=\"size-medium wp-image-606 aligncenter\" src=\"https:\/\/blogsaverroes.juntadeandalucia.es\/cprbembezar\/files\/2025\/10\/HolaMundo-300x300.png\" alt=\"\" width=\"300\" height=\"300\" srcset=\"https:\/\/blogsaverroes.juntadeandalucia.es\/cprbembezar\/files\/2025\/10\/HolaMundo-300x300.png 300w, https:\/\/blogsaverroes.juntadeandalucia.es\/cprbembezar\/files\/2025\/10\/HolaMundo-150x150.png 150w, https:\/\/blogsaverroes.juntadeandalucia.es\/cprbembezar\/files\/2025\/10\/HolaMundo-768x768.png 768w, https:\/\/blogsaverroes.juntadeandalucia.es\/cprbembezar\/files\/2025\/10\/HolaMundo.png 1024w\" sizes=\"(max-width: 300px) 100vw, 300px\" \/><\/p>\n<p>\u00a1Bienvenidos\/as a nuestro <span style=\"color: #0000ff\"><em><strong>CPR Bemb\u00e9zar<\/strong><\/em><\/span>!<\/p>\n<p>Un colegio peque\u00f1ito donde construimos a\u00f1o tras a\u00f1o una especie de hogar. Aqu\u00ed apostamos no solo por una ense\u00f1anza acad\u00e9mica, sino que priorizamos y creemos que el bienestar emocional es un factor clave para avanzar y progresar.<\/p>\n<p>Bajo el lema <span style=\"color: #800080\"><em><strong>&#8220;Con AMOR y RESPETO todo es posible&#8221;<\/strong><\/em><\/span>, intentamos que toda la Comunidad Educativa encuentre su espacio y se sienta bien consigo mismo y con los dem\u00e1s.<\/p>\n<p>Tenemos dos sedes escolares, una en <strong>Mesas de Guadalora<\/strong> y una en <strong>C\u00e9spedes<\/strong>; ambos poblados de colonizaci\u00f3n pertenecientes a la localidad de Hornachuelos.<\/p>\n<p>\u00bfQuer\u00e9is conocernos m\u00e1s?<\/p>\n<p>\u00a1Adelante!<\/p>\n","protected":false},"excerpt":{"rendered":"<p>\u00a1Bienvenidos\/as a nuestro CPR Bemb\u00e9zar! Un colegio peque\u00f1ito donde construimos a\u00f1o tras a\u00f1o una especie de hogar. Aqu\u00ed apostamos no solo por una ense\u00f1anza acad\u00e9mica,&hellip;<\/p>\n","protected":false},"author":7051,"featured_media":0,"parent":0,"menu_order":0,"comment_status":"closed","ping_status":"closed","template":"","meta":{"ngg_post_thumbnail":0,"footnotes":""},"aioseo_notices":[],"_links":{"self":[{"href":"https:\/\/blogsaverroes.juntadeandalucia.es\/cprbembezar\/wp-json\/wp\/v2\/pages\/44"}],"collection":[{"href":"https:\/\/blogsaverroes.juntadeandalucia.es\/cprbembezar\/wp-json\/wp\/v2\/pages"}],"about":[{"href":"https:\/\/blogsaverroes.juntadeandalucia.es\/cprbembezar\/wp-json\/wp\/v2\/types\/page"}],"author":[{"embeddable":true,"href":"https:\/\/blogsaverroes.juntadeandalucia.es\/cprbembezar\/wp-json\/wp\/v2\/users\/7051"}],"replies":[{"embeddable":true,"href":"https:\/\/blogsaverroes.juntadeandalucia.es\/cprbembezar\/wp-json\/wp\/v2\/comments?post=44"}],"version-history":[{"count":49,"href":"https:\/\/blogsaverroes.juntadeandalucia.es\/cprbembezar\/wp-json\/wp\/v2\/pages\/44\/revisions"}],"predecessor-version":[{"id":736,"href":"https:\/\/blogsaverroes.juntadeandalucia.es\/cprbembezar\/wp-json\/wp\/v2\/pages\/44\/revisions\/736"}],"wp:attachment":[{"href":"https:\/\/blogsaverroes.juntadeandalucia.es\/cprbembezar\/wp-json\/wp\/v2\/media?parent=44"}],"curies":[{"name":"wp","href":"https:\/\/api.w.org\/{rel}","templated":true}]}}