{"id":55,"date":"2020-01-10T09:42:57","date_gmt":"2020-01-10T08:42:57","guid":{"rendered":"http:\/\/blogsaverroes.juntadeandalucia.es\/pre\/nuevoies2v2\/?page_id=55"},"modified":"2026-04-29T19:44:59","modified_gmt":"2026-04-29T18:44:59","slug":"planes-y-proyectos","status":"publish","type":"page","link":"https:\/\/blogsaverroes.juntadeandalucia.es\/cprbembezar\/planes-y-proyectos\/","title":{"rendered":"Planes y Proyectos"},"content":{"rendered":"<figure id=\"attachment_776\" aria-describedby=\"caption-attachment-776\" style=\"width: 207px\" class=\"wp-caption alignnone\"><img loading=\"lazy\" decoding=\"async\" class=\"wp-image-776 size-full\" src=\"https:\/\/blogsaverroes.juntadeandalucia.es\/cprbembezar\/files\/2026\/04\/BIBLIOTECA.jpg\" alt=\"\" width=\"207\" height=\"244\"><figcaption id=\"caption-attachment-776\" class=\"wp-caption-text\"><strong>BIBLIOTECAS ESCOLARES<\/strong><\/figcaption><\/figure>\n<figure id=\"attachment_778\" aria-describedby=\"caption-attachment-778\" style=\"width: 250px\" class=\"wp-caption alignnone\"><img loading=\"lazy\" decoding=\"async\" class=\"wp-image-778 size-full\" src=\"https:\/\/blogsaverroes.juntadeandalucia.es\/cprbembezar\/files\/2026\/04\/IGUALDAD.jpg\" alt=\"\" width=\"250\" height=\"202\"><figcaption id=\"caption-attachment-778\" class=\"wp-caption-text\"><strong>PLAN DE IGUALDAD DE G\u00c9NERO EN EDUCACI\u00d3N ANDALUC\u00cdA<\/strong><\/figcaption><\/figure>\n<figure id=\"attachment_777\" aria-describedby=\"caption-attachment-777\" style=\"width: 225px\" class=\"wp-caption alignnone\"><img loading=\"lazy\" decoding=\"async\" class=\"wp-image-777 size-full\" src=\"https:\/\/blogsaverroes.juntadeandalucia.es\/cprbembezar\/files\/2026\/04\/BIENESTAR.jpg\" alt=\"\" width=\"225\" height=\"225\" srcset=\"https:\/\/blogsaverroes.juntadeandalucia.es\/cprbembezar\/files\/2026\/04\/BIENESTAR.jpg 225w, https:\/\/blogsaverroes.juntadeandalucia.es\/cprbembezar\/files\/2026\/04\/BIENESTAR-150x150.jpg 150w\" sizes=\"(max-width: 225px) 100vw, 225px\" \/><figcaption id=\"caption-attachment-777\" class=\"wp-caption-text\"><strong>BIENESTAR EMOCIONAL<\/strong><\/figcaption><\/figure>\n<figure id=\"attachment_779\" aria-describedby=\"caption-attachment-779\" style=\"width: 300px\" class=\"wp-caption alignnone\"><img loading=\"lazy\" decoding=\"async\" class=\"wp-image-779 size-medium\" src=\"https:\/\/blogsaverroes.juntadeandalucia.es\/cprbembezar\/files\/2026\/04\/PAZ-300x300.jpg\" alt=\"\" width=\"300\" height=\"300\" srcset=\"https:\/\/blogsaverroes.juntadeandalucia.es\/cprbembezar\/files\/2026\/04\/PAZ-300x300.jpg 300w, https:\/\/blogsaverroes.juntadeandalucia.es\/cprbembezar\/files\/2026\/04\/PAZ-150x150.jpg 150w, https:\/\/blogsaverroes.juntadeandalucia.es\/cprbembezar\/files\/2026\/04\/PAZ-768x768.jpg 768w, https:\/\/blogsaverroes.juntadeandalucia.es\/cprbembezar\/files\/2026\/04\/PAZ.jpg 980w\" sizes=\"(max-width: 300px) 100vw, 300px\" \/><figcaption id=\"caption-attachment-779\" class=\"wp-caption-text\"><strong>RED ANDALUZA: ESCUELA &#8220;ESPACIO DE PAZ&#8221;<\/strong><\/figcaption><\/figure>\n<p>&nbsp;<\/p>\n<p>&nbsp;<\/p>\n<p>&nbsp;<\/p>\n<p>&nbsp;<\/p>\n<figure id=\"attachment_773\" aria-describedby=\"caption-attachment-773\" style=\"width: 300px\" class=\"wp-caption alignnone\"><img loading=\"lazy\" decoding=\"async\" class=\"wp-image-773 size-medium\" src=\"https:\/\/blogsaverroes.juntadeandalucia.es\/cprbembezar\/files\/2026\/04\/prl-300x226.jpg\" alt=\"\" width=\"300\" height=\"226\" srcset=\"https:\/\/blogsaverroes.juntadeandalucia.es\/cprbembezar\/files\/2026\/04\/prl-300x226.jpg 300w, https:\/\/blogsaverroes.juntadeandalucia.es\/cprbembezar\/files\/2026\/04\/prl-768x577.jpg 768w, https:\/\/blogsaverroes.juntadeandalucia.es\/cprbembezar\/files\/2026\/04\/prl.jpg 798w\" sizes=\"(max-width: 300px) 100vw, 300px\" \/><figcaption id=\"caption-attachment-773\" class=\"wp-caption-text\"><strong>PREVENCI\u00d3N EN RIESGOS LABORALES<\/strong><\/figcaption><\/figure>\n<figure id=\"attachment_775\" aria-describedby=\"caption-attachment-775\" style=\"width: 300px\" class=\"wp-caption alignnone\"><img loading=\"lazy\" decoding=\"async\" class=\"wp-image-775 size-full\" src=\"https:\/\/blogsaverroes.juntadeandalucia.es\/cprbembezar\/files\/2026\/04\/TDE.png\" alt=\"\" width=\"300\" height=\"300\" srcset=\"https:\/\/blogsaverroes.juntadeandalucia.es\/cprbembezar\/files\/2026\/04\/TDE.png 300w, https:\/\/blogsaverroes.juntadeandalucia.es\/cprbembezar\/files\/2026\/04\/TDE-150x150.png 150w\" sizes=\"(max-width: 300px) 100vw, 300px\" \/><figcaption id=\"caption-attachment-775\" class=\"wp-caption-text\"><strong>TDE (Plan de Actuaci\u00f3n Digital Educativa &#8211; C\u00f3digo Escuela 4.0.)<\/strong><\/figcaption><\/figure>\n<figure id=\"attachment_772\" aria-describedby=\"caption-attachment-772\" style=\"width: 300px\" class=\"wp-caption alignnone\"><img loading=\"lazy\" decoding=\"async\" class=\"wp-image-772 size-medium\" src=\"https:\/\/blogsaverroes.juntadeandalucia.es\/cprbembezar\/files\/2026\/04\/HHVVSS-300x300.jpg\" alt=\"\" width=\"300\" height=\"300\" srcset=\"https:\/\/blogsaverroes.juntadeandalucia.es\/cprbembezar\/files\/2026\/04\/HHVVSS-300x300.jpg 300w, https:\/\/blogsaverroes.juntadeandalucia.es\/cprbembezar\/files\/2026\/04\/HHVVSS-1024x1024.jpg 1024w, https:\/\/blogsaverroes.juntadeandalucia.es\/cprbembezar\/files\/2026\/04\/HHVVSS-150x150.jpg 150w, https:\/\/blogsaverroes.juntadeandalucia.es\/cprbembezar\/files\/2026\/04\/HHVVSS-768x768.jpg 768w, https:\/\/blogsaverroes.juntadeandalucia.es\/cprbembezar\/files\/2026\/04\/HHVVSS-1536x1536.jpg 1536w, https:\/\/blogsaverroes.juntadeandalucia.es\/cprbembezar\/files\/2026\/04\/HHVVSS-2048x2048.jpg 2048w\" sizes=\"(max-width: 300px) 100vw, 300px\" \/><figcaption id=\"caption-attachment-772\" class=\"wp-caption-text\"><strong>H\u00c1BITOS DE VIDA SALUDABLE<\/strong><\/figcaption><\/figure>\n<figure id=\"attachment_771\" aria-describedby=\"caption-attachment-771\" style=\"width: 212px\" class=\"wp-caption alignnone\"><img loading=\"lazy\" decoding=\"async\" class=\"wp-image-771 size-medium\" src=\"https:\/\/blogsaverroes.juntadeandalucia.es\/cprbembezar\/files\/2026\/04\/CARTEL_ZTS-212x300.jpg\" alt=\"\" width=\"212\" height=\"300\" srcset=\"https:\/\/blogsaverroes.juntadeandalucia.es\/cprbembezar\/files\/2026\/04\/CARTEL_ZTS-212x300.jpg 212w, https:\/\/blogsaverroes.juntadeandalucia.es\/cprbembezar\/files\/2026\/04\/CARTEL_ZTS-724x1024.jpg 724w, https:\/\/blogsaverroes.juntadeandalucia.es\/cprbembezar\/files\/2026\/04\/CARTEL_ZTS-768x1087.jpg 768w, https:\/\/blogsaverroes.juntadeandalucia.es\/cprbembezar\/files\/2026\/04\/CARTEL_ZTS-1085x1536.jpg 1085w, https:\/\/blogsaverroes.juntadeandalucia.es\/cprbembezar\/files\/2026\/04\/CARTEL_ZTS.jpg 1240w\" sizes=\"(max-width: 212px) 100vw, 212px\" \/><figcaption id=\"caption-attachment-771\" class=\"wp-caption-text\"><strong>PROGRAMA DE ATENCI\u00d3N SOCIOEDUCATIVA ZTS<\/strong><\/figcaption><\/figure>\n<figure id=\"attachment_774\" aria-describedby=\"caption-attachment-774\" style=\"width: 300px\" class=\"wp-caption alignnone\"><img loading=\"lazy\" decoding=\"async\" class=\"wp-image-774 size-medium\" src=\"https:\/\/blogsaverroes.juntadeandalucia.es\/cprbembezar\/files\/2026\/04\/PROA-300x90.png\" alt=\"\" width=\"300\" height=\"90\" srcset=\"https:\/\/blogsaverroes.juntadeandalucia.es\/cprbembezar\/files\/2026\/04\/PROA-300x90.png 300w, https:\/\/blogsaverroes.juntadeandalucia.es\/cprbembezar\/files\/2026\/04\/PROA.png 408w\" sizes=\"(max-width: 300px) 100vw, 300px\" \/><figcaption id=\"caption-attachment-774\" class=\"wp-caption-text\"><strong>PROGRAMA DE REFUERZO, ORIENTACI\u00d3N Y APOYO ANDALUC\u00cdA<\/strong><\/figcaption><\/figure>\n<figure id=\"attachment_780\" aria-describedby=\"caption-attachment-780\" style=\"width: 238px\" class=\"wp-caption alignnone\"><img loading=\"lazy\" decoding=\"async\" class=\"wp-image-780 size-full\" src=\"https:\/\/blogsaverroes.juntadeandalucia.es\/cprbembezar\/files\/2026\/04\/PREX.jpg\" alt=\"\" width=\"238\" height=\"212\"><figcaption id=\"caption-attachment-780\" class=\"wp-caption-text\"><strong>PROGRAMA DE REFUERZO EN LENGUA EXTRANJERA<\/strong><\/figcaption><\/figure>\n<figure id=\"attachment_781\" aria-describedby=\"caption-attachment-781\" style=\"width: 225px\" class=\"wp-caption alignnone\"><img loading=\"lazy\" decoding=\"async\" class=\"wp-image-781 size-full\" src=\"https:\/\/blogsaverroes.juntadeandalucia.es\/cprbembezar\/files\/2026\/04\/RETO.jpg\" alt=\"\" width=\"225\" height=\"225\" srcset=\"https:\/\/blogsaverroes.juntadeandalucia.es\/cprbembezar\/files\/2026\/04\/RETO.jpg 225w, https:\/\/blogsaverroes.juntadeandalucia.es\/cprbembezar\/files\/2026\/04\/RETO-150x150.jpg 150w\" sizes=\"(max-width: 225px) 100vw, 225px\" \/><figcaption id=\"caption-attachment-781\" class=\"wp-caption-text\"><strong>PROGRAMA RETO, de EVA SOLAZ<\/strong><\/figcaption><\/figure>\n","protected":false},"excerpt":{"rendered":"<p>&nbsp; &nbsp; &nbsp; &nbsp;<\/p>\n","protected":false},"author":7051,"featured_media":0,"parent":0,"menu_order":0,"comment_status":"closed","ping_status":"closed","template":"","meta":{"ngg_post_thumbnail":0,"footnotes":""},"aioseo_notices":[],"_links":{"self":[{"href":"https:\/\/blogsaverroes.juntadeandalucia.es\/cprbembezar\/wp-json\/wp\/v2\/pages\/55"}],"collection":[{"href":"https:\/\/blogsaverroes.juntadeandalucia.es\/cprbembezar\/wp-json\/wp\/v2\/pages"}],"about":[{"href":"https:\/\/blogsaverroes.juntadeandalucia.es\/cprbembezar\/wp-json\/wp\/v2\/types\/page"}],"author":[{"embeddable":true,"href":"https:\/\/blogsaverroes.juntadeandalucia.es\/cprbembezar\/wp-json\/wp\/v2\/users\/7051"}],"replies":[{"embeddable":true,"href":"https:\/\/blogsaverroes.juntadeandalucia.es\/cprbembezar\/wp-json\/wp\/v2\/comments?post=55"}],"version-history":[{"count":4,"href":"https:\/\/blogsaverroes.juntadeandalucia.es\/cprbembezar\/wp-json\/wp\/v2\/pages\/55\/revisions"}],"predecessor-version":[{"id":782,"href":"https:\/\/blogsaverroes.juntadeandalucia.es\/cprbembezar\/wp-json\/wp\/v2\/pages\/55\/revisions\/782"}],"wp:attachment":[{"href":"https:\/\/blogsaverroes.juntadeandalucia.es\/cprbembezar\/wp-json\/wp\/v2\/media?parent=55"}],"curies":[{"name":"wp","href":"https:\/\/api.w.org\/{rel}","templated":true}]}}