{"id":563,"date":"2025-10-16T22:25:44","date_gmt":"2025-10-16T21:25:44","guid":{"rendered":"https:\/\/blogsaverroes.juntadeandalucia.es\/cprbembezar\/?page_id=563"},"modified":"2025-12-05T13:51:04","modified_gmt":"2025-12-05T12:51:04","slug":"saluda","status":"publish","type":"page","link":"https:\/\/blogsaverroes.juntadeandalucia.es\/cprbembezar\/saluda\/","title":{"rendered":"Saluda"},"content":{"rendered":"<p><img loading=\"lazy\" decoding=\"async\" class=\"alignnone size-medium wp-image-667\" src=\"https:\/\/blogsaverroes.juntadeandalucia.es\/cprbembezar\/files\/2025\/12\/IMG_0889-300x225.jpeg\" alt=\"\" width=\"300\" height=\"225\" srcset=\"https:\/\/blogsaverroes.juntadeandalucia.es\/cprbembezar\/files\/2025\/12\/IMG_0889-300x225.jpeg 300w, https:\/\/blogsaverroes.juntadeandalucia.es\/cprbembezar\/files\/2025\/12\/IMG_0889-1024x768.jpeg 1024w, https:\/\/blogsaverroes.juntadeandalucia.es\/cprbembezar\/files\/2025\/12\/IMG_0889-768x576.jpeg 768w, https:\/\/blogsaverroes.juntadeandalucia.es\/cprbembezar\/files\/2025\/12\/IMG_0889-1536x1152.jpeg 1536w, https:\/\/blogsaverroes.juntadeandalucia.es\/cprbembezar\/files\/2025\/12\/IMG_0889-2048x1536.jpeg 2048w\" sizes=\"(max-width: 300px) 100vw, 300px\" \/><\/p>\n<p>\u00a1Hola! Somos Gloria y Laura, formamos el Equipo Directivo de este cole.<\/p>\n<p>Llevamos bastantes cursos en el CPR Bemb\u00e9zar, como maestras de Ed. Primaria y Pedagog\u00eda Terap\u00e9utica, pero este curso 2025\/2026 es nuestro primer a\u00f1o juntas como Directora y Secretaria.<\/p>\n<p>Estamos muy contentas y animadas de poder desarrollar esta funci\u00f3n tan importante, siempre buscando las mejoras en el centro, en beneficio de nuestro alumnado.<\/p>\n<p>\u00a1Pod\u00e9is contar con nosotras para lo que necesit\u00e9is!<\/p>\n<p>Un saludo<\/p>\n<p>&nbsp;<\/p>\n","protected":false},"excerpt":{"rendered":"<p>\u00a1Hola! Somos Gloria y Laura, formamos el Equipo Directivo de este cole. Llevamos bastantes cursos en el CPR Bemb\u00e9zar, como maestras de Ed. Primaria y&hellip;<\/p>\n","protected":false},"author":8537,"featured_media":0,"parent":0,"menu_order":0,"comment_status":"closed","ping_status":"closed","template":"","meta":{"ngg_post_thumbnail":0,"footnotes":""},"aioseo_notices":[],"_links":{"self":[{"href":"https:\/\/blogsaverroes.juntadeandalucia.es\/cprbembezar\/wp-json\/wp\/v2\/pages\/563"}],"collection":[{"href":"https:\/\/blogsaverroes.juntadeandalucia.es\/cprbembezar\/wp-json\/wp\/v2\/pages"}],"about":[{"href":"https:\/\/blogsaverroes.juntadeandalucia.es\/cprbembezar\/wp-json\/wp\/v2\/types\/page"}],"author":[{"embeddable":true,"href":"https:\/\/blogsaverroes.juntadeandalucia.es\/cprbembezar\/wp-json\/wp\/v2\/users\/8537"}],"replies":[{"embeddable":true,"href":"https:\/\/blogsaverroes.juntadeandalucia.es\/cprbembezar\/wp-json\/wp\/v2\/comments?post=563"}],"version-history":[{"count":4,"href":"https:\/\/blogsaverroes.juntadeandalucia.es\/cprbembezar\/wp-json\/wp\/v2\/pages\/563\/revisions"}],"predecessor-version":[{"id":669,"href":"https:\/\/blogsaverroes.juntadeandalucia.es\/cprbembezar\/wp-json\/wp\/v2\/pages\/563\/revisions\/669"}],"wp:attachment":[{"href":"https:\/\/blogsaverroes.juntadeandalucia.es\/cprbembezar\/wp-json\/wp\/v2\/media?parent=563"}],"curies":[{"name":"wp","href":"https:\/\/api.w.org\/{rel}","templated":true}]}}