{"id":113,"date":"2015-03-16T08:06:00","date_gmt":"2015-03-16T08:06:00","guid":{"rendered":"http:\/\/blogsaverroes.juntadeandalucia.es\/pre\/ceip\/?page_id=113"},"modified":"2021-10-20T23:11:02","modified_gmt":"2021-10-20T22:11:02","slug":"biblioteca","status":"publish","type":"page","link":"https:\/\/blogsaverroes.juntadeandalucia.es\/cprcampodelrey\/biblioteca\/","title":{"rendered":"Organizaci\u00f3n y funcionamiento de las Bibliotecas Escolares"},"content":{"rendered":"<p style=\"text-align: justify\"><a href=\"https:\/\/blogsaverroes.juntadeandalucia.es\/cprcampodelrey\/files\/2021\/01\/NUEVO-logo-BE-2.jpg\"><img decoding=\"async\" class=\" wp-image-3532 alignright\" src=\"https:\/\/blogsaverroes.juntadeandalucia.es\/cprcampodelrey\/files\/2021\/01\/NUEVO-logo-BE-2.jpg\" alt=\"\" width=\"192\" height=\"187\" srcset=\"https:\/\/blogsaverroes.juntadeandalucia.es\/cprcampodelrey\/files\/2021\/01\/NUEVO-logo-BE-2.jpg 300w, https:\/\/blogsaverroes.juntadeandalucia.es\/cprcampodelrey\/files\/2021\/01\/NUEVO-logo-BE-2-24x24.jpg 24w, https:\/\/blogsaverroes.juntadeandalucia.es\/cprcampodelrey\/files\/2021\/01\/NUEVO-logo-BE-2-36x36.jpg 36w, https:\/\/blogsaverroes.juntadeandalucia.es\/cprcampodelrey\/files\/2021\/01\/NUEVO-logo-BE-2-48x48.jpg 48w\" sizes=\"(max-width: 192px) 100vw, 192px\" \/><\/a><\/p>\n<p style=\"text-align: justify\">En la sociedad de la informaci\u00f3n y el conocimiento se requiere que las bibliotecas escolares se conviertan en centros de recursos para la ense\u00f1anza y el aprendizaje.<\/p>\n<p style=\"text-align: justify\">Las bibliotecas escolares son un factor de compensaci\u00f3n social, que posibilitan el acceso a los recursos informativos y culturales a quienes carecen de ellos, procurando as\u00ed paliar la brecha digital y social.<\/p>\n<p style=\"text-align: justify\">Como centros de recursos, deben permitir el acceso a materiales informativos actualizados, diversos, apropiados, suficientes en n\u00famero y calidad para todas las \u00e1reas del curr\u00edculo, as\u00ed como atender la diversidad y apoyar los planes y proyectos del centro.<\/p>\n<p style=\"text-align: justify\">Entre sus tareas destaca la articulaci\u00f3n de programas de alfabetizaci\u00f3n informacional y digital as\u00ed como de programas de fomento de la lectura.<\/p>\n<p style=\"text-align: justify\">Las bibliotecas escolares deben ser&nbsp; espacios f\u00edsicos y digitales abiertos a toda la comunidad educativa y espacios sociales abiertos para eventos culturales, profesionales y educativos. En este sentido, la colaboraci\u00f3n con las familias y otras entidades del entorno cobrar\u00e1n especial relevancia.<\/p>\n<div class=\"pt-cv-wrapper\"><div class=\"pt-cv-view pt-cv-grid pt-cv-colsys\" id=\"pt-cv-view-a2cc972ap4\"><div data-id=\"pt-cv-page-1\" class=\"pt-cv-page\" data-cvc=\"2\"><div class=\"col-md-6 col-sm-6 col-xs-12 pt-cv-content-item pt-cv-1-col\" ><div class='pt-cv-ifield'><a href=\"https:\/\/blogsaverroes.juntadeandalucia.es\/cprcampodelrey\/dia-de-las-bibliotecas-y-halloween\/\" class=\"_self pt-cv-href-thumbnail pt-cv-thumb-default\" target=\"_self\" ><img fetchpriority=\"high\" decoding=\"async\" width=\"300\" height=\"188\" src=\"https:\/\/blogsaverroes.juntadeandalucia.es\/cprcampodelrey\/files\/2022\/11\/HD-wallpaper-natural-library-books-library-dark-wide-1920x1200-natural-300x188.jpg\" class=\"pt-cv-thumbnail\" alt=\"\" srcset=\"https:\/\/blogsaverroes.juntadeandalucia.es\/cprcampodelrey\/files\/2022\/11\/HD-wallpaper-natural-library-books-library-dark-wide-1920x1200-natural-300x188.jpg 300w, https:\/\/blogsaverroes.juntadeandalucia.es\/cprcampodelrey\/files\/2022\/11\/HD-wallpaper-natural-library-books-library-dark-wide-1920x1200-natural-768x480.jpg 768w, https:\/\/blogsaverroes.juntadeandalucia.es\/cprcampodelrey\/files\/2022\/11\/HD-wallpaper-natural-library-books-library-dark-wide-1920x1200-natural.jpg 800w\" sizes=\"(max-width: 300px) 100vw, 300px\" \/><\/a>\n<h4 class=\"pt-cv-title\"><a href=\"https:\/\/blogsaverroes.juntadeandalucia.es\/cprcampodelrey\/dia-de-las-bibliotecas-y-halloween\/\" class=\"_self\" target=\"_self\" >D\u00eda de las Bibliotecas y Halloween<\/a><\/h4>\n<div class=\"pt-cv-content\"> ...<br \/><div class=\"pt-cv-rmwrap\"><a href=\"https:\/\/blogsaverroes.juntadeandalucia.es\/cprcampodelrey\/dia-de-las-bibliotecas-y-halloween\/\" class=\"_self pt-cv-readmore btn btn-success\" target=\"_self\">Leer M\u00e1s<\/a><\/div><\/div><\/div><\/div>\n<div class=\"col-md-6 col-sm-6 col-xs-12 pt-cv-content-item pt-cv-1-col\" ><div class='pt-cv-ifield'><a href=\"https:\/\/blogsaverroes.juntadeandalucia.es\/cprcampodelrey\/dia-de-las-familias\/\" class=\"_self pt-cv-href-thumbnail pt-cv-thumb-default\" target=\"_self\" ><img decoding=\"async\" width=\"300\" height=\"225\" src=\"https:\/\/blogsaverroes.juntadeandalucia.es\/cprcampodelrey\/files\/2022\/05\/hqdefault-300x225.jpg\" class=\"pt-cv-thumbnail\" alt=\"\" srcset=\"https:\/\/blogsaverroes.juntadeandalucia.es\/cprcampodelrey\/files\/2022\/05\/hqdefault-300x225.jpg 300w, https:\/\/blogsaverroes.juntadeandalucia.es\/cprcampodelrey\/files\/2022\/05\/hqdefault.jpg 480w\" sizes=\"(max-width: 300px) 100vw, 300px\" \/><\/a>\n<h4 class=\"pt-cv-title\"><a href=\"https:\/\/blogsaverroes.juntadeandalucia.es\/cprcampodelrey\/dia-de-las-familias\/\" class=\"_self\" target=\"_self\" >D\u00eda de Las Familias<\/a><\/h4>\n<div class=\"pt-cv-content\"> ...<br \/><div class=\"pt-cv-rmwrap\"><a href=\"https:\/\/blogsaverroes.juntadeandalucia.es\/cprcampodelrey\/dia-de-las-familias\/\" class=\"_self pt-cv-readmore btn btn-success\" target=\"_self\">Leer M\u00e1s<\/a><\/div><\/div><\/div><\/div>\n<div class=\"col-md-6 col-sm-6 col-xs-12 pt-cv-content-item pt-cv-1-col\" ><div class='pt-cv-ifield'><a href=\"https:\/\/blogsaverroes.juntadeandalucia.es\/cprcampodelrey\/4272-2\/\" class=\"_self pt-cv-href-thumbnail pt-cv-thumb-default\" target=\"_self\" ><img loading=\"lazy\" decoding=\"async\" width=\"300\" height=\"157\" src=\"https:\/\/blogsaverroes.juntadeandalucia.es\/cprcampodelrey\/files\/2022\/04\/es-dia-del-libro-23-de-abril-stockvault-story-book-childhood-imagination-concept182254-300x157.png\" class=\"pt-cv-thumbnail\" alt=\"\" srcset=\"https:\/\/blogsaverroes.juntadeandalucia.es\/cprcampodelrey\/files\/2022\/04\/es-dia-del-libro-23-de-abril-stockvault-story-book-childhood-imagination-concept182254-300x157.png 300w, https:\/\/blogsaverroes.juntadeandalucia.es\/cprcampodelrey\/files\/2022\/04\/es-dia-del-libro-23-de-abril-stockvault-story-book-childhood-imagination-concept182254-1024x536.png 1024w, https:\/\/blogsaverroes.juntadeandalucia.es\/cprcampodelrey\/files\/2022\/04\/es-dia-del-libro-23-de-abril-stockvault-story-book-childhood-imagination-concept182254-768x402.png 768w, https:\/\/blogsaverroes.juntadeandalucia.es\/cprcampodelrey\/files\/2022\/04\/es-dia-del-libro-23-de-abril-stockvault-story-book-childhood-imagination-concept182254-1536x804.png 1536w, https:\/\/blogsaverroes.juntadeandalucia.es\/cprcampodelrey\/files\/2022\/04\/es-dia-del-libro-23-de-abril-stockvault-story-book-childhood-imagination-concept182254-2048x1072.png 2048w, https:\/\/blogsaverroes.juntadeandalucia.es\/cprcampodelrey\/files\/2022\/04\/es-dia-del-libro-23-de-abril-stockvault-story-book-childhood-imagination-concept182254.png 1600w\" sizes=\"(max-width: 300px) 100vw, 300px\" \/><\/a>\n<h4 class=\"pt-cv-title\"><a href=\"https:\/\/blogsaverroes.juntadeandalucia.es\/cprcampodelrey\/4272-2\/\" class=\"_self\" target=\"_self\" >D\u00eda del Libro en el CPR Campo del Rey<\/a><\/h4>\n<div class=\"pt-cv-content\">https:\/\/www.flipsnack.com\/ABB6E8BBDC9\/concurso-literario.html ...<br \/><div class=\"pt-cv-rmwrap\"><a href=\"https:\/\/blogsaverroes.juntadeandalucia.es\/cprcampodelrey\/4272-2\/\" class=\"_self pt-cv-readmore btn btn-success\" target=\"_self\">Leer M\u00e1s<\/a><\/div><\/div><\/div><\/div>\n<div class=\"col-md-6 col-sm-6 col-xs-12 pt-cv-content-item pt-cv-1-col\" ><div class='pt-cv-ifield'><a href=\"https:\/\/blogsaverroes.juntadeandalucia.es\/cprcampodelrey\/atencion-lectores\/\" class=\"_self pt-cv-href-thumbnail pt-cv-thumb-default\" target=\"_self\" ><img loading=\"lazy\" decoding=\"async\" width=\"300\" height=\"206\" src=\"https:\/\/blogsaverroes.juntadeandalucia.es\/cprcampodelrey\/files\/2021\/10\/Dia-de-la-Biblioteca-24-de-octubre-300x206.jpg\" class=\"pt-cv-thumbnail\" alt=\"\" srcset=\"https:\/\/blogsaverroes.juntadeandalucia.es\/cprcampodelrey\/files\/2021\/10\/Dia-de-la-Biblioteca-24-de-octubre-300x206.jpg 300w, https:\/\/blogsaverroes.juntadeandalucia.es\/cprcampodelrey\/files\/2021\/10\/Dia-de-la-Biblioteca-24-de-octubre-768x528.jpg 768w, https:\/\/blogsaverroes.juntadeandalucia.es\/cprcampodelrey\/files\/2021\/10\/Dia-de-la-Biblioteca-24-de-octubre.jpg 1000w\" sizes=\"(max-width: 300px) 100vw, 300px\" \/><\/a>\n<h4 class=\"pt-cv-title\"><a href=\"https:\/\/blogsaverroes.juntadeandalucia.es\/cprcampodelrey\/atencion-lectores\/\" class=\"_self\" target=\"_self\" >\u00a1Atenci\u00f3n, lectores!<\/a><\/h4>\n<div class=\"pt-cv-content\"> ...<br \/><div class=\"pt-cv-rmwrap\"><a href=\"https:\/\/blogsaverroes.juntadeandalucia.es\/cprcampodelrey\/atencion-lectores\/\" class=\"_self pt-cv-readmore btn btn-success\" target=\"_self\">Leer M\u00e1s<\/a><\/div><\/div><\/div><\/div>\n<div class=\"col-md-6 col-sm-6 col-xs-12 pt-cv-content-item pt-cv-1-col\" ><div class='pt-cv-ifield'><a href=\"https:\/\/blogsaverroes.juntadeandalucia.es\/cprcampodelrey\/dia-del-libro-23-de-abril-cuentos-tradicionales\/\" class=\"_self pt-cv-href-thumbnail pt-cv-thumb-default\" target=\"_self\" ><img loading=\"lazy\" decoding=\"async\" width=\"300\" height=\"242\" src=\"https:\/\/blogsaverroes.juntadeandalucia.es\/cprcampodelrey\/files\/2021\/04\/WhatsApp-Image-2021-04-21-at-13.41.45-300x242.jpeg\" class=\"pt-cv-thumbnail\" alt=\"\" srcset=\"https:\/\/blogsaverroes.juntadeandalucia.es\/cprcampodelrey\/files\/2021\/04\/WhatsApp-Image-2021-04-21-at-13.41.45-300x242.jpeg 300w, https:\/\/blogsaverroes.juntadeandalucia.es\/cprcampodelrey\/files\/2021\/04\/WhatsApp-Image-2021-04-21-at-13.41.45.jpeg 507w\" sizes=\"(max-width: 300px) 100vw, 300px\" \/><\/a>\n<h4 class=\"pt-cv-title\"><a href=\"https:\/\/blogsaverroes.juntadeandalucia.es\/cprcampodelrey\/dia-del-libro-23-de-abril-cuentos-tradicionales\/\" class=\"_self\" target=\"_self\" >D\u00eda del libro. 23 de abril \u00abCuentos tradicionales\u00bb<\/a><\/h4>\n<div class=\"pt-cv-content\">Previous Next ...<br \/><div class=\"pt-cv-rmwrap\"><a href=\"https:\/\/blogsaverroes.juntadeandalucia.es\/cprcampodelrey\/dia-del-libro-23-de-abril-cuentos-tradicionales\/\" class=\"_self pt-cv-readmore btn btn-success\" target=\"_self\">Leer M\u00e1s<\/a><\/div><\/div><\/div><\/div>\n<div class=\"col-md-6 col-sm-6 col-xs-12 pt-cv-content-item pt-cv-1-col\" ><div class='pt-cv-ifield'><a href=\"https:\/\/blogsaverroes.juntadeandalucia.es\/cprcampodelrey\/video-actividades-contra-la-violencia-de-genero-2020-2021\/\" class=\"_self pt-cv-href-thumbnail pt-cv-thumb-default\" target=\"_self\" ><img loading=\"lazy\" decoding=\"async\" width=\"300\" height=\"240\" src=\"https:\/\/blogsaverroes.juntadeandalucia.es\/cprcampodelrey\/files\/2020\/01\/logo_pacto_de_estado_pq-300x240.jpg\" class=\"pt-cv-thumbnail\" alt=\"\" srcset=\"https:\/\/blogsaverroes.juntadeandalucia.es\/cprcampodelrey\/files\/2020\/01\/logo_pacto_de_estado_pq-300x240.jpg 300w, https:\/\/blogsaverroes.juntadeandalucia.es\/cprcampodelrey\/files\/2020\/01\/logo_pacto_de_estado_pq-24x19.jpg 24w, https:\/\/blogsaverroes.juntadeandalucia.es\/cprcampodelrey\/files\/2020\/01\/logo_pacto_de_estado_pq-36x29.jpg 36w, https:\/\/blogsaverroes.juntadeandalucia.es\/cprcampodelrey\/files\/2020\/01\/logo_pacto_de_estado_pq-48x38.jpg 48w, https:\/\/blogsaverroes.juntadeandalucia.es\/cprcampodelrey\/files\/2020\/01\/logo_pacto_de_estado_pq-978x780.jpg 978w, https:\/\/blogsaverroes.juntadeandalucia.es\/cprcampodelrey\/files\/2020\/01\/logo_pacto_de_estado_pq.jpg 556w\" sizes=\"(max-width: 300px) 100vw, 300px\" \/><\/a>\n<h4 class=\"pt-cv-title\"><a href=\"https:\/\/blogsaverroes.juntadeandalucia.es\/cprcampodelrey\/video-actividades-contra-la-violencia-de-genero-2020-2021\/\" class=\"_self\" target=\"_self\" >Video actividades contra la violencia de g\u00e9nero 2020-2021<\/a><\/h4>\n<div class=\"pt-cv-content\">Os dejamos el trabajo realizado por nuestra comunidad educativa contra la violencia de g\u00e9nero. No debemos olvidar que la escuela ...<br \/><div class=\"pt-cv-rmwrap\"><a href=\"https:\/\/blogsaverroes.juntadeandalucia.es\/cprcampodelrey\/video-actividades-contra-la-violencia-de-genero-2020-2021\/\" class=\"_self pt-cv-readmore btn btn-success\" target=\"_self\">Leer M\u00e1s<\/a><\/div><\/div><\/div><\/div>\n<div class=\"col-md-6 col-sm-6 col-xs-12 pt-cv-content-item pt-cv-1-col\" ><div class='pt-cv-ifield'><a href=\"https:\/\/blogsaverroes.juntadeandalucia.es\/cprcampodelrey\/una-exposicion-en-nuestro-centro-el-cambio-climatico\/\" class=\"_self pt-cv-href-thumbnail pt-cv-thumb-default\" target=\"_self\" ><img loading=\"lazy\" decoding=\"async\" width=\"300\" height=\"225\" src=\"https:\/\/blogsaverroes.juntadeandalucia.es\/cprcampodelrey\/files\/2021\/02\/WhatsApp-Image-2021-02-03-at-13.07.29-300x225.jpeg\" class=\"pt-cv-thumbnail\" alt=\"\" srcset=\"https:\/\/blogsaverroes.juntadeandalucia.es\/cprcampodelrey\/files\/2021\/02\/WhatsApp-Image-2021-02-03-at-13.07.29-300x225.jpeg 300w, https:\/\/blogsaverroes.juntadeandalucia.es\/cprcampodelrey\/files\/2021\/02\/WhatsApp-Image-2021-02-03-at-13.07.29-1024x768.jpeg 1024w, https:\/\/blogsaverroes.juntadeandalucia.es\/cprcampodelrey\/files\/2021\/02\/WhatsApp-Image-2021-02-03-at-13.07.29-768x576.jpeg 768w, https:\/\/blogsaverroes.juntadeandalucia.es\/cprcampodelrey\/files\/2021\/02\/WhatsApp-Image-2021-02-03-at-13.07.29-1536x1152.jpeg 1536w, https:\/\/blogsaverroes.juntadeandalucia.es\/cprcampodelrey\/files\/2021\/02\/WhatsApp-Image-2021-02-03-at-13.07.29-24x18.jpeg 24w, https:\/\/blogsaverroes.juntadeandalucia.es\/cprcampodelrey\/files\/2021\/02\/WhatsApp-Image-2021-02-03-at-13.07.29-36x27.jpeg 36w, https:\/\/blogsaverroes.juntadeandalucia.es\/cprcampodelrey\/files\/2021\/02\/WhatsApp-Image-2021-02-03-at-13.07.29-48x36.jpeg 48w, https:\/\/blogsaverroes.juntadeandalucia.es\/cprcampodelrey\/files\/2021\/02\/WhatsApp-Image-2021-02-03-at-13.07.29.jpeg 1600w\" sizes=\"(max-width: 300px) 100vw, 300px\" \/><\/a>\n<h4 class=\"pt-cv-title\"><a href=\"https:\/\/blogsaverroes.juntadeandalucia.es\/cprcampodelrey\/una-exposicion-en-nuestro-centro-el-cambio-climatico\/\" class=\"_self\" target=\"_self\" >Una exposici\u00f3n en nuestro centro: El cambio clim\u00e1tico<\/a><\/h4>\n<div class=\"pt-cv-content\">Durante el mes de febrero la Junta de Andaluc\u00eda, a trav\u00e9s del Centro de Visitantes del Parque Natural de la ...<br \/><div class=\"pt-cv-rmwrap\"><a href=\"https:\/\/blogsaverroes.juntadeandalucia.es\/cprcampodelrey\/una-exposicion-en-nuestro-centro-el-cambio-climatico\/\" class=\"_self pt-cv-readmore btn btn-success\" target=\"_self\">Leer M\u00e1s<\/a><\/div><\/div><\/div><\/div>\n<div class=\"col-md-6 col-sm-6 col-xs-12 pt-cv-content-item pt-cv-1-col\" ><div class='pt-cv-ifield'><a href=\"https:\/\/blogsaverroes.juntadeandalucia.es\/cprcampodelrey\/erase-una-vez\/\" class=\"_self pt-cv-href-thumbnail pt-cv-thumb-default\" target=\"_self\" ><img loading=\"lazy\" decoding=\"async\" width=\"279\" height=\"180\" src=\"https:\/\/blogsaverroes.juntadeandalucia.es\/cprcampodelrey\/files\/2020\/07\/jkj.jpg\" class=\"pt-cv-thumbnail\" alt=\"\" srcset=\"https:\/\/blogsaverroes.juntadeandalucia.es\/cprcampodelrey\/files\/2020\/07\/jkj.jpg 279w, https:\/\/blogsaverroes.juntadeandalucia.es\/cprcampodelrey\/files\/2020\/07\/jkj-24x15.jpg 24w, https:\/\/blogsaverroes.juntadeandalucia.es\/cprcampodelrey\/files\/2020\/07\/jkj-36x23.jpg 36w, https:\/\/blogsaverroes.juntadeandalucia.es\/cprcampodelrey\/files\/2020\/07\/jkj-48x31.jpg 48w\" sizes=\"(max-width: 279px) 100vw, 279px\" \/><\/a>\n<h4 class=\"pt-cv-title\"><a href=\"https:\/\/blogsaverroes.juntadeandalucia.es\/cprcampodelrey\/erase-una-vez\/\" class=\"_self\" target=\"_self\" >Erase una vez&#8230;<\/a><\/h4>\n<div class=\"pt-cv-content\"> ...<br \/><div class=\"pt-cv-rmwrap\"><a href=\"https:\/\/blogsaverroes.juntadeandalucia.es\/cprcampodelrey\/erase-una-vez\/\" class=\"_self pt-cv-readmore btn btn-success\" target=\"_self\">Leer M\u00e1s<\/a><\/div><\/div><\/div><\/div>\n<div class=\"col-md-6 col-sm-6 col-xs-12 pt-cv-content-item pt-cv-1-col\" ><div class='pt-cv-ifield'><a href=\"https:\/\/blogsaverroes.juntadeandalucia.es\/cprcampodelrey\/23-de-abril-dia-del-libro\/\" class=\"_self pt-cv-href-thumbnail pt-cv-thumb-default\" target=\"_self\" ><img loading=\"lazy\" decoding=\"async\" width=\"251\" height=\"201\" src=\"https:\/\/blogsaverroes.juntadeandalucia.es\/cprcampodelrey\/files\/2020\/04\/dfd.jpg\" class=\"pt-cv-thumbnail\" alt=\"\" srcset=\"https:\/\/blogsaverroes.juntadeandalucia.es\/cprcampodelrey\/files\/2020\/04\/dfd.jpg 251w, https:\/\/blogsaverroes.juntadeandalucia.es\/cprcampodelrey\/files\/2020\/04\/dfd-24x19.jpg 24w, https:\/\/blogsaverroes.juntadeandalucia.es\/cprcampodelrey\/files\/2020\/04\/dfd-36x29.jpg 36w, https:\/\/blogsaverroes.juntadeandalucia.es\/cprcampodelrey\/files\/2020\/04\/dfd-48x38.jpg 48w\" sizes=\"(max-width: 251px) 100vw, 251px\" \/><\/a>\n<h4 class=\"pt-cv-title\"><a href=\"https:\/\/blogsaverroes.juntadeandalucia.es\/cprcampodelrey\/23-de-abril-dia-del-libro\/\" class=\"_self\" target=\"_self\" >23 de abril. D\u00eda del libro<\/a><\/h4>\n<div class=\"pt-cv-content\">Si quieres que tu hijo lea, lee un libro con \u00e9l. Si quieres que hable bien, lee un libro con ...<br \/><div class=\"pt-cv-rmwrap\"><a href=\"https:\/\/blogsaverroes.juntadeandalucia.es\/cprcampodelrey\/23-de-abril-dia-del-libro\/\" class=\"_self pt-cv-readmore btn btn-success\" target=\"_self\">Leer M\u00e1s<\/a><\/div><\/div><\/div><\/div>\n<div class=\"col-md-6 col-sm-6 col-xs-12 pt-cv-content-item pt-cv-1-col\" ><div class='pt-cv-ifield'><a href=\"https:\/\/blogsaverroes.juntadeandalucia.es\/cprcampodelrey\/estacion-de-los-cuentos-seron-almeria\/\" class=\"_self pt-cv-href-thumbnail pt-cv-thumb-default\" target=\"_self\" ><img loading=\"lazy\" decoding=\"async\" width=\"300\" height=\"168\" src=\"https:\/\/blogsaverroes.juntadeandalucia.es\/cprcampodelrey\/files\/2019\/06\/ded-300x168.jpg\" class=\"pt-cv-thumbnail\" alt=\"\" srcset=\"https:\/\/blogsaverroes.juntadeandalucia.es\/cprcampodelrey\/files\/2019\/06\/ded.jpg 300w, https:\/\/blogsaverroes.juntadeandalucia.es\/cprcampodelrey\/files\/2019\/06\/ded-24x13.jpg 24w, https:\/\/blogsaverroes.juntadeandalucia.es\/cprcampodelrey\/files\/2019\/06\/ded-36x20.jpg 36w, https:\/\/blogsaverroes.juntadeandalucia.es\/cprcampodelrey\/files\/2019\/06\/ded-48x27.jpg 48w\" sizes=\"(max-width: 300px) 100vw, 300px\" \/><\/a>\n<h4 class=\"pt-cv-title\"><a href=\"https:\/\/blogsaverroes.juntadeandalucia.es\/cprcampodelrey\/estacion-de-los-cuentos-seron-almeria\/\" class=\"_self\" target=\"_self\" >ESTACI\u00d3N DE LOS CUENTOS. SER\u00d3N (ALMER\u00cdA)<\/a><\/h4>\n<div class=\"pt-cv-content\"> ...<br \/><div class=\"pt-cv-rmwrap\"><a href=\"https:\/\/blogsaverroes.juntadeandalucia.es\/cprcampodelrey\/estacion-de-los-cuentos-seron-almeria\/\" class=\"_self pt-cv-readmore btn btn-success\" target=\"_self\">Leer M\u00e1s<\/a><\/div><\/div><\/div><\/div><\/div><\/div><\/div>\n","protected":false},"excerpt":{"rendered":"<p>En la sociedad de la informaci\u00f3n y el conocimiento se requiere que las bibliotecas escolares se conviertan en centros de recursos para la ense\u00f1anza y el aprendizaje. Las bibliotecas escolares son un factor de&#46;&#46;&#46;<\/p>\n","protected":false},"author":1,"featured_media":0,"parent":0,"menu_order":0,"comment_status":"closed","ping_status":"open","template":"","meta":{"ngg_post_thumbnail":0,"footnotes":"","_mc_calendar":[]},"aioseo_notices":[],"_links":{"self":[{"href":"https:\/\/blogsaverroes.juntadeandalucia.es\/cprcampodelrey\/wp-json\/wp\/v2\/pages\/113"}],"collection":[{"href":"https:\/\/blogsaverroes.juntadeandalucia.es\/cprcampodelrey\/wp-json\/wp\/v2\/pages"}],"about":[{"href":"https:\/\/blogsaverroes.juntadeandalucia.es\/cprcampodelrey\/wp-json\/wp\/v2\/types\/page"}],"author":[{"embeddable":true,"href":"https:\/\/blogsaverroes.juntadeandalucia.es\/cprcampodelrey\/wp-json\/wp\/v2\/users\/1"}],"replies":[{"embeddable":true,"href":"https:\/\/blogsaverroes.juntadeandalucia.es\/cprcampodelrey\/wp-json\/wp\/v2\/comments?post=113"}],"version-history":[{"count":11,"href":"https:\/\/blogsaverroes.juntadeandalucia.es\/cprcampodelrey\/wp-json\/wp\/v2\/pages\/113\/revisions"}],"predecessor-version":[{"id":3821,"href":"https:\/\/blogsaverroes.juntadeandalucia.es\/cprcampodelrey\/wp-json\/wp\/v2\/pages\/113\/revisions\/3821"}],"wp:attachment":[{"href":"https:\/\/blogsaverroes.juntadeandalucia.es\/cprcampodelrey\/wp-json\/wp\/v2\/media?parent=113"}],"curies":[{"name":"wp","href":"https:\/\/api.w.org\/{rel}","templated":true}]}}