{"id":2834,"date":"2020-05-04T01:29:16","date_gmt":"2020-05-04T00:29:16","guid":{"rendered":"https:\/\/blogsaverroes.juntadeandalucia.es\/cprcampodelrey\/?page_id=2834"},"modified":"2021-01-24T16:04:16","modified_gmt":"2021-01-24T15:04:16","slug":"libros","status":"publish","type":"page","link":"https:\/\/blogsaverroes.juntadeandalucia.es\/cprcampodelrey\/libros\/","title":{"rendered":"Libros de texto"},"content":{"rendered":"<p style=\"text-align: justify\">El alumnado matriculado en los centros docentes de Andaluc\u00eda sostenidos con fondos p\u00fablicos, esto es, p\u00fablicos y concertados,&nbsp;en los cursos de Primaria, Educaci\u00f3n Secundaria Obligatoria (ESO), Formaci\u00f3n Profesional (FP) B\u00e1sica y Educaci\u00f3n Especial, puede disponer gratuitamente de los correspondientes libros de texto. Estos libros son propiedad de la Administraci\u00f3n educativa y, una vez concluido el a\u00f1o acad\u00e9mico, permanecen en el centro docente para que puedan ser utilizados por otros alumnos o alumnas. Todos los libros de texto se renuevan cada cuatro cursos escolares.<a href=\"https:\/\/blogsaverroes.juntadeandalucia.es\/cprcampodelrey\/files\/2021\/01\/gratuidadlibros.jpg\"><img decoding=\"async\" class=\"aligncenter  wp-image-3528\" src=\"https:\/\/blogsaverroes.juntadeandalucia.es\/cprcampodelrey\/files\/2021\/01\/gratuidadlibros.jpg\" alt=\"\" width=\"209\" height=\"146\" srcset=\"https:\/\/blogsaverroes.juntadeandalucia.es\/cprcampodelrey\/files\/2021\/01\/gratuidadlibros.jpg 210w, https:\/\/blogsaverroes.juntadeandalucia.es\/cprcampodelrey\/files\/2021\/01\/gratuidadlibros-24x17.jpg 24w, https:\/\/blogsaverroes.juntadeandalucia.es\/cprcampodelrey\/files\/2021\/01\/gratuidadlibros-36x25.jpg 36w, https:\/\/blogsaverroes.juntadeandalucia.es\/cprcampodelrey\/files\/2021\/01\/gratuidadlibros-48x34.jpg 48w\" sizes=\"(max-width: 209px) 100vw, 209px\" \/><\/a><\/p>\n<p style=\"text-align: justify\">Los beneficiarios del programa est\u00e1n obligados a:<\/p>\n<ul style=\"text-align: justify\">\n<li>Garantizar un uso adecuado y cuidadoso de los libros.<\/li>\n<li>Devolverlos al centro una vez terminado el curso, o en el momento de la baja en caso de traslado.<\/li>\n<li>Reponer aquellos libros extraviados o deteriorados malintencionadamente.<\/li>\n<\/ul>\n<p style=\"text-align: justify\">El representante legal del alumno o alumna que no desee participar en el programa de gratuidad en un determinado a\u00f1o acad\u00e9mico, lo comunicar\u00e1 en el centro docente en el momento de formalizar la inscripci\u00f3n.<\/p>\n<h2>Proceso de adquisici\u00f3n de libros de texto<\/h2>\n<p>El proceso de adquisici\u00f3n de libros de texto nuevos acogi\u00e9ndose al programa de gratuidad tendr\u00e1 que seguir los siguientes pasos:<\/p>\n<ul>\n<li>Los centros docentes sostenidos con fondos p\u00fablicos seleccionan y aprueban la relaci\u00f3n de libros y materiales curriculares que se utilizar\u00e1n a partir del curso siguiente.<\/li>\n<li>Las familias de los alumnos y alumnas que ese a\u00f1o deban adquirir libros de texto nuevos recibir\u00e1n un cheque-libro. Dicho cheque s\u00f3lo podr\u00e1 emplearse para comprar los libros de texto designados como tales por el centro docente. El resto de materiales complementarios y fungibles que, por su naturaleza, no puedan ser reutilizados, deber\u00e1n ser adquiridos por las familias.<\/li>\n<li>Las familias podr\u00e1n adquirir los libros de texto en cualquier establecimiento de su elecci\u00f3n, canje\u00e1ndolos por el cheque-libro debidamente cumplimentado.<\/li>\n<li>Las librer\u00edas o establecimientos comerciales remitir\u00e1n a los centros escolares las correspondientes facturas para su abono, antes del 30 de noviembre de cada a\u00f1o.<\/li>\n<\/ul>\n<p>&nbsp;<\/p>\n","protected":false},"excerpt":{"rendered":"<p>El alumnado matriculado en los centros docentes de Andaluc\u00eda sostenidos con fondos p\u00fablicos, esto es, p\u00fablicos y concertados,&nbsp;en los cursos de Primaria, Educaci\u00f3n Secundaria Obligatoria (ESO), Formaci\u00f3n Profesional (FP) B\u00e1sica y Educaci\u00f3n Especial, puede&#46;&#46;&#46;<\/p>\n","protected":false},"author":6086,"featured_media":0,"parent":0,"menu_order":0,"comment_status":"closed","ping_status":"closed","template":"","meta":{"ngg_post_thumbnail":0,"footnotes":"","_mc_calendar":[]},"aioseo_notices":[],"_links":{"self":[{"href":"https:\/\/blogsaverroes.juntadeandalucia.es\/cprcampodelrey\/wp-json\/wp\/v2\/pages\/2834"}],"collection":[{"href":"https:\/\/blogsaverroes.juntadeandalucia.es\/cprcampodelrey\/wp-json\/wp\/v2\/pages"}],"about":[{"href":"https:\/\/blogsaverroes.juntadeandalucia.es\/cprcampodelrey\/wp-json\/wp\/v2\/types\/page"}],"author":[{"embeddable":true,"href":"https:\/\/blogsaverroes.juntadeandalucia.es\/cprcampodelrey\/wp-json\/wp\/v2\/users\/6086"}],"replies":[{"embeddable":true,"href":"https:\/\/blogsaverroes.juntadeandalucia.es\/cprcampodelrey\/wp-json\/wp\/v2\/comments?post=2834"}],"version-history":[{"count":4,"href":"https:\/\/blogsaverroes.juntadeandalucia.es\/cprcampodelrey\/wp-json\/wp\/v2\/pages\/2834\/revisions"}],"predecessor-version":[{"id":3530,"href":"https:\/\/blogsaverroes.juntadeandalucia.es\/cprcampodelrey\/wp-json\/wp\/v2\/pages\/2834\/revisions\/3530"}],"wp:attachment":[{"href":"https:\/\/blogsaverroes.juntadeandalucia.es\/cprcampodelrey\/wp-json\/wp\/v2\/media?parent=2834"}],"curies":[{"name":"wp","href":"https:\/\/api.w.org\/{rel}","templated":true}]}}