{"id":3240,"date":"2021-01-19T00:05:11","date_gmt":"2021-01-18T23:05:11","guid":{"rendered":"https:\/\/blogsaverroes.juntadeandalucia.es\/cprcampodelrey\/?page_id=3240"},"modified":"2021-01-24T01:01:53","modified_gmt":"2021-01-24T00:01:53","slug":"protocolo-y-medidas-covid-19","status":"publish","type":"page","link":"https:\/\/blogsaverroes.juntadeandalucia.es\/cprcampodelrey\/protocolo-y-medidas-covid-19\/","title":{"rendered":"Protocolo y medidas COVID-19"},"content":{"rendered":"<p style=\"text-align: justify\">Se debe tener en cuenta que <i>\u201clos centros docentes elaborar\u00e1n un Protocolo de actuaci\u00f3n COVID-19 para que los procesos de ense\u00f1anza aprendizaje se desarrollen con seguridad durante el curso escolar 2020\/2021, teniendo en cuenta lo establecido en la presente Instrucci\u00f3n y lo que determine la autoridad sanitaria en cada momento, adaptado al contexto espec\u00edfico del Centro\u201d<\/i>, conforme se establece en el punto 1 de la instrucci\u00f3n quinta de las Instrucciones de 06 de julio de 2020, de la Viceconsejer\u00eda de Educaci\u00f3n y Deporte, relativas a la organizaci\u00f3n de los centros docentes para el curso escolar 2020\/2021, motivada por la crisis sanitaria de la COVID-19.<\/p>\n<p><a href=\"https:\/\/blogsaverroes.juntadeandalucia.es\/cprcampodelrey\/files\/2021\/01\/Captura-de-pantalla-2021-01-24-a-las-0.57.19.png\"><img fetchpriority=\"high\" decoding=\"async\" class=\"aligncenter size-full wp-image-3500\" src=\"https:\/\/blogsaverroes.juntadeandalucia.es\/cprcampodelrey\/files\/2021\/01\/Captura-de-pantalla-2021-01-24-a-las-0.57.19.png\" alt=\"\" width=\"593\" height=\"852\" srcset=\"https:\/\/blogsaverroes.juntadeandalucia.es\/cprcampodelrey\/files\/2021\/01\/Captura-de-pantalla-2021-01-24-a-las-0.57.19.png 593w, https:\/\/blogsaverroes.juntadeandalucia.es\/cprcampodelrey\/files\/2021\/01\/Captura-de-pantalla-2021-01-24-a-las-0.57.19-209x300.png 209w, https:\/\/blogsaverroes.juntadeandalucia.es\/cprcampodelrey\/files\/2021\/01\/Captura-de-pantalla-2021-01-24-a-las-0.57.19-17x24.png 17w, https:\/\/blogsaverroes.juntadeandalucia.es\/cprcampodelrey\/files\/2021\/01\/Captura-de-pantalla-2021-01-24-a-las-0.57.19-25x36.png 25w, https:\/\/blogsaverroes.juntadeandalucia.es\/cprcampodelrey\/files\/2021\/01\/Captura-de-pantalla-2021-01-24-a-las-0.57.19-33x48.png 33w\" sizes=\"(max-width: 593px) 100vw, 593px\" \/><\/a><\/p>\n<p><a href=\"https:\/\/blogsaverroes.juntadeandalucia.es\/cprcampodelrey\/files\/2021\/01\/Protocolo-CPR-Campo-del-Rey.pdf\" target=\"_blank\" rel=\"noopener noreferrer\"><span style=\"color: #ff0000\">DESCARGAR PROTOCOLO COVID19<\/span><\/a><\/p>\n<p>&nbsp;<\/p>\n","protected":false},"excerpt":{"rendered":"<p>Se debe tener en cuenta que \u201clos centros docentes elaborar\u00e1n un Protocolo de actuaci\u00f3n COVID-19 para que los procesos de ense\u00f1anza aprendizaje se desarrollen con seguridad durante el curso escolar 2020\/2021, teniendo en cuenta&#46;&#46;&#46;<\/p>\n","protected":false},"author":6086,"featured_media":0,"parent":0,"menu_order":0,"comment_status":"closed","ping_status":"closed","template":"","meta":{"ngg_post_thumbnail":0,"footnotes":"","_mc_calendar":[]},"aioseo_notices":[],"_links":{"self":[{"href":"https:\/\/blogsaverroes.juntadeandalucia.es\/cprcampodelrey\/wp-json\/wp\/v2\/pages\/3240"}],"collection":[{"href":"https:\/\/blogsaverroes.juntadeandalucia.es\/cprcampodelrey\/wp-json\/wp\/v2\/pages"}],"about":[{"href":"https:\/\/blogsaverroes.juntadeandalucia.es\/cprcampodelrey\/wp-json\/wp\/v2\/types\/page"}],"author":[{"embeddable":true,"href":"https:\/\/blogsaverroes.juntadeandalucia.es\/cprcampodelrey\/wp-json\/wp\/v2\/users\/6086"}],"replies":[{"embeddable":true,"href":"https:\/\/blogsaverroes.juntadeandalucia.es\/cprcampodelrey\/wp-json\/wp\/v2\/comments?post=3240"}],"version-history":[{"count":3,"href":"https:\/\/blogsaverroes.juntadeandalucia.es\/cprcampodelrey\/wp-json\/wp\/v2\/pages\/3240\/revisions"}],"predecessor-version":[{"id":3502,"href":"https:\/\/blogsaverroes.juntadeandalucia.es\/cprcampodelrey\/wp-json\/wp\/v2\/pages\/3240\/revisions\/3502"}],"wp:attachment":[{"href":"https:\/\/blogsaverroes.juntadeandalucia.es\/cprcampodelrey\/wp-json\/wp\/v2\/media?parent=3240"}],"curies":[{"name":"wp","href":"https:\/\/api.w.org\/{rel}","templated":true}]}}