{"id":3260,"date":"2021-01-19T00:36:36","date_gmt":"2021-01-18T23:36:36","guid":{"rendered":"https:\/\/blogsaverroes.juntadeandalucia.es\/cprcampodelrey\/?page_id=3260"},"modified":"2021-01-24T16:45:18","modified_gmt":"2021-01-24T15:45:18","slug":"riesgos-laborales","status":"publish","type":"page","link":"https:\/\/blogsaverroes.juntadeandalucia.es\/cprcampodelrey\/riesgos-laborales\/","title":{"rendered":"PLAN DE SALUD LABORAL Y P.R.L."},"content":{"rendered":"<p style=\"text-align: justify\">Este Plan se centra en reducir o eliminar los riesgos laborales, impartir la formaci\u00f3n correspondiente en materia de prevenci\u00f3n a los trabajadores, y\/o suministrarles informaci\u00f3n, y controlar en la medida de lo posible todos los riesgos.<a href=\"https:\/\/blogsaverroes.juntadeandalucia.es\/cprcampodelrey\/files\/2021\/01\/prl.jpg\"><img decoding=\"async\" class=\" wp-image-3536 alignright\" src=\"https:\/\/blogsaverroes.juntadeandalucia.es\/cprcampodelrey\/files\/2021\/01\/prl.jpg\" alt=\"\" width=\"201\" height=\"134\" srcset=\"https:\/\/blogsaverroes.juntadeandalucia.es\/cprcampodelrey\/files\/2021\/01\/prl.jpg 275w, https:\/\/blogsaverroes.juntadeandalucia.es\/cprcampodelrey\/files\/2021\/01\/prl-24x16.jpg 24w, https:\/\/blogsaverroes.juntadeandalucia.es\/cprcampodelrey\/files\/2021\/01\/prl-36x24.jpg 36w, https:\/\/blogsaverroes.juntadeandalucia.es\/cprcampodelrey\/files\/2021\/01\/prl-48x32.jpg 48w\" sizes=\"(max-width: 201px) 100vw, 201px\" \/><\/a><\/p>\n<p style=\"text-align: justify\">El principal fin es que todos los trabajadores est\u00e9n protegidos al m\u00e1ximo por la ley ante cualquier peligro. Esto se puede conseguir con una serie de actuaciones comunes espec\u00edficas para cada sector y una formaci\u00f3n m\u00ednima de los empleados.<\/p>\n<p style=\"text-align: justify\">Uno de los pilares b\u00e1sico es ofrecerles formaci\u00f3n de calidad en materia preventiva, y que esta siempre est\u00e9 actualizada.<\/p>\n<p style=\"text-align: justify\"><a href=\"https:\/\/blogsaverroes.juntadeandalucia.es\/cprcampodelrey\/files\/2021\/01\/Captura-de-pantalla-2021-01-24-a-las-16.42.27.png\"><img decoding=\"async\" class=\"wp-image-3537 alignleft\" src=\"https:\/\/blogsaverroes.juntadeandalucia.es\/cprcampodelrey\/files\/2021\/01\/Captura-de-pantalla-2021-01-24-a-las-16.42.27.png\" alt=\"\" width=\"189\" height=\"139\" srcset=\"https:\/\/blogsaverroes.juntadeandalucia.es\/cprcampodelrey\/files\/2021\/01\/Captura-de-pantalla-2021-01-24-a-las-16.42.27.png 958w, https:\/\/blogsaverroes.juntadeandalucia.es\/cprcampodelrey\/files\/2021\/01\/Captura-de-pantalla-2021-01-24-a-las-16.42.27-300x220.png 300w, https:\/\/blogsaverroes.juntadeandalucia.es\/cprcampodelrey\/files\/2021\/01\/Captura-de-pantalla-2021-01-24-a-las-16.42.27-768x562.png 768w, https:\/\/blogsaverroes.juntadeandalucia.es\/cprcampodelrey\/files\/2021\/01\/Captura-de-pantalla-2021-01-24-a-las-16.42.27-24x18.png 24w, https:\/\/blogsaverroes.juntadeandalucia.es\/cprcampodelrey\/files\/2021\/01\/Captura-de-pantalla-2021-01-24-a-las-16.42.27-36x26.png 36w, https:\/\/blogsaverroes.juntadeandalucia.es\/cprcampodelrey\/files\/2021\/01\/Captura-de-pantalla-2021-01-24-a-las-16.42.27-48x35.png 48w\" sizes=\"(max-width: 189px) 100vw, 189px\" \/><\/a>Se trata de una planificaci\u00f3n que pretende fomentar la seguridad en el trabajo y en la que empresas y trabajadores sean part\u00edcipes. Al fin y al cabo, todos ellos deben estar interesados en el bienestar de la plantilla. Este grupo de actuaciones forman parte \u00edntegra de la propia gesti\u00f3n de las empresas, y los trabajadores deben incorporarlas a su actividad laboral.<\/p>\n","protected":false},"excerpt":{"rendered":"<p>Este Plan se centra en reducir o eliminar los riesgos laborales, impartir la formaci\u00f3n correspondiente en materia de prevenci\u00f3n a los trabajadores, y\/o suministrarles informaci\u00f3n, y controlar en la medida de lo posible todos&#46;&#46;&#46;<\/p>\n","protected":false},"author":6086,"featured_media":0,"parent":0,"menu_order":0,"comment_status":"closed","ping_status":"closed","template":"","meta":{"ngg_post_thumbnail":0,"footnotes":"","_mc_calendar":[]},"aioseo_notices":[],"_links":{"self":[{"href":"https:\/\/blogsaverroes.juntadeandalucia.es\/cprcampodelrey\/wp-json\/wp\/v2\/pages\/3260"}],"collection":[{"href":"https:\/\/blogsaverroes.juntadeandalucia.es\/cprcampodelrey\/wp-json\/wp\/v2\/pages"}],"about":[{"href":"https:\/\/blogsaverroes.juntadeandalucia.es\/cprcampodelrey\/wp-json\/wp\/v2\/types\/page"}],"author":[{"embeddable":true,"href":"https:\/\/blogsaverroes.juntadeandalucia.es\/cprcampodelrey\/wp-json\/wp\/v2\/users\/6086"}],"replies":[{"embeddable":true,"href":"https:\/\/blogsaverroes.juntadeandalucia.es\/cprcampodelrey\/wp-json\/wp\/v2\/comments?post=3260"}],"version-history":[{"count":4,"href":"https:\/\/blogsaverroes.juntadeandalucia.es\/cprcampodelrey\/wp-json\/wp\/v2\/pages\/3260\/revisions"}],"predecessor-version":[{"id":3538,"href":"https:\/\/blogsaverroes.juntadeandalucia.es\/cprcampodelrey\/wp-json\/wp\/v2\/pages\/3260\/revisions\/3538"}],"wp:attachment":[{"href":"https:\/\/blogsaverroes.juntadeandalucia.es\/cprcampodelrey\/wp-json\/wp\/v2\/media?parent=3260"}],"curies":[{"name":"wp","href":"https:\/\/api.w.org\/{rel}","templated":true}]}}