{"id":3277,"date":"2021-01-19T20:45:56","date_gmt":"2021-01-19T19:45:56","guid":{"rendered":"https:\/\/blogsaverroes.juntadeandalucia.es\/cprcampodelrey\/?page_id=3277"},"modified":"2021-01-20T13:38:34","modified_gmt":"2021-01-20T12:38:34","slug":"proyectos-etwinning","status":"publish","type":"page","link":"https:\/\/blogsaverroes.juntadeandalucia.es\/cprcampodelrey\/proyectos-etwinning\/","title":{"rendered":"Etwinning"},"content":{"rendered":"<div class=\"pt-cv-wrapper\"><div class=\"pt-cv-view pt-cv-grid pt-cv-colsys\" id=\"pt-cv-view-dba3b96a7w\"><div data-id=\"pt-cv-page-1\" class=\"pt-cv-page\" data-cvc=\"2\"><div class=\"col-md-6 col-sm-6 col-xs-12 pt-cv-content-item pt-cv-1-col\" ><div class='pt-cv-ifield'><a href=\"https:\/\/blogsaverroes.juntadeandalucia.es\/cprcampodelrey\/day-3-natural-and-cultural-day\/\" class=\"_self pt-cv-href-thumbnail pt-cv-thumb-default\" target=\"_self\" ><img fetchpriority=\"high\" decoding=\"async\" width=\"300\" height=\"188\" src=\"https:\/\/blogsaverroes.juntadeandalucia.es\/cprcampodelrey\/files\/2022\/08\/Map-Golden-Circle-Iceland-300x188.png\" class=\"pt-cv-thumbnail\" alt=\"\" srcset=\"https:\/\/blogsaverroes.juntadeandalucia.es\/cprcampodelrey\/files\/2022\/08\/Map-Golden-Circle-Iceland-300x188.png 300w, https:\/\/blogsaverroes.juntadeandalucia.es\/cprcampodelrey\/files\/2022\/08\/Map-Golden-Circle-Iceland-768x481.png 768w, https:\/\/blogsaverroes.juntadeandalucia.es\/cprcampodelrey\/files\/2022\/08\/Map-Golden-Circle-Iceland.png 833w\" sizes=\"(max-width: 300px) 100vw, 300px\" \/><\/a>\n<h4 class=\"pt-cv-title\"><a href=\"https:\/\/blogsaverroes.juntadeandalucia.es\/cprcampodelrey\/day-3-natural-and-cultural-day\/\" class=\"_self\" target=\"_self\" >Day 3: Natural and cultural day<\/a><\/h4>\n<div class=\"pt-cv-content\">Llegamos al ecuador del curso de formaci\u00f3n \u201cSmart Teacher Play more\u201d donde hemos tenido la oportunidad de conseguir contactos y ...<br \/><div class=\"pt-cv-rmwrap\"><a href=\"https:\/\/blogsaverroes.juntadeandalucia.es\/cprcampodelrey\/day-3-natural-and-cultural-day\/\" class=\"_self pt-cv-readmore btn btn-success\" target=\"_self\">Leer M\u00e1s<\/a><\/div><\/div><\/div><\/div>\n<div class=\"col-md-6 col-sm-6 col-xs-12 pt-cv-content-item pt-cv-1-col\" ><div class='pt-cv-ifield'><a href=\"https:\/\/blogsaverroes.juntadeandalucia.es\/cprcampodelrey\/day-2-keep-up-the-good-work\/\" class=\"_self pt-cv-href-thumbnail pt-cv-thumb-default\" target=\"_self\" ><img decoding=\"async\" width=\"300\" height=\"200\" src=\"https:\/\/blogsaverroes.juntadeandalucia.es\/cprcampodelrey\/files\/2022\/08\/catedral-reikiaivik-auroras-300x200.jpg\" class=\"pt-cv-thumbnail\" alt=\"\" srcset=\"https:\/\/blogsaverroes.juntadeandalucia.es\/cprcampodelrey\/files\/2022\/08\/catedral-reikiaivik-auroras-300x200.jpg 300w, https:\/\/blogsaverroes.juntadeandalucia.es\/cprcampodelrey\/files\/2022\/08\/catedral-reikiaivik-auroras-768x512.jpg 768w, https:\/\/blogsaverroes.juntadeandalucia.es\/cprcampodelrey\/files\/2022\/08\/catedral-reikiaivik-auroras.jpg 1000w\" sizes=\"(max-width: 300px) 100vw, 300px\" \/><\/a>\n<h4 class=\"pt-cv-title\"><a href=\"https:\/\/blogsaverroes.juntadeandalucia.es\/cprcampodelrey\/day-2-keep-up-the-good-work\/\" class=\"_self\" target=\"_self\" >Day 2: Keep up the good work!<\/a><\/h4>\n<div class=\"pt-cv-content\">Durante la sesi\u00f3n de hoy, hemos seguido trabajado el uso del juego y la adaptaci\u00f3n de los m\u00e9todos tradicionales con ...<br \/><div class=\"pt-cv-rmwrap\"><a href=\"https:\/\/blogsaverroes.juntadeandalucia.es\/cprcampodelrey\/day-2-keep-up-the-good-work\/\" class=\"_self pt-cv-readmore btn btn-success\" target=\"_self\">Leer M\u00e1s<\/a><\/div><\/div><\/div><\/div>\n<div class=\"col-md-6 col-sm-6 col-xs-12 pt-cv-content-item pt-cv-1-col\" ><div class='pt-cv-ifield'><a href=\"https:\/\/blogsaverroes.juntadeandalucia.es\/cprcampodelrey\/day-1-reikiavik-islandia\/\" class=\"_self pt-cv-href-thumbnail pt-cv-thumb-default\" target=\"_self\" ><img decoding=\"async\" width=\"300\" height=\"224\" src=\"https:\/\/blogsaverroes.juntadeandalucia.es\/cprcampodelrey\/files\/2022\/08\/WhatsApp-Image-2022-08-22-at-8.06.13-PM-300x224.jpeg\" class=\"pt-cv-thumbnail\" alt=\"\" srcset=\"https:\/\/blogsaverroes.juntadeandalucia.es\/cprcampodelrey\/files\/2022\/08\/WhatsApp-Image-2022-08-22-at-8.06.13-PM-300x224.jpeg 300w, https:\/\/blogsaverroes.juntadeandalucia.es\/cprcampodelrey\/files\/2022\/08\/WhatsApp-Image-2022-08-22-at-8.06.13-PM-1024x766.jpeg 1024w, https:\/\/blogsaverroes.juntadeandalucia.es\/cprcampodelrey\/files\/2022\/08\/WhatsApp-Image-2022-08-22-at-8.06.13-PM-768x574.jpeg 768w, https:\/\/blogsaverroes.juntadeandalucia.es\/cprcampodelrey\/files\/2022\/08\/WhatsApp-Image-2022-08-22-at-8.06.13-PM-1536x1149.jpeg 1536w, https:\/\/blogsaverroes.juntadeandalucia.es\/cprcampodelrey\/files\/2022\/08\/WhatsApp-Image-2022-08-22-at-8.06.13-PM.jpeg 1600w\" sizes=\"(max-width: 300px) 100vw, 300px\" \/><\/a>\n<h4 class=\"pt-cv-title\"><a href=\"https:\/\/blogsaverroes.juntadeandalucia.es\/cprcampodelrey\/day-1-reikiavik-islandia\/\" class=\"_self\" target=\"_self\" >Day 1: Reikiavik (Islandia)<\/a><\/h4>\n<div class=\"pt-cv-content\">El domingo 21 de agosto a las 22:50 de la noche sal\u00edamos desde el aeropuerto de M\u00e1laga para tomar el ...<br \/><div class=\"pt-cv-rmwrap\"><a href=\"https:\/\/blogsaverroes.juntadeandalucia.es\/cprcampodelrey\/day-1-reikiavik-islandia\/\" class=\"_self pt-cv-readmore btn btn-success\" target=\"_self\">Leer M\u00e1s<\/a><\/div><\/div><\/div><\/div>\n<div class=\"col-md-6 col-sm-6 col-xs-12 pt-cv-content-item pt-cv-1-col\" ><div class='pt-cv-ifield'><a href=\"https:\/\/blogsaverroes.juntadeandalucia.es\/cprcampodelrey\/la-educacion-fisica-en-tiempos-de-pandemia\/\" class=\"_self pt-cv-href-thumbnail pt-cv-thumb-default\" target=\"_self\" ><img loading=\"lazy\" decoding=\"async\" width=\"300\" height=\"164\" src=\"https:\/\/blogsaverroes.juntadeandalucia.es\/cprcampodelrey\/files\/2021\/05\/educaciobloc-300x164.jpg\" class=\"pt-cv-thumbnail\" alt=\"\" srcset=\"https:\/\/blogsaverroes.juntadeandalucia.es\/cprcampodelrey\/files\/2021\/05\/educaciobloc-300x164.jpg 300w, https:\/\/blogsaverroes.juntadeandalucia.es\/cprcampodelrey\/files\/2021\/05\/educaciobloc-768x420.jpg 768w, https:\/\/blogsaverroes.juntadeandalucia.es\/cprcampodelrey\/files\/2021\/05\/educaciobloc-820x450.jpg 820w, https:\/\/blogsaverroes.juntadeandalucia.es\/cprcampodelrey\/files\/2021\/05\/educaciobloc.jpg 1024w\" sizes=\"(max-width: 300px) 100vw, 300px\" \/><\/a>\n<h4 class=\"pt-cv-title\"><a href=\"https:\/\/blogsaverroes.juntadeandalucia.es\/cprcampodelrey\/la-educacion-fisica-en-tiempos-de-pandemia\/\" class=\"_self\" target=\"_self\" >La educaci\u00f3n f\u00edsica en tiempos de pandemia.<\/a><\/h4>\n<div class=\"pt-cv-content\"> ...<br \/><div class=\"pt-cv-rmwrap\"><a href=\"https:\/\/blogsaverroes.juntadeandalucia.es\/cprcampodelrey\/la-educacion-fisica-en-tiempos-de-pandemia\/\" class=\"_self pt-cv-readmore btn btn-success\" target=\"_self\">Leer M\u00e1s<\/a><\/div><\/div><\/div><\/div>\n<div class=\"col-md-6 col-sm-6 col-xs-12 pt-cv-content-item pt-cv-1-col\" ><div class='pt-cv-ifield'><a href=\"https:\/\/blogsaverroes.juntadeandalucia.es\/cprcampodelrey\/etwinning-proyectando-con-europa\/\" class=\"_self pt-cv-href-thumbnail pt-cv-thumb-default\" target=\"_self\" ><img loading=\"lazy\" decoding=\"async\" width=\"300\" height=\"120\" src=\"https:\/\/blogsaverroes.juntadeandalucia.es\/cprcampodelrey\/files\/2019\/02\/UUTU-300x120.png\" class=\"pt-cv-thumbnail\" alt=\"\" srcset=\"https:\/\/blogsaverroes.juntadeandalucia.es\/cprcampodelrey\/files\/2019\/02\/UUTU-300x120.png 300w, https:\/\/blogsaverroes.juntadeandalucia.es\/cprcampodelrey\/files\/2019\/02\/UUTU-24x10.png 24w, https:\/\/blogsaverroes.juntadeandalucia.es\/cprcampodelrey\/files\/2019\/02\/UUTU-36x14.png 36w, https:\/\/blogsaverroes.juntadeandalucia.es\/cprcampodelrey\/files\/2019\/02\/UUTU-48x19.png 48w, https:\/\/blogsaverroes.juntadeandalucia.es\/cprcampodelrey\/files\/2019\/02\/UUTU.png 356w\" sizes=\"(max-width: 300px) 100vw, 300px\" \/><\/a>\n<h4 class=\"pt-cv-title\"><a href=\"https:\/\/blogsaverroes.juntadeandalucia.es\/cprcampodelrey\/etwinning-proyectando-con-europa\/\" class=\"_self\" target=\"_self\" >ETWINNING !!! PROYECTANDO CON EUROPA<\/a><\/h4>\n<div class=\"pt-cv-content\"> ...<br \/><div class=\"pt-cv-rmwrap\"><a href=\"https:\/\/blogsaverroes.juntadeandalucia.es\/cprcampodelrey\/etwinning-proyectando-con-europa\/\" class=\"_self pt-cv-readmore btn btn-success\" target=\"_self\">Leer M\u00e1s<\/a><\/div><\/div><\/div><\/div><\/div><\/div><\/div>\n","protected":false},"excerpt":{"rendered":"","protected":false},"author":6086,"featured_media":0,"parent":0,"menu_order":0,"comment_status":"closed","ping_status":"closed","template":"","meta":{"ngg_post_thumbnail":0,"footnotes":"","_mc_calendar":[]},"aioseo_notices":[],"_links":{"self":[{"href":"https:\/\/blogsaverroes.juntadeandalucia.es\/cprcampodelrey\/wp-json\/wp\/v2\/pages\/3277"}],"collection":[{"href":"https:\/\/blogsaverroes.juntadeandalucia.es\/cprcampodelrey\/wp-json\/wp\/v2\/pages"}],"about":[{"href":"https:\/\/blogsaverroes.juntadeandalucia.es\/cprcampodelrey\/wp-json\/wp\/v2\/types\/page"}],"author":[{"embeddable":true,"href":"https:\/\/blogsaverroes.juntadeandalucia.es\/cprcampodelrey\/wp-json\/wp\/v2\/users\/6086"}],"replies":[{"embeddable":true,"href":"https:\/\/blogsaverroes.juntadeandalucia.es\/cprcampodelrey\/wp-json\/wp\/v2\/comments?post=3277"}],"version-history":[{"count":3,"href":"https:\/\/blogsaverroes.juntadeandalucia.es\/cprcampodelrey\/wp-json\/wp\/v2\/pages\/3277\/revisions"}],"predecessor-version":[{"id":3357,"href":"https:\/\/blogsaverroes.juntadeandalucia.es\/cprcampodelrey\/wp-json\/wp\/v2\/pages\/3277\/revisions\/3357"}],"wp:attachment":[{"href":"https:\/\/blogsaverroes.juntadeandalucia.es\/cprcampodelrey\/wp-json\/wp\/v2\/media?parent=3277"}],"curies":[{"name":"wp","href":"https:\/\/api.w.org\/{rel}","templated":true}]}}