{"id":3289,"date":"2021-01-19T22:20:31","date_gmt":"2021-01-19T21:20:31","guid":{"rendered":"https:\/\/blogsaverroes.juntadeandalucia.es\/cprcampodelrey\/?page_id=3289"},"modified":"2021-01-23T23:31:48","modified_gmt":"2021-01-23T22:31:48","slug":"cartes-de-voeux-curso-2019-2020","status":"publish","type":"page","link":"https:\/\/blogsaverroes.juntadeandalucia.es\/cprcampodelrey\/cartes-de-voeux-curso-2019-2020\/","title":{"rendered":"\u00abCartes de voeux\u00bb  curso 2019-2020"},"content":{"rendered":"<h3><em>INFORMACI\u00d3N DEL PROYECTO <a href=\"https:\/\/blogsaverroes.juntadeandalucia.es\/cprcampodelrey\/files\/2021\/01\/Captura-de-pantalla-2021-01-23-a-las-23.29.02.png\"><img fetchpriority=\"high\" decoding=\"async\" class=\"wp-image-3470 alignright\" src=\"https:\/\/blogsaverroes.juntadeandalucia.es\/cprcampodelrey\/files\/2021\/01\/Captura-de-pantalla-2021-01-23-a-las-23.29.02.png\" alt=\"\" width=\"287\" height=\"273\" srcset=\"https:\/\/blogsaverroes.juntadeandalucia.es\/cprcampodelrey\/files\/2021\/01\/Captura-de-pantalla-2021-01-23-a-las-23.29.02.png 563w, https:\/\/blogsaverroes.juntadeandalucia.es\/cprcampodelrey\/files\/2021\/01\/Captura-de-pantalla-2021-01-23-a-las-23.29.02-300x286.png 300w, https:\/\/blogsaverroes.juntadeandalucia.es\/cprcampodelrey\/files\/2021\/01\/Captura-de-pantalla-2021-01-23-a-las-23.29.02-24x24.png 24w, https:\/\/blogsaverroes.juntadeandalucia.es\/cprcampodelrey\/files\/2021\/01\/Captura-de-pantalla-2021-01-23-a-las-23.29.02-36x34.png 36w, https:\/\/blogsaverroes.juntadeandalucia.es\/cprcampodelrey\/files\/2021\/01\/Captura-de-pantalla-2021-01-23-a-las-23.29.02-48x46.png 48w\" sizes=\"(max-width: 287px) 100vw, 287px\" \/><\/a><\/em><\/h3>\n<p>Intercambiar tarjetas de felicitaci\u00f3n para el A\u00f1o Nuevo 2019 con la escuela de Javier Mart\u00ednez del Estal (cerca de Granada en Espa\u00f1a), Claudia Neri de Rieti en Italia y Anisoara Costea en Ruman\u00eda.<br \/>\nEl inter\u00e9s es que cada uno haga una tarjeta de felicitaci\u00f3n para otro y la env\u00ede a las otras clases. Todo ello con una breve presentaci\u00f3n de su escuela, su clase, su pa\u00eds para que los dem\u00e1s lo descubran.<\/p>\n<h3><strong><em>OBJETIVOS<\/em><\/strong><\/h3>\n<ul style=\"list-style-type: disc\">\n<li>Hacer una tarjeta de felicitaci\u00f3n en artes pl\u00e1sticas.<\/li>\n<li>Escribir &nbsp;saludos en varios idiomas.<\/li>\n<li>Mantener correspondencia con otros estudiantes europeos.<\/li>\n<li>Conocer otros pa\u00edses de Europa.<\/li>\n<\/ul>\n<h3><em>PROCESO DE TRABAJO<\/em><\/h3>\n<ul style=\"list-style-type: circle\">\n<li>En el mes de enero, haremos las tarjetas de felicitaci\u00f3n y las enviaremos por correo antes del 20 de enero para que lleguen a los colegios antes del 31 de enero de 2019.<\/li>\n<li>Completar el espacio de twinspace con fotos de nuestras escuelas, clases y ciudades o pueblos.<\/li>\n<li>La escuela de Ruman\u00eda har\u00e1 17 tarjetas para Espa\u00f1a, 17 para Italia y 17 para Francia.<\/li>\n<li>La escuela de Italia har\u00e1 26 &nbsp;para Espa\u00f1a, 26 para Francia y 17 para Ruman\u00eda.<\/li>\n<li>La escuela de Espa\u00f1a realizar\u00e1 26 tarjetas para Italia, 17 para Ruman\u00eda y 51 para Francia.<\/li>\n<\/ul>\n<p><a href=\"https:\/\/blogsaverroes.juntadeandalucia.es\/cprcampodelrey\/files\/2021\/01\/Captura-de-pantalla-2021-01-23-a-las-23.27.51.png\"><img decoding=\"async\" class=\"aligncenter  wp-image-3471\" src=\"https:\/\/blogsaverroes.juntadeandalucia.es\/cprcampodelrey\/files\/2021\/01\/Captura-de-pantalla-2021-01-23-a-las-23.27.51.png\" alt=\"\" width=\"442\" height=\"610\" srcset=\"https:\/\/blogsaverroes.juntadeandalucia.es\/cprcampodelrey\/files\/2021\/01\/Captura-de-pantalla-2021-01-23-a-las-23.27.51.png 900w, https:\/\/blogsaverroes.juntadeandalucia.es\/cprcampodelrey\/files\/2021\/01\/Captura-de-pantalla-2021-01-23-a-las-23.27.51-218x300.png 218w, https:\/\/blogsaverroes.juntadeandalucia.es\/cprcampodelrey\/files\/2021\/01\/Captura-de-pantalla-2021-01-23-a-las-23.27.51-743x1024.png 743w, https:\/\/blogsaverroes.juntadeandalucia.es\/cprcampodelrey\/files\/2021\/01\/Captura-de-pantalla-2021-01-23-a-las-23.27.51-768x1059.png 768w, https:\/\/blogsaverroes.juntadeandalucia.es\/cprcampodelrey\/files\/2021\/01\/Captura-de-pantalla-2021-01-23-a-las-23.27.51-17x24.png 17w, https:\/\/blogsaverroes.juntadeandalucia.es\/cprcampodelrey\/files\/2021\/01\/Captura-de-pantalla-2021-01-23-a-las-23.27.51-26x36.png 26w, https:\/\/blogsaverroes.juntadeandalucia.es\/cprcampodelrey\/files\/2021\/01\/Captura-de-pantalla-2021-01-23-a-las-23.27.51-35x48.png 35w\" sizes=\"(max-width: 442px) 100vw, 442px\" \/><\/a><\/p>\n<p>&nbsp;<\/p>\n<div class=\"pt-cv-wrapper\"><div class=\"pt-cv-view pt-cv-grid pt-cv-colsys\" id=\"pt-cv-view-0e8a9179fz\"><div data-id=\"pt-cv-page-1\" class=\"pt-cv-page\" data-cvc=\"2\"><div class=\"col-md-6 col-sm-6 col-xs-12 pt-cv-content-item pt-cv-1-col\" ><div class='pt-cv-ifield'><a href=\"https:\/\/blogsaverroes.juntadeandalucia.es\/cprcampodelrey\/etwinning-proyectando-con-europa\/\" class=\"_self pt-cv-href-thumbnail pt-cv-thumb-default\" target=\"_self\" ><img decoding=\"async\" width=\"300\" height=\"120\" src=\"https:\/\/blogsaverroes.juntadeandalucia.es\/cprcampodelrey\/files\/2019\/02\/UUTU-300x120.png\" class=\"pt-cv-thumbnail\" alt=\"\" srcset=\"https:\/\/blogsaverroes.juntadeandalucia.es\/cprcampodelrey\/files\/2019\/02\/UUTU-300x120.png 300w, https:\/\/blogsaverroes.juntadeandalucia.es\/cprcampodelrey\/files\/2019\/02\/UUTU-24x10.png 24w, https:\/\/blogsaverroes.juntadeandalucia.es\/cprcampodelrey\/files\/2019\/02\/UUTU-36x14.png 36w, https:\/\/blogsaverroes.juntadeandalucia.es\/cprcampodelrey\/files\/2019\/02\/UUTU-48x19.png 48w, https:\/\/blogsaverroes.juntadeandalucia.es\/cprcampodelrey\/files\/2019\/02\/UUTU.png 356w\" sizes=\"(max-width: 300px) 100vw, 300px\" \/><\/a>\n<h4 class=\"pt-cv-title\"><a href=\"https:\/\/blogsaverroes.juntadeandalucia.es\/cprcampodelrey\/etwinning-proyectando-con-europa\/\" class=\"_self\" target=\"_self\" >ETWINNING !!! PROYECTANDO CON EUROPA<\/a><\/h4>\n<div class=\"pt-cv-content\"> ...<br \/><div class=\"pt-cv-rmwrap\"><a href=\"https:\/\/blogsaverroes.juntadeandalucia.es\/cprcampodelrey\/etwinning-proyectando-con-europa\/\" class=\"_self pt-cv-readmore btn btn-success\" target=\"_self\">Leer M\u00e1s<\/a><\/div><\/div><\/div><\/div><\/div><\/div><\/div>\n","protected":false},"excerpt":{"rendered":"<p>INFORMACI\u00d3N DEL PROYECTO Intercambiar tarjetas de felicitaci\u00f3n para el A\u00f1o Nuevo 2019 con la escuela de Javier Mart\u00ednez del Estal (cerca de Granada en Espa\u00f1a), Claudia Neri de Rieti en Italia y Anisoara Costea&#46;&#46;&#46;<\/p>\n","protected":false},"author":6086,"featured_media":0,"parent":0,"menu_order":0,"comment_status":"closed","ping_status":"closed","template":"","meta":{"ngg_post_thumbnail":0,"footnotes":"","_mc_calendar":[]},"aioseo_notices":[],"_links":{"self":[{"href":"https:\/\/blogsaverroes.juntadeandalucia.es\/cprcampodelrey\/wp-json\/wp\/v2\/pages\/3289"}],"collection":[{"href":"https:\/\/blogsaverroes.juntadeandalucia.es\/cprcampodelrey\/wp-json\/wp\/v2\/pages"}],"about":[{"href":"https:\/\/blogsaverroes.juntadeandalucia.es\/cprcampodelrey\/wp-json\/wp\/v2\/types\/page"}],"author":[{"embeddable":true,"href":"https:\/\/blogsaverroes.juntadeandalucia.es\/cprcampodelrey\/wp-json\/wp\/v2\/users\/6086"}],"replies":[{"embeddable":true,"href":"https:\/\/blogsaverroes.juntadeandalucia.es\/cprcampodelrey\/wp-json\/wp\/v2\/comments?post=3289"}],"version-history":[{"count":4,"href":"https:\/\/blogsaverroes.juntadeandalucia.es\/cprcampodelrey\/wp-json\/wp\/v2\/pages\/3289\/revisions"}],"predecessor-version":[{"id":3472,"href":"https:\/\/blogsaverroes.juntadeandalucia.es\/cprcampodelrey\/wp-json\/wp\/v2\/pages\/3289\/revisions\/3472"}],"wp:attachment":[{"href":"https:\/\/blogsaverroes.juntadeandalucia.es\/cprcampodelrey\/wp-json\/wp\/v2\/media?parent=3289"}],"curies":[{"name":"wp","href":"https:\/\/api.w.org\/{rel}","templated":true}]}}