{"id":3292,"date":"2021-01-19T22:21:23","date_gmt":"2021-01-19T21:21:23","guid":{"rendered":"https:\/\/blogsaverroes.juntadeandalucia.es\/cprcampodelrey\/?page_id=3292"},"modified":"2021-01-24T00:09:15","modified_gmt":"2021-01-23T23:09:15","slug":"cultural-project-curso-2020-2021","status":"publish","type":"page","link":"https:\/\/blogsaverroes.juntadeandalucia.es\/cprcampodelrey\/cultural-project-curso-2020-2021\/","title":{"rendered":"\u00abCultural project\u00bb  curso 2020-2021"},"content":{"rendered":"<h3><em><strong>INFORMACI\u00d3N DEL PROYECTO <a href=\"https:\/\/blogsaverroes.juntadeandalucia.es\/cprcampodelrey\/files\/2021\/01\/Captura-de-pantalla-2021-01-24-a-las-0.06.24.png\"><img fetchpriority=\"high\" decoding=\"async\" class=\"wp-image-3482 alignright\" src=\"https:\/\/blogsaverroes.juntadeandalucia.es\/cprcampodelrey\/files\/2021\/01\/Captura-de-pantalla-2021-01-24-a-las-0.06.24.png\" alt=\"\" width=\"243\" height=\"212\" srcset=\"https:\/\/blogsaverroes.juntadeandalucia.es\/cprcampodelrey\/files\/2021\/01\/Captura-de-pantalla-2021-01-24-a-las-0.06.24.png 554w, https:\/\/blogsaverroes.juntadeandalucia.es\/cprcampodelrey\/files\/2021\/01\/Captura-de-pantalla-2021-01-24-a-las-0.06.24-300x263.png 300w, https:\/\/blogsaverroes.juntadeandalucia.es\/cprcampodelrey\/files\/2021\/01\/Captura-de-pantalla-2021-01-24-a-las-0.06.24-24x21.png 24w, https:\/\/blogsaverroes.juntadeandalucia.es\/cprcampodelrey\/files\/2021\/01\/Captura-de-pantalla-2021-01-24-a-las-0.06.24-36x32.png 36w, https:\/\/blogsaverroes.juntadeandalucia.es\/cprcampodelrey\/files\/2021\/01\/Captura-de-pantalla-2021-01-24-a-las-0.06.24-48x42.png 48w\" sizes=\"(max-width: 243px) 100vw, 243px\" \/><\/a><\/strong><\/em><\/h3>\n<p style=\"text-align: justify\"><em>Prop\u00f3sito del proyecto:<\/em> Mejorar las habilidades en ingl\u00e9s aprendiendo m\u00e1s sobre nuestra cultura y compartiendo informaci\u00f3n con penfriends en otro pa\u00eds europeo.<\/p>\n<ul style=\"list-style-type: square\">\n<li style=\"text-align: justify\">Paso 1 : Adquirir habilidades para presentarnos.<\/li>\n<li style=\"text-align: justify\">Paso 2 : Aprender m\u00e1s sobre nuestra geograf\u00eda para compartir informaci\u00f3n con nuestros penfriends<\/li>\n<li style=\"text-align: justify\">Paso 3 : Aprender m\u00e1s sobre nuestra cultura (m\u00fasica, baile y cocina) para compartir informaci\u00f3n con nuestros amigos por correspondencia.<\/li>\n<\/ul>\n<p style=\"text-align: justify\">El proyecto se mejorar\u00e1 seg\u00fan las observaciones de los socios.<\/p>\n<h3><strong><em>OBJETIVOS<\/em><\/strong><\/h3>\n<ol>\n<li>Mejorar las habilidades para presentarnos ( nombre, edad, aficiones, descripci\u00f3n f\u00edsica..)<\/li>\n<li>Adquirir conocimientos de geograf\u00eda para compartirlos con los amigos por correspondencia<\/li>\n<li>Adquirir conocimientos sobre la cultura para compartirlos con los amigos por correspondencia.<\/li>\n<\/ol>\n<h3><strong><em>PROCESO DE TRABAJO<\/em><\/strong><\/h3>\n<p>Cada profesor da clases a los estudiantes para ayudarles a adquirir habilidades para comunicarse con sus amigos por correspondencia y mejorar su ingl\u00e9s.<br \/>\nLos alumnos de uno de los dos profesores son asignados a uno del segundo profesor.<br \/>\nSe prev\u00e9 que las dos aulas utilicen diferentes formas de hablar entre s\u00ed. Principalmente el twinspace pero tambi\u00e9n por carta.<\/p>\n<p><em>Calendario provisional:<\/em><\/p>\n<ul>\n<li>Noviembre : Presentarse.<\/li>\n<li>Diciembre : Saber m\u00e1s sobre el lugar donde vivimos.<\/li>\n<li>Febrero : Saber m\u00e1s sobre nuestra cultura<\/li>\n<\/ul>\n<p><a href=\"https:\/\/blogsaverroes.juntadeandalucia.es\/cprcampodelrey\/files\/2021\/01\/Captura-de-pantalla-2021-01-24-a-las-0.06.51.png\"><img decoding=\"async\" class=\"aligncenter  wp-image-3483\" src=\"https:\/\/blogsaverroes.juntadeandalucia.es\/cprcampodelrey\/files\/2021\/01\/Captura-de-pantalla-2021-01-24-a-las-0.06.51.png\" alt=\"\" width=\"526\" height=\"484\" srcset=\"https:\/\/blogsaverroes.juntadeandalucia.es\/cprcampodelrey\/files\/2021\/01\/Captura-de-pantalla-2021-01-24-a-las-0.06.51.png 913w, https:\/\/blogsaverroes.juntadeandalucia.es\/cprcampodelrey\/files\/2021\/01\/Captura-de-pantalla-2021-01-24-a-las-0.06.51-300x276.png 300w, https:\/\/blogsaverroes.juntadeandalucia.es\/cprcampodelrey\/files\/2021\/01\/Captura-de-pantalla-2021-01-24-a-las-0.06.51-768x707.png 768w, https:\/\/blogsaverroes.juntadeandalucia.es\/cprcampodelrey\/files\/2021\/01\/Captura-de-pantalla-2021-01-24-a-las-0.06.51-24x22.png 24w, https:\/\/blogsaverroes.juntadeandalucia.es\/cprcampodelrey\/files\/2021\/01\/Captura-de-pantalla-2021-01-24-a-las-0.06.51-36x33.png 36w, https:\/\/blogsaverroes.juntadeandalucia.es\/cprcampodelrey\/files\/2021\/01\/Captura-de-pantalla-2021-01-24-a-las-0.06.51-48x44.png 48w\" sizes=\"(max-width: 526px) 100vw, 526px\" \/><\/a><\/p>\n","protected":false},"excerpt":{"rendered":"<p>INFORMACI\u00d3N DEL PROYECTO Prop\u00f3sito del proyecto: Mejorar las habilidades en ingl\u00e9s aprendiendo m\u00e1s sobre nuestra cultura y compartiendo informaci\u00f3n con penfriends en otro pa\u00eds europeo. Paso 1 : Adquirir habilidades para presentarnos. Paso 2&#46;&#46;&#46;<\/p>\n","protected":false},"author":6086,"featured_media":0,"parent":0,"menu_order":0,"comment_status":"closed","ping_status":"closed","template":"","meta":{"ngg_post_thumbnail":0,"footnotes":"","_mc_calendar":[]},"aioseo_notices":[],"_links":{"self":[{"href":"https:\/\/blogsaverroes.juntadeandalucia.es\/cprcampodelrey\/wp-json\/wp\/v2\/pages\/3292"}],"collection":[{"href":"https:\/\/blogsaverroes.juntadeandalucia.es\/cprcampodelrey\/wp-json\/wp\/v2\/pages"}],"about":[{"href":"https:\/\/blogsaverroes.juntadeandalucia.es\/cprcampodelrey\/wp-json\/wp\/v2\/types\/page"}],"author":[{"embeddable":true,"href":"https:\/\/blogsaverroes.juntadeandalucia.es\/cprcampodelrey\/wp-json\/wp\/v2\/users\/6086"}],"replies":[{"embeddable":true,"href":"https:\/\/blogsaverroes.juntadeandalucia.es\/cprcampodelrey\/wp-json\/wp\/v2\/comments?post=3292"}],"version-history":[{"count":3,"href":"https:\/\/blogsaverroes.juntadeandalucia.es\/cprcampodelrey\/wp-json\/wp\/v2\/pages\/3292\/revisions"}],"predecessor-version":[{"id":3484,"href":"https:\/\/blogsaverroes.juntadeandalucia.es\/cprcampodelrey\/wp-json\/wp\/v2\/pages\/3292\/revisions\/3484"}],"wp:attachment":[{"href":"https:\/\/blogsaverroes.juntadeandalucia.es\/cprcampodelrey\/wp-json\/wp\/v2\/media?parent=3292"}],"curies":[{"name":"wp","href":"https:\/\/api.w.org\/{rel}","templated":true}]}}