{"id":3433,"date":"2021-01-22T23:13:46","date_gmt":"2021-01-22T22:13:46","guid":{"rendered":"https:\/\/blogsaverroes.juntadeandalucia.es\/cprcampodelrey\/?page_id=3433"},"modified":"2021-02-04T13:24:45","modified_gmt":"2021-02-04T12:24:45","slug":"almontaras","status":"publish","type":"page","link":"https:\/\/blogsaverroes.juntadeandalucia.es\/cprcampodelrey\/almontaras\/","title":{"rendered":"Almontaras"},"content":{"rendered":"\t\t<div data-elementor-type=\"wp-page\" data-elementor-id=\"3433\" class=\"elementor elementor-3433\">\n\t\t\t\t\t\t<section class=\"elementor-section elementor-top-section elementor-element elementor-element-26e0164 elementor-section-boxed elementor-section-height-default elementor-section-height-default\" data-id=\"26e0164\" data-element_type=\"section\">\n\t\t\t\t\t\t<div class=\"elementor-container elementor-column-gap-default\">\n\t\t\t\t\t<div class=\"elementor-column elementor-col-100 elementor-top-column elementor-element elementor-element-3c6c347\" data-id=\"3c6c347\" data-element_type=\"column\">\n\t\t\t<div class=\"elementor-widget-wrap elementor-element-populated\">\n\t\t\t\t\t\t<div class=\"elementor-element elementor-element-d75474b elementor-widget elementor-widget-heading\" data-id=\"d75474b\" data-element_type=\"widget\" data-widget_type=\"heading.default\">\n\t\t\t\t<div class=\"elementor-widget-container\">\n\t\t\t\t\t<h2 class=\"elementor-heading-title elementor-size-default\"><b style=\"font-family: Calibri, sans-serif;font-size: 11pt;text-align: center\"><span style=\"font-size: 26pt;line-height: 39.866668701171875px;font-family: Trattatello, sans-serif\">ALMONTARAS<\/span><\/b><p class=\"MsoNormal\" align=\"center\" style=\"margin: 0cm 0cm 10pt;line-height: 16.866666793823242px;font-size: 11pt;font-family: Calibri, sans-serif;font-style: normal;text-align: center\"><b><span style=\"font-size: 26pt;line-height: 39.866668701171875px;font-family: Trattatello, sans-serif\"><\/span><\/b><\/p><\/h2>\t\t\t\t<\/div>\n\t\t\t\t<\/div>\n\t\t\t\t\t<\/div>\n\t\t<\/div>\n\t\t\t\t\t<\/div>\n\t\t<\/section>\n\t\t\t\t<section class=\"elementor-section elementor-top-section elementor-element elementor-element-277a4fd elementor-section-boxed elementor-section-height-default elementor-section-height-default\" data-id=\"277a4fd\" data-element_type=\"section\">\n\t\t\t\t\t\t<div class=\"elementor-container elementor-column-gap-default\">\n\t\t\t\t\t<div class=\"elementor-column elementor-col-100 elementor-top-column elementor-element elementor-element-ed0d319\" data-id=\"ed0d319\" data-element_type=\"column\">\n\t\t\t<div class=\"elementor-widget-wrap elementor-element-populated\">\n\t\t\t\t\t\t<div class=\"elementor-element elementor-element-061ded8 elementor-widget elementor-widget-image\" data-id=\"061ded8\" data-element_type=\"widget\" data-widget_type=\"image.default\">\n\t\t\t\t<div class=\"elementor-widget-container\">\n\t\t\t\t\t\t\t\t\t\t\t\t\t\t\t<img fetchpriority=\"high\" decoding=\"async\" width=\"1024\" height=\"263\" src=\"https:\/\/blogsaverroes.juntadeandalucia.es\/cprcampodelrey\/files\/2021\/01\/Almontaras-a-1024x263.png\" class=\"attachment-large size-large wp-image-3443\" alt=\"\" srcset=\"https:\/\/blogsaverroes.juntadeandalucia.es\/cprcampodelrey\/files\/2021\/01\/Almontaras-a-1024x263.png 1024w, https:\/\/blogsaverroes.juntadeandalucia.es\/cprcampodelrey\/files\/2021\/01\/Almontaras-a-300x77.png 300w, https:\/\/blogsaverroes.juntadeandalucia.es\/cprcampodelrey\/files\/2021\/01\/Almontaras-a-768x197.png 768w, https:\/\/blogsaverroes.juntadeandalucia.es\/cprcampodelrey\/files\/2021\/01\/Almontaras-a-24x6.png 24w, https:\/\/blogsaverroes.juntadeandalucia.es\/cprcampodelrey\/files\/2021\/01\/Almontaras-a-36x9.png 36w, https:\/\/blogsaverroes.juntadeandalucia.es\/cprcampodelrey\/files\/2021\/01\/Almontaras-a-48x12.png 48w, https:\/\/blogsaverroes.juntadeandalucia.es\/cprcampodelrey\/files\/2021\/01\/Almontaras-a.png 1300w\" sizes=\"(max-width: 1024px) 100vw, 1024px\" \/>\t\t\t\t\t\t\t\t\t\t\t\t\t\t\t<\/div>\n\t\t\t\t<\/div>\n\t\t\t\t\t<\/div>\n\t\t<\/div>\n\t\t\t\t\t<\/div>\n\t\t<\/section>\n\t\t\t\t<section class=\"elementor-section elementor-top-section elementor-element elementor-element-92906a9 elementor-section-boxed elementor-section-height-default elementor-section-height-default\" data-id=\"92906a9\" data-element_type=\"section\">\n\t\t\t\t\t\t<div class=\"elementor-container elementor-column-gap-default\">\n\t\t\t\t\t<div class=\"elementor-column elementor-col-100 elementor-top-column elementor-element elementor-element-4156040\" data-id=\"4156040\" data-element_type=\"column\">\n\t\t\t<div class=\"elementor-widget-wrap elementor-element-populated\">\n\t\t\t\t\t\t<div class=\"elementor-element elementor-element-62da2bc elementor-widget elementor-widget-text-editor\" data-id=\"62da2bc\" data-element_type=\"widget\" data-widget_type=\"text-editor.default\">\n\t\t\t\t<div class=\"elementor-widget-container\">\n\t\t\t\t\t\t\t\t\t<p style=\"text-align: justify\">Almontaras es una peque\u00f1a pedan\u00eda perteneciente a Castril, rodeada de almendros y senderos por los que pasear y respirar aire puro. Uno de esos senderos nos lleva a uno de los lugares m\u00e1s nombrados por los lugare\u00f1os, \u201cEl Barranco\u201d, situado tras el polideportivo, en el que se puede realizar escalada y pasar un buen rato en familia. Otros de los lugares m\u00e1s emblem\u00e1ticos del lugar es el Cerro del Cubo, en el que podremos encontrar una gran variedad de fauna, destacando los jabal\u00edes, cabras montesas, gamos y ciervos. En primavera se convierte en un bonito paraje adornado con flores, matorrales y carrascas, com\u00fanmente conocidas como encinas. En oto\u00f1o es muy visitado por los habitantes de Almontaras para la recolecci\u00f3n de n\u00edscalos, manjares con los que preparan los platos m\u00e1s t\u00edpicos de la zona (maimones, revueltos de n\u00edscalos, arroz, etc.).<\/p><p style=\"margin: 0cm 0cm 10pt;line-height: 16.866666793823242px;font-size: 11pt;font-family: Calibri, sans-serif;color: #000000;font-style: normal;text-align: justify;text-indent: 35.4pt\">\u00a0<\/p>\t\t\t\t\t\t\t\t<\/div>\n\t\t\t\t<\/div>\n\t\t\t\t\t<\/div>\n\t\t<\/div>\n\t\t\t\t\t<\/div>\n\t\t<\/section>\n\t\t\t\t<section class=\"elementor-section elementor-top-section elementor-element elementor-element-d648b68 elementor-section-boxed elementor-section-height-default elementor-section-height-default\" data-id=\"d648b68\" data-element_type=\"section\">\n\t\t\t\t\t\t<div class=\"elementor-container elementor-column-gap-default\">\n\t\t\t\t\t<div class=\"elementor-column elementor-col-50 elementor-top-column elementor-element elementor-element-b3c8acb\" data-id=\"b3c8acb\" data-element_type=\"column\">\n\t\t\t<div class=\"elementor-widget-wrap elementor-element-populated\">\n\t\t\t\t\t\t<div class=\"elementor-element elementor-element-3d95dc5 elementor-widget elementor-widget-text-editor\" data-id=\"3d95dc5\" data-element_type=\"widget\" data-widget_type=\"text-editor.default\">\n\t\t\t\t<div class=\"elementor-widget-container\">\n\t\t\t\t\t\t\t\t\t<p style=\"text-align: justify\">Otro lugar a destacar, por su influencia en los m\u00e1s peque\u00f1os es el parque y el polideportivo, en el que pasan muchas tardes jugando, riendo y disfrutando de su tiempo libre. All\u00ed disponen de los recursos necesarios (columpios, porter\u00edas, canastas,\u2026) para utilizar su imaginaci\u00f3n y creatividad.<\/p>\t\t\t\t\t\t\t\t<\/div>\n\t\t\t\t<\/div>\n\t\t\t\t\t<\/div>\n\t\t<\/div>\n\t\t\t\t<div class=\"elementor-column elementor-col-50 elementor-top-column elementor-element elementor-element-94c1a6b\" data-id=\"94c1a6b\" data-element_type=\"column\">\n\t\t\t<div class=\"elementor-widget-wrap elementor-element-populated\">\n\t\t\t\t\t\t<div class=\"elementor-element elementor-element-fd7365b elementor-widget elementor-widget-image\" data-id=\"fd7365b\" data-element_type=\"widget\" data-widget_type=\"image.default\">\n\t\t\t\t<div class=\"elementor-widget-container\">\n\t\t\t\t\t\t\t\t\t\t\t\t\t\t\t<img decoding=\"async\" width=\"421\" height=\"322\" src=\"https:\/\/blogsaverroes.juntadeandalucia.es\/cprcampodelrey\/files\/2021\/01\/Captura-de-pantalla-2021-01-22-a-las-23.25.22.png\" class=\"attachment-medium_large size-medium_large wp-image-3444\" alt=\"\" srcset=\"https:\/\/blogsaverroes.juntadeandalucia.es\/cprcampodelrey\/files\/2021\/01\/Captura-de-pantalla-2021-01-22-a-las-23.25.22.png 421w, https:\/\/blogsaverroes.juntadeandalucia.es\/cprcampodelrey\/files\/2021\/01\/Captura-de-pantalla-2021-01-22-a-las-23.25.22-300x229.png 300w, https:\/\/blogsaverroes.juntadeandalucia.es\/cprcampodelrey\/files\/2021\/01\/Captura-de-pantalla-2021-01-22-a-las-23.25.22-24x18.png 24w, https:\/\/blogsaverroes.juntadeandalucia.es\/cprcampodelrey\/files\/2021\/01\/Captura-de-pantalla-2021-01-22-a-las-23.25.22-36x28.png 36w, https:\/\/blogsaverroes.juntadeandalucia.es\/cprcampodelrey\/files\/2021\/01\/Captura-de-pantalla-2021-01-22-a-las-23.25.22-48x37.png 48w\" sizes=\"(max-width: 421px) 100vw, 421px\" \/>\t\t\t\t\t\t\t\t\t\t\t\t\t\t\t<\/div>\n\t\t\t\t<\/div>\n\t\t\t\t\t<\/div>\n\t\t<\/div>\n\t\t\t\t\t<\/div>\n\t\t<\/section>\n\t\t\t\t<section class=\"elementor-section elementor-top-section elementor-element elementor-element-a270ff9 elementor-section-boxed elementor-section-height-default elementor-section-height-default\" data-id=\"a270ff9\" data-element_type=\"section\">\n\t\t\t\t\t\t<div class=\"elementor-container elementor-column-gap-default\">\n\t\t\t\t\t<div class=\"elementor-column elementor-col-50 elementor-top-column elementor-element elementor-element-23d99be\" data-id=\"23d99be\" data-element_type=\"column\">\n\t\t\t<div class=\"elementor-widget-wrap elementor-element-populated\">\n\t\t\t\t\t\t<div class=\"elementor-element elementor-element-91d7a8d elementor-widget elementor-widget-image\" data-id=\"91d7a8d\" data-element_type=\"widget\" data-widget_type=\"image.default\">\n\t\t\t\t<div class=\"elementor-widget-container\">\n\t\t\t\t\t\t\t\t\t\t\t\t\t\t\t<img decoding=\"async\" width=\"415\" height=\"299\" src=\"https:\/\/blogsaverroes.juntadeandalucia.es\/cprcampodelrey\/files\/2021\/01\/Captura-de-pantalla-2021-01-22-a-las-23.27.22.png\" class=\"attachment-large size-large wp-image-3445\" alt=\"\" srcset=\"https:\/\/blogsaverroes.juntadeandalucia.es\/cprcampodelrey\/files\/2021\/01\/Captura-de-pantalla-2021-01-22-a-las-23.27.22.png 415w, https:\/\/blogsaverroes.juntadeandalucia.es\/cprcampodelrey\/files\/2021\/01\/Captura-de-pantalla-2021-01-22-a-las-23.27.22-300x216.png 300w, https:\/\/blogsaverroes.juntadeandalucia.es\/cprcampodelrey\/files\/2021\/01\/Captura-de-pantalla-2021-01-22-a-las-23.27.22-24x17.png 24w, https:\/\/blogsaverroes.juntadeandalucia.es\/cprcampodelrey\/files\/2021\/01\/Captura-de-pantalla-2021-01-22-a-las-23.27.22-36x26.png 36w, https:\/\/blogsaverroes.juntadeandalucia.es\/cprcampodelrey\/files\/2021\/01\/Captura-de-pantalla-2021-01-22-a-las-23.27.22-48x35.png 48w\" sizes=\"(max-width: 415px) 100vw, 415px\" \/>\t\t\t\t\t\t\t\t\t\t\t\t\t\t\t<\/div>\n\t\t\t\t<\/div>\n\t\t\t\t\t<\/div>\n\t\t<\/div>\n\t\t\t\t<div class=\"elementor-column elementor-col-50 elementor-top-column elementor-element elementor-element-908bfe7\" data-id=\"908bfe7\" data-element_type=\"column\">\n\t\t\t<div class=\"elementor-widget-wrap elementor-element-populated\">\n\t\t\t\t\t\t<div class=\"elementor-element elementor-element-e00099c elementor-widget elementor-widget-text-editor\" data-id=\"e00099c\" data-element_type=\"widget\" data-widget_type=\"text-editor.default\">\n\t\t\t\t<div class=\"elementor-widget-container\">\n\t\t\t\t\t\t\t\t\t<p style=\"text-align: justify\">Sin embargo, las fiestas de San Antonio, celebradas el 13 de junio, es el evento m\u00e1s esperado por los habitantes de esta peque\u00f1a pedan\u00eda, al que tienen gran devoci\u00f3n. Realizan una procesi\u00f3n por las calles de la localidad en honor al santo, tras la que adultos y ni\u00f1os disfrutan a lo grande, comiendo una rica paella. La jornada finaliza con juegos populares y tradicionales, bailes, y un gran espect\u00e1culo de fuegos artificiales.<\/p>\t\t\t\t\t\t\t\t<\/div>\n\t\t\t\t<\/div>\n\t\t\t\t\t<\/div>\n\t\t<\/div>\n\t\t\t\t\t<\/div>\n\t\t<\/section>\n\t\t\t\t<\/div>\n\t\t","protected":false},"excerpt":{"rendered":"<p>ALMONTARAS &nbsp; Almontaras es una peque\u00f1a pedan\u00eda perteneciente a Castril, rodeada de almendros y senderos por los que pasear y respirar aire puro. Uno de esos senderos nos lleva a uno de los lugares&#46;&#46;&#46;<\/p>\n","protected":false},"author":6086,"featured_media":0,"parent":0,"menu_order":0,"comment_status":"closed","ping_status":"closed","template":"","meta":{"ngg_post_thumbnail":0,"footnotes":"","_mc_calendar":[]},"aioseo_notices":[],"_links":{"self":[{"href":"https:\/\/blogsaverroes.juntadeandalucia.es\/cprcampodelrey\/wp-json\/wp\/v2\/pages\/3433"}],"collection":[{"href":"https:\/\/blogsaverroes.juntadeandalucia.es\/cprcampodelrey\/wp-json\/wp\/v2\/pages"}],"about":[{"href":"https:\/\/blogsaverroes.juntadeandalucia.es\/cprcampodelrey\/wp-json\/wp\/v2\/types\/page"}],"author":[{"embeddable":true,"href":"https:\/\/blogsaverroes.juntadeandalucia.es\/cprcampodelrey\/wp-json\/wp\/v2\/users\/6086"}],"replies":[{"embeddable":true,"href":"https:\/\/blogsaverroes.juntadeandalucia.es\/cprcampodelrey\/wp-json\/wp\/v2\/comments?post=3433"}],"version-history":[{"count":9,"href":"https:\/\/blogsaverroes.juntadeandalucia.es\/cprcampodelrey\/wp-json\/wp\/v2\/pages\/3433\/revisions"}],"predecessor-version":[{"id":3612,"href":"https:\/\/blogsaverroes.juntadeandalucia.es\/cprcampodelrey\/wp-json\/wp\/v2\/pages\/3433\/revisions\/3612"}],"wp:attachment":[{"href":"https:\/\/blogsaverroes.juntadeandalucia.es\/cprcampodelrey\/wp-json\/wp\/v2\/media?parent=3433"}],"curies":[{"name":"wp","href":"https:\/\/api.w.org\/{rel}","templated":true}]}}