{"id":3450,"date":"2021-01-22T23:57:57","date_gmt":"2021-01-22T22:57:57","guid":{"rendered":"https:\/\/blogsaverroes.juntadeandalucia.es\/cprcampodelrey\/?page_id=3450"},"modified":"2021-01-23T00:19:40","modified_gmt":"2021-01-22T23:19:40","slug":"los-laneros","status":"publish","type":"page","link":"https:\/\/blogsaverroes.juntadeandalucia.es\/cprcampodelrey\/los-laneros\/","title":{"rendered":"Los Laneros"},"content":{"rendered":"<h1 style=\"text-align: center\"><span style=\"color: #00ccff\">Los Laneros<\/span><\/h1>\n<p style=\"text-align: justify\">Los Laneros es una peque\u00f1a pedan\u00eda de Cortes de Baza situada al lado del r\u00edo Castril, cuyas aguas riegan las huertas de la localidad y los almendros. Nace en un entorno privilegiado como es la sierra de Castril perteneciente al Parque Natural, donde sus fr\u00edas y cristalinas aguas brotan de las rocas. Podemos disfrutar de las mejores rutas de senderismo, trekking y rut<a href=\"https:\/\/blogsaverroes.juntadeandalucia.es\/cprcampodelrey\/files\/2021\/01\/Captura-de-pantalla-2021-01-22-a-las-23.40.35-1.png\"><img decoding=\"async\" class=\"wp-image-3452 alignright\" src=\"https:\/\/blogsaverroes.juntadeandalucia.es\/cprcampodelrey\/files\/2021\/01\/Captura-de-pantalla-2021-01-22-a-las-23.40.35-1.png\" alt=\"\" width=\"198\" height=\"151\" srcset=\"https:\/\/blogsaverroes.juntadeandalucia.es\/cprcampodelrey\/files\/2021\/01\/Captura-de-pantalla-2021-01-22-a-las-23.40.35-1.png 810w, https:\/\/blogsaverroes.juntadeandalucia.es\/cprcampodelrey\/files\/2021\/01\/Captura-de-pantalla-2021-01-22-a-las-23.40.35-1-300x228.png 300w, https:\/\/blogsaverroes.juntadeandalucia.es\/cprcampodelrey\/files\/2021\/01\/Captura-de-pantalla-2021-01-22-a-las-23.40.35-1-768x583.png 768w, https:\/\/blogsaverroes.juntadeandalucia.es\/cprcampodelrey\/files\/2021\/01\/Captura-de-pantalla-2021-01-22-a-las-23.40.35-1-24x18.png 24w, https:\/\/blogsaverroes.juntadeandalucia.es\/cprcampodelrey\/files\/2021\/01\/Captura-de-pantalla-2021-01-22-a-las-23.40.35-1-36x27.png 36w, https:\/\/blogsaverroes.juntadeandalucia.es\/cprcampodelrey\/files\/2021\/01\/Captura-de-pantalla-2021-01-22-a-las-23.40.35-1-48x36.png 48w\" sizes=\"(max-width: 198px) 100vw, 198px\" \/><\/a>as a caballo. El r\u00edo, es uno de los principales atractivos de la barriada. Desde tiempos inmemoriales, los habitantes han hecho uso de sus aguas y prueba de ello son las termas romanas de Los Laneros, que actualmente permanecen enterradas. Adem\u00e1s, podemos encontrar una plaza. La importancia de esta plaza, es principalmente por su centralidad y el hecho de ser uno de los epicentros de la actividad social del pueblo. Tambi\u00e9n es testigo y punto de encuentro de grandes y peque\u00f1os y el conjunto de la estructura central cobija del calor del verano. Tambi\u00e9n hay una gran fuente donde podemos beber agua bien fr\u00eda para poder refrescarnos. Sentados en sus bancos, podemos observar la ermita de la Santa Cruz.<a href=\"https:\/\/blogsaverroes.juntadeandalucia.es\/cprcampodelrey\/files\/2021\/01\/Captura-de-pantalla-2021-01-22-a-las-23.41.25.png\"><img decoding=\"async\" class=\"wp-image-3453 alignleft\" src=\"https:\/\/blogsaverroes.juntadeandalucia.es\/cprcampodelrey\/files\/2021\/01\/Captura-de-pantalla-2021-01-22-a-las-23.41.25.png\" alt=\"\" width=\"194\" height=\"144\" srcset=\"https:\/\/blogsaverroes.juntadeandalucia.es\/cprcampodelrey\/files\/2021\/01\/Captura-de-pantalla-2021-01-22-a-las-23.41.25.png 839w, https:\/\/blogsaverroes.juntadeandalucia.es\/cprcampodelrey\/files\/2021\/01\/Captura-de-pantalla-2021-01-22-a-las-23.41.25-300x222.png 300w, https:\/\/blogsaverroes.juntadeandalucia.es\/cprcampodelrey\/files\/2021\/01\/Captura-de-pantalla-2021-01-22-a-las-23.41.25-768x568.png 768w, https:\/\/blogsaverroes.juntadeandalucia.es\/cprcampodelrey\/files\/2021\/01\/Captura-de-pantalla-2021-01-22-a-las-23.41.25-24x18.png 24w, https:\/\/blogsaverroes.juntadeandalucia.es\/cprcampodelrey\/files\/2021\/01\/Captura-de-pantalla-2021-01-22-a-las-23.41.25-36x27.png 36w, https:\/\/blogsaverroes.juntadeandalucia.es\/cprcampodelrey\/files\/2021\/01\/Captura-de-pantalla-2021-01-22-a-las-23.41.25-48x36.png 48w\" sizes=\"(max-width: 194px) 100vw, 194px\" \/><\/a><\/p>\n<p style=\"text-align: justify\">La fiestas m\u00e1s importantes son el d\u00eda de la Cruz y la fiesta de la almendra, que se celebra al final de la recogida de la almendra sobre el mes de octubre. Los habitantes de Los Laneros, preparan comidas t\u00edpicas y postres hechos a base de almendra como, por ejemplo: turr\u00f3n, polvorones, roscos de vino\u2026<\/p>\n<p>&nbsp;<\/p>\n","protected":false},"excerpt":{"rendered":"<p>Los Laneros Los Laneros es una peque\u00f1a pedan\u00eda de Cortes de Baza situada al lado del r\u00edo Castril, cuyas aguas riegan las huertas de la localidad y los almendros. Nace en un entorno privilegiado&#46;&#46;&#46;<\/p>\n","protected":false},"author":6086,"featured_media":0,"parent":0,"menu_order":0,"comment_status":"closed","ping_status":"closed","template":"","meta":{"ngg_post_thumbnail":0,"footnotes":"","_mc_calendar":[]},"aioseo_notices":[],"_links":{"self":[{"href":"https:\/\/blogsaverroes.juntadeandalucia.es\/cprcampodelrey\/wp-json\/wp\/v2\/pages\/3450"}],"collection":[{"href":"https:\/\/blogsaverroes.juntadeandalucia.es\/cprcampodelrey\/wp-json\/wp\/v2\/pages"}],"about":[{"href":"https:\/\/blogsaverroes.juntadeandalucia.es\/cprcampodelrey\/wp-json\/wp\/v2\/types\/page"}],"author":[{"embeddable":true,"href":"https:\/\/blogsaverroes.juntadeandalucia.es\/cprcampodelrey\/wp-json\/wp\/v2\/users\/6086"}],"replies":[{"embeddable":true,"href":"https:\/\/blogsaverroes.juntadeandalucia.es\/cprcampodelrey\/wp-json\/wp\/v2\/comments?post=3450"}],"version-history":[{"count":4,"href":"https:\/\/blogsaverroes.juntadeandalucia.es\/cprcampodelrey\/wp-json\/wp\/v2\/pages\/3450\/revisions"}],"predecessor-version":[{"id":3461,"href":"https:\/\/blogsaverroes.juntadeandalucia.es\/cprcampodelrey\/wp-json\/wp\/v2\/pages\/3450\/revisions\/3461"}],"wp:attachment":[{"href":"https:\/\/blogsaverroes.juntadeandalucia.es\/cprcampodelrey\/wp-json\/wp\/v2\/media?parent=3450"}],"curies":[{"name":"wp","href":"https:\/\/api.w.org\/{rel}","templated":true}]}}