{"id":4496,"date":"2022-11-30T13:54:58","date_gmt":"2022-11-30T12:54:58","guid":{"rendered":"https:\/\/blogsaverroes.juntadeandalucia.es\/cprcampodelrey\/?page_id=4496"},"modified":"2022-12-09T20:02:02","modified_gmt":"2022-12-09T19:02:02","slug":"manualidades-en-familia","status":"publish","type":"page","link":"https:\/\/blogsaverroes.juntadeandalucia.es\/cprcampodelrey\/manualidades-en-familia\/","title":{"rendered":"CALENDARIO DE ADVIENTO"},"content":{"rendered":"<h3>En este espacio encontrar\u00e9is ideas para poder realizar vuestros retos del calendario de adviento.&nbsp;<\/h3>\n<h3>\u00a1OJO! La manualidad hay que hacerla cuando lo indique la tarjeta que aparecer\u00e1 en el calendario de adviento.<\/h3>\n<h4><span style=\"color: #ff0000\">DECORACI\u00d3N NAVIDE\u00d1A PARA EL COLEGIO<\/span><\/h4>\n<p style=\"text-align: left\"><a href=\"https:\/\/blogsaverroes.juntadeandalucia.es\/cprcampodelrey\/files\/2022\/12\/Manualidades-Arboles-de-Navidad.png\"><img decoding=\"async\" class=\"alignleft wp-image-4528\" src=\"https:\/\/blogsaverroes.juntadeandalucia.es\/cprcampodelrey\/files\/2022\/12\/Manualidades-Arboles-de-Navidad-300x300.png\" alt=\"\" width=\"210\" height=\"210\" srcset=\"https:\/\/blogsaverroes.juntadeandalucia.es\/cprcampodelrey\/files\/2022\/12\/Manualidades-Arboles-de-Navidad-300x300.png 300w, https:\/\/blogsaverroes.juntadeandalucia.es\/cprcampodelrey\/files\/2022\/12\/Manualidades-Arboles-de-Navidad-150x150.png 150w, https:\/\/blogsaverroes.juntadeandalucia.es\/cprcampodelrey\/files\/2022\/12\/Manualidades-Arboles-de-Navidad-100x100.png 100w, https:\/\/blogsaverroes.juntadeandalucia.es\/cprcampodelrey\/files\/2022\/12\/Manualidades-Arboles-de-Navidad.png 640w\" sizes=\"(max-width: 210px) 100vw, 210px\" \/><\/a><a href=\"http:\/\/englishspot01.blogspot.com\/2010\/05\/christmas-crafts.html?m=1\">\u00c1rbol de Navidad en 3D y mu\u00f1eco de nieve colgante<\/a><\/p>\n<h4 style=\"text-align: left\"><a href=\"http:\/\/krokotak.com\/2021\/11\/3d-christmas-winter-10-coloringpages\/\">Fichas de elementos navide\u00f1os con algunas partes en 3d<\/a><\/h4>\n<p style=\"text-align: left\"><a href=\"http:\/\/teachersmag.com\/wp-content\/uploads\/2019\/12\/christmas3.jpg\">Pir\u00e1mide \u00e1rbol de navidad<\/a><\/p>\n<p style=\"text-align: left\"><a href=\"https:\/\/www.rubio.net\/con-buena-letra\/8-manualidades-para-el-arbol-de-navidad\">Distintas manualidades con cart\u00f3n y palitos<\/a><\/p>\n<p style=\"text-align: left\"><a href=\"https:\/\/www.siemprenavidad.com\/dibujos-navidad\/recortables-de-navidad-para-ninos\">Portal de Bel\u00e9n recortable y mu\u00f1eco de nieve montable<\/a><\/p>\n<p style=\"text-align: left\"><a href=\"https:\/\/www.blogcolorear.com\/2011\/12\/papa-noel-recortable-y-articulado-para.html\">Pap\u00e1 Noel m\u00f3vil<\/a><\/p>\n<h4>&nbsp;<\/h4>\n<h4><span style=\"color: #ff0000\">DECORACI\u00d3N NAVIDE\u00d1A PARA CASA<\/span><\/h4>\n<p><a href=\"https:\/\/blogsaverroes.juntadeandalucia.es\/cprcampodelrey\/files\/2022\/11\/450_1000.jpg\"><img decoding=\"async\" class=\" wp-image-4498 alignleft\" src=\"https:\/\/blogsaverroes.juntadeandalucia.es\/cprcampodelrey\/files\/2022\/11\/450_1000.jpg\" alt=\"\" width=\"234\" height=\"156\" srcset=\"https:\/\/blogsaverroes.juntadeandalucia.es\/cprcampodelrey\/files\/2022\/11\/450_1000.jpg 450w, https:\/\/blogsaverroes.juntadeandalucia.es\/cprcampodelrey\/files\/2022\/11\/450_1000-300x199.jpg 300w\" sizes=\"(max-width: 234px) 100vw, 234px\" \/><\/a><\/p>\n<p><a href=\"https:\/\/www.instagram.com\/reel\/ClaeuQFjaTL\/?igshid=MDJmNzVkMjY%3D\">Mu\u00f1eco de nieve balanc\u00edn<\/a><\/p>\n<p><a href=\"https:\/\/www.instagram.com\/reel\/CkTeG03ACxH\/?igshid=MDJmNzVkMjY%3D\">Estrella de cart\u00f3n<\/a><\/p>\n<h4><a href=\"https:\/\/www.instagram.com\/p\/CllnAZUjiSX\/?hl=es\">Decoraci\u00f3n navide\u00f1a con az\u00facar<\/a><\/h4>\n<h4>&nbsp;<\/h4>\n<h4>&nbsp;<\/h4>\n<h4><span style=\"color: #ff0000\">AMBIENTADORES CASEROS<\/span><\/h4>\n<p><a href=\"https:\/\/blogsaverroes.juntadeandalucia.es\/cprcampodelrey\/files\/2022\/11\/como_hacer_ambientadores_caseros_de_canela_y_naranja_425_7_600.jpg\"><img decoding=\"async\" class=\"wp-image-4497 alignleft\" src=\"https:\/\/blogsaverroes.juntadeandalucia.es\/cprcampodelrey\/files\/2022\/11\/como_hacer_ambientadores_caseros_de_canela_y_naranja_425_7_600.jpg\" alt=\"\" width=\"233\" height=\"155\" srcset=\"https:\/\/blogsaverroes.juntadeandalucia.es\/cprcampodelrey\/files\/2022\/11\/como_hacer_ambientadores_caseros_de_canela_y_naranja_425_7_600.jpg 600w, https:\/\/blogsaverroes.juntadeandalucia.es\/cprcampodelrey\/files\/2022\/11\/como_hacer_ambientadores_caseros_de_canela_y_naranja_425_7_600-300x200.jpg 300w\" sizes=\"(max-width: 233px) 100vw, 233px\" \/><\/a><a href=\"https:\/\/www.youtube.com\/watch?v=Ncp7EASVBSs\">Ambientadores de invierno<\/a><\/p>\n<p><a href=\"https:\/\/www.hogarmania.com\/hogar\/ecologia\/ambientadores-caseros-para-regalar-navidad-22413.html\">Ambientadores para regalar<\/a><\/p>\n<p>&nbsp;<\/p>\n<p>&nbsp;<\/p>\n<p>&nbsp;<\/p>\n<p><span style=\"color: #ff0000\">POSTALES NAVIDE\u00d1AS<\/span><\/p>\n<p><a href=\"https:\/\/blogsaverroes.juntadeandalucia.es\/cprcampodelrey\/files\/2022\/12\/img_crear-postales-navidad-online.jpg\"><img loading=\"lazy\" decoding=\"async\" class=\"alignleft wp-image-4534\" src=\"https:\/\/blogsaverroes.juntadeandalucia.es\/cprcampodelrey\/files\/2022\/12\/img_crear-postales-navidad-online-300x198.jpg\" alt=\"\" width=\"238\" height=\"157\" srcset=\"https:\/\/blogsaverroes.juntadeandalucia.es\/cprcampodelrey\/files\/2022\/12\/img_crear-postales-navidad-online-300x198.jpg 300w, https:\/\/blogsaverroes.juntadeandalucia.es\/cprcampodelrey\/files\/2022\/12\/img_crear-postales-navidad-online-768x506.jpg 768w, https:\/\/blogsaverroes.juntadeandalucia.es\/cprcampodelrey\/files\/2022\/12\/img_crear-postales-navidad-online.jpg 1000w\" sizes=\"(max-width: 238px) 100vw, 238px\" \/><\/a><\/p>\n<p><a href=\"https:\/\/www.instagram.com\/p\/Cl7-4VtjtUW\/?hl=es\">Mini postal en 3d<\/a><\/p>\n","protected":false},"excerpt":{"rendered":"<p>En este espacio encontrar\u00e9is ideas para poder realizar vuestros retos del calendario de adviento.&nbsp; \u00a1OJO! La manualidad hay que hacerla cuando lo indique la tarjeta que aparecer\u00e1 en el calendario de adviento. DECORACI\u00d3N NAVIDE\u00d1A&#46;&#46;&#46;<\/p>\n","protected":false},"author":6086,"featured_media":4532,"parent":0,"menu_order":0,"comment_status":"closed","ping_status":"closed","template":"","meta":{"ngg_post_thumbnail":0,"footnotes":"","_mc_calendar":[]},"aioseo_notices":[],"_links":{"self":[{"href":"https:\/\/blogsaverroes.juntadeandalucia.es\/cprcampodelrey\/wp-json\/wp\/v2\/pages\/4496"}],"collection":[{"href":"https:\/\/blogsaverroes.juntadeandalucia.es\/cprcampodelrey\/wp-json\/wp\/v2\/pages"}],"about":[{"href":"https:\/\/blogsaverroes.juntadeandalucia.es\/cprcampodelrey\/wp-json\/wp\/v2\/types\/page"}],"author":[{"embeddable":true,"href":"https:\/\/blogsaverroes.juntadeandalucia.es\/cprcampodelrey\/wp-json\/wp\/v2\/users\/6086"}],"replies":[{"embeddable":true,"href":"https:\/\/blogsaverroes.juntadeandalucia.es\/cprcampodelrey\/wp-json\/wp\/v2\/comments?post=4496"}],"version-history":[{"count":9,"href":"https:\/\/blogsaverroes.juntadeandalucia.es\/cprcampodelrey\/wp-json\/wp\/v2\/pages\/4496\/revisions"}],"predecessor-version":[{"id":4519,"href":"https:\/\/blogsaverroes.juntadeandalucia.es\/cprcampodelrey\/wp-json\/wp\/v2\/pages\/4496\/revisions\/4519"}],"wp:featuredmedia":[{"embeddable":true,"href":"https:\/\/blogsaverroes.juntadeandalucia.es\/cprcampodelrey\/wp-json\/wp\/v2\/media\/4532"}],"wp:attachment":[{"href":"https:\/\/blogsaverroes.juntadeandalucia.es\/cprcampodelrey\/wp-json\/wp\/v2\/media?parent=4496"}],"curies":[{"name":"wp","href":"https:\/\/api.w.org\/{rel}","templated":true}]}}