{"id":113,"date":"2015-03-16T08:06:00","date_gmt":"2015-03-16T08:06:00","guid":{"rendered":"http:\/\/blogsaverroes.juntadeandalucia.es\/pre\/ceip\/?page_id=113"},"modified":"2018-10-30T08:30:41","modified_gmt":"2018-10-30T08:30:41","slug":"biblioteca","status":"publish","type":"page","link":"https:\/\/blogsaverroes.juntadeandalucia.es\/cprfedericogarcialorca\/biblioteca\/","title":{"rendered":"Biblioteca"},"content":{"rendered":"<p><iframe loading=\"lazy\" title=\"Bibliotecas escolares de Andaluc\u00eda al servicio de la comunidad educativa\" width=\"500\" height=\"281\" src=\"https:\/\/www.youtube.com\/embed\/N_rrGePF_zM?feature=oembed&#038;wmode=opaque\" frameborder=\"0\" allow=\"accelerometer; autoplay; clipboard-write; encrypted-media; gyroscope; picture-in-picture; web-share\" referrerpolicy=\"strict-origin-when-cross-origin\" allowfullscreen><\/iframe><\/p>\n<p>Informaci\u00f3n sobre su uso, horarios, prestamos, etc&#8230;<\/p>\n<p><a href=\"http:\/\/redcentros.ced.junta-andalucia.es\/centros-tic\/18601746\/biblioweb2\/18601746\/inicio\"><img loading=\"lazy\" decoding=\"async\" class=\"irc_mi\" src=\"http:\/\/www.besevilla.org\/images\/biblioweb2.jpg\" alt=\"Resultado de imagen de biblioweb 2.0\" width=\"250\" height=\"122\"><\/a><\/p>\n<p><a title=\"Bibliotecas escolares\" href=\"http:\/\/redcentros.ced.junta-andalucia.es\/centros-tic\/18601746\/biblioweb2\/18601746\/inicio\" target=\"_blank\" rel=\"noopener\">Enlace a biblioweb 2.0 CPR Federico Garc\u00eda Lorca<\/a><\/p>\n<table>\n<tbody>\n<tr>\n<td>\n<p style=\"text-align: justify\">Pueden consultar el cat\u00e1logo de fondos desde la p\u00e1gina web del CEP, en el men\u00fa recursos y experiencias &#8211;&nbsp;<span id=\"0.9268884328030969\" class=\"highlight\">Biblioteca<\/span>&nbsp;&#8211; Consulta; o desde este enlace directamente:<\/p>\n<p style=\"text-align: justify\"><a href=\"http:\/\/www.juntadeandalucia.es\/averroes\/centros-tic\/18200031a\/biblioweb2\/18200031a\/inicio\" target=\"_blank\" rel=\"noopener noreferrer\">BIBLIOTECA DE GUADIX<\/a><\/p>\n<\/td>\n<\/tr>\n<\/tbody>\n<\/table>\n","protected":false},"excerpt":{"rendered":"<p>Informaci\u00f3n sobre su uso, horarios, prestamos, etc&#8230; Enlace a biblioweb 2.0 CPR Federico Garc\u00eda Lorca Pueden consultar el cat\u00e1logo de fondos desde la p\u00e1gina web del CEP, en el men\u00fa recursos y experiencias &#8211;&nbsp;Biblioteca&nbsp;&#8211;&#46;&#46;&#46;<\/p>\n","protected":false},"author":1,"featured_media":0,"parent":0,"menu_order":0,"comment_status":"closed","ping_status":"open","template":"page-cs.php","meta":{"ngg_post_thumbnail":0,"footnotes":"","_mc_calendar":[]},"aioseo_notices":[],"_links":{"self":[{"href":"https:\/\/blogsaverroes.juntadeandalucia.es\/cprfedericogarcialorca\/wp-json\/wp\/v2\/pages\/113"}],"collection":[{"href":"https:\/\/blogsaverroes.juntadeandalucia.es\/cprfedericogarcialorca\/wp-json\/wp\/v2\/pages"}],"about":[{"href":"https:\/\/blogsaverroes.juntadeandalucia.es\/cprfedericogarcialorca\/wp-json\/wp\/v2\/types\/page"}],"author":[{"embeddable":true,"href":"https:\/\/blogsaverroes.juntadeandalucia.es\/cprfedericogarcialorca\/wp-json\/wp\/v2\/users\/1"}],"replies":[{"embeddable":true,"href":"https:\/\/blogsaverroes.juntadeandalucia.es\/cprfedericogarcialorca\/wp-json\/wp\/v2\/comments?post=113"}],"version-history":[{"count":13,"href":"https:\/\/blogsaverroes.juntadeandalucia.es\/cprfedericogarcialorca\/wp-json\/wp\/v2\/pages\/113\/revisions"}],"predecessor-version":[{"id":8237,"href":"https:\/\/blogsaverroes.juntadeandalucia.es\/cprfedericogarcialorca\/wp-json\/wp\/v2\/pages\/113\/revisions\/8237"}],"wp:attachment":[{"href":"https:\/\/blogsaverroes.juntadeandalucia.es\/cprfedericogarcialorca\/wp-json\/wp\/v2\/media?parent=113"}],"curies":[{"name":"wp","href":"https:\/\/api.w.org\/{rel}","templated":true}]}}