{"id":11909,"date":"2020-04-30T19:18:33","date_gmt":"2020-04-30T19:18:33","guid":{"rendered":"https:\/\/blogsaverroes.juntadeandalucia.es\/cprfedericogarcialorca\/?page_id=11909"},"modified":"2020-11-15T10:50:14","modified_gmt":"2020-11-15T10:50:14","slug":"creciendo-en-salud","status":"publish","type":"page","link":"https:\/\/blogsaverroes.juntadeandalucia.es\/cprfedericogarcialorca\/creciendo-en-salud\/","title":{"rendered":"Creciendo en salud"},"content":{"rendered":"<p style=\"text-align: center\"><span style=\"color: #008000;font-family: 'arial black', sans-serif\"><strong><span style=\"font-size: 14pt\">PROGRAMA EDUCATIVO \u00abCRECIENDO EN SALUD\u00bb<\/span><\/strong><\/span><\/p>\n<p><a href=\"https:\/\/blogsaverroes.juntadeandalucia.es\/cprfedericogarcialorca\/files\/2020\/05\/Logo-Creciendo-en-Salud.png\"><br \/>\n<img loading=\"lazy\" decoding=\"async\" class=\"size-medium wp-image-11942 aligncenter\" src=\"https:\/\/blogsaverroes.juntadeandalucia.es\/cprfedericogarcialorca\/files\/2020\/05\/Logo-Creciendo-en-Salud-298x300.png\" alt=\"\" width=\"298\" height=\"300\" srcset=\"https:\/\/blogsaverroes.juntadeandalucia.es\/cprfedericogarcialorca\/files\/2020\/05\/Logo-Creciendo-en-Salud-298x300.png 298w, https:\/\/blogsaverroes.juntadeandalucia.es\/cprfedericogarcialorca\/files\/2020\/05\/Logo-Creciendo-en-Salud-150x150.png 150w, https:\/\/blogsaverroes.juntadeandalucia.es\/cprfedericogarcialorca\/files\/2020\/05\/Logo-Creciendo-en-Salud-100x100.png 100w, https:\/\/blogsaverroes.juntadeandalucia.es\/cprfedericogarcialorca\/files\/2020\/05\/Logo-Creciendo-en-Salud-24x24.png 24w, https:\/\/blogsaverroes.juntadeandalucia.es\/cprfedericogarcialorca\/files\/2020\/05\/Logo-Creciendo-en-Salud-36x36.png 36w, https:\/\/blogsaverroes.juntadeandalucia.es\/cprfedericogarcialorca\/files\/2020\/05\/Logo-Creciendo-en-Salud-48x48.png 48w, https:\/\/blogsaverroes.juntadeandalucia.es\/cprfedericogarcialorca\/files\/2020\/05\/Logo-Creciendo-en-Salud.png 514w\" sizes=\"(max-width: 298px) 100vw, 298px\" \/><\/a><\/p>\n<p style=\"text-align: justify\">La Educaci\u00f3n y la Promoci\u00f3n de la Salud tienen car\u00e1cter \u201cuniversal\u201d por lo que es primordial que los objetivos y los contenidos lleguen a todos los escolares, garantizando la continuidad, as\u00ed como, la adaptaci\u00f3n a las caracter\u00edsticas psicoevolutivas del alumnado. En este sentido, H\u00e1bitos de Vida Saludable adopta la denominaci\u00f3n de Creciendo en Salud cuando se dirige a los centros que imparten ense\u00f1anzas de educaci\u00f3n infantil, educaci\u00f3n especial y educaci\u00f3n primaria.&nbsp;<\/p>\n<p style=\"text-align: justify\">Creciendo en Salud, es un Programa Educativo que se est\u00e1 desarrollando en nuestro centro educativo desde que se inicio el mismo a trav\u00e9s de la Consejer\u00eda de Educaci\u00f3n, e incluso antes de fusionarse estos programas de estilos de vida saludable, ya se estaba desarrollando en nuestro centro los programas educativos \u00abAlimentaci\u00f3n Saludable\u00bb y \u00abAprende a Sonre\u00edr\u00bb, lo cual quiere decir, que este \u00e1mbito de h\u00e1bitos saludables es uno de los ejes transversales que siempre hemos desarrollado en nuestro Plan de Centro, a trav\u00e9s del Proyecto Educativo mediante la transversalidad e interdisciplinareidad, porque consideramos de suma importancia que toda la comunidad educativa adquiera h\u00e1bitos y estilos de vida saludables.<\/p>\n<p style=\"text-align: justify\">El Programa para la promoci\u00f3n de H\u00e1bitos de Vida Saludable se ha estructurado en diferentes L\u00edneas de Intervenci\u00f3n atendiendo a las caracter\u00edsticas psicoevolutivas del alumnado, a las pol\u00edticas de acci\u00f3n sobre los determinantes sociales que condicionan la salud, a la legislaci\u00f3n vigente en materia de educaci\u00f3n, de salud y de pol\u00edticas sociales, a las demandas de las familias, y a la trayectoria del profesorado en la promoci\u00f3n de h\u00e1bitos de vida saludable a trav\u00e9s de programas anteriores.<\/p>\n<p style=\"text-align: justify\">Dado que la adquisici\u00f3n y consolidaci\u00f3n de estilos de vida saludable en las personas demanda un tratamiento continuado en el tiempo, este Programa garantiza la continuidad de las acciones emprendidas mediante la definici\u00f3n de L\u00edneas de Intervenci\u00f3n que se inician en las etapas de educaci\u00f3n infantil y primaria:<\/p>\n<table>\n<tbody>\n<tr>\n<td style=\"text-align: center\" width=\"261\"><strong>L\u00cdNEAS DE INTERVENCI\u00d3N<\/strong><\/td>\n<td style=\"text-align: center\" width=\"299\"><strong>BLOQUES TEM\u00c1TICOS<\/strong><\/td>\n<\/tr>\n<tr>\n<td width=\"261\"><a href=\"https:\/\/blogsaverroes.juntadeandalucia.es\/cprfedericogarcialorca\/11926-2\/?customize_changeset_uuid=4c7c6faa-401c-40df-adf1-4f8e208c0e2d\" target=\"_blank\" rel=\"noopener noreferrer\"><strong>Educaci\u00f3n Emocional<\/strong><\/a><\/td>\n<td width=\"299\"><strong>Conciencias Emocional<\/strong><\/p>\n<p><strong>Regulaci\u00f3n Emocional<\/strong><\/p>\n<p><strong>Autonom\u00eda Emocional<\/strong><\/p>\n<p><strong>Competencia Social<\/strong><\/p>\n<p><strong>Competencias para la Vida y el Bienestar<\/strong><\/td>\n<\/tr>\n<tr>\n<td width=\"261\"><a href=\"https:\/\/blogsaverroes.juntadeandalucia.es\/cprfedericogarcialorca\/estilos-de-vida-saludable\/\" target=\"_blank\" rel=\"noopener noreferrer\"><strong>Estilos de Vida Saludable<\/strong><\/a><\/td>\n<td width=\"299\"><strong>&nbsp;Actividad F\u00edsica<\/strong><\/p>\n<p><strong>Alimentaci\u00f3n Equilibrada<\/strong><\/td>\n<\/tr>\n<tr>\n<td width=\"261\"><a href=\"https:\/\/blogsaverroes.juntadeandalucia.es\/cprfedericogarcialorca\/autocuidados-y-accidentalidad\/\" target=\"_blank\" rel=\"noopener noreferrer\"><strong>Autocuidados y Accidentalidad&nbsp;<\/strong><\/a><\/td>\n<td width=\"299\"><strong>Autocuidados:<\/strong> Higiene corporal \/ Salud Bucodental \/ Higiene del Sue\u00f1o \/ Higiene Postural \/ Fotoprotecci\u00f3n<\/p>\n<p><strong>Accidentalidad:<\/strong> Educaci\u00f3n Vial \/ Seguridad en el Hogar&nbsp;<\/td>\n<\/tr>\n<tr>\n<td width=\"261\"><a href=\"https:\/\/blogsaverroes.juntadeandalucia.es\/cprfedericogarcialorca\/uso-positivo-de-las-tecnologias-de-la-informacion-y-comunicacion\/\" target=\"_blank\" rel=\"noopener noreferrer\"><strong>Uso Positivo de las Tecnolog\u00edas e la informaci\u00f3n y la Comunicaci\u00f3n<\/strong><\/a><\/td>\n<td width=\"299\"><strong>Estilos de vida saludable en una sociedad digital.<\/strong><\/p>\n<p><strong>Adicciones a las TIC.<\/strong><\/p>\n<p><strong>Buenas pr\u00e1cticas y recomendaciones.&nbsp;<\/strong><\/td>\n<\/tr>\n<tr>\n<td width=\"261\"><a href=\"https:\/\/blogsaverroes.juntadeandalucia.es\/cprfedericogarcialorca\/prevencion-del-consumo-de-sustancias-adictivas\/\" target=\"_blank\" rel=\"noopener noreferrer\"><strong>Prevenci\u00f3n del Consumo de Sustancias Adictivas<\/strong><\/a><\/td>\n<td width=\"299\"><strong>H\u00e1bitos que contribuyen a una vida sana Consumo de Alcohol y Tabaco.. Publicidad y Drogas: mitos y creencias.&nbsp;<\/strong><\/td>\n<\/tr>\n<\/tbody>\n<\/table>\n<p style=\"text-align: justify\">Utilizamos este espacio para dar a conocer las actuaciones que llevamos a cabo para desarrollar este Programa Educativo y concienciar a la comunidad educativa de la importancia del mismo a nivel personal y social.<\/p>\n<p>&nbsp;<\/p>\n<p><a href=\"https:\/\/blogsaverroes.juntadeandalucia.es\/cprfedericogarcialorca\/files\/2020\/05\/Plan-ACTUACION-CURSO-19-20.pdf\" target=\"_blank\" rel=\"noopener noreferrer\"><strong><span style=\"font-size: 14pt;color: #0000ff\">Plan de actuaci\u00f3n \u00abCreciendo en Salud\u00bb<\/span><\/strong><\/a><\/p>\n<p style=\"text-align: justify\">Mencionar que durante el curso 2019\/20, para fomentar y desarrollar este programa se est\u00e1 realizando en nuestro centro un macro-proyecto denominado <a href=\"https:\/\/blogsaverroes.juntadeandalucia.es\/cprfedericogarcialorca\/files\/2020\/05\/PROYECTO-JJ.OO_.-y-Estilos-de-Vida-Saludable.pdf\" target=\"_blank\" rel=\"noopener noreferrer\"><span style=\"color: #0000ff;font-size: 12pt\"><strong>\u00abJuegos Ol\u00edmpicos y Estilos de Vida Saludable\u00bb<\/strong><\/span><\/a>, mediante el cu\u00e1l se ponen en pr\u00e1ctica distintas tareas y actividades relacionadas con las distintas l\u00edneas de intervenci\u00f3n que abarca el programa \u00abCreciendo en Salud\u00bb.&nbsp;<\/p>\n<p style=\"text-align: justify\">Se ha creado una <a href=\"https:\/\/blogsaverroes.juntadeandalucia.es\/cprfedericogarcialorca\/files\/2020\/05\/CRONOGRAMA-Actividades-a-realizar-Creciendo-en-Salud.pdf\" target=\"_blank\" rel=\"noopener noreferrer\"><span style=\"color: #0000ff\"><strong>temporalizaci\u00f3n o cronograma<\/strong><\/span><\/a>, en la cual pueden apreciar las distintas actividades realizadas durante todo el curso.<\/p>\n<p style=\"text-align: justify\">Durante el curso 2019\/2020 se celebr\u00f3 la IV Semana Cultural, con la tem\u00e1tica \u00abJuegos Ol\u00edmpicos\u00bb, y estuvo estrechamente relacionada con un macro-proyecto \u00abJuegos Ol\u00edmpicos y Estilos de Vida Saludable\u00bb, siendo esta IV Semana Cultural la actividad \u00abestrella\u00bb del proyecto, para fomentar los h\u00e1bitos saludables, que se desarrollaron a lo largo de curso escolar.<\/p>\n<p style=\"text-align: center\">En la siguiente entrada puede ver la documentaci\u00f3n utilizada para desarrollar la IV Semana Cultural.<\/p>\n<p style=\"text-align: center\"><a href=\"https:\/\/blogsaverroes.juntadeandalucia.es\/cprfedericogarcialorca\/2020\/02\/19\/iv-semana-cultural-del-24-al-27-febrero\/\" target=\"_blank\" rel=\"noopener noreferrer\"><span style=\"color: #0000ff\"><strong>IV Semana Cultural<\/strong><\/span><\/a><\/p>\n<p>Otra de las tareas que utilizamos para desarrolla nuestro programa&nbsp; Creciendo en Salud, es el peri\u00f3dico escolar, que elaboramos la comunidad educativa trimestralmente con las tareas y\/o actividades realizadas durante ese periodo. Podemos consultar nuestros peri\u00f3dicos en el siguiente enlace;<\/p>\n<p style=\"text-align: center\"><a href=\"https:\/\/blogsaverroes.juntadeandalucia.es\/cprfedericogarcialorca\/periodico-media-luna\/\" target=\"_blank\" rel=\"noopener noreferrer\"><strong><span style=\"color: #0000ff\">Peri\u00f3dico Escolar.<\/span><\/strong><\/a><\/p>\n<p>Para el periodo de suspensi\u00f3n de la actividad docente presencial, se ha creado un cuestionario de h\u00e1bitos de vida saludable. El alumnado lo tiene que realizar semanalmente y al final de curso se har\u00e1 un estudio y an\u00e1lisis de los cuestionarios para comprobar la evoluci\u00f3n del mismo.<\/p>\n<p style=\"text-align: center\"><a href=\"https:\/\/prafer816.wordpress.com\/cuestionario-hhss\/\" target=\"_blank\" rel=\"noopener noreferrer\"><strong><span style=\"color: #0000ff\">Cuestionario H\u00e1bitos de Vida Saludable.<\/span><\/strong><\/a><\/p>\n<p style=\"text-align: center\"><a href=\"https:\/\/youtu.be\/lTrAO0cJj2c\" target=\"_blank\" rel=\"noopener noreferrer\"><strong><span style=\"color: #0000ff\">V\u00eddeo H\u00e1bitos Saludables.<\/span><\/strong><\/a><\/p>\n<p><a href=\"https:\/\/blogsaverroes.juntadeandalucia.es\/cprfedericogarcialorca\/files\/2020\/04\/habitso-saludables-consejer\u00eda.png\"><img loading=\"lazy\" decoding=\"async\" class=\"size-full wp-image-11914 aligncenter\" src=\"https:\/\/blogsaverroes.juntadeandalucia.es\/cprfedericogarcialorca\/files\/2020\/04\/habitso-saludables-consejer\u00eda.png\" alt=\"\" width=\"267\" height=\"110\" srcset=\"https:\/\/blogsaverroes.juntadeandalucia.es\/cprfedericogarcialorca\/files\/2020\/04\/habitso-saludables-consejer\u00eda.png 267w, https:\/\/blogsaverroes.juntadeandalucia.es\/cprfedericogarcialorca\/files\/2020\/04\/habitso-saludables-consejer\u00eda-24x10.png 24w, https:\/\/blogsaverroes.juntadeandalucia.es\/cprfedericogarcialorca\/files\/2020\/04\/habitso-saludables-consejer\u00eda-36x15.png 36w, https:\/\/blogsaverroes.juntadeandalucia.es\/cprfedericogarcialorca\/files\/2020\/04\/habitso-saludables-consejer\u00eda-48x20.png 48w\" sizes=\"(max-width: 267px) 100vw, 267px\" \/><\/a><\/p>\n","protected":false},"excerpt":{"rendered":"<p>PROGRAMA EDUCATIVO \u00abCRECIENDO EN SALUD\u00bb La Educaci\u00f3n y la Promoci\u00f3n de la Salud tienen car\u00e1cter \u201cuniversal\u201d por lo que es primordial que los objetivos y los contenidos lleguen a todos los escolares, garantizando la&#46;&#46;&#46;<\/p>\n","protected":false},"author":4601,"featured_media":0,"parent":0,"menu_order":0,"comment_status":"closed","ping_status":"closed","template":"","meta":{"ngg_post_thumbnail":0,"footnotes":"","_mc_calendar":[]},"aioseo_notices":[],"_links":{"self":[{"href":"https:\/\/blogsaverroes.juntadeandalucia.es\/cprfedericogarcialorca\/wp-json\/wp\/v2\/pages\/11909"}],"collection":[{"href":"https:\/\/blogsaverroes.juntadeandalucia.es\/cprfedericogarcialorca\/wp-json\/wp\/v2\/pages"}],"about":[{"href":"https:\/\/blogsaverroes.juntadeandalucia.es\/cprfedericogarcialorca\/wp-json\/wp\/v2\/types\/page"}],"author":[{"embeddable":true,"href":"https:\/\/blogsaverroes.juntadeandalucia.es\/cprfedericogarcialorca\/wp-json\/wp\/v2\/users\/4601"}],"replies":[{"embeddable":true,"href":"https:\/\/blogsaverroes.juntadeandalucia.es\/cprfedericogarcialorca\/wp-json\/wp\/v2\/comments?post=11909"}],"version-history":[{"count":24,"href":"https:\/\/blogsaverroes.juntadeandalucia.es\/cprfedericogarcialorca\/wp-json\/wp\/v2\/pages\/11909\/revisions"}],"predecessor-version":[{"id":12904,"href":"https:\/\/blogsaverroes.juntadeandalucia.es\/cprfedericogarcialorca\/wp-json\/wp\/v2\/pages\/11909\/revisions\/12904"}],"wp:attachment":[{"href":"https:\/\/blogsaverroes.juntadeandalucia.es\/cprfedericogarcialorca\/wp-json\/wp\/v2\/media?parent=11909"}],"curies":[{"name":"wp","href":"https:\/\/api.w.org\/{rel}","templated":true}]}}