{"id":11929,"date":"2020-05-04T09:18:22","date_gmt":"2020-05-04T09:18:22","guid":{"rendered":"https:\/\/blogsaverroes.juntadeandalucia.es\/cprfedericogarcialorca\/?page_id=11929"},"modified":"2020-11-17T12:12:00","modified_gmt":"2020-11-17T12:12:00","slug":"estilos-de-vida-saludable","status":"publish","type":"page","link":"https:\/\/blogsaverroes.juntadeandalucia.es\/cprfedericogarcialorca\/estilos-de-vida-saludable\/","title":{"rendered":"Estilos de vida saludable"},"content":{"rendered":"<p style=\"text-align: center\"><span style=\"color: #008000\"><strong><span style=\"font-size: 14pt\">ESTILOS DE VIDA SALUDABLE<\/span><\/strong><\/span><\/p>\n<p><a href=\"https:\/\/blogsaverroes.juntadeandalucia.es\/cprfedericogarcialorca\/files\/2020\/05\/Estilos-de-vida-saludable.jpg\"><img loading=\"lazy\" decoding=\"async\" class=\"size-medium wp-image-12066 aligncenter\" src=\"https:\/\/blogsaverroes.juntadeandalucia.es\/cprfedericogarcialorca\/files\/2020\/05\/Estilos-de-vida-saludable-300x287.jpg\" alt=\"\" width=\"300\" height=\"287\" srcset=\"https:\/\/blogsaverroes.juntadeandalucia.es\/cprfedericogarcialorca\/files\/2020\/05\/Estilos-de-vida-saludable-300x287.jpg 300w, https:\/\/blogsaverroes.juntadeandalucia.es\/cprfedericogarcialorca\/files\/2020\/05\/Estilos-de-vida-saludable-24x24.jpg 24w, https:\/\/blogsaverroes.juntadeandalucia.es\/cprfedericogarcialorca\/files\/2020\/05\/Estilos-de-vida-saludable-36x34.jpg 36w, https:\/\/blogsaverroes.juntadeandalucia.es\/cprfedericogarcialorca\/files\/2020\/05\/Estilos-de-vida-saludable-48x46.jpg 48w, https:\/\/blogsaverroes.juntadeandalucia.es\/cprfedericogarcialorca\/files\/2020\/05\/Estilos-de-vida-saludable.jpg 512w\" sizes=\"(max-width: 300px) 100vw, 300px\" \/><\/a><\/p>\n<p>&nbsp;<\/p>\n<p style=\"text-align: justify\">La educaci\u00f3n para la salud es un proceso educativo que tiene como finalidad responsabilizar a la ciudadan\u00eda para la defensa de la salud propia y colectiva. Una alimentaci\u00f3n poco saludable y el no practicar actividad f\u00edsica con regularidad son las principales causas de las enfermedades cr\u00f3nicas m\u00e1s importantes. La infancia y la adolescencia son periodos cruciales para actuar sobre la conducta alimentaria y el sedentarismo, ya que las costumbres adquiridas en esta etapa van a ser determinantes del estado de salud de la futura persona adulta.&nbsp;<\/p>\n<p style=\"text-align: justify\">Numerosos estudios cient\u00edficos realizados durante los \u00faltimos 20 a\u00f1os, han demostrado que un consumo adecuado de frutas y hortalizas, junto con la pr\u00e1ctica de 60 minutos de ejercicio f\u00edsico diario, ayudan a mantener un peso equilibrado y una salud \u00f3ptima.<\/p>\n<p style=\"text-align: justify\">Para el desarrollo de la L\u00ednea de Intervenci\u00f3n Estilos de Vida Saludable se proponen los siguientes bloques tem\u00e1ticos:<\/p>\n<p style=\"text-align: justify\">1. Actividad F\u00edsica. La actividad y el ejercicio f\u00edsico son considerados como una de las bases fundamentales para el buen estado de salud y el desarrollo integral de la persona. Producen una sensaci\u00f3n de bienestar general, mejoran el estado de \u00e1nimo, ayudan a manejar el estr\u00e9s, favorecen el crecimiento y la aceptaci\u00f3n del cuerpo, fortalecen los m\u00fasculos y huesos, aumentan las destrezas motrices, reducen el riesgo de enfermedades cardiovasculares, ayudan a controlar el peso, fomentan las relaciones y la sociabilidad, etc.<\/p>\n<p style=\"text-align: justify\">2. Alimentaci\u00f3n Saludable. La adquisici\u00f3n de h\u00e1bitos alimentarios saludables en esta etapa contribuye a la prevenci\u00f3n de enfermedades que se manifestar\u00e1n en la edad adulta. Permite el mantenimiento y promoci\u00f3n de la salud y el bienestar no solo en la ni\u00f1ez y adolescencia, sino potencialmente en las etapas posteriores de la vida.<\/p>\n<p style=\"text-align: justify\">A continuaci\u00f3n se presentan algunos enlaces de las actividades que estamos realizando en nuestro centro para desarrollar los estilos de vida saludable (algunas actividades se desarrollan de forma globalizada todas las l\u00edneas de intervenci\u00f3n de Creciendo en Salud):<\/p>\n<ul style=\"text-align: justify\">\n<li><strong><a href=\"https:\/\/drive.google.com\/file\/d\/15iZHRgpRWOTuEPhb5SiHn9nklu_U_VG8\/view?usp=sharing\" target=\"_blank\" rel=\"noopener noreferrer\"><span style=\"color: #0000ff\">Desayuno saludable<\/span><\/a><\/strong><\/li>\n<li><strong><a href=\"https:\/\/blogsaverroes.juntadeandalucia.es\/cprfedericogarcialorca\/2020\/02\/28\/iv-semana-cultural-2-i-olimpiada-rural-25-02-2020\/\" target=\"_blank\" rel=\"noopener noreferrer\"><span style=\"color: #0000ff\">IV Semana Cultural. \u00abI Olimpiada Rural\u00bb.<\/span><\/a><\/strong><\/li>\n<li><strong><a href=\"https:\/\/blogsaverroes.juntadeandalucia.es\/cprfedericogarcialorca\/2020\/02\/28\/iv-semana-cultural-3-26-02-2020\/\" target=\"_blank\" rel=\"noopener noreferrer\"><span style=\"color: #0000ff\">IV Semana Cultural. Deporte Paral\u00edmpico.<\/span><\/a><\/strong><\/li>\n<li><a href=\"https:\/\/blogsaverroes.juntadeandalucia.es\/cprfedericogarcialorca\/2020\/02\/28\/iv-semana-cultural-4-27-02-2020\/\" target=\"_blank\" rel=\"noopener noreferrer\"><strong><span style=\"color: #0000ff\">IV Semana Cultural.<\/span> <\/strong><\/a>Clausura (Museo ol\u00edmpico, desfile ol\u00edmpico, juegos antiguos, desayuno saludable t\u00edpico andaluz, bailes, comida saludable de convivencia para toda la comunidad educativa).<\/li>\n<li><a href=\"https:\/\/blogsaverroes.juntadeandalucia.es\/cprfedericogarcialorca\/files\/2020\/02\/Proyecto-I-Olimpiada-Rural-C.P.R.-Federico-Garc\u00eda-Lorca.pdf\" target=\"_blank\" rel=\"noopener noreferrer\"><span style=\"color: #0000ff\"><strong>Proyecto Educativo \u00abI Olimpiada Rural\u00bb<\/strong><\/span><\/a><\/li>\n<li><strong><span style=\"color: #0000ff\"><a style=\"color: #0000ff\" href=\"https:\/\/blogsaverroes.juntadeandalucia.es\/cprfedericogarcialorca\/files\/2020\/02\/Triptico-I-Olimpiada-Rural.-CPR-Federico-Garc\u00eda-Lorca.pdf\" target=\"_blank\" rel=\"noopener noreferrer\">Tr\u00edptico \u00abI Olimpiada Rural\u00bb<\/a><\/span><\/strong><\/li>\n<li>Recomendaci\u00f3n para el <strong>\u00ab<a href=\"https:\/\/blogsaverroes.juntadeandalucia.es\/cprfedericogarcialorca\/files\/2020\/05\/Desayuno-en-la-escuela.pdf\" target=\"_blank\" rel=\"noopener noreferrer\"><span style=\"color: #0000ff\">Desayuno Saludable<\/span><\/a>\u00ab<\/strong><\/li>\n<li><strong><span style=\"color: #0000ff\"><a style=\"color: #0000ff\" href=\"https:\/\/blogsaverroes.juntadeandalucia.es\/cprfedericogarcialorca\/2019\/04\/12\/taller-libro-recetas-saludables-12042019\/\" target=\"_blank\" rel=\"noopener noreferrer\">Taller recetas saludables.<\/a><\/span><\/strong><\/li>\n<li><strong><span style=\"color: #0000ff\"><a style=\"color: #0000ff\" href=\"https:\/\/blogsaverroes.juntadeandalucia.es\/cprfedericogarcialorca\/2018\/11\/01\/proyecto-monstruitos-otonales-en-mi-cole-semana-del-29-al-31-octubre\/\" target=\"_blank\" rel=\"noopener noreferrer\">Programa \u00abMonstruitos oto\u00f1ales\u00bb.<\/a><\/span><\/strong><\/li>\n<li>Gymkanas Deportivas:\n<ul>\n<li><a href=\"https:\/\/blogsaverroes.juntadeandalucia.es\/cprfedericogarcialorca\/2017\/04\/22\/actividades-semana-cultural-i-gymkhana\/\" target=\"_blank\" rel=\"noopener noreferrer\"><strong><span style=\"color: #0000ff\">Gymkana de Juegos populares.<\/span><\/strong><\/a><\/li>\n<li><a href=\"https:\/\/blogsaverroes.juntadeandalucia.es\/cprfedericogarcialorca\/2018\/03\/16\/ii-semana-cultural-y-5-entrega-de-premios-gymkhana-urbana\/\" target=\"_blank\" rel=\"noopener noreferrer\"><strong><span style=\"color: #0000ff\">Gymkna Urbana.<\/span><\/strong><\/a><\/li>\n<li><strong><a href=\"https:\/\/blogsaverroes.juntadeandalucia.es\/cprfedericogarcialorca\/2018\/11\/17\/creciendo-en-salud-habitos-y-alimentacion-saludable-15112018\/\" target=\"_blank\" rel=\"noopener noreferrer\"><span style=\"color: #0000ff\">Gymkana \u00abAlimentos Saludables\u00bb.&nbsp;<\/span><\/a><\/strong><\/li>\n<\/ul>\n<\/li>\n<li><a href=\"https:\/\/blogsaverroes.juntadeandalucia.es\/cprfedericogarcialorca\/plan-consumo-de-frutas-y-hortalizas\/\" target=\"_blank\" rel=\"noopener noreferrer\"><strong><span style=\"color: #0000ff\">Plan Consumo de frutas y hortalizas.<\/span><\/strong><\/a><\/li>\n<li>Entrega a las familias del folleto <a href=\"https:\/\/blogsaverroes.juntadeandalucia.es\/cprfedericogarcialorca\/files\/2020\/05\/Folleto-actividad-f\u00edsica-en-familia.pdf\" target=\"_blank\" rel=\"noopener noreferrer\"><strong><span style=\"color: #0000ff\">\u201cActividad F\u00edsica en Familia\u201d<\/span><\/strong><\/a>, debatir antes con el alumnado la importancia y beneficios de practicar actividad f\u00edsica.<\/li>\n<li><a href=\"https:\/\/blogsaverroes.juntadeandalucia.es\/cprfedericogarcialorca\/files\/2020\/05\/Charla-nutrici\u00f3n.jpg\" target=\"_blank\" rel=\"noopener noreferrer\"><strong><span style=\"color: #0000ff\">Charlas por personal sanitario.<\/span><\/strong><\/a> Se han realizado varias charlas de h\u00e1bitos saludables por personal sanitario en nuestro centro, en este caso la charla es sobre la nutrici\u00f3n.<\/li>\n<li><strong><span style=\"color: #0000ff\"><a style=\"color: #0000ff\" href=\"https:\/\/blogsaverroes.juntadeandalucia.es\/cprfedericogarcialorca\/files\/2020\/05\/Tr\u00edptico-h\u00e1bitos-vida-saludable.pdf\" target=\"_blank\" rel=\"noopener noreferrer\">Tr\u00edptico de H\u00e1bitos Saludables.<\/a> <\/span><\/strong>Se entrega a las familias todos los a\u00f1os, con previa charla al alumnado y familias.<\/li>\n<li><a href=\"https:\/\/prafer816.wordpress.com\/retos-saludables\/\" target=\"_blank\" rel=\"noopener noreferrer\"><strong><span style=\"color: #0000ff\">Retos Saludables.<\/span> <\/strong><\/a>Para fomentar el ejercicio f\u00edsico durante el periodo de suspensi\u00f3n de actividad docente presencial, una de las actividades que hemos elaborado han sido los retos saludables, intentando que tanto alumnado y familia puedan practicar ejercicio de forma divertida y entretenida. (Este enlace nos lleva al blog del maestro de Educaci\u00f3n F\u00edsica. Podr\u00e1n ver distintas actividades para fomentar y desarrollar los h\u00e1bitos saludables).<\/li>\n<li><a href=\"https:\/\/blogsaverroes.juntadeandalucia.es\/cprfedericogarcialorca\/2019\/11\/08\/huerto-escolar-08-11-2019\/\" target=\"_blank\" rel=\"noopener noreferrer\"><span style=\"color: #0000ff\"><strong>Programa Aldea. Creaci\u00f3n del Huerto<\/strong><span style=\"color: #0000ff\"><strong> Escolar<\/strong><\/span>. <\/span><\/a>Los huertos escolares son un medio muy \u00fatil para mejorar y potenciar la educaci\u00f3n y nutrici\u00f3n de los m\u00e1s peque\u00f1os. Es un medio ideal para potenciar una alimentaci\u00f3n m\u00e1s sana frente a los productos ultrapocesados que cada vez m\u00e1s invade nuestra alimentaci\u00f3n de forma sutil da\u00f1ina, as\u00ed trabajamos desde el colegio la educaci\u00f3n medioambiental y h\u00e1bitos de vida saludable para todos los alumnos\/as.<\/li>\n<li>Se ha creado una l\u00ednea de \u201cPedibus\u201d, que tiene como objetivo fomentar los desplazamientos sostenibles y seguros y el ejercicio f\u00edsico.<\/li>\n<li>Recreos Activos. Se han programado distintas actividades deportivas y juegos para este espacio diario.<\/li>\n<\/ul>\n<p style=\"text-align: justify\"><a href=\"https:\/\/blogsaverroes.juntadeandalucia.es\/cprfedericogarcialorca\/files\/2020\/04\/Logo.png\"><img loading=\"lazy\" decoding=\"async\" class=\"size-medium wp-image-11913 aligncenter\" src=\"https:\/\/blogsaverroes.juntadeandalucia.es\/cprfedericogarcialorca\/files\/2020\/04\/Logo-300x293.png\" alt=\"H\u00e1bitos de vida saludable\" width=\"300\" height=\"293\" srcset=\"https:\/\/blogsaverroes.juntadeandalucia.es\/cprfedericogarcialorca\/files\/2020\/04\/Logo-300x293.png 300w, https:\/\/blogsaverroes.juntadeandalucia.es\/cprfedericogarcialorca\/files\/2020\/04\/Logo-24x24.png 24w, https:\/\/blogsaverroes.juntadeandalucia.es\/cprfedericogarcialorca\/files\/2020\/04\/Logo-36x36.png 36w, https:\/\/blogsaverroes.juntadeandalucia.es\/cprfedericogarcialorca\/files\/2020\/04\/Logo-48x48.png 48w, https:\/\/blogsaverroes.juntadeandalucia.es\/cprfedericogarcialorca\/files\/2020\/04\/Logo.png 497w\" sizes=\"(max-width: 300px) 100vw, 300px\" \/><\/a><\/p>\n","protected":false},"excerpt":{"rendered":"<p>ESTILOS DE VIDA SALUDABLE &nbsp; La educaci\u00f3n para la salud es un proceso educativo que tiene como finalidad responsabilizar a la ciudadan\u00eda para la defensa de la salud propia y colectiva. Una alimentaci\u00f3n poco&#46;&#46;&#46;<\/p>\n","protected":false},"author":4911,"featured_media":0,"parent":0,"menu_order":0,"comment_status":"closed","ping_status":"closed","template":"","meta":{"ngg_post_thumbnail":0,"footnotes":"","_mc_calendar":[]},"aioseo_notices":[],"_links":{"self":[{"href":"https:\/\/blogsaverroes.juntadeandalucia.es\/cprfedericogarcialorca\/wp-json\/wp\/v2\/pages\/11929"}],"collection":[{"href":"https:\/\/blogsaverroes.juntadeandalucia.es\/cprfedericogarcialorca\/wp-json\/wp\/v2\/pages"}],"about":[{"href":"https:\/\/blogsaverroes.juntadeandalucia.es\/cprfedericogarcialorca\/wp-json\/wp\/v2\/types\/page"}],"author":[{"embeddable":true,"href":"https:\/\/blogsaverroes.juntadeandalucia.es\/cprfedericogarcialorca\/wp-json\/wp\/v2\/users\/4911"}],"replies":[{"embeddable":true,"href":"https:\/\/blogsaverroes.juntadeandalucia.es\/cprfedericogarcialorca\/wp-json\/wp\/v2\/comments?post=11929"}],"version-history":[{"count":33,"href":"https:\/\/blogsaverroes.juntadeandalucia.es\/cprfedericogarcialorca\/wp-json\/wp\/v2\/pages\/11929\/revisions"}],"predecessor-version":[{"id":12922,"href":"https:\/\/blogsaverroes.juntadeandalucia.es\/cprfedericogarcialorca\/wp-json\/wp\/v2\/pages\/11929\/revisions\/12922"}],"wp:attachment":[{"href":"https:\/\/blogsaverroes.juntadeandalucia.es\/cprfedericogarcialorca\/wp-json\/wp\/v2\/media?parent=11929"}],"curies":[{"name":"wp","href":"https:\/\/api.w.org\/{rel}","templated":true}]}}