{"id":2184,"date":"2017-03-06T17:07:17","date_gmt":"2017-03-06T17:07:17","guid":{"rendered":"http:\/\/blogsaverroes.juntadeandalucia.es\/cprfedericogarcialorca\/?page_id=2184"},"modified":"2022-08-30T17:12:22","modified_gmt":"2022-08-30T17:12:22","slug":"equipos-docentes","status":"publish","type":"page","link":"https:\/\/blogsaverroes.juntadeandalucia.es\/cprfedericogarcialorca\/equipos-docentes\/","title":{"rendered":"Equipos docentes"},"content":{"rendered":"<h4>&nbsp;<\/h4>\n<table style=\"background-color: #3cc788;width: 87.8914%;height: 920px\" width=\"689\">\n<thead>\n<tr style=\"height: 56px\">\n<td style=\"width: 744.35px;height: 56px\" colspan=\"6\">\n<p style=\"text-align: center\"><strong>EQUIPOS DOCENTES CURSO 2022\/2023<br \/>\n<\/strong><\/p>\n<\/td>\n<\/tr>\n<tr style=\"height: 24px\">\n<td style=\"width: 217px;height: 24px\"><strong>GRUPO: BA1<\/strong><\/td>\n<td style=\"width: 19px;height: 24px\"><strong>&nbsp;<\/strong><\/td>\n<td style=\"width: 187.35px;height: 24px\" colspan=\"2\"><strong>GRUPO: GR1<\/strong><\/td>\n<td style=\"width: 19px;height: 24px\">&nbsp;<\/td>\n<td style=\"width: 218px;height: 24px\"><strong>GRUPO: BE1<\/strong><\/td>\n<\/tr>\n<tr style=\"height: 48px\">\n<td style=\"width: 217px;height: 48px\">Do\u00f1a Encarnaci\u00f3n V\u00edlchez Tom\u00e1s<\/td>\n<td style=\"width: 19px;height: 48px\"><strong>&nbsp;<\/strong><\/td>\n<td style=\"width: 187.35px;height: 48px\" colspan=\"2\">Do\u00f1a Mar\u00eda Carmen Praena Segura<\/td>\n<td style=\"width: 19px;height: 48px\">&nbsp;<\/td>\n<td style=\"width: 218px;height: 48px\">Do\u00f1a M\u00aa Carmen Ruiz Moya<\/td>\n<\/tr>\n<tr style=\"height: 48px\">\n<td style=\"width: 217px;height: 48px\">&nbsp;<\/td>\n<td style=\"width: 19px;height: 48px\">&nbsp;<\/td>\n<td style=\"width: 187.35px;height: 48px\" colspan=\"2\">&nbsp;<\/td>\n<td style=\"width: 19px;height: 48px\">&nbsp;<\/td>\n<td style=\"width: 218px;height: 48px\">Do\u00f1a Raquel Navarro Mole\u00f3n<\/td>\n<\/tr>\n<tr style=\"height: 48px\">\n<td style=\"width: 217px;height: 48px\">&nbsp;<\/td>\n<td style=\"width: 19px;height: 48px\"><strong>&nbsp;<\/strong><\/td>\n<td style=\"width: 187.35px;height: 48px\" colspan=\"2\">Do\u00f1a Mar\u00eda Isabel V\u00edlchez Ferrer<\/td>\n<td style=\"width: 19px;height: 48px\"><strong>&nbsp;<\/strong><\/td>\n<td style=\"width: 218px;height: 48px\">Don Miguel \u00c1. Medialdea Vallecillos<\/td>\n<\/tr>\n<tr style=\"height: 48px\">\n<td style=\"width: 217px;height: 48px\">&nbsp;<\/td>\n<td style=\"width: 19px;height: 48px\"><strong>&nbsp;<\/strong><\/td>\n<td style=\"width: 187.35px;height: 48px\" colspan=\"2\">&nbsp;<\/td>\n<td style=\"width: 19px;height: 48px\">&nbsp;<\/td>\n<td style=\"width: 218px;height: 48px\">&nbsp;<\/td>\n<\/tr>\n<tr style=\"height: 48px\">\n<td style=\"width: 217px;height: 48px\"><strong>&nbsp;<\/strong><\/td>\n<td style=\"width: 19px;height: 48px\"><strong>&nbsp;<\/strong><\/td>\n<td style=\"width: 187.35px;height: 48px\" colspan=\"2\">Do\u00f1a Visitaci\u00f3n Guti\u00e9rrez Garrido<\/td>\n<td style=\"width: 19px;height: 48px\">&nbsp;<\/td>\n<td style=\"width: 218px;height: 48px\">Do\u00f1a M\u00aa Jos\u00e9 Fern\u00e1ndez Porcel<\/td>\n<\/tr>\n<tr style=\"height: 48px\">\n<td style=\"width: 217px;height: 48px\"><strong>&nbsp;<\/strong><\/td>\n<td style=\"width: 19px;height: 48px\"><strong>&nbsp;<\/strong><\/td>\n<td style=\"width: 187.35px;height: 48px\" colspan=\"2\">Do\u00f1a Sonia Mart\u00ednez Fern\u00e1ndez<\/td>\n<td style=\"width: 19px;height: 48px\">&nbsp;<\/td>\n<td style=\"width: 218px;height: 48px\">&nbsp;<\/td>\n<\/tr>\n<tr style=\"height: 48px\">\n<td style=\"width: 217px;height: 48px\"><strong>&nbsp;<\/strong><\/td>\n<td style=\"width: 19px;height: 48px\"><strong>&nbsp;<\/strong><\/td>\n<td style=\"width: 187.35px;height: 48px\" colspan=\"2\">Do\u00f1a Raquel Navarro Mole\u00f3n<\/td>\n<td style=\"width: 19px;height: 48px\">&nbsp;<\/td>\n<td style=\"width: 218px;height: 48px\">Do\u00f1a \u00c1ngeles Poyatos Lorente<\/td>\n<\/tr>\n<tr style=\"height: 48px\">\n<td style=\"width: 217px;height: 48px\"><strong>GRUPO: BA2<\/strong><\/td>\n<td style=\"width: 19px;height: 48px\"><strong>&nbsp;<\/strong><\/td>\n<td style=\"width: 187.35px;height: 48px\" colspan=\"2\">Do\u00f1a Beatriz Ib\u00e1\u00f1ez \u00c1lamo<\/td>\n<td style=\"width: 19px;height: 48px\">&nbsp;<\/td>\n<td style=\"width: 218px;height: 48px\">Do\u00f1a Visitaci\u00f3n Guti\u00e9rrez Garrido<\/td>\n<\/tr>\n<tr style=\"height: 24px\">\n<td style=\"width: 217px;height: 24px\">&nbsp;<\/td>\n<td style=\"width: 19px;height: 24px\"><strong>&nbsp;<\/strong><\/td>\n<td style=\"width: 187.35px;height: 24px\" colspan=\"2\"><strong>&nbsp;<\/strong><\/td>\n<td style=\"width: 19px;height: 24px\">&nbsp;<\/td>\n<td style=\"width: 218px;height: 24px\"><strong>&nbsp;<\/strong><\/td>\n<\/tr>\n<tr style=\"height: 24px\">\n<td style=\"width: 217px;height: 24px\">&nbsp;<\/td>\n<td style=\"width: 19px;height: 24px\"><strong>&nbsp;<\/strong><\/td>\n<td style=\"width: 187.35px;height: 24px\" colspan=\"2\"><strong>&nbsp;<\/strong><\/td>\n<td style=\"width: 19px;height: 24px\">&nbsp;<\/td>\n<td style=\"width: 218px;height: 24px\">&nbsp;<\/td>\n<\/tr>\n<tr style=\"height: 24px\">\n<td style=\"width: 217px;height: 24px\">&nbsp;<\/td>\n<td style=\"width: 19px;height: 24px\"><strong>&nbsp;<\/strong><\/td>\n<td style=\"width: 187.35px;height: 24px\" colspan=\"2\"><strong>&nbsp;<\/strong><\/td>\n<td style=\"width: 19px;height: 24px\">&nbsp;<\/td>\n<td style=\"width: 218px;height: 24px\"><strong>&nbsp;<\/strong><\/td>\n<\/tr>\n<tr style=\"height: 24px\">\n<td style=\"width: 217px;height: 24px\">&nbsp;<\/td>\n<td style=\"width: 19px;height: 24px\"><strong>&nbsp;<\/strong><\/td>\n<td style=\"width: 187.35px;height: 24px\" colspan=\"2\"><strong>GRUPO: GR2<\/strong><\/td>\n<td style=\"width: 19px;height: 24px\">&nbsp;<\/td>\n<td style=\"width: 218px;height: 24px\"><strong>GRUPO: BE2<\/strong><\/td>\n<\/tr>\n<tr style=\"height: 24px\">\n<td style=\"width: 217px;height: 24px\">&nbsp;<\/td>\n<td style=\"width: 19px;height: 24px\"><strong>&nbsp;<\/strong><\/td>\n<td style=\"width: 187.35px;height: 24px\" colspan=\"2\">&nbsp;<\/td>\n<td style=\"width: 19px;height: 24px\">&nbsp;<\/td>\n<td style=\"width: 218px;height: 24px\">&nbsp;<\/td>\n<\/tr>\n<tr style=\"height: 24px\">\n<td style=\"width: 217px;height: 24px\">&nbsp;<\/td>\n<td style=\"width: 19px;height: 24px\"><strong>&nbsp;<\/strong><\/td>\n<td style=\"width: 187.35px;height: 24px\" colspan=\"2\">&nbsp;<\/td>\n<td style=\"width: 19px;height: 24px\">&nbsp;<\/td>\n<td style=\"width: 218px;height: 24px\">&nbsp;<\/td>\n<\/tr>\n<tr style=\"height: 24px\">\n<td style=\"width: 217px;height: 24px\"><strong>&nbsp;<\/strong><\/td>\n<td style=\"width: 19px;height: 24px\"><strong>&nbsp;<\/strong><\/td>\n<td style=\"width: 187.35px;height: 24px\" colspan=\"2\">&nbsp;<\/td>\n<td style=\"width: 19px;height: 24px\">&nbsp;<\/td>\n<td style=\"width: 218px;height: 24px\">&nbsp;<\/td>\n<\/tr>\n<tr style=\"height: 24px\">\n<td style=\"width: 217px;height: 24px\"><strong>&nbsp;<\/strong><\/td>\n<td style=\"width: 19px;height: 24px\"><strong>&nbsp;<\/strong><\/td>\n<td style=\"width: 187.35px;height: 24px\" colspan=\"2\">&nbsp;<\/td>\n<td style=\"width: 19px;height: 24px\">&nbsp;<\/td>\n<td style=\"width: 218px;height: 24px\">&nbsp;<\/td>\n<\/tr>\n<tr style=\"height: 24px\">\n<td style=\"width: 217px;height: 24px\"><strong>GRUPO: BA3<\/strong><\/td>\n<td style=\"width: 19px;height: 24px\"><strong>&nbsp;<\/strong><\/td>\n<td style=\"width: 187.35px;height: 24px\" colspan=\"2\">&nbsp;<\/td>\n<td style=\"width: 19px;height: 24px\">&nbsp;<\/td>\n<td style=\"width: 218px;height: 24px\">&nbsp;<\/td>\n<\/tr>\n<tr style=\"height: 24px\">\n<td style=\"width: 217px;height: 24px\">&nbsp;<\/td>\n<td style=\"width: 19px;height: 24px\"><strong>&nbsp;<\/strong><\/td>\n<td style=\"width: 187.35px;height: 24px\" colspan=\"2\">&nbsp;<\/td>\n<td style=\"width: 19px;height: 24px\">&nbsp;<\/td>\n<td style=\"width: 218px;height: 24px\">&nbsp;<\/td>\n<\/tr>\n<tr style=\"height: 24px\">\n<td style=\"width: 217px;height: 24px\">&nbsp;<\/td>\n<td style=\"width: 19px;height: 24px\"><strong>&nbsp;<\/strong><\/td>\n<td style=\"width: 187.35px;height: 24px\" colspan=\"2\">&nbsp;<\/td>\n<td style=\"width: 19px;height: 24px\">&nbsp;<\/td>\n<td style=\"width: 218px;height: 24px\">&nbsp;<\/td>\n<\/tr>\n<tr style=\"height: 24px\">\n<td style=\"width: 217px;height: 24px\">&nbsp;<\/td>\n<td style=\"width: 19px;height: 24px\"><strong>&nbsp;<\/strong><\/td>\n<td style=\"width: 187.35px;height: 24px\" colspan=\"2\">&nbsp;<\/td>\n<td style=\"width: 19px;height: 24px\">&nbsp;<\/td>\n<td style=\"width: 218px;height: 24px\">&nbsp;<\/td>\n<\/tr>\n<tr style=\"height: 24px\">\n<td style=\"width: 217px;height: 24px\">&nbsp;<\/td>\n<td style=\"width: 19px;height: 24px\"><strong>&nbsp;<\/strong><\/td>\n<td style=\"width: 187.35px;height: 24px\" colspan=\"2\"><strong>&nbsp;<\/strong><\/td>\n<td style=\"width: 19px;height: 24px\">&nbsp;<\/td>\n<td style=\"width: 218px;height: 24px\"><strong>&nbsp;<\/strong><\/td>\n<\/tr>\n<tr style=\"height: 24px\">\n<td style=\"width: 217px;height: 24px\">&nbsp;<\/td>\n<td style=\"width: 19px;height: 24px\"><strong>&nbsp;<\/strong><\/td>\n<td style=\"width: 187.35px;height: 24px\" colspan=\"2\">&nbsp;<\/td>\n<td style=\"width: 19px;height: 24px\">&nbsp;<\/td>\n<td style=\"width: 218px;height: 24px\"><strong>&nbsp;<\/strong><\/td>\n<\/tr>\n<tr style=\"height: 24px\">\n<td style=\"width: 217px;height: 24px\">&nbsp;<\/td>\n<td style=\"width: 19px;height: 24px\"><strong>&nbsp;<\/strong><\/td>\n<td style=\"width: 187.35px;height: 24px\" colspan=\"2\">&nbsp;<\/td>\n<td style=\"width: 19px;height: 24px\">&nbsp;<\/td>\n<td style=\"width: 218px;height: 24px\"><strong>&nbsp;<\/strong><\/td>\n<\/tr>\n<tr style=\"height: 24px\">\n<td style=\"width: 217px;height: 24px\">&nbsp;<\/td>\n<td style=\"width: 19px;height: 24px\"><strong>&nbsp;<\/strong><\/td>\n<td style=\"width: 187.35px;height: 24px\" colspan=\"2\"><strong>&nbsp;<\/strong><\/td>\n<td style=\"width: 19px;height: 24px\">&nbsp;<\/td>\n<td style=\"width: 218px;height: 24px\">&nbsp;<\/td>\n<\/tr>\n<tr style=\"height: 24px\">\n<td style=\"width: 217px;height: 24px\">&nbsp;<\/td>\n<td style=\"width: 19px;height: 24px\"><strong>&nbsp;<\/strong><\/td>\n<td style=\"width: 187.35px;height: 24px\" colspan=\"2\"><strong>&nbsp;<\/strong><\/td>\n<td style=\"width: 19px;height: 24px\">&nbsp;<\/td>\n<td style=\"width: 218px;height: 24px\">&nbsp;<\/td>\n<\/tr>\n<tr style=\"height: 24px\">\n<td style=\"width: 217px;height: 24px\">&nbsp;<\/td>\n<td style=\"width: 19px;height: 24px\"><strong>&nbsp;<\/strong><\/td>\n<td style=\"width: 187.35px;height: 24px\" colspan=\"2\">&nbsp;<\/td>\n<td style=\"width: 19px;height: 24px\">&nbsp;<\/td>\n<td style=\"width: 218px;height: 24px\"><strong>&nbsp;<\/strong><\/td>\n<\/tr>\n<tr style=\"height: 24px\">\n<td style=\"width: 217px;height: 24px\">&nbsp;<\/td>\n<td style=\"width: 19px;height: 24px\"><strong>&nbsp;<\/strong><\/td>\n<td style=\"width: 187.35px;height: 24px\" colspan=\"2\">&nbsp;<\/td>\n<td style=\"width: 19px;height: 24px\">&nbsp;<\/td>\n<td style=\"width: 218px;height: 24px\">&nbsp;<\/td>\n<\/tr>\n<\/thead>\n<\/table>\n<h4>&nbsp;<\/h4>\n","protected":false},"excerpt":{"rendered":"<p>&nbsp; EQUIPOS DOCENTES CURSO 2022\/2023 GRUPO: BA1 &nbsp; GRUPO: GR1 &nbsp; GRUPO: BE1 Do\u00f1a Encarnaci\u00f3n V\u00edlchez Tom\u00e1s &nbsp; Do\u00f1a Mar\u00eda Carmen Praena Segura &nbsp; Do\u00f1a M\u00aa Carmen Ruiz Moya &nbsp; &nbsp; &nbsp; &nbsp; Do\u00f1a&#46;&#46;&#46;<\/p>\n","protected":false},"author":4601,"featured_media":0,"parent":0,"menu_order":0,"comment_status":"closed","ping_status":"closed","template":"","meta":{"ngg_post_thumbnail":0,"footnotes":"","_mc_calendar":[]},"aioseo_notices":[],"_links":{"self":[{"href":"https:\/\/blogsaverroes.juntadeandalucia.es\/cprfedericogarcialorca\/wp-json\/wp\/v2\/pages\/2184"}],"collection":[{"href":"https:\/\/blogsaverroes.juntadeandalucia.es\/cprfedericogarcialorca\/wp-json\/wp\/v2\/pages"}],"about":[{"href":"https:\/\/blogsaverroes.juntadeandalucia.es\/cprfedericogarcialorca\/wp-json\/wp\/v2\/types\/page"}],"author":[{"embeddable":true,"href":"https:\/\/blogsaverroes.juntadeandalucia.es\/cprfedericogarcialorca\/wp-json\/wp\/v2\/users\/4601"}],"replies":[{"embeddable":true,"href":"https:\/\/blogsaverroes.juntadeandalucia.es\/cprfedericogarcialorca\/wp-json\/wp\/v2\/comments?post=2184"}],"version-history":[{"count":12,"href":"https:\/\/blogsaverroes.juntadeandalucia.es\/cprfedericogarcialorca\/wp-json\/wp\/v2\/pages\/2184\/revisions"}],"predecessor-version":[{"id":14436,"href":"https:\/\/blogsaverroes.juntadeandalucia.es\/cprfedericogarcialorca\/wp-json\/wp\/v2\/pages\/2184\/revisions\/14436"}],"wp:attachment":[{"href":"https:\/\/blogsaverroes.juntadeandalucia.es\/cprfedericogarcialorca\/wp-json\/wp\/v2\/media?parent=2184"}],"curies":[{"name":"wp","href":"https:\/\/api.w.org\/{rel}","templated":true}]}}