{"id":2205,"date":"2017-03-15T22:53:21","date_gmt":"2017-03-15T22:53:21","guid":{"rendered":"http:\/\/blogsaverroes.juntadeandalucia.es\/cprfedericogarcialorca\/?page_id=2205"},"modified":"2020-04-04T15:16:54","modified_gmt":"2020-04-04T15:16:54","slug":"ubicacion","status":"publish","type":"page","link":"https:\/\/blogsaverroes.juntadeandalucia.es\/cprfedericogarcialorca\/ubicacion\/","title":{"rendered":"Ubicaci\u00f3n \u00bfD\u00f3nde estamos?"},"content":{"rendered":"<h4 style=\"text-align: center\"><strong>C.P.R. Federico Garc\u00eda Lorca <\/strong>(Sede Principal Graena):<\/h4>\n<p style=\"text-align: center\"><iframe loading=\"lazy\" src=\"https:\/\/www.google.com\/maps\/embed?pb=!1m18!1m12!1m3!1d3669.562409706012!2d-3.2248927843930804!3d37.302821579848164!2m3!1f0!2f0!3f0!3m2!1i1024!2i768!4f13.1!3m3!1m2!1s0xd6e28fdb5e15461%3A0x63ac6432671a8883!2sC%20P%20R%20Federico%20Garc%C3%ADa%20Lorca!5e1!3m2!1ses!2ses!4v1586012975702!5m2!1ses!2ses\" width=\"600\" height=\"450\" frameborder=\"0\"><\/iframe><\/p>\n<h4 style=\"text-align: center\">&nbsp;<\/h4>\n<p>&nbsp;<\/p>\n<h4 style=\"text-align: center\"><iframe loading=\"lazy\" src=\"https:\/\/www.google.com\/maps\/embed?pb=!1m18!1m12!1m3!1d3173.665289236445!2d-3.222553785255131!3d37.30306584693169!2m3!1f0!2f0!3f0!3m2!1i1024!2i768!4f13.1!3m3!1m2!1s0xd6e28fdb5e15461%3A0x63ac6432671a8883!2sC+P+R+Federico+Garc%C3%ADa+Lorca!5e0!3m2!1ses!2ses!4v1489617425063\" width=\"400\" height=\"300\" frameborder=\"0\"><\/iframe><\/h4>\n<p>&nbsp;<\/p>\n<p style=\"text-align: center\">&nbsp;<\/p>\n<h4 style=\"text-align: center\"><strong>C.P.R. Federico Garc\u00eda Lorca <\/strong>(Sede Los Ba\u00f1os):<\/h4>\n<p style=\"text-align: center\"><iframe loading=\"lazy\" src=\"https:\/\/www.google.com\/maps\/embed?pb=!1m18!1m12!1m3!1d4363.9782579075845!2d-3.214818464002774!3d37.30095118909205!2m3!1f0!2f0!3f0!3m2!1i1024!2i768!4f13.1!3m3!1m2!1s0xd6e290402abcb6f%3A0x31f8a23189e1cf4f!2sCalle%20Nazari%2C%2018517%2C%20Granada!5e1!3m2!1ses!2ses!4v1586013271453!5m2!1ses!2ses\" width=\"600\" height=\"450\" frameborder=\"0\"><\/iframe><\/p>\n<h4 style=\"text-align: center\">&nbsp;<\/h4>\n<p>&nbsp;<\/p>\n<h4 style=\"text-align: center\"><iframe loading=\"lazy\" src=\"https:\/\/www.google.com\/maps\/embed?pb=!1m18!1m12!1m3!1d793.4362153518372!2d-3.2128173708077132!3d37.30118026553719!2m3!1f0!2f0!3f0!3m2!1i1024!2i768!4f13.1!3m3!1m2!1s0xd6e290402abcb6f%3A0x31f8a23189e1cf4f!2sCalle+Nazari%2C+18517+Cortes+y+Graena%2C+Granada!5e0!3m2!1ses!2ses!4v1489620401262\" width=\"400\" height=\"300\" frameborder=\"0\"><\/iframe><\/h4>\n<h4 style=\"text-align: center\">&nbsp;<\/h4>\n<p>&nbsp;<\/p>\n<h4 style=\"text-align: center\"><strong>C.P.R. Federico Garc\u00eda Lorca <\/strong>(Sede Bejar\u00edn):<\/h4>\n<p style=\"text-align: center\"><iframe loading=\"lazy\" src=\"https:\/\/www.google.com\/maps\/embed?pb=!1m18!1m12!1m3!1d3667.744360487568!2d-3.182224484392174!3d37.34006467984086!2m3!1f0!2f0!3f0!3m2!1i1024!2i768!4f13.1!3m3!1m2!1s0xd6e2eab2b5e6639%3A0x1d419cc9fb250cf7!2sCalle%20Escuelas%20del%20Bejarin%2C%20El%20Bejar%C3%ADn%2C%20Granada!5e1!3m2!1ses!2ses!4v1586013365182!5m2!1ses!2ses\" width=\"600\" height=\"450\" frameborder=\"0\"><\/iframe><\/p>\n<p>&nbsp;<\/p>\n<h4 style=\"text-align: center\">&nbsp;<\/h4>\n<p>&nbsp;<\/p>\n<h4 style=\"text-align: center\"><iframe loading=\"lazy\" src=\"https:\/\/www.google.com\/maps\/embed?pb=!1m18!1m12!1m3!1d3172.103230691944!2d-3.182224484694828!3d37.340064679841035!2m3!1f0!2f0!3f0!3m2!1i1024!2i768!4f13.1!3m3!1m2!1s0xd6e2eab2b5e6639%3A0x1d419cc9fb250cf7!2sCalle+Escuelas+del+Bejarin%2C+El+Bejar%C3%ADn%2C+Granada!5e0!3m2!1ses!2ses!4v1489620035284\" width=\"400\" height=\"300\" frameborder=\"0\"><\/iframe><\/h4>\n<h4 style=\"text-align: center\">&nbsp;<\/h4>\n<p>&nbsp;<\/p>\n<p style=\"text-align: center\">&nbsp;<\/p>\n","protected":false},"excerpt":{"rendered":"<p>C.P.R. Federico Garc\u00eda Lorca (Sede Principal Graena): &nbsp; &nbsp; &nbsp; &nbsp; C.P.R. Federico Garc\u00eda Lorca (Sede Los Ba\u00f1os): &nbsp; &nbsp; &nbsp; &nbsp; C.P.R. Federico Garc\u00eda Lorca (Sede Bejar\u00edn): &nbsp; &nbsp; &nbsp; &nbsp; &nbsp; &nbsp;<\/p>\n","protected":false},"author":4601,"featured_media":0,"parent":0,"menu_order":0,"comment_status":"closed","ping_status":"closed","template":"","meta":{"ngg_post_thumbnail":0,"footnotes":"","_mc_calendar":[]},"aioseo_notices":[],"_links":{"self":[{"href":"https:\/\/blogsaverroes.juntadeandalucia.es\/cprfedericogarcialorca\/wp-json\/wp\/v2\/pages\/2205"}],"collection":[{"href":"https:\/\/blogsaverroes.juntadeandalucia.es\/cprfedericogarcialorca\/wp-json\/wp\/v2\/pages"}],"about":[{"href":"https:\/\/blogsaverroes.juntadeandalucia.es\/cprfedericogarcialorca\/wp-json\/wp\/v2\/types\/page"}],"author":[{"embeddable":true,"href":"https:\/\/blogsaverroes.juntadeandalucia.es\/cprfedericogarcialorca\/wp-json\/wp\/v2\/users\/4601"}],"replies":[{"embeddable":true,"href":"https:\/\/blogsaverroes.juntadeandalucia.es\/cprfedericogarcialorca\/wp-json\/wp\/v2\/comments?post=2205"}],"version-history":[{"count":15,"href":"https:\/\/blogsaverroes.juntadeandalucia.es\/cprfedericogarcialorca\/wp-json\/wp\/v2\/pages\/2205\/revisions"}],"predecessor-version":[{"id":11778,"href":"https:\/\/blogsaverroes.juntadeandalucia.es\/cprfedericogarcialorca\/wp-json\/wp\/v2\/pages\/2205\/revisions\/11778"}],"wp:attachment":[{"href":"https:\/\/blogsaverroes.juntadeandalucia.es\/cprfedericogarcialorca\/wp-json\/wp\/v2\/media?parent=2205"}],"curies":[{"name":"wp","href":"https:\/\/api.w.org\/{rel}","templated":true}]}}