{"id":2404,"date":"2017-04-04T19:05:45","date_gmt":"2017-04-04T19:05:45","guid":{"rendered":"http:\/\/blogsaverroes.juntadeandalucia.es\/cprfedericogarcialorca\/?page_id=2404"},"modified":"2017-04-05T19:56:21","modified_gmt":"2017-04-05T19:56:21","slug":"plan-de-centro","status":"publish","type":"page","link":"https:\/\/blogsaverroes.juntadeandalucia.es\/cprfedericogarcialorca\/plan-de-centro\/","title":{"rendered":"Plan de Centro"},"content":{"rendered":"<p>En esta secci\u00f3n ponemos a disposici\u00f3n de la comunidad educativa documentaci\u00f3n referente al funcionamiento del centro.<\/p>\n<ol>\n<li><strong>Proyecto Educativo<\/strong>:&nbsp;<a href=\"http:\/\/blogsaverroes.juntadeandalucia.es\/cprfedericogarcialorca\/1-proyecto-educativo\/\">http:\/\/blogsaverroes.juntadeandalucia.es\/cprfedericogarcialorca\/1-proyecto-educativo\/<\/a><\/li>\n<li><strong>Reglamento de Organizaci\u00f3n y Funcionamiento<\/strong>:&nbsp;<a href=\"http:\/\/blogsaverroes.juntadeandalucia.es\/cprfedericogarcialorca\/2-reglamento-de-organizacion-y-funcionamiento\/\">http:\/\/blogsaverroes.juntadeandalucia.es\/cprfedericogarcialorca\/2-reglamento-de-organizacion-y-funcionamiento\/<\/a><\/li>\n<li><strong>Proyecto de Gesti\u00f3n<\/strong>:&nbsp;<a href=\"http:\/\/blogsaverroes.juntadeandalucia.es\/cprfedericogarcialorca\/3-proyecto-de-gestion\/\">http:\/\/blogsaverroes.juntadeandalucia.es\/cprfedericogarcialorca\/3-proyecto-de-gestion\/<\/a><\/li>\n<\/ol>\n","protected":false},"excerpt":{"rendered":"<p>En esta secci\u00f3n ponemos a disposici\u00f3n de la comunidad educativa documentaci\u00f3n referente al funcionamiento del centro. Proyecto Educativo:&nbsp;http:\/\/blogsaverroes.juntadeandalucia.es\/cprfedericogarcialorca\/1-proyecto-educativo\/ Reglamento de Organizaci\u00f3n y Funcionamiento:&nbsp;http:\/\/blogsaverroes.juntadeandalucia.es\/cprfedericogarcialorca\/2-reglamento-de-organizacion-y-funcionamiento\/ Proyecto de Gesti\u00f3n:&nbsp;http:\/\/blogsaverroes.juntadeandalucia.es\/cprfedericogarcialorca\/3-proyecto-de-gestion\/<\/p>\n","protected":false},"author":4601,"featured_media":0,"parent":0,"menu_order":0,"comment_status":"closed","ping_status":"closed","template":"","meta":{"ngg_post_thumbnail":0,"footnotes":"","_mc_calendar":[]},"aioseo_notices":[],"_links":{"self":[{"href":"https:\/\/blogsaverroes.juntadeandalucia.es\/cprfedericogarcialorca\/wp-json\/wp\/v2\/pages\/2404"}],"collection":[{"href":"https:\/\/blogsaverroes.juntadeandalucia.es\/cprfedericogarcialorca\/wp-json\/wp\/v2\/pages"}],"about":[{"href":"https:\/\/blogsaverroes.juntadeandalucia.es\/cprfedericogarcialorca\/wp-json\/wp\/v2\/types\/page"}],"author":[{"embeddable":true,"href":"https:\/\/blogsaverroes.juntadeandalucia.es\/cprfedericogarcialorca\/wp-json\/wp\/v2\/users\/4601"}],"replies":[{"embeddable":true,"href":"https:\/\/blogsaverroes.juntadeandalucia.es\/cprfedericogarcialorca\/wp-json\/wp\/v2\/comments?post=2404"}],"version-history":[{"count":5,"href":"https:\/\/blogsaverroes.juntadeandalucia.es\/cprfedericogarcialorca\/wp-json\/wp\/v2\/pages\/2404\/revisions"}],"predecessor-version":[{"id":2491,"href":"https:\/\/blogsaverroes.juntadeandalucia.es\/cprfedericogarcialorca\/wp-json\/wp\/v2\/pages\/2404\/revisions\/2491"}],"wp:attachment":[{"href":"https:\/\/blogsaverroes.juntadeandalucia.es\/cprfedericogarcialorca\/wp-json\/wp\/v2\/media?parent=2404"}],"curies":[{"name":"wp","href":"https:\/\/api.w.org\/{rel}","templated":true}]}}