{"id":2492,"date":"2017-04-05T20:11:10","date_gmt":"2017-04-05T20:11:10","guid":{"rendered":"http:\/\/blogsaverroes.juntadeandalucia.es\/cprfedericogarcialorca\/?page_id=2492"},"modified":"2018-06-27T15:45:59","modified_gmt":"2018-06-27T15:45:59","slug":"nuestros-colegios","status":"publish","type":"page","link":"https:\/\/blogsaverroes.juntadeandalucia.es\/cprfedericogarcialorca\/nuestros-colegios\/","title":{"rendered":"Nuestros colegios"},"content":{"rendered":"<p>En este apartado podr\u00e1s ver informaci\u00f3n acerca de los distintos coles que integran el CPR Federico Garc\u00eda Lorca, y los proyectos que en \u00e9l se desarrollan:<\/p>\n<ol>\n<li><strong>Descripci\u00f3n de las sedes<\/strong>:&nbsp;<a href=\"https:\/\/blogsaverroes.juntadeandalucia.es\/cprfedericogarcialorca\/descripcion-de-las-sedes\/\" target=\"_blank\" rel=\"noopener\">https:\/\/blogsaverroes.juntadeandalucia.es\/cprfedericogarcialorca\/descripcion-de-las-sedes\/<\/a><\/li>\n<li><strong>Proyectos<\/strong>:&nbsp;<a href=\"https:\/\/blogsaverroes.juntadeandalucia.es\/cprfedericogarcialorca\/proyectos\/\" target=\"_blank\" rel=\"noopener\">https:\/\/blogsaverroes.juntadeandalucia.es\/cprfedericogarcialorca\/proyectos\/<\/a><\/li>\n<\/ol>\n","protected":false},"excerpt":{"rendered":"<p>En este apartado podr\u00e1s ver informaci\u00f3n acerca de los distintos coles que integran el CPR Federico Garc\u00eda Lorca, y los proyectos que en \u00e9l se desarrollan: Descripci\u00f3n de las sedes:&nbsp;https:\/\/blogsaverroes.juntadeandalucia.es\/cprfedericogarcialorca\/descripcion-de-las-sedes\/ Proyectos:&nbsp;https:\/\/blogsaverroes.juntadeandalucia.es\/cprfedericogarcialorca\/proyectos\/<\/p>\n","protected":false},"author":4601,"featured_media":0,"parent":0,"menu_order":0,"comment_status":"closed","ping_status":"closed","template":"","meta":{"ngg_post_thumbnail":0,"footnotes":"","_mc_calendar":[]},"aioseo_notices":[],"_links":{"self":[{"href":"https:\/\/blogsaverroes.juntadeandalucia.es\/cprfedericogarcialorca\/wp-json\/wp\/v2\/pages\/2492"}],"collection":[{"href":"https:\/\/blogsaverroes.juntadeandalucia.es\/cprfedericogarcialorca\/wp-json\/wp\/v2\/pages"}],"about":[{"href":"https:\/\/blogsaverroes.juntadeandalucia.es\/cprfedericogarcialorca\/wp-json\/wp\/v2\/types\/page"}],"author":[{"embeddable":true,"href":"https:\/\/blogsaverroes.juntadeandalucia.es\/cprfedericogarcialorca\/wp-json\/wp\/v2\/users\/4601"}],"replies":[{"embeddable":true,"href":"https:\/\/blogsaverroes.juntadeandalucia.es\/cprfedericogarcialorca\/wp-json\/wp\/v2\/comments?post=2492"}],"version-history":[{"count":11,"href":"https:\/\/blogsaverroes.juntadeandalucia.es\/cprfedericogarcialorca\/wp-json\/wp\/v2\/pages\/2492\/revisions"}],"predecessor-version":[{"id":7716,"href":"https:\/\/blogsaverroes.juntadeandalucia.es\/cprfedericogarcialorca\/wp-json\/wp\/v2\/pages\/2492\/revisions\/7716"}],"wp:attachment":[{"href":"https:\/\/blogsaverroes.juntadeandalucia.es\/cprfedericogarcialorca\/wp-json\/wp\/v2\/media?parent=2492"}],"curies":[{"name":"wp","href":"https:\/\/api.w.org\/{rel}","templated":true}]}}